{"id":4726,"date":"2023-11-11T14:33:58","date_gmt":"2023-11-11T13:33:58","guid":{"rendered":"https:\/\/vetomshop.hu\/termek\/infravoros-jelado\/"},"modified":"2023-11-11T14:33:58","modified_gmt":"2023-11-11T13:33:58","slug":"infravoros-jelado","status":"publish","type":"product","link":"https:\/\/vetomshop.hu\/it\/prodotto\/infravoros-jelado\/","title":{"rendered":"Segnalatore a infrarossi"},"content":{"rendered":"<h4>Emettitore a infrarossi IV<\/h4>\n<p>Radiazione infrarossa (radiazione IV) - radiazione elettromagnetica, parte dei raggi solari. I raggi IV hanno effetti antinfiammatori, antispastici, disperdenti (assorbimento) e analgesici.<\/p>\n<p><strong>I vantaggi del radiatore Triomed Universal IV:<\/strong><\/p>\n<p>Grazie a nuovi materiali e tecnologie, siamo riusciti a creare una sorgente di radiazioni IV ad azione modulata e pulsata a bassa intensit\u00e0 che opera secondo un programma specifico e che pu\u00f2 essere utilizzata per esercitare un effetto energetico-informante principalmente a livello cellulare - e a livello dei costituenti della cellula.<\/p>\n<p>Fornisce energia alle cellule attraverso la risonanza, che attiva i processi metabolici e aumenta i livelli di energia in caso di carenza di ossigeno.<br \/>\nQuesti processi, oltre a essere positivi di per s\u00e9, aiutano l'organismo a millimetrare la terapia e in molti casi ne aumentano l'efficacia.<\/p>\n<p>La radioterapia per via endovenosa \u00e8 indicata per: malattie infiammatorie croniche e post-acute (pre-acute) non purulente degli organi interni, ferite che guariscono male e ferite causate da trombosi, malattie dolorose del sistema nervoso periferico, trattamento post-operatorio di ustioni e congelamento, disfunzioni vegetative, simpaticit\u00e0.<\/p>\n<p>Controindicazioni all'uso della radioterapia IV: neoplasie benigne o maligne, fase attiva della tubercolosi, ipertensione di stadio III, emorragie e disturbi circolatori di grado IIIII.<\/p>\n<div class=\"su-spoiler su-spoiler-style-defoult su-spoiler-icon-caret su-spoiler-closed\" data-scroll-offset=\"0\" data-anchor-in-url=\"no\"><div class=\"su-spoiler-title\" tabindex=\"0\" role=\"button\"><span class=\"su-spoiler-icon\"><\/span>Tutti<\/div><div class=\"su-spoiler-content su-u-clearfix su-u-trim\"><strong>I principali effetti clinici dell'irradiatore Triomed Universal IV:<\/strong><\/p>\n<ul>\n<li>migliora la circolazione sanguigna,<\/li>\n<li>normalizza la microcircolazione,<\/li>\n<li>ottimizza l'attivit\u00e0 del sistema nervoso, ormonale e immunitario,<\/li>\n<li>aiuta la rigenerazione cellulare.<\/li>\n<\/ul>\n<p><strong>Come si usa:<\/strong><\/p>\n<ul>\n<li>Il diodo a luce infrarossa viene utilizzato per agire sui punti e sulle aree che devono essere preparate, o \u201eriscaldate\u201d, prima del trattamento millimetrico speciale. Il trattamento dura 5 minuti per zona.<\/li>\n<li>Pu\u00f2 essere utilizzato per favorire l'assorbimento delle cicatrici per 10 minuti al giorno per 2 settimane.<\/li>\n<li>Per il trattamento di malattie infiammatorie croniche e lente (al centro della malattia). Il trattamento dura 10 minuti, applicato sull'organo interessato, per 2 settimane.<\/li>\n<li>Nel diabete di tipo II per promuovere la sensibilit\u00e0 all'insulina e favorire la produzione di insulina. Trattare la proiezione del pancreas per 5 minuti al giorno per 2 settimane.<\/li>\n<li>Per favorire la guarigione di ferite varie e trofiche, si consiglia di trattare la zona degli occhi e il centro dei tumori per 5 minuti nell'arco di 2 settimane prima della terapia millimetrica.<\/li>\n<\/ul>\n<\/div><\/div>","protected":false},"excerpt":{"rendered":"<p>Infrav\u00f6r\u00f6s sug\u00e1rz\u00f3 IV Az infrav\u00f6r\u00f6s sug\u00e1rz\u00e1s (IV-sug\u00e1rz\u00e1s) \u2013 elektrom\u00e1gneses sug\u00e1rz\u00e1s, a Nap sugarainak r\u00e9sze. Az IV-sugarak gyullad\u00e1scs\u00f6kkent\u0151, g\u00f6rcsold\u00f3, sz\u00e9toszlat\u00f3 (felsz\u00edv\u00f3d\u00e1st el\u0151seg\u00edt\u0151), f\u00e1jdalomcsillap\u00edt\u00f3 hat\u00e1ssal rendelkeznek. A Triomed Universal k\u00e9sz\u00fcl\u00e9k IV-sug\u00e1rz\u00f3j\u00e1nak el\u0151nyei: Az \u00faj anyagoknak \u00e9s technol\u00f3gi\u00e1knak k\u00f6sz\u00f6nhet\u0151en siker\u00fclt l\u00e9trehozni olyan speci\u00e1lis programban m\u0171k\u00f6d\u0151 alacsony intenzit\u00e1s\u00fa pulz\u00e1l\u00f3, modul\u00e1lt hat\u00e1s\u00fa IV-sug\u00e1rz\u00f3t, mely seg\u00edts\u00e9g\u00e9vel els\u0151sorban energoinform\u00e1ci\u00f3s hat\u00e1st tudunk gyakorolni [&hellip;]<\/p>\n","protected":false},"featured_media":4725,"comment_status":"open","ping_status":"closed","template":"","meta":[],"product_brand":[],"product_cat":[35,32],"product_tag":[],"class_list":{"0":"post-4726","1":"product","2":"type-product","3":"status-publish","4":"has-post-thumbnail","6":"product_cat-csatlakoztathato-jeladok","7":"product_cat-triomed","9":"first","10":"instock","11":"taxable","12":"shipping-taxable","13":"purchasable","14":"product-type-simple"},"_links":{"self":[{"href":"https:\/\/vetomshop.hu\/it\/wp-json\/wp\/v2\/product\/4726","targetHints":{"allow":["GET"]}}],"collection":[{"href":"https:\/\/vetomshop.hu\/it\/wp-json\/wp\/v2\/product"}],"about":[{"href":"https:\/\/vetomshop.hu\/it\/wp-json\/wp\/v2\/types\/product"}],"replies":[{"embeddable":true,"href":"https:\/\/vetomshop.hu\/it\/wp-json\/wp\/v2\/comments?post=4726"}],"wp:featuredmedia":[{"embeddable":true,"href":"https:\/\/vetomshop.hu\/it\/wp-json\/wp\/v2\/media\/4725"}],"wp:attachment":[{"href":"https:\/\/vetomshop.hu\/it\/wp-json\/wp\/v2\/media?parent=4726"}],"wp:term":[{"taxonomy":"product_brand","embeddable":true,"href":"https:\/\/vetomshop.hu\/it\/wp-json\/wp\/v2\/product_brand?post=4726"},{"taxonomy":"product_cat","embeddable":true,"href":"https:\/\/vetomshop.hu\/it\/wp-json\/wp\/v2\/product_cat?post=4726"},{"taxonomy":"product_tag","embeddable":true,"href":"https:\/\/vetomshop.hu\/it\/wp-json\/wp\/v2\/product_tag?post=4726"}],"curies":[{"name":"wp","href":"https:\/\/api.w.org\/{rel}","templated":true}]}}