{"id":4730,"date":"2023-11-11T14:33:58","date_gmt":"2023-11-11T13:33:58","guid":{"rendered":"https:\/\/vetomshop.hu\/termek\/oxigenizalo-jelado\/"},"modified":"2023-11-11T14:33:58","modified_gmt":"2023-11-11T13:33:58","slug":"oxigenizalo-jelado","status":"publish","type":"product","link":"https:\/\/vetomshop.hu\/it\/prodotto\/oxigenizalo-jelado\/","title":{"rendered":"Trasmettitore ossigenante"},"content":{"rendered":"<h4>Emettitore di ossigeno, n. 11.<\/h4>\n<p><strong>Tempo di funzionamento:<\/strong> 10 minuti.<\/p>\n<p>La lunghezza d'onda corrisponde alle frequenze della catena respiratoria (emoglobina del sangue, mitocondri, fermenti), migliora il trasporto e l'utilizzo dell'ossigeno, aumenta la sintesi di ATP, promuove la respirazione cellulare nei tessuti. La frequenza bassa corrisponde alla frequenza del sistema immunitario.<\/p>\n<ul>\n<li>Migliora la microcircolazione,<\/li>\n<li>Ha un effetto immunomodulante,<\/li>\n<li>Riduce la carenza di ossigeno nei tessuti, ossigena i tessuti, ha un effetto disaggregante (impedisce l'aggregazione di eritrociti e altre cellule del sangue), riduce la coagulazione del sangue,<\/li>\n<li>Favorisce la guarigione delle ferite,<\/li>\n<li>Aiuta a eliminare le cicatrici,<\/li>\n<li>Ha un effetto analgesico,<\/li>\n<li>Aiuta a disintossicare l'organismo,<\/li>\n<li>Effetto antispastico,<\/li>\n<li>Favorisce la formazione del sangue, normalizza l'emocromo,<\/li>\n<li>migliora la microcircolazione,<\/li>\n<li>Ha un effetto immunomodulante,<\/li>\n<li>Riduce la carenza di ossigeno nei tessuti, ossigena i tessuti,<\/li>\n<li>Ha un effetto disaggregante (impedisce l'aggregazione di eritrociti e altre cellule del sangue), riduce la coagulazione del sangue,<\/li>\n<li>Favorisce la guarigione delle ferite,<\/li>\n<li>Aiuta a eliminare le cicatrici,<\/li>\n<li>Ha un effetto analgesico,<\/li>\n<li>Aiuta a disintossicare l'organismo,<\/li>\n<li>Effetto antispastico,<\/li>\n<li>Favorisce la formazione del sangue, normalizza l'emocromo,<\/li>\n<li>Ha un effetto ringiovanente,<\/li>\n<li>Struttura l'acqua.<\/li>\n<\/ul>\n<div class=\"su-spoiler su-spoiler-style-defoult su-spoiler-icon-caret su-spoiler-closed\" data-scroll-offset=\"0\" data-anchor-in-url=\"no\"><div class=\"su-spoiler-title\" tabindex=\"0\" role=\"button\"><span class=\"su-spoiler-icon\"><\/span>Tutti<\/div><div class=\"su-spoiler-content su-u-clearfix su-u-trim\">\n<p>Area di applicazione consigliata: zone di grandi vasi sanguigni - vene, arterie, punti biologicamente attivi.<\/p>\n<p><strong>Applicabile a:<\/strong><\/p>\n<ul>\n<li>per normalizzare il sistema immunitario nelle malattie acute e croniche,<\/li>\n<li>migliorare il benessere generale, la resistenza e la concentrazione in caso di stress fisico e mentale,<\/li>\n<li>prevenzione di infarto e ictus,<\/li>\n<li>assistenza post-infarto e post-ictus,<\/li>\n<li>accelerare i processi di rigenerazione,<\/li>\n<li>trattamento delle ferite e delle cicatrici post-operatorie,<\/li>\n<li>gestione delle fratture,<\/li>\n<li>normalizzazione dell'emocromo,<\/li>\n<li>dopo la radioterapia,<\/li>\n<li>riabilitazione dopo gravi malattie e lavori fisici pesanti,<\/li>\n<li>stimolando la circolazione cerebrale,2<\/li>\n<li>nei cosmetici: aiuta la pelle ad assorbire le sostanze nutritive,<\/li>\n<li>per gli atleti: aumenta la resistenza,<\/li>\n<li>aiuta gli scolari e gli studenti ad apprendere,<\/li>\n<li>per contrastare gli effetti nocivi dei computer,<\/li>\n<li>nel trattamento dello stress e della sindrome da fatica cronica,<\/li>\n<li>nel campo della cosmesi per migliorare le condizioni della pelle,<\/li>\n<li>trattamento o prevenzione di malattie animali<\/li>\n<\/ul>\n<\/div><\/div>","protected":false},"excerpt":{"rendered":"<p>Oxig\u00e9n sug\u00e1rz\u00f3, 11. sz. M\u0171k\u00f6d\u00e9si ideje: 10 perc. A hull\u00e1mhossz megfelel a l\u00e9gz\u00e9si l\u00e1nc frekvenci\u00e1inak (a v\u00e9r hemoglobinja, mitokondriumok, fermentumok), javul az oxig\u00e9n sz\u00e1ll\u00edt\u00e1sa \u00e9s hasznos\u00edt\u00e1sa, n\u00f6vekszik ATP-szint\u00e9zis, el\u0151seg\u00edti a sz\u00f6vetben a sejtek l\u00e9gz\u00e9s\u00e9t. Az alacsony frekvencia megfelel az immunrendszer frekvenci\u00e1j\u00e1nak. Jav\u00edtja a mikrokering\u00e9st, Immun-modul\u00e1ci\u00f3s hat\u00e1sa van, Cs\u00f6kkenti az oxig\u00e9nhi\u00e1nyt a sz\u00f6vetekben, oxig\u00e9nnel d\u00fas\u00edtja a [&hellip;]<\/p>\n","protected":false},"featured_media":4729,"comment_status":"open","ping_status":"closed","template":"","meta":[],"product_brand":[],"product_cat":[35,32],"product_tag":[],"class_list":{"0":"post-4730","1":"product","2":"type-product","3":"status-publish","4":"has-post-thumbnail","6":"product_cat-csatlakoztathato-jeladok","7":"product_cat-triomed","9":"first","10":"instock","11":"taxable","12":"shipping-taxable","13":"purchasable","14":"product-type-simple"},"_links":{"self":[{"href":"https:\/\/vetomshop.hu\/it\/wp-json\/wp\/v2\/product\/4730","targetHints":{"allow":["GET"]}}],"collection":[{"href":"https:\/\/vetomshop.hu\/it\/wp-json\/wp\/v2\/product"}],"about":[{"href":"https:\/\/vetomshop.hu\/it\/wp-json\/wp\/v2\/types\/product"}],"replies":[{"embeddable":true,"href":"https:\/\/vetomshop.hu\/it\/wp-json\/wp\/v2\/comments?post=4730"}],"wp:featuredmedia":[{"embeddable":true,"href":"https:\/\/vetomshop.hu\/it\/wp-json\/wp\/v2\/media\/4729"}],"wp:attachment":[{"href":"https:\/\/vetomshop.hu\/it\/wp-json\/wp\/v2\/media?parent=4730"}],"wp:term":[{"taxonomy":"product_brand","embeddable":true,"href":"https:\/\/vetomshop.hu\/it\/wp-json\/wp\/v2\/product_brand?post=4730"},{"taxonomy":"product_cat","embeddable":true,"href":"https:\/\/vetomshop.hu\/it\/wp-json\/wp\/v2\/product_cat?post=4730"},{"taxonomy":"product_tag","embeddable":true,"href":"https:\/\/vetomshop.hu\/it\/wp-json\/wp\/v2\/product_tag?post=4730"}],"curies":[{"name":"wp","href":"https:\/\/api.w.org\/{rel}","templated":true}]}}