{"id":4732,"date":"2023-11-11T14:33:59","date_gmt":"2023-11-11T13:33:59","guid":{"rendered":"https:\/\/vetomshop.hu\/termek\/specialis-111-es-jelado\/"},"modified":"2024-07-31T10:25:20","modified_gmt":"2024-07-31T08:25:20","slug":"specialis-111-es-jelado","status":"publish","type":"product","link":"https:\/\/vetomshop.hu\/it\/prodotto\/specialis-111-es-jelado\/","title":{"rendered":"Faro speciale 111"},"content":{"rendered":"<h4>Emettitore di registrazione di informazioni speciali 111<\/h4>\n<p><strong>Tempo di funzionamento dell'emettitore:<\/strong> 15 mp<\/p>\n<p>Il suo scopo \u00e8 quello di \u201ecatturare\u201d l'informazione (lo spettro delle onde elettromagnetiche di una determinata gamma) e di \u201etrasferirla\u201d a un vettore di informazione prescelto (ad esempio l'acqua) o a una zona biologicamente attiva per ottimizzare le riserve funzionali e aumentare la capacit\u00e0 di adattamento dell'organismo, che pu\u00f2 essere stata danneggiata da danni ambientali, malattie o altre cause.<\/p>\n<p>Per \u201eregistrare\u201d le informazioni, collegare il 111\u00b0 emettitore al Triomed, avvicinarlo all'oggetto con la sua superficie piatta e premere il pulsante \u201eStart\u201d. Inizia il conto alla rovescia: 15 secondi. Solo allo scadere del tempo programmato, rimuovere l'emettitore dall'oggetto. Durante questo tempo, le informazioni sull'oggetto vengono \u201ememorizzate\u201d sull'emettitore, che rimane invariato fino a quando l'emettitore non viene collegato all'alimentazione (fino all'avvio dell'unit\u00e0).<\/p>\n<div class=\"su-spoiler su-spoiler-style-defoult su-spoiler-icon-caret su-spoiler-closed\" data-scroll-offset=\"0\" data-anchor-in-url=\"no\"><div class=\"su-spoiler-title\" tabindex=\"0\" role=\"button\"><span class=\"su-spoiler-icon\"><\/span>Tutti<\/div><div class=\"su-spoiler-content su-u-clearfix su-u-trim\">\nPer \u201etrasferire\u201d le informazioni all'acqua, avvicinare il pi\u00f9 possibile l'emettitore all'acqua (il vetro non deve essere pi\u00f9 spesso di 2 mm) e la superficie dell'acqua deve essere pi\u00f9 alta del bordo superiore dell'emettitore. L'acqua deve essere pulita e priva di acido carbonico e altri additivi. Bere immediatamente qualche sorso dell'acqua \u201einformativa\u201d preparata, prima di trasferirla in un altro contenitore o di conservarla per un periodo pi\u00f9 lungo.<\/p>\n<p>Se si desidera mantenere a lungo il segnale originale per evitare un collegamento accidentale al Triomed, contrassegnare il trasmettitore con un segno distintivo.<br \/>\n<\/div><\/div>","protected":false},"excerpt":{"rendered":"<p>Speci\u00e1lis 111 sz. inform\u00e1ci\u00f3t r\u00f6gz\u00edt\u0151 sug\u00e1rz\u00f3 A sug\u00e1rz\u00f3 m\u0171k\u00f6d\u00e9si ideje: 15 mp Rendeltet\u00e9se: az inform\u00e1ci\u00f3 (az adott tartom\u00e1ny elektrom\u00e1gneses hull\u00e1mspektrum\u00e1nak) \u201er\u00f6gz\u00edt\u00e9se\u201d, valamint \u201e\u00e1tvitele\u201d a kiv\u00e1lasztott inform\u00e1ci\u00f3hordoz\u00f3ra (pl. v\u00edzre) vagy biol\u00f3giailag akt\u00edv z\u00f3n\u00e1ra a funkcion\u00e1lis tartal\u00e9kok optimaliz\u00e1ci\u00f3ja \u00e9s a szervezet adapt\u00e1ci\u00f3s lehet\u0151s\u00e9geinek n\u00f6vel\u00e9se c\u00e9lj\u00e1b\u00f3l, melyek a k\u00f6rnyezet k\u00e1ros hat\u00e1sai, betegs\u00e9g, vagy egy\u00e9b okok miatt s\u00e9r\u00fcltek. Az [&hellip;]<\/p>\n","protected":false},"featured_media":4731,"comment_status":"open","ping_status":"closed","template":"","meta":[],"product_brand":[],"product_cat":[35,32],"product_tag":[],"class_list":{"0":"post-4732","1":"product","2":"type-product","3":"status-publish","4":"has-post-thumbnail","6":"product_cat-csatlakoztathato-jeladok","7":"product_cat-triomed","9":"first","10":"instock","11":"taxable","12":"shipping-taxable","13":"purchasable","14":"product-type-simple"},"_links":{"self":[{"href":"https:\/\/vetomshop.hu\/it\/wp-json\/wp\/v2\/product\/4732","targetHints":{"allow":["GET"]}}],"collection":[{"href":"https:\/\/vetomshop.hu\/it\/wp-json\/wp\/v2\/product"}],"about":[{"href":"https:\/\/vetomshop.hu\/it\/wp-json\/wp\/v2\/types\/product"}],"replies":[{"embeddable":true,"href":"https:\/\/vetomshop.hu\/it\/wp-json\/wp\/v2\/comments?post=4732"}],"wp:featuredmedia":[{"embeddable":true,"href":"https:\/\/vetomshop.hu\/it\/wp-json\/wp\/v2\/media\/4731"}],"wp:attachment":[{"href":"https:\/\/vetomshop.hu\/it\/wp-json\/wp\/v2\/media?parent=4732"}],"wp:term":[{"taxonomy":"product_brand","embeddable":true,"href":"https:\/\/vetomshop.hu\/it\/wp-json\/wp\/v2\/product_brand?post=4732"},{"taxonomy":"product_cat","embeddable":true,"href":"https:\/\/vetomshop.hu\/it\/wp-json\/wp\/v2\/product_cat?post=4732"},{"taxonomy":"product_tag","embeddable":true,"href":"https:\/\/vetomshop.hu\/it\/wp-json\/wp\/v2\/product_tag?post=4732"}],"curies":[{"name":"wp","href":"https:\/\/api.w.org\/{rel}","templated":true}]}}