{"id":4735,"date":"2023-11-11T14:33:59","date_gmt":"2023-11-11T13:33:59","guid":{"rendered":"https:\/\/vetomshop.hu\/termek\/szabalyozo-jelado\/"},"modified":"2025-04-14T17:42:09","modified_gmt":"2025-04-14T15:42:09","slug":"szabalyozo-jelado","status":"publish","type":"product","link":"https:\/\/vetomshop.hu\/it\/prodotto\/szabalyozo-jelado\/","title":{"rendered":"Trasmettitore normativo"},"content":{"rendered":"<h4>Radiatore regolatore, n. 52.<\/h4>\n<p><strong>Tempo di funzionamento dell'emettitore<\/strong>: 15 minuti<\/p>\n<p>La sua frequenza corrisponde a quella del sistema ormonale.<\/p>\n<p><strong>Impatto:<\/strong><\/p>\n<ul>\n<li>Ripristina il sistema ormonale.<\/li>\n<li>Ripristina il sistema nervoso centrale, periferico e autonomo.<\/li>\n<li>Migliora la capacit\u00e0 di trasmissione degli impulsi delle fibre nervose.<\/li>\n<li>Favorisce la rigenerazione delle cellule nervose.<\/li>\n<li>Ha un effetto di rafforzamento del sistema immunitario.<\/li>\n<li>Ha un effetto ringiovanente generale.<\/li>\n<li>Struttura l'acqua.<\/li>\n<\/ul>\n<p>Area di applicazione consigliata: proiezione delle ghiandole endocrine, proiezione dei grandi vasi sanguigni, 15-14 minuti per punto o zona BAP.<\/p>\n<div class=\"su-spoiler su-spoiler-style-defoult su-spoiler-icon-caret su-spoiler-closed\" data-scroll-offset=\"0\" data-anchor-in-url=\"no\"><div class=\"su-spoiler-title\" tabindex=\"0\" role=\"button\"><span class=\"su-spoiler-icon\"><\/span>Tutti<\/div><div class=\"su-spoiler-content su-u-clearfix su-u-trim\">\n<strong>Applicabile a:<\/strong><\/p>\n<ul>\n<li>per i disturbi vegetativi,<\/li>\n<li>per il trattamento complesso dei sistemi endocrino e nervoso,<\/li>\n<li>nelle neuroscienze,<\/li>\n<li>nel trattamento delle malattie allergiche,<\/li>\n<li>nel complesso trattamento delle vene varicose,<\/li>\n<li>nel trattamento della sindrome da fatica cronica,<\/li>\n<li>controllare i sintomi della menopausa sia nelle donne che negli uomini,<\/li>\n<li>per la correzione del metabolismo del calcio, la prevenzione dell'osteoporosi,<\/li>\n<li>per la correzione del sistema immunitario.<\/li>\n<\/ul>\n<\/div><\/div>","protected":false},"excerpt":{"rendered":"<p>Szab\u00e1lyz\u00f3 sug\u00e1rz\u00f3, 52. sz. A sug\u00e1rz\u00f3 m\u0171k\u00f6d\u00e9si ideje: 15 perc Frekvenci\u00e1ja a hormonrendszer frekvenci\u00e1j\u00e1nak felel meg. Hat\u00e1sa: Helyre\u00e1ll\u00edtja a hormonrendszer m\u0171k\u00f6d\u00e9s\u00e9t. Helyre\u00e1ll\u00edtja a k\u00f6zponti, a perif\u00e9ri\u00e1s, valamint a vegetat\u00edv idegrendszer munk\u00e1j\u00e1t. Jav\u00edtja az idegsz\u00e1lak impulzus-tov\u00e1bb\u00edt\u00f3 k\u00e9pess\u00e9g\u00e9t. El\u0151seg\u00edti az idegsejtek regener\u00e1ci\u00f3j\u00e1t. Immunrendszer er\u0151s\u00edt\u0151 hat\u00e1ssal b\u00edr. \u00c1ltal\u00e1nos fiatal\u00edt\u00f3 hat\u00e1s\u00fa. Struktur\u00e1lja a vizet. Aj\u00e1nlott alkalmaz\u00e1si fel\u00fclet: az endokrin [&hellip;]<\/p>\n","protected":false},"featured_media":4734,"comment_status":"open","ping_status":"closed","template":"","meta":[],"product_brand":[],"product_cat":[35,32],"product_tag":[],"class_list":{"0":"post-4735","1":"product","2":"type-product","3":"status-publish","4":"has-post-thumbnail","6":"product_cat-csatlakoztathato-jeladok","7":"product_cat-triomed","9":"first","10":"instock","11":"taxable","12":"shipping-taxable","13":"purchasable","14":"product-type-simple"},"_links":{"self":[{"href":"https:\/\/vetomshop.hu\/it\/wp-json\/wp\/v2\/product\/4735","targetHints":{"allow":["GET"]}}],"collection":[{"href":"https:\/\/vetomshop.hu\/it\/wp-json\/wp\/v2\/product"}],"about":[{"href":"https:\/\/vetomshop.hu\/it\/wp-json\/wp\/v2\/types\/product"}],"replies":[{"embeddable":true,"href":"https:\/\/vetomshop.hu\/it\/wp-json\/wp\/v2\/comments?post=4735"}],"wp:featuredmedia":[{"embeddable":true,"href":"https:\/\/vetomshop.hu\/it\/wp-json\/wp\/v2\/media\/4734"}],"wp:attachment":[{"href":"https:\/\/vetomshop.hu\/it\/wp-json\/wp\/v2\/media?parent=4735"}],"wp:term":[{"taxonomy":"product_brand","embeddable":true,"href":"https:\/\/vetomshop.hu\/it\/wp-json\/wp\/v2\/product_brand?post=4735"},{"taxonomy":"product_cat","embeddable":true,"href":"https:\/\/vetomshop.hu\/it\/wp-json\/wp\/v2\/product_cat?post=4735"},{"taxonomy":"product_tag","embeddable":true,"href":"https:\/\/vetomshop.hu\/it\/wp-json\/wp\/v2\/product_tag?post=4735"}],"curies":[{"name":"wp","href":"https:\/\/api.w.org\/{rel}","templated":true}]}}