{"id":4739,"date":"2023-11-11T14:34:00","date_gmt":"2023-11-11T13:34:00","guid":{"rendered":"https:\/\/vetomshop.hu\/termek\/trio-women-jelado\/"},"modified":"2023-11-11T14:34:00","modified_gmt":"2023-11-11T13:34:00","slug":"trio-women-jelado","status":"publish","type":"product","link":"https:\/\/vetomshop.hu\/it\/prodotto\/trio-women-jelado\/","title":{"rendered":"Faro a tre donne"},"content":{"rendered":"<h4>Radiatore speciale Trio-Donna<\/h4>\n<p>Per le donne, n. 8.<\/p>\n<p>Consigliato: per ottimizzare le riserve funzionali e la capacit\u00e0 di adattamento del corpo umano in seguito a influenze ambientali negative, stile di vita o malattie.<\/p>\n<p><strong>Consigliato per: <\/strong>per le ragazze e le donne.<\/p>\n<p><strong>Impatto:<\/strong> effetto generale di promozione della salute, tenendo conto delle caratteristiche dell'organismo femminile (sfera psico-emotiva, regolazione neuroumorale).<\/p>\n<p><strong>Meccanismo d'azione:<\/strong> Il programma (frequenza portante, modulazione a bassa frequenza e parametri di ampiezza) \u00e8 stato specificamente progettato per aiutare il corpo femminile quando viene utilizzato in un sistema.<\/p>\n<p>L'applicazione della radioterapia in un ciclo di trattamento normalizza i processi trofici e metabolici nelle cellule e nei tessuti, li rigenera, ha un effetto generale di armonizzazione sugli organi, sui sistemi di organi e sull'organismo nel suo complesso e aumenta la resistenza aspecifica del corpo. I risultati positivi sono dovuti al feedback di biorisonanza delle cellule, del sistema fisiologico atomico e del sistema di regolazione neurogumorale, da un lato, e all'attivazione del meccanismo di adattamento (sindrome generale di adattamento), dall'altro.<\/p>\n<div class=\"su-spoiler su-spoiler-style-defoult su-spoiler-icon-caret su-spoiler-closed\" data-scroll-offset=\"0\" data-anchor-in-url=\"no\"><div class=\"su-spoiler-title\" tabindex=\"0\" role=\"button\"><span class=\"su-spoiler-icon\"><\/span>Tutti<\/div><div class=\"su-spoiler-content su-u-clearfix su-u-trim\">\n<p><strong>Consigliato per:<\/strong><\/p>\n<ol>\n<li>Per la riduzione della capacit\u00e0 lavorativa e dell'umore, l'instabilit\u00e0 psico-emotiva, l'insonnia come conseguenza della stanchezza cronica.<\/li>\n<li>Per il trattamento e la prevenzione dei disturbi dell'apparato genitale femminile e degli spiacevoli sintomi che accompagnano la menopausa, nonch\u00e9 per rafforzare la fertilit\u00e0 e la salute sessuale.<\/li>\n<li>Comune nei raffreddori.<\/li>\n<li>Prevenzione aspecifica di influenza e raffreddore.<\/li>\n<li>Indebolimento del sistema immunitario durante il recupero o la riabilitazione dopo una malattia.<\/li>\n<\/ol>\n<\/div><\/div>","protected":false},"excerpt":{"rendered":"<p>Speci\u00e1lis Trio-Women sug\u00e1rz\u00f3 N\u0151k sz\u00e1m\u00e1ra, 8.sz. Javasolt: a funkcion\u00e1lis tartal\u00e9kok \u00e9s az emberi szervezet adapt\u00e1ci\u00f3s lehet\u0151s\u00e9geinek optimiz\u00e1l\u00e1s\u00e1hoz, melyek a negat\u00edv k\u00f6rnyezeti hat\u00e1sok, \u00e9letm\u00f3d vagy betegs\u00e9g k\u00f6vetkezt\u00e9ben l\u00e9ptek fel. Aj\u00e1nlott: l\u00e1nyok, n\u0151k sz\u00e1m\u00e1ra. Hat\u00e1sa: a n\u0151i szervezet jellemz\u0151it figyelembe vev\u0151 (pszicho-emocion\u00e1lis szf\u00e9ra, neurohumor\u00e1lis szab\u00e1lyoz\u00e1s) \u00e1ltal\u00e1nos eg\u00e9szs\u00e9gmeger\u0151s\u00edt\u0151 hat\u00e1s. Hat\u00e1smechanizmus: A program (hordoz\u00f3 frekvencia, alacsony frekvenci\u00e1j\u00fa modul\u00e1ci\u00f3 \u00e9s [&hellip;]<\/p>\n","protected":false},"featured_media":4738,"comment_status":"open","ping_status":"closed","template":"","meta":[],"product_brand":[],"product_cat":[35,32],"product_tag":[],"class_list":{"0":"post-4739","1":"product","2":"type-product","3":"status-publish","4":"has-post-thumbnail","6":"product_cat-csatlakoztathato-jeladok","7":"product_cat-triomed","9":"first","10":"instock","11":"taxable","12":"shipping-taxable","13":"purchasable","14":"product-type-simple"},"_links":{"self":[{"href":"https:\/\/vetomshop.hu\/it\/wp-json\/wp\/v2\/product\/4739","targetHints":{"allow":["GET"]}}],"collection":[{"href":"https:\/\/vetomshop.hu\/it\/wp-json\/wp\/v2\/product"}],"about":[{"href":"https:\/\/vetomshop.hu\/it\/wp-json\/wp\/v2\/types\/product"}],"replies":[{"embeddable":true,"href":"https:\/\/vetomshop.hu\/it\/wp-json\/wp\/v2\/comments?post=4739"}],"wp:featuredmedia":[{"embeddable":true,"href":"https:\/\/vetomshop.hu\/it\/wp-json\/wp\/v2\/media\/4738"}],"wp:attachment":[{"href":"https:\/\/vetomshop.hu\/it\/wp-json\/wp\/v2\/media?parent=4739"}],"wp:term":[{"taxonomy":"product_brand","embeddable":true,"href":"https:\/\/vetomshop.hu\/it\/wp-json\/wp\/v2\/product_brand?post=4739"},{"taxonomy":"product_cat","embeddable":true,"href":"https:\/\/vetomshop.hu\/it\/wp-json\/wp\/v2\/product_cat?post=4739"},{"taxonomy":"product_tag","embeddable":true,"href":"https:\/\/vetomshop.hu\/it\/wp-json\/wp\/v2\/product_tag?post=4739"}],"curies":[{"name":"wp","href":"https:\/\/api.w.org\/{rel}","templated":true}]}}