{"id":4741,"date":"2023-11-11T14:34:00","date_gmt":"2023-11-11T13:34:00","guid":{"rendered":"https:\/\/vetomshop.hu\/termek\/sigma-medal\/"},"modified":"2023-11-11T14:34:00","modified_gmt":"2023-11-11T13:34:00","slug":"sigma-medal","status":"publish","type":"product","link":"https:\/\/vetomshop.hu\/it\/prodotto\/sigma-medal\/","title":{"rendered":"Medaglia Sigma"},"content":{"rendered":"<p>A <strong>Medaglia SIGMA Salute<\/strong> \u00e8 quello di ripristinare i normali processi fisiologici dei follicoli piliferi, di aumentarne la resistenza ai fattori ambientali avversi e all'aumento dello stress, di prolungare la fase di crescita dei capelli e quindi di aumentarne la densit\u00e0 complessiva.<\/p>\n<p><strong>Effetti:<\/strong><\/p>\n<ul>\n<li>normalizza la circolazione sanguigna, lo stato immunitario e il metabolismo dei follicoli piliferi, prevenendo lo sviluppo dell'atrofia;<\/li>\n<li>riduce la gravit\u00e0 dei processi infiammatori della pelle e dei follicoli piliferi;<\/li>\n<li>contribuisce a normalizzare i processi metabolici della pelle e dell'organismo nel suo complesso; previene lo sviluppo dell'alopecia areata (perdita di capelli a chiazze).<\/li>\n<\/ul>\n<p>Il ciondolo della salute SIGMA ha un effetto positivo sullo stato delle funzioni dell'organismo, pu\u00f2 essere utilizzato come strumento di ottimizzazione e correzione in combinazione con altri trattamenti per l'alopecia areata (perdita di capelli a chiazze)<br \/>\ne altri metodi di prevenzione.<\/p>\n<div class=\"su-spoiler su-spoiler-style-defoult su-spoiler-icon-caret su-spoiler-closed\" data-scroll-offset=\"0\" data-anchor-in-url=\"no\"><div class=\"su-spoiler-title\" tabindex=\"0\" role=\"button\"><span class=\"su-spoiler-icon\"><\/span>Tutti<\/div><div class=\"su-spoiler-content su-u-clearfix su-u-trim\">\n<p><strong>Tipi di perdita di capelli a chiazze:<\/strong><\/p>\n<p>In base all'entit\u00e0 della perdita di capelli, la calvizie a chiazze si divide nei seguenti tipi:<\/p>\n<ul>\n<li>Alopecia areata uniloculare: i capelli cadono solo in una zona.<\/li>\n<li>Alopecia areata multiloculare: chiazze multiple di cicatrici<\/li>\n<li>Alopecia areata subtotale: i capelli cadono quasi su tutto il cuoio capellutop3<\/li>\n<li>Alopecia areata totalis: tutti i capelli cadono dal cuoio capelluto Alopecia areata universalis: la perdita di capelli interessa il cuoio capelluto e tutto il corpo<\/li>\n<li>Tipo di ofiasi: una forma specifica di alopecia areata, caratterizzata dalla caduta dei capelli principalmente dalle aree esterne del cuoio capelluto, di solito dalla parte posteriore della testa, a volte anche dalla parte<br \/>\ndalle tempie o dalla fronte.<\/li>\n<\/ul>\n<p>Oltre alle tipologie sopra elencate, il SIGMA Medallion pu\u00f2 essere utilizzato nei casi di perdita di capelli causata da chemioterapia, radioterapia o disfunzioni endocrine.<\/p>\n<\/div><\/div>","protected":false},"excerpt":{"rendered":"<p>A SIGMA Eg\u00e9szs\u00e9g Med\u00e1l feladata a sz\u0151rt\u00fcsz\u0151k norm\u00e1l fiziol\u00f3giai folyamatainak helyre\u00e1ll\u00edt\u00e1sa, a kedvez\u0151tlen k\u00f6rnyezeti t\u00e9nyez\u0151kkel \u00e9s a megn\u00f6vekedett stresszterhel\u00e9ssel szembeni ellen\u00e1ll\u00f3 k\u00e9pess\u00e9g\u00fck n\u00f6vel\u00e9se, a hajn\u00f6veked\u00e9s szakasz\u00e1nak meghosszabb\u00edt\u00e1sa, ez\u00e1ltal a teljes hajs\u0171r\u0171s\u00e9g n\u00f6vel\u00e9se. Hat\u00e1sok: normaliz\u00e1lja a v\u00e9rkering\u00e9st, az immun\u00e1llapotot \u00e9s az anyagcser\u00e9t a sz\u0151rt\u00fcsz\u0151kben, megel\u0151zve az atr\u00f3fia kialakul\u00e1s\u00e1t; cs\u00f6kkenti a b\u0151r \u00e9s a sz\u0151rt\u00fcsz\u0151k gyullad\u00e1sos folyamatainak [&hellip;]<\/p>\n","protected":false},"featured_media":4740,"comment_status":"open","ping_status":"closed","template":"","meta":[],"product_brand":[],"product_cat":[33,32],"product_tag":[],"class_list":{"0":"post-4741","1":"product","2":"type-product","3":"status-publish","4":"has-post-thumbnail","6":"product_cat-egeszseg-medalok","7":"product_cat-triomed","9":"first","10":"instock","11":"taxable","12":"shipping-taxable","13":"purchasable","14":"product-type-simple"},"_links":{"self":[{"href":"https:\/\/vetomshop.hu\/it\/wp-json\/wp\/v2\/product\/4741","targetHints":{"allow":["GET"]}}],"collection":[{"href":"https:\/\/vetomshop.hu\/it\/wp-json\/wp\/v2\/product"}],"about":[{"href":"https:\/\/vetomshop.hu\/it\/wp-json\/wp\/v2\/types\/product"}],"replies":[{"embeddable":true,"href":"https:\/\/vetomshop.hu\/it\/wp-json\/wp\/v2\/comments?post=4741"}],"wp:featuredmedia":[{"embeddable":true,"href":"https:\/\/vetomshop.hu\/it\/wp-json\/wp\/v2\/media\/4740"}],"wp:attachment":[{"href":"https:\/\/vetomshop.hu\/it\/wp-json\/wp\/v2\/media?parent=4741"}],"wp:term":[{"taxonomy":"product_brand","embeddable":true,"href":"https:\/\/vetomshop.hu\/it\/wp-json\/wp\/v2\/product_brand?post=4741"},{"taxonomy":"product_cat","embeddable":true,"href":"https:\/\/vetomshop.hu\/it\/wp-json\/wp\/v2\/product_cat?post=4741"},{"taxonomy":"product_tag","embeddable":true,"href":"https:\/\/vetomshop.hu\/it\/wp-json\/wp\/v2\/product_tag?post=4741"}],"curies":[{"name":"wp","href":"https:\/\/api.w.org\/{rel}","templated":true}]}}