{"id":4743,"date":"2023-11-11T14:34:00","date_gmt":"2023-11-11T13:34:00","guid":{"rendered":"https:\/\/vetomshop.hu\/termek\/siker-medal\/"},"modified":"2023-11-11T14:34:00","modified_gmt":"2023-11-11T13:34:00","slug":"siker-medal","status":"publish","type":"product","link":"https:\/\/vetomshop.hu\/it\/prodotto\/siker-medal\/","title":{"rendered":"Medaglia di successo"},"content":{"rendered":"<h4>Medaglia al successo per i bambini<\/h4>\n<p><strong>Scopo:<\/strong><\/p>\n<p>Funzioni cognitive (processi cognitivi) -<\/p>\n<ol>\n<li>attenzione, osservazione<\/li>\n<li>rilevamento-rilevazione<\/li>\n<li>memoria<\/li>\n<li>funzioni di pensiero<\/li>\n<\/ol>\n<p>- come strumento complementare per favorire l'attivazione, contrastare la fatica dell'apprendimento e migliorare il benessere emotivo.<\/p>\n<p>Favorisce il recupero da un notevole sovraccarico di informazioni, prevenendo la stanchezza cronica e la sindrome da esaurimento.<\/p>\n<div class=\"su-spoiler su-spoiler-style-defoult su-spoiler-icon-caret su-spoiler-closed\" data-scroll-offset=\"0\" data-anchor-in-url=\"no\"><div class=\"su-spoiler-title\" tabindex=\"0\" role=\"button\"><span class=\"su-spoiler-icon\"><\/span>Tutti<\/div><div class=\"su-spoiler-content su-u-clearfix su-u-trim\">\n<h4>Breve descrizione<\/h4>\n<p>Le informazioni registrate sul supporto elettronico - la medaglia della salute SIKER - corrispondono allo spettro di vibrazioni elettromagnetiche delle cellule e dei tessuti del sistema nervoso centrale e alle vibrazioni (spettro elettromagnetico) delle sostanze antiomotossiche che aumentano la capacit\u00e0 di lavoro mentale, la stabilit\u00e0 antistress degli studenti e dei lavoratori intellettuali e mantengono uno sfondo psico-emotivo ottimale. Le attivit\u00e0 degli studenti sono accompagnate da un'alta intensit\u00e0 di processi mentali in condizioni di pressione temporale e alta densit\u00e0 di informazioni, che hanno il carattere dello stress. Il pensiero coinvolge gli aspetti attivi della cognizione: attenzione, percezione, processi di associazione, formazione di concetti e valutazioni, una componente dell'attivit\u00e0 realistica della persona sociale.<\/p>\n<p>Il pensiero \u00e8 legato all'attivit\u00e0 del cervello, ma la capacit\u00e0 di pensare in modo astratto deriva dall'acquisizione dell'esistenza pratica, delle regole del linguaggio, della logica, della cultura. Il pensiero si svolge in diverse forme di attivit\u00e0 intellettuale e pratica, nel corso delle quali le esperienze cognitive delle persone vengono generalizzate e aggregate. Il pensiero \u00e8 considerato la fonte e il mezzo fondamentale della vera esistenza umana.<\/p>\n<\/div><\/div>","protected":false},"excerpt":{"rendered":"<p>Siker Med\u00e1l gyerekeknek Rendeltet\u00e9se: A kognit\u00edv funkci\u00f3k (megismer\u0151 folyamatok) &#8211; figyelem, megfigyel\u0151k\u00e9pess\u00e9g \u00e9rz\u00e9kel\u00e9s-\u00e9szlel\u00e9s eml\u00e9kezet gondolkod\u00e1si funkci\u00f3k &#8211; aktiv\u00e1l\u00e1s\u00e1t seg\u00edt\u0151, a tanul\u00e1st k\u00eds\u00e9r\u0151 f\u00e1radts\u00e1g ellens\u00falyoz\u00e1s\u00e1t \u00e9s az emocion\u00e1lis k\u00f6z\u00e9rzet jav\u00edt\u00e1s\u00e1t szolg\u00e1l\u00f3 kieg\u00e9sz\u00edt\u0151 eszk\u00f6z. T\u00e1mogatja a jelent\u0151s inform\u00e1ci\u00f3s megterhel\u00e9s ut\u00e1ni helyre\u00e1ll\u00edt\u00e1st, a kr\u00f3nikus f\u00e1radts\u00e1g \u00e9s kimer\u00fclts\u00e9g szindr\u00f3ma megel\u0151z\u00e9s\u00e9t.<\/p>","protected":false},"featured_media":4742,"comment_status":"open","ping_status":"closed","template":"","meta":[],"product_brand":[],"product_cat":[33,32],"product_tag":[],"class_list":{"0":"post-4743","1":"product","2":"type-product","3":"status-publish","4":"has-post-thumbnail","6":"product_cat-egeszseg-medalok","7":"product_cat-triomed","9":"first","10":"instock","11":"taxable","12":"shipping-taxable","13":"purchasable","14":"product-type-simple"},"_links":{"self":[{"href":"https:\/\/vetomshop.hu\/it\/wp-json\/wp\/v2\/product\/4743","targetHints":{"allow":["GET"]}}],"collection":[{"href":"https:\/\/vetomshop.hu\/it\/wp-json\/wp\/v2\/product"}],"about":[{"href":"https:\/\/vetomshop.hu\/it\/wp-json\/wp\/v2\/types\/product"}],"replies":[{"embeddable":true,"href":"https:\/\/vetomshop.hu\/it\/wp-json\/wp\/v2\/comments?post=4743"}],"wp:featuredmedia":[{"embeddable":true,"href":"https:\/\/vetomshop.hu\/it\/wp-json\/wp\/v2\/media\/4742"}],"wp:attachment":[{"href":"https:\/\/vetomshop.hu\/it\/wp-json\/wp\/v2\/media?parent=4743"}],"wp:term":[{"taxonomy":"product_brand","embeddable":true,"href":"https:\/\/vetomshop.hu\/it\/wp-json\/wp\/v2\/product_brand?post=4743"},{"taxonomy":"product_cat","embeddable":true,"href":"https:\/\/vetomshop.hu\/it\/wp-json\/wp\/v2\/product_cat?post=4743"},{"taxonomy":"product_tag","embeddable":true,"href":"https:\/\/vetomshop.hu\/it\/wp-json\/wp\/v2\/product_tag?post=4743"}],"curies":[{"name":"wp","href":"https:\/\/api.w.org\/{rel}","templated":true}]}}