{"id":4745,"date":"2023-11-11T14:34:01","date_gmt":"2023-11-11T13:34:01","guid":{"rendered":"https:\/\/vetomshop.hu\/termek\/solo-medal\/"},"modified":"2023-11-11T14:34:01","modified_gmt":"2023-11-11T13:34:01","slug":"solo-medal","status":"publish","type":"product","link":"https:\/\/vetomshop.hu\/it\/prodotto\/solo-medal\/","title":{"rendered":"Ciondolo Solo"},"content":{"rendered":"<h4>Medaglia SOLO Salute<\/h4>\n<p><strong>Funzioni principali:<\/strong><\/p>\n<p>La Medaglia Solo \u00e8 uno strumento complementare per sostenere i meccanismi di difesa dell'organismo e attivare il sistema immunitario.<\/p>\n<p>\u00c8 particolarmente utile per le infezioni virali e batteriche.<\/p>\n<p><strong>Impatto:<\/strong><\/p>\n<ul>\n<li>per favorire il rafforzamento del sistema immunitario, per favorire una ridotta risposta agli allergeni,<\/li>\n<li>sostenere il recupero dalle malattie virali,<\/li>\n<li>sostenere la rimozione delle sostanze tossiche,<\/li>\n<li>supportano l'azione antibatterica e antivirale.<\/li>\n<\/ul>\n<p><strong>Quando usarlo?<\/strong><\/p>\n<div class=\"su-spoiler su-spoiler-style-defoult su-spoiler-icon-caret su-spoiler-closed\" data-scroll-offset=\"0\" data-anchor-in-url=\"no\"><div class=\"su-spoiler-title\" tabindex=\"0\" role=\"button\"><span class=\"su-spoiler-icon\"><\/span>Tutti<\/div><div class=\"su-spoiler-content su-u-clearfix su-u-trim\">\nIl Solo Pendant ha un effetto positivo sul funzionamento dell'organismo e pu\u00f2 essere utilizzato come ulteriore strumento correttivo e ottimizzante nella prevenzione e nel trattamento delle seguenti patologie:<\/p>\n<ul>\n<li>per le malattie dell'apparato respiratorio superiore di origine batterica e virale;<\/li>\n<li>nelle malattie infiammatorie, nei casi di natura batterico-allergica, nelle riniti, nelle faringiti, nelle laringiti, nelle bronchiti;<\/li>\n<li>nelle fasi iniziali delle malattie autoimmuni (asma bronchiale, bronchite asmatica, artrite reumatoide, pielo- e glumerulonefrite - nefrite, malattie autoimmuni della tiroide, cardiopatie valvolari dovute a reumatismi, malattie vascolari endoteliali, dermatiti streptococciche e stafilococciche).<\/li>\n<\/ul>\n<p>Avvertenza importante: se si manifestano sintomi di malattie delle vie respiratorie superiori e inferiori, consultare il medico. Utilizzare Solo Medal come strumento complementare ai metodi di trattamento raccomandati dal medico per favorire la guarigione.<\/p>\n<\/div><\/div>","protected":false},"excerpt":{"rendered":"<p>SOLO Eg\u00e9szs\u00e9g Med\u00e1l F\u0151 funkci\u00f3i: A Solo Med\u00e1l kieg\u00e9sz\u00edt\u0151 eszk\u00f6z, mely a szervezet v\u00e9dekez\u0151 mechanizmusait \u00e9s az immunrendszer aktiv\u00e1l\u00e1s\u00e1t t\u00e1mogatja. V\u00edrusos \u00e9s bakteri\u00e1lis fert\u0151z\u00e9sek eset\u00e9n ny\u00fajtja a legnagyobb seg\u00edts\u00e9get. Hat\u00e1sa: immunrendszer er\u0151s\u00edt\u00e9s\u00e9nek t\u00e1mogat\u00e1sa, az allerg\u00e9nekre val\u00f3 cs\u00f6kkent reakci\u00f3 el\u00e9r\u00e9s\u00e9nek t\u00e1mogat\u00e1sa, a v\u00edrusos megbeteged\u00e9sek gy\u00f3gyul\u00e1s\u00e1nak t\u00e1mogat\u00e1sa, a toxikus anyagok kivezet\u00e9s\u00e9nek t\u00e1mogat\u00e1sa, antibakteri\u00e1lis \u00e9s v\u00edrus\u00f6l\u0151 hat\u00e1s t\u00e1mogat\u00e1sa. [&hellip;]<\/p>\n","protected":false},"featured_media":4744,"comment_status":"open","ping_status":"closed","template":"","meta":[],"product_brand":[],"product_cat":[33,32],"product_tag":[],"class_list":{"0":"post-4745","1":"product","2":"type-product","3":"status-publish","4":"has-post-thumbnail","6":"product_cat-egeszseg-medalok","7":"product_cat-triomed","9":"first","10":"instock","11":"taxable","12":"shipping-taxable","13":"purchasable","14":"product-type-simple"},"_links":{"self":[{"href":"https:\/\/vetomshop.hu\/it\/wp-json\/wp\/v2\/product\/4745","targetHints":{"allow":["GET"]}}],"collection":[{"href":"https:\/\/vetomshop.hu\/it\/wp-json\/wp\/v2\/product"}],"about":[{"href":"https:\/\/vetomshop.hu\/it\/wp-json\/wp\/v2\/types\/product"}],"replies":[{"embeddable":true,"href":"https:\/\/vetomshop.hu\/it\/wp-json\/wp\/v2\/comments?post=4745"}],"wp:featuredmedia":[{"embeddable":true,"href":"https:\/\/vetomshop.hu\/it\/wp-json\/wp\/v2\/media\/4744"}],"wp:attachment":[{"href":"https:\/\/vetomshop.hu\/it\/wp-json\/wp\/v2\/media?parent=4745"}],"wp:term":[{"taxonomy":"product_brand","embeddable":true,"href":"https:\/\/vetomshop.hu\/it\/wp-json\/wp\/v2\/product_brand?post=4745"},{"taxonomy":"product_cat","embeddable":true,"href":"https:\/\/vetomshop.hu\/it\/wp-json\/wp\/v2\/product_cat?post=4745"},{"taxonomy":"product_tag","embeddable":true,"href":"https:\/\/vetomshop.hu\/it\/wp-json\/wp\/v2\/product_tag?post=4745"}],"curies":[{"name":"wp","href":"https:\/\/api.w.org\/{rel}","templated":true}]}}