{"id":4755,"date":"2023-11-11T14:34:03","date_gmt":"2023-11-11T13:34:03","guid":{"rendered":"https:\/\/vetomshop.hu\/termek\/menedzser-kartya\/"},"modified":"2023-11-11T14:34:03","modified_gmt":"2023-11-11T13:34:03","slug":"menedzser-kartya","status":"publish","type":"product","link":"https:\/\/vetomshop.hu\/it\/prodotto\/menedzser-kartya\/","title":{"rendered":"Scheda manager"},"content":{"rendered":"<h4>A cosa serve la MENEDZSER CARD?<\/h4>\n<p><strong>CARTA DEL DIRETTORE<\/strong> - un dispositivo per la prevenzione e il trattamento della stanchezza cronica e della sindrome da sovraccarico di lavoro, per aumentare la capacit\u00e0 lavorativa, per attivare i processi di rigenerazione in seguito a carichi di lavoro stressanti e per aumentare l'immunit\u00e0.<\/p>\n<p>Il funzionamento della MENEDZSER CARD supporta i processi cognitivi. Ha lo scopo di attivare i processi di memoria, consentendo la memorizzazione immediata delle informazioni necessarie, aumentando la velocit\u00e0 di pensiero, ripristinando il normale corso dei processi fisiologici nelle cellule e nei tessuti del sistema nervoso centrale, aumentando la loro stabilit\u00e0 contro gli effetti nocivi del mondo esterno.<\/p>\n<p><strong>Effetti:<\/strong><\/p>\n<ul>\n<li>sostiene la circolazione sanguigna e i processi metabolici del sistema nervoso centrale e aiuta a ripristinare le funzioni del sistema nervoso centrale;<\/li>\n<li>aiuta a migliorare la memoria, consentendo di assorbire pi\u00f9 informazioni;<\/li>\n<li>favorisce la concentrazione,<\/li>\n<li>riduce l'affaticamento durante l'attivit\u00e0;<\/li>\n<li>riduce la tensione neuro-emotiva durante l'uso del computer;<\/li>\n<li>armonizza l'atteggiamento emotivo-psichico;<\/li>\n<li>migliora l'intuizione,<\/li>\n<li>aiuta a prevenire lo sviluppo dello stress cronico e della stanchezza.<\/li>\n<\/ul>\n<div class=\"su-spoiler su-spoiler-style-defoult su-spoiler-icon-caret su-spoiler-closed\" data-scroll-offset=\"0\" data-anchor-in-url=\"no\"><div class=\"su-spoiler-title\" tabindex=\"0\" role=\"button\"><span class=\"su-spoiler-icon\"><\/span>Tutti<\/div><div class=\"su-spoiler-content su-u-clearfix su-u-trim\">\n<strong>Con l'aiuto di:<\/strong><\/p>\n<ul>\n<li>si concentrer\u00e0 sugli aspetti principali,<\/li>\n<li>promuove un atteggiamento positivo nei confronti della vita e lo sviluppo della determinazione,<\/li>\n<li>vi aiuta a concentrarvi sul successo e sullo scopo,<\/li>\n<li>sostiene il senso di realizzazione, la fiducia in se stessi e la convinzione del successo dell'obiettivo!<\/li>\n<\/ul>\n<\/div><\/div>","protected":false},"excerpt":{"rendered":"<p>Mire szolg\u00e1l a MENEDZSER K\u00c1RTYA? MENEDZSER K\u00c1RTYA \u2013 a kr\u00f3nikus f\u00e1rad\u00e9konys\u00e1g \u00e9s a t\u00falhajszolts\u00e1g szindr\u00f3m\u00e1ja megel\u0151z\u00e9s\u00e9re \u00e9s kezel\u00e9s\u00e9re, a munkab\u00edr\u00e1s n\u00f6vel\u00e9s\u00e9re, az \u00e1tv\u00e9szelt stressz-megterhel\u00e9seket k\u00f6vet\u0151 regener\u00e1ci\u00f3s folyamatok aktiviz\u00e1l\u00e1s\u00e1ra, az immunit\u00e1s n\u00f6vel\u00e9s\u00e9re szolg\u00e1l\u00f3 k\u00e9sz\u00fcl\u00e9k. A MENEDZSER K\u00c1RTYA m\u0171k\u00f6d\u00e9se a kognit\u00edv folyamatok m\u0171k\u00f6d\u00e9s\u00e9t t\u00e1mogatja. Az eml\u00e9kez\u00e9s folyamatainak aktiviz\u00e1l\u00e1s\u00e1ra, a sz\u00fcks\u00e9ges inform\u00e1ci\u00f3 azonnali memoriz\u00e1l\u00e1s\u00e1nak lehet\u0151s\u00e9g\u00e9re, a gondolkod\u00e1s sebess\u00e9g\u00e9nek [&hellip;]<\/p>\n","protected":false},"featured_media":4754,"comment_status":"open","ping_status":"closed","template":"","meta":[],"product_brand":[],"product_cat":[33,32],"product_tag":[],"class_list":{"0":"post-4755","1":"product","2":"type-product","3":"status-publish","4":"has-post-thumbnail","6":"product_cat-egeszseg-medalok","7":"product_cat-triomed","9":"first","10":"instock","11":"taxable","12":"shipping-taxable","13":"purchasable","14":"product-type-simple"},"_links":{"self":[{"href":"https:\/\/vetomshop.hu\/it\/wp-json\/wp\/v2\/product\/4755","targetHints":{"allow":["GET"]}}],"collection":[{"href":"https:\/\/vetomshop.hu\/it\/wp-json\/wp\/v2\/product"}],"about":[{"href":"https:\/\/vetomshop.hu\/it\/wp-json\/wp\/v2\/types\/product"}],"replies":[{"embeddable":true,"href":"https:\/\/vetomshop.hu\/it\/wp-json\/wp\/v2\/comments?post=4755"}],"wp:featuredmedia":[{"embeddable":true,"href":"https:\/\/vetomshop.hu\/it\/wp-json\/wp\/v2\/media\/4754"}],"wp:attachment":[{"href":"https:\/\/vetomshop.hu\/it\/wp-json\/wp\/v2\/media?parent=4755"}],"wp:term":[{"taxonomy":"product_brand","embeddable":true,"href":"https:\/\/vetomshop.hu\/it\/wp-json\/wp\/v2\/product_brand?post=4755"},{"taxonomy":"product_cat","embeddable":true,"href":"https:\/\/vetomshop.hu\/it\/wp-json\/wp\/v2\/product_cat?post=4755"},{"taxonomy":"product_tag","embeddable":true,"href":"https:\/\/vetomshop.hu\/it\/wp-json\/wp\/v2\/product_tag?post=4755"}],"curies":[{"name":"wp","href":"https:\/\/api.w.org\/{rel}","templated":true}]}}