{"id":1020,"date":"2020-02-17T14:15:30","date_gmt":"2020-02-17T14:15:30","guid":{"rendered":"https:\/\/vetomshop.hu\/?page_id=1020"},"modified":"2024-09-26T18:57:13","modified_gmt":"2024-09-26T16:57:13","slug":"gyakori-kerdesek","status":"publish","type":"page","link":"https:\/\/vetomshop.hu\/lb\/gyakori-kerdesek\/","title":{"rendered":"Dacks gestallte Froen"},"content":{"rendered":"<div class=\"wpb-content-wrapper\">\n<div  data-mk-stretch-content=\"true\" class=\"wpb_row vc_row vc_row-fluid jupiter-donut- mk-fullwidth-false  attched-false     js-master-row  mk-grid\">\n\t\t\t\t\n<div class=\"vc_col-sm-12 wpb_column column_container  jupiter-donut- _ jupiter-donut-height-full\">\n\t\n<div data-style=\"accordion-style\" data-initialindex=\"0\" id=\"mk-accordion-2\" class=\"mk-accordion mobile-false fancy-style\">\n\t<div class=\"wpb_accordion_wrapper\">\n\t\t\n<div id=\"\"class=\"mk-accordion-single\">\n\n\t<div class=\"mk-accordion-tab\">\n\t\t<i><svg  class=\"mk-svg-icon\" data-name=\"mk-icon-medkit\" data-cacheid=\"icon-69f50ac9dfa80\" xmlns=\"http:\/\/www.w3.org\/2000\/svg\" viewbox=\"0 0 1792 1792\"><path d=\"M1280 1120v-192q0-14-9-23t-23-9h-224v-224q0-14-9-23t-23-9h-192q-14 0-23 9t-9 23v224h-224q-14 0-23 9t-9 23v192q0 14 9 23t23 9h224v224q0 14 9 23t23 9h192q14 0 23-9t9-23v-224h224q14 0 23-9t9-23zm-640-736h512v-128h-512v128zm-384 0v1280h-32q-92 0-158-66t-66-158v-832q0-92 66-158t158-66h32zm1184 0v1280h-1088v-1280h160v-160q0-40 28-68t68-28h576q40 0 68 28t28 68v160h160zm352 224v832q0 92-66 158t-158 66h-32v-1280h32q92 0 158 66t66 158z\"\/><\/svg><\/i>\t\t<span>Wat ass Vetom?<\/span>\n\t\t<svg  class=\"mk-svg-icon\" data-name=\"mk-icon-chevron-right\" data-cacheid=\"icon-69f50ac9e2f43\" style=\" height:13px; width: 9.2857142857143px; \"  xmlns=\"http:\/\/www.w3.org\/2000\/svg\" viewbox=\"0 0 1280 1792\"><path d=\"M1107 877l-742 742q-19 19-45 19t-45-19l-166-166q-19-19-19-45t19-45l531-531-531-531q-19-19-19-45t19-45l166-166q19-19 45-19t45 19l742 742q19 19 19 45t-19 45z\"\/><\/svg>\t<\/div>\n\n\t<div class=\"mk-accordion-pane\">\n\t\t\t<div class=\"vc_custom_1716651722549\">\n\n<div id=\"text-block-3\" class=\"mk-text-block  jupiter-donut-\">\n\n\t\n\t<p><span style=\"color: #a58904;\"><strong>VETOM<\/strong><\/span>\u00a0\u2014 e ganz staarkt Probiotikum, dat d'Struktur vun der Darmschleimhaut an der Magenschleimflora er\u00ebm opbaut an erhalen.<\/p>\n<p><img loading=\"lazy\" decoding=\"async\" class=\"size-full wp-image-623 aligncenter\" src=\"https:\/\/vetomshop.hu\/wp-content\/uploads\/2024\/05\/vetom-laboratorium.jpg\" alt=\"\" width=\"1464\" height=\"560\" \/><\/p>\n<p><strong><span style=\"color: #a58904;\">W\u00e9i bek\u00e4mpft Vetom viral a bakteriell Infektiounen?<\/span><\/strong><\/p>\n<p>Den aktive Bestanddeel am Vetom ass d'Bacillus subtilis-Stam VKPM B 10641. Bakterien, d\u00e9i zu d\u00ebser Aart geh\u00e9ieren, \u00ebnnerdr\u00e9cken gezielt d'Wuesstem an d'Entw\u00e9cklung vun der Mikroflora ausserhalb vum Verdauungstrakt duerch direkten Antagonismus g\u00e9int infektiiv Agens an indirekt duerch d'Optimis\u00e9ierung vum Immunsystem vum Kierper duerch d'Produktioun vum m\u00ebnschleche Leukozyten-Interferon \u03b1-2.<\/p>\n<p>Interferon \u2014 e Proteinmolek\u00fcl, dat d'Verteidegungssystem vum Kierper g\u00e9int Viren st\u00e4erkt!<\/p>\n<p>Den Haaptmechanismus vun der Wierkung vum Interferon ass d'\u00cbnnerdr\u00e9ckung vum Wuesstem an der Zellverdeelung. Bei physiologeschen Dosen regelt d\u00ebse Effekt d'viral Replikatioun.<\/p>\n<p>E gesonde Kierper reag\u00e9iert op eng viral Invasioun, andeems en Interferonen produz\u00e9iert, an verh\u00ebnnert domat effektiv, datt d'Infektioun sech weider entw\u00e9ckelt.<\/p>\n<p><img loading=\"lazy\" decoding=\"async\" class=\"size-full wp-image-5647 aligncenter\" src=\"https:\/\/vetomshop.hu\/wp-content\/uploads\/2024\/05\/laborator.jpg\" alt=\"\" width=\"1000\" height=\"534\" srcset=\"https:\/\/vetomshop.hu\/wp-content\/uploads\/2024\/05\/laborator.jpg 1000w, https:\/\/vetomshop.hu\/wp-content\/uploads\/2024\/05\/laborator-300x160.jpg 300w, https:\/\/vetomshop.hu\/wp-content\/uploads\/2024\/05\/laborator-768x410.jpg 768w, https:\/\/vetomshop.hu\/wp-content\/uploads\/2024\/05\/laborator-600x320.jpg 600w\" sizes=\"auto, (max-width: 1000px) 100vw, 1000px\" \/>Well Vetom d'Produktioun vun Interferon stimul\u00e9iert, g\u00ebtt et agesat fir Viren a Infektiounen ze bek\u00e4mpfen, dor\u00ebnner de Coronavirus:<\/p>\n<ul>\n<li>SARS (Rhinovirus, Coronavirus-Infektioun, Gripp- a Parainfluenza-Viren);<\/li>\n<li>iwwerdroeblech Krankheeten \u2013 verschidde Forme vu herpetesche L\u00e4sionen (viral Keratokonjunktivitis a Keratitis, Keratouveitis, Genitalherpes, G\u00fcrtelrose);<\/li>\n<li>akut a chronesch viral Hepatitis (A, B, C, D (Delta)).<\/li>\n<\/ul>\n\n\t<div class=\"clearboth\"><\/div>\n<\/div>\n\n\t<\/div>\n\n\t\t<div class=\"clearboth\"><\/div>\n\t<\/div>\n\n<\/div>\n\n<div id=\"\"class=\"mk-accordion-single\">\n\n\t<div class=\"mk-accordion-tab\">\n\t\t<i><svg  class=\"mk-svg-icon\" data-name=\"mk-icon-medkit\" data-cacheid=\"icon-69f50ac9e4173\" xmlns=\"http:\/\/www.w3.org\/2000\/svg\" viewbox=\"0 0 1792 1792\"><path d=\"M1280 1120v-192q0-14-9-23t-23-9h-224v-224q0-14-9-23t-23-9h-192q-14 0-23 9t-9 23v224h-224q-14 0-23 9t-9 23v192q0 14 9 23t23 9h224v224q0 14 9 23t23 9h192q14 0 23-9t9-23v-224h224q14 0 23-9t9-23zm-640-736h512v-128h-512v128zm-384 0v1280h-32q-92 0-158-66t-66-158v-832q0-92 66-158t158-66h32zm1184 0v1280h-1088v-1280h160v-160q0-40 28-68t68-28h576q40 0 68 28t28 68v160h160zm352 224v832q0 92-66 158t-158 66h-32v-1280h32q92 0 158 66t66 158z\"\/><\/svg><\/i>\t\t<span>Ass Vetom fir Kanner g\u00ebeegent?<\/span>\n\t\t<svg  class=\"mk-svg-icon\" data-name=\"mk-icon-chevron-right\" data-cacheid=\"icon-69f50ac9e42ba\" style=\" height:13px; width: 9.2857142857143px; \"  xmlns=\"http:\/\/www.w3.org\/2000\/svg\" viewbox=\"0 0 1280 1792\"><path d=\"M1107 877l-742 742q-19 19-45 19t-45-19l-166-166q-19-19-19-45t19-45l531-531-531-531q-19-19-19-45t19-45l166-166q19-19 45-19t45 19l742 742q19 19 19 45t-19 45z\"\/><\/svg>\t<\/div>\n\n\t<div class=\"mk-accordion-pane\">\n\t\t\t<div class=\"vc_custom_1675849573805\">\n\n<div id=\"text-block-4\" class=\"mk-text-block  jupiter-donut-\">\n\n\t\n\t<p><img loading=\"lazy\" decoding=\"async\" class=\"size-full wp-image-612 aligncenter\" src=\"\/\/vetom-egeszsegshop.hu\/wp-content\/uploads\/2023\/02\/probio-dity.jpg\" alt=\"\" width=\"1105\" height=\"600\" \/><\/p>\n<p>Et g\u00ebtt keng Altersbegrenzung fir Probiotika, sou datt si souwuel vun Erwuessene w\u00e9i och vu Kanner geholl k\u00ebnne ginn.<\/p>\n<p>Dir k\u00ebnnt d'fl\u00ebsseg Form vum Probiotikum huelen: 1\u20132 Dr\u00ebpsen 2\u20133 Mol den Dag, an e b\u00ebsse Waasser verd\u00ebnnt. Et ass am Beschten als Behandlungscours iwwer 10\u201314 Deeg ze huelen.<\/p>\n<p>Alternativ g\u00ebtt et a Pudderform verabreicht, an enger Dosis vun 1 g Pudder pro 10 kg Kierpergewiicht vum Kand, 2\u20133 Mol den Dag. De Pudder kann an enger klenge Quantit\u00e9it Fl\u00ebssegkeet opgel\u00e9ist ginn.<\/p>\n<p>Eng Behandlungsdauer vun 10 bis 14 Deeg g\u00ebtt recommand\u00e9iert.<\/p>\n\n\t<div class=\"clearboth\"><\/div>\n<\/div>\n\n\t<\/div>\n\n\t\t<div class=\"clearboth\"><\/div>\n\t<\/div>\n\n<\/div>\n\n<div id=\"\"class=\"mk-accordion-single\">\n\n\t<div class=\"mk-accordion-tab\">\n\t\t<i><svg  class=\"mk-svg-icon\" data-name=\"mk-icon-medkit\" data-cacheid=\"icon-69f50ac9e475d\" xmlns=\"http:\/\/www.w3.org\/2000\/svg\" viewbox=\"0 0 1792 1792\"><path d=\"M1280 1120v-192q0-14-9-23t-23-9h-224v-224q0-14-9-23t-23-9h-192q-14 0-23 9t-9 23v224h-224q-14 0-23 9t-9 23v192q0 14 9 23t23 9h224v224q0 14 9 23t23 9h192q14 0 23-9t9-23v-224h224q14 0 23-9t9-23zm-640-736h512v-128h-512v128zm-384 0v1280h-32q-92 0-158-66t-66-158v-832q0-92 66-158t158-66h32zm1184 0v1280h-1088v-1280h160v-160q0-40 28-68t68-28h576q40 0 68 28t28 68v160h160zm352 224v832q0 92-66 158t-158 66h-32v-1280h32q92 0 158 66t66 158z\"\/><\/svg><\/i>\t\t<span>W\u00e9i soll een d'Vetom-Produkter huelen?<\/span>\n\t\t<svg  class=\"mk-svg-icon\" data-name=\"mk-icon-chevron-right\" data-cacheid=\"icon-69f50ac9e4813\" style=\" height:13px; width: 9.2857142857143px; \"  xmlns=\"http:\/\/www.w3.org\/2000\/svg\" viewbox=\"0 0 1280 1792\"><path d=\"M1107 877l-742 742q-19 19-45 19t-45-19l-166-166q-19-19-19-45t19-45l531-531-531-531q-19-19-19-45t19-45l166-166q19-19 45-19t45 19l742 742q19 19 19 45t-19 45z\"\/><\/svg>\t<\/div>\n\n\t<div class=\"mk-accordion-pane\">\n\t\t\t<div class=\"vc_custom_1716651401497\">\n\n<div id=\"text-block-5\" class=\"mk-text-block  jupiter-donut-\">\n\n\t\n\t<p>Fir eng maximal Effektivit\u00e9it sollt Dir Vetom eng Stonn virum Iessen mat enger klenger Quantit\u00e9it einfachem Waasser huelen. W\u00e4rend der Behandlungsdauer ass et ratsam, Alkohol an schaarf Iessen ze vermeiden. Beim Best\u00ebmmen vun der Dosis an der Frequenz vun der Gestioun sollt een am Kapp behalen, datt de therapeut\u00ebsche Effekt net direkt vun der bei enger eenzeger Gelee\u00ebnheet eingenommener Quantit\u00e9it ofh\u00e4nkt, m\u00e4 \u00e9ischter vun der Frequenz vum Asaz iwwer d'Behandlungsdauer \u2013 je m\u00e9i dacks et geholl g\u00ebtt, dest m\u00e9i staark ass den Effekt.<\/p>\n<p><img decoding=\"async\" class=\"alignnone size-full wp-image-5645\" src=\"https:\/\/vetomshop.hu\/wp-content\/uploads\/2024\/05\/gettyimages.jpg\" alt=\"\" width=\"100%\" srcset=\"https:\/\/vetomshop.hu\/wp-content\/uploads\/2024\/05\/gettyimages.jpg 1920w, https:\/\/vetomshop.hu\/wp-content\/uploads\/2024\/05\/gettyimages-300x171.jpg 300w, https:\/\/vetomshop.hu\/wp-content\/uploads\/2024\/05\/gettyimages-1024x585.jpg 1024w, https:\/\/vetomshop.hu\/wp-content\/uploads\/2024\/05\/gettyimages-768x438.jpg 768w, https:\/\/vetomshop.hu\/wp-content\/uploads\/2024\/05\/gettyimages-1536x877.jpg 1536w, https:\/\/vetomshop.hu\/wp-content\/uploads\/2024\/05\/gettyimages-1320x754.jpg 1320w, https:\/\/vetomshop.hu\/wp-content\/uploads\/2024\/05\/gettyimages-600x343.jpg 600w\" sizes=\"(max-width: 1920px) 100vw, 1920px\" \/><\/p>\n<p>All Dosis enth\u00e4lt mindestens 5 Milliounen Mikroorganismen, z. B. e Minimum vun 5 g Pudder (ongef\u00e9ier 1 Teel\u00f6ffel), 1 Beutelchen oder 1 Kapsel. Wann Dir Vetomot a fl\u00ebsseger Form h\u00eblt, ass 1 Dosis = 1 Dr\u00ebps.<\/p>\n<p><span style=\"color: #a58904;\"><strong>Et ginn keng schiedlech Effekter, d\u00e9i mat enger Iwwerdosis verbonnen sinn.<\/strong><\/span><\/p>\n<p>Pr\u00e4ventiv Benotzung bei gesonde Leit fir m\u00e9iglech Krankheeten ze verh\u00ebnneren<em>:\u00a0<\/em><\/p>\n<ul>\n<li>Huelt Vetom <span style=\"color: #ff0000;\">1.1<\/span>- oder Vetom <span style=\"color: #ff0000;\">1.23<\/span>- (Wielt d'Formulatioun selwer \u2013 d'Pr\u00e4senz vum aktiven Bestanddeel ass wichteg \u2013 Bacillus subtilis VKPM B-10641 (DSM 24613) Stamm) fir 10\u201314 Deeg, mat 7\u201310 Dosen pro Dag bei ongef\u00e9ier gl\u00e4ichen Ofst\u00e4nn. Zum Beispill h\u00eblt een et fir 2 Wochen, duerno m\u00e9cht een eng 3-Wochen-Paus a widderh\u00eblt de Kurs. .<\/li>\n<li>Wiederh\u00eblt d'Behandlung op d'mannst zweemol am Joer, am l\u00e9ifsten an der Period, wou d'Wahrscheinlechkeet, eng Erk\u00e4ltung ze kr\u00e9ien, m\u00e9i h\u00e9ich ass.<\/li>\n<li>Mir recommand\u00e9ieren Vetom. <span style=\"color: #ff0000;\">1.1<\/span> Kapselen \u2013 a Dr\u00ebpsform Vetom <span style=\"color: #ff0000;\">1.23<\/span> Huelt Vetom t\u00ebscht de Behandlungszyklen. <span style=\"color: #ff0000;\">3<\/span>-an <span style=\"color: #ff0000;\">4<\/span>- (oder Vetom <span style=\"color: #ff0000;\">2<\/span>-t) 2\u20133 Dosen pro Dag fir 10\u201314 Deeg.<\/li>\n<li>Amplaz vum Vetom-Pulver oder -Kapselen k\u00ebnnt Dir och e fl\u00ebssegt Probiotikum huelen, dat fir jiddereen g\u00ebeegent ass: Vetom <span style=\"color: #ff0000;\">1.23<\/span> Ech w\u00e4ert s\u00e4en. <span style=\"color: #ff0000;\">3.22<\/span>, Vetom <span style=\"color: #ff0000;\">4.24<\/span> oder Vetom <span style=\"color: #ff0000;\">2.25<\/span>, Vetom <span style=\"color: #ff0000;\">2.26<\/span>.<\/li>\n<\/ul>\n<p>Wann \u00c4ert Immunsystem wierklech staark ass, da eng 1\u20132-Wochen-Kur mat Vetom, d\u00e9i 10\u201314 Deeg dauert. <span style=\"color: #ff0000;\">1.1<\/span> Dir merkt keng besonnesch Effekter no der Behandlung.<\/p>\n<p><strong><span style=\"color: #a58904;\">Therapeutesch Dosis:<\/span><\/strong><\/p>\n<ul>\n<li>Huelt Vetom <span style=\"color: #ff0000;\">1.1<\/span> Kapsel oder Vetom <span style=\"color: #ff0000;\">1.23<\/span> 10 Dr\u00ebpsen den Dag (10 Kapselen \u2013 10 Dr\u00ebpsen) fir 10\u201314 Deeg. Dann maacht eng Paus vun mindestens 14 Deeg. .<\/li>\n<li>De Behandlungsverlaf sollt h\u00e9chstens no engem bis zwee M\u00e9int widderholl ginn. .<\/li>\n<li>Vetom <span style=\"color: #ff0000;\">1.1<\/span> (Vetom <span style=\"color: #ff0000;\">1.23<\/span> ) t\u00ebscht de Coursen, prob\u00e9iert Vetom <span style=\"color: #ff0000;\">3<\/span>-an <span style=\"color: #ff0000;\">4<\/span>- (oder Vetom <span style=\"color: #ff0000;\">2<\/span>-t) soll och all Dag fir 10\u201314 Deeg geholl ginn.<\/li>\n<li>Fir Iech ze h\u00ebllefen, Iech besser ze fillen, Vetom <span style=\"color: #ff0000;\">1.1<\/span> D'Intervall t\u00ebscht de Behandlungszyklen soll op 2\u20133 Mol am Joer erh\u00e9icht ginn. Dementsprechend, Vetom <span style=\"color: #ff0000;\">2<\/span> D'Frequenz vun de Dosen 3 a 4 kann och lues a lues iwwer d'Z\u00e4it vun 10 op 2\u20133 Dosen reduz\u00e9iert ginn.<\/li>\n<\/ul>\n\n\t<div class=\"clearboth\"><\/div>\n<\/div>\n\n\t<\/div>\n\n\t\t<div class=\"clearboth\"><\/div>\n\t<\/div>\n\n<\/div>\n\n<div id=\"\"class=\"mk-accordion-single\">\n\n\t<div class=\"mk-accordion-tab\">\n\t\t<i><svg  class=\"mk-svg-icon\" data-name=\"mk-icon-medkit\" data-cacheid=\"icon-69f50ac9e4d0d\" xmlns=\"http:\/\/www.w3.org\/2000\/svg\" viewbox=\"0 0 1792 1792\"><path d=\"M1280 1120v-192q0-14-9-23t-23-9h-224v-224q0-14-9-23t-23-9h-192q-14 0-23 9t-9 23v224h-224q-14 0-23 9t-9 23v192q0 14 9 23t23 9h224v224q0 14 9 23t23 9h192q14 0 23-9t9-23v-224h224q14 0 23-9t9-23zm-640-736h512v-128h-512v128zm-384 0v1280h-32q-92 0-158-66t-66-158v-832q0-92 66-158t158-66h32zm1184 0v1280h-1088v-1280h160v-160q0-40 28-68t68-28h576q40 0 68 28t28 68v160h160zm352 224v832q0 92-66 158t-158 66h-32v-1280h32q92 0 158 66t66 158z\"\/><\/svg><\/i>\t\t<span>W\u00e9i een Vetom ass dee beschten?<\/span>\n\t\t<svg  class=\"mk-svg-icon\" data-name=\"mk-icon-chevron-right\" data-cacheid=\"icon-69f50ac9e4e4d\" style=\" height:13px; width: 9.2857142857143px; \"  xmlns=\"http:\/\/www.w3.org\/2000\/svg\" viewbox=\"0 0 1280 1792\"><path d=\"M1107 877l-742 742q-19 19-45 19t-45-19l-166-166q-19-19-19-45t19-45l531-531-531-531q-19-19-19-45t19-45l166-166q19-19 45-19t45 19l742 742q19 19 19 45t-19 45z\"\/><\/svg>\t<\/div>\n\n\t<div class=\"mk-accordion-pane\">\n\t\t\t<div class=\"vc_custom_1727369822448\">\n\n<div id=\"text-block-6\" class=\"mk-text-block  jupiter-donut-\">\n\n\t\n\t<p><img decoding=\"async\" class=\"wp-image-621 aligncenter\" src=\"https:\/\/vetomshop.hu\/wp-content\/uploads\/2024\/05\/nutrigenomics.jpg\" alt=\"\" width=\"100%\" \/><\/p>\n<p>Et ass onm\u00e9iglech ze soen, w\u00e9i ee vun d\u00ebse Probiotika besser ass. Si ginn bal fir d\u00e9i selwecht Zoust\u00e4nn benotzt, mee all Vetom huet en anere Effekt. Si erg\u00e4nzen sech g\u00e9iges\u00e4iteg.<\/p>\n<p>Dat h\u00e4nkt alles vun den individuellen Charakteristiken an dem Zoustand vum Kierper of. D\u00e9i bescht L\u00e9isung wier et, de komplette Kurs vun allen Vetom-Produkter ze benotzen.<\/p>\n<p>D\u00e9i v\u00e9ier verschidde Kapselen bilden eigentlech e grousse Ganzen.<\/p>\n\n\t<div class=\"clearboth\"><\/div>\n<\/div>\n\n\t<\/div>\n\n\t\t<div class=\"clearboth\"><\/div>\n\t<\/div>\n\n<\/div>\n\n<div id=\"\"class=\"mk-accordion-single\">\n\n\t<div class=\"mk-accordion-tab\">\n\t\t<i><svg  class=\"mk-svg-icon\" data-name=\"mk-icon-medkit\" data-cacheid=\"icon-69f50ac9e523b\" xmlns=\"http:\/\/www.w3.org\/2000\/svg\" viewbox=\"0 0 1792 1792\"><path d=\"M1280 1120v-192q0-14-9-23t-23-9h-224v-224q0-14-9-23t-23-9h-192q-14 0-23 9t-9 23v224h-224q-14 0-23 9t-9 23v192q0 14 9 23t23 9h224v224q0 14 9 23t23 9h192q14 0 23-9t9-23v-224h224q14 0 23-9t9-23zm-640-736h512v-128h-512v128zm-384 0v1280h-32q-92 0-158-66t-66-158v-832q0-92 66-158t158-66h32zm1184 0v1280h-1088v-1280h160v-160q0-40 28-68t68-28h576q40 0 68 28t28 68v160h160zm352 224v832q0 92-66 158t-158 66h-32v-1280h32q92 0 158 66t66 158z\"\/><\/svg><\/i>\t\t<span>An w\u00e9i enge Packgr\u00e9issten ass d'Produkt Vetom verf\u00fcgbar?<\/span>\n\t\t<svg  class=\"mk-svg-icon\" data-name=\"mk-icon-chevron-right\" data-cacheid=\"icon-69f50ac9e52f3\" style=\" height:13px; width: 9.2857142857143px; \"  xmlns=\"http:\/\/www.w3.org\/2000\/svg\" viewbox=\"0 0 1280 1792\"><path d=\"M1107 877l-742 742q-19 19-45 19t-45-19l-166-166q-19-19-19-45t19-45l531-531-531-531q-19-19-19-45t19-45l166-166q19-19 45-19t45 19l742 742q19 19 19 45t-19 45z\"\/><\/svg>\t<\/div>\n\n\t<div class=\"mk-accordion-pane\">\n\t\t\t<div class=\"vc_custom_1716650901197\">\n\n<div id=\"text-block-7\" class=\"mk-text-block  jupiter-donut-\">\n\n\t\n\t<p><strong>An w\u00e9i enger Verpakung ass d'Vetom-Produkt verf\u00fcgbar?<\/strong><\/p>\n<p>Vetom ass an dr\u00e4i Formul\u00e9ierungen verf\u00fcgbar:<\/p>\n<ul>\n<li>Pulver, 500 g Packung<\/li>\n<li>Kapselen a Packungen vu 50<\/li>\n<li>Fl\u00ebssegkeet a 10 ml-Fl\u00e4schen<\/li>\n<\/ul>\n<p><img loading=\"lazy\" decoding=\"async\" class=\"wp-image-625 aligncenter\" src=\"https:\/\/vetomshop.hu\/wp-content\/uploads\/2024\/05\/biotech-deepdive.webp\" alt=\"\" width=\"869\" height=\"365\" \/><\/p>\n\n\t<div class=\"clearboth\"><\/div>\n<\/div>\n\n\t<\/div>\n\n\t\t<div class=\"clearboth\"><\/div>\n\t<\/div>\n\n<\/div>\n\n<div id=\"\"class=\"mk-accordion-single\">\n\n\t<div class=\"mk-accordion-tab\">\n\t\t<i><svg  class=\"mk-svg-icon\" data-name=\"mk-icon-medkit\" data-cacheid=\"icon-69f50ac9e890a\" xmlns=\"http:\/\/www.w3.org\/2000\/svg\" viewbox=\"0 0 1792 1792\"><path d=\"M1280 1120v-192q0-14-9-23t-23-9h-224v-224q0-14-9-23t-23-9h-192q-14 0-23 9t-9 23v224h-224q-14 0-23 9t-9 23v192q0 14 9 23t23 9h224v224q0 14 9 23t23 9h192q14 0 23-9t9-23v-224h224q14 0 23-9t9-23zm-640-736h512v-128h-512v128zm-384 0v1280h-32q-92 0-158-66t-66-158v-832q0-92 66-158t158-66h32zm1184 0v1280h-1088v-1280h160v-160q0-40 28-68t68-28h576q40 0 68 28t28 68v160h160zm352 224v832q0 92-66 158t-158 66h-32v-1280h32q92 0 158 66t66 158z\"\/><\/svg><\/i>\t\t<span>W\u00e9i \u00ebnnerscheeden sech Vetom-Probiotika?<\/span>\n\t\t<svg  class=\"mk-svg-icon\" data-name=\"mk-icon-chevron-right\" data-cacheid=\"icon-69f50ac9e89c5\" style=\" height:13px; width: 9.2857142857143px; \"  xmlns=\"http:\/\/www.w3.org\/2000\/svg\" viewbox=\"0 0 1280 1792\"><path d=\"M1107 877l-742 742q-19 19-45 19t-45-19l-166-166q-19-19-19-45t19-45l531-531-531-531q-19-19-19-45t19-45l166-166q19-19 45-19t45 19l742 742q19 19 19 45t-19 45z\"\/><\/svg>\t<\/div>\n\n\t<div class=\"mk-accordion-pane\">\n\t\t\t<div class=\"vc_custom_1722780911439\">\n\n<div id=\"text-block-8\" class=\"mk-text-block  jupiter-donut-\">\n\n\t\n\t<h3><span style=\"color: #a58904;\">Vetom-Probiotika k\u00ebnnen sech an hirer bakterieller Zesummesetzung an an der Verpakung \u00ebnnerscheeden.<\/span><\/h3>\n<p><span style=\"color: #a58904;\"><strong>Den \u00cbnnerscheed t\u00ebscht de probiotesche Mikroorganismen an de Vetom-Produkter:<\/strong><\/span><\/p>\n<p>D\u00e9i legend\u00e4r VETOM Probiotika ginn z\u00ebnter iwwer 20 Joer hiergestallt, mee w\u00e9ineg Leit w\u00ebssen, firwat d'Palette aus v\u00e9ier Produkter besteet oder wat d'\u00cbnnerscheeder t\u00ebscht hinnen sinn.<\/p>\n<p><img loading=\"lazy\" decoding=\"async\" class=\"size-full wp-image-623 aligncenter\" src=\"https:\/\/vetomshop.hu\/wp-content\/uploads\/2024\/05\/tech-biotechnology.webp\" alt=\"\" width=\"1464\" height=\"560\" \/><\/p>\n<p>Also w\u00e4erte mir prob\u00e9ieren erauszefannen.<\/p>\n<p>\u2713 VETOM <span style=\"color: #ff0000;\">1<\/span> an Kapsel- a Fl\u00ebssegkeetsform <span style=\"color: #ff0000;\">1.23<\/span> Et funktion\u00e9iert w\u00e9i e Besem, besonnesch am schleimegsten Deel vum grousse Darm. Et stimul\u00e9iert d'Produktioun vun Interferon.<\/p>\n<p>D'Organellen an der lymphatescher H\u00fclse vum D\u00ebnndarm sinn dacks an engem ruhege Zoustand w\u00e9inst Stress, Antibiotikabehandlung, \u00cbmweltfaktoren asw.<\/p>\n<p>VETOM <span style=\"color: #ff0000;\">1.1<\/span> Plasmiden si an der bakterieller Zesummesetzung agebett, d\u00e9i d\u00ebs Organellen aktiv\u00e9ieren an eis dozou zwingen, eise eegene Interferon a Quantit\u00e9iten ze produz\u00e9ieren, d\u00e9i dem aktuellen Zoustand vum Kierper entspriechen.<\/p>\n<p>\u2713 VETOM <span style=\"color: #ff0000;\">2<\/span> an Kapsel- a Fl\u00ebssegkeetsform <span style=\"color: #ff0000;\">2.25<\/span> oder <span style=\"color: #ff0000;\">2.26<\/span> Et enth\u00e4lt zwou Bakterienst\u00e4mm: ee desinfiz\u00e9iert de grousse Darm weider, w\u00e4hrend deen aneren am klenge Darm wierkt (fir ze verh\u00ebnneren, datt pathogen Flora aus dem grousse Darm an de klenge Darm entkomm ass).<\/p>\n<p>\u2713 VETOM <span style=\"color: #ff0000;\">3<\/span> an Kapsel- a Fl\u00ebssegkeetsform <span style=\"color: #ff0000;\">3.22<\/span>\u00a0 de \u201eaggressivsten\u201d, reinigt de Dickdarm.<\/p>\n<p>\u2713 VETOM <span style=\"color: #ff0000;\">4<\/span> an Kapsel- a Fl\u00ebssegkeetsform <span style=\"color: #ff0000;\">4.24<\/span> D\u00e9i s\u00e9ierst a gr\u00ebndlechst, se f\u00e4erdegt, wat d\u00e9i \u00e9ischt dr\u00e4i VETOMen net f\u00e4erdeg bruecht hunn, a funktion\u00e9iert als e \u201estabilis\u00e9ierende\u201d K\u00e4r.<\/p>\n<p>Sou, andeems mir all Dosen vun VETOM hannerteneen verabreichen, stoppen mir d'faulig Prozesser am Darm, well et e laanganhaltenden Effekt op d\u00e9i verbleiwen pathogene Flora aus\u00fcbt.<\/p>\n<p>Duerch d'Entlaaschtung vun der Bauchspeicheldr\u00fcs an der Liewer erm\u00e9iglechen mir dem Kierper, all Dysfunktiounen am System ze repar\u00e9ieren, de Metabolismus ze verbesseren an domat d'allgemeng Immunsystem vum Kierper z'\u00ebnnerst\u00ebtzen.<\/p>\n<p>Zesummen op eis Gesondheet!<\/p>\n<p>VETOM <span style=\"color: #ff0000;\">1.1<\/span> Pulver, Vetom <span style=\"color: #ff0000;\">1.1<\/span> Kapsel, Vetom <span style=\"color: #ff0000;\">1.23<\/span> drop \u2013 enth\u00e4lt de Bakterienstamm Subtilis Bacilluis B-10641<\/p>\n<p>VETOM <span style=\"color: #ff0000;\">2<\/span>, Vetom <span style=\"color: #ff0000;\">2<\/span> Kapsel, Vetom <span style=\"color: #ff0000;\">2.25<\/span>\u00a0 csepp \u2013 d'bakteriell St\u00e4mm Bacillus amyloliquefaciens B-10642 (DSM 24614) an Bacillus amyloliquefaciens B-10643 (DSM 24615)<\/p>\n<p>Ech w\u00e4ert s\u00e4en. <span style=\"color: #ff0000;\">2.26<\/span>\u00a0 enth\u00e4lt eng Dr\u00ebps vun de bakteriellen St\u00e4mm Bacillus subtilis 10641 an Bacillus amyloliquefaciens 10643<\/p>\n<p>VETOM <span style=\"color: #ff0000;\">3<\/span>, Vetom <span style=\"color: #ff0000;\">3<\/span> Kapsel, Vetom <span style=\"color: #ff0000;\">3.22<\/span> drop \u2013 Bakteriestamm Bacillus amyloliquefaciens B-10642 (DSM 24614)<\/p>\n<p>VETOM <span style=\"color: #ff0000;\">4<\/span>, Vetom <span style=\"color: #ff0000;\">4<\/span> Kapsel oder Vetom <span style=\"color: #ff0000;\">4.24<\/span> drop \u2013 Bakteriestamm Bacillus amyloliquefaciens B-10643 (DSM 24614)<\/p>\n<p>Produktverpackung: verf\u00fcgbar a Plastikt\u00fcten mat 500 g Pudder, 50 Kapselen, 50 g Pudder oder 10 ml Fl\u00ebssegkeet.<\/p>\n<p>Fir Kriibspatienten, Leit mat schw\u00e9ierer Diabetis an Patiente mat ganz schw\u00e9iere Verdauungsproblemer g\u00ebtt et recommand\u00e9iert, et an fl\u00ebsseger Form ze konsum\u00e9ieren. (Vetom) <span style=\"color: #ff0000;\">1.23<\/span>,Vetom <span style=\"color: #ff0000;\">2.26<\/span>, Vetom <span style=\"color: #ff0000;\">3.22<\/span>, Vetom <span style=\"color: #ff0000;\">4.24<\/span>)<\/p>\n<p>Vetom <span style=\"color: #ff0000;\">1.23<\/span>, Vetom <span style=\"color: #ff0000;\">2.25<\/span>, Vetom <span style=\"color: #ff0000;\">2.26<\/span>, Vetom <span style=\"color: #ff0000;\">3.22<\/span>, Vetom <span style=\"color: #ff0000;\">4.24<\/span> D\u00ebs Zubereedungen hunn d\u00e9iselwecht Wierkung. Wat hir Effikacit\u00e9it ugeet, enthalen si verschidde Mikroorganismen, d\u00e9i hir Wierkung am Darmtrakt aus\u00fcben an verschidde biologesch aktiv Substanzen op d'\u00cbmg\u00e9igend Organer transport\u00e9ieren. Als Konsequenz vari\u00e9iert hir kombin\u00e9iert Wierkung op de m\u00ebnschleche Kierper. Fir eng maximal positiv Effikacit\u00e9it z'erreechen, g\u00ebtt recommand\u00e9iert, all Vetom-Produkter ofwiesselnd ze benotzen, fir de ganzen Darmtrakt an d'pathogenez Systemer ze botzen.<\/p>\n\n\t<div class=\"clearboth\"><\/div>\n<\/div>\n\n\t<\/div>\n\n\t\t<div class=\"clearboth\"><\/div>\n\t<\/div>\n\n<\/div>\n\t<\/div>\n<\/div>\n\n\n\t<div class=\"vc_custom_1675852632641\">\n\n<div id=\"text-block-9\" class=\"mk-text-block  jupiter-donut-\">\n\n\t\n\t<hr \/>\n<h3 style=\"padding-left: 40px;\"><span style=\"color: #9c810c;\"><strong>VETOM Probiotika k\u00ebnnen iwwer eis Webs\u00e4it bestallt ginn.<\/strong>:<\/span><\/h3>\n<p style=\"padding-left: 80px;\"><a href=\"https:\/\/vetomshop.hu\/lb\/\">Vetomshop.hu<\/a><\/p>\n<p style=\"padding-left: 80px;\"><a href=\"https:\/\/vetom-egeszsegshop.hu\" target=\"_blank\" rel=\"noopener noreferrer nofollow\">Vetomegeszsegshop.hu<\/a><\/p>\n<p style=\"padding-left: 80px;\"><a href=\"https:\/\/www.facebook.com\/Vetomshop.hu\" target=\"_blank\" rel=\"noopener noreferrer nofollow\">Facebook (Vetom-Unger)<\/a><\/p>\n<p style=\"padding-left: 40px;\">Emag<\/p>\n<hr \/>\n\n\t<div class=\"clearboth\"><\/div>\n<\/div>\n\n\t<\/div>\n<\/div>\n\t<\/div>\n\n<\/div>","protected":false},"excerpt":{"rendered":"Mi az a Vetom? VETOM\u00a0\u2014 egy nagyon er\u0151s probiotikum, amely helyre\u00e1ll\u00edtja \u00e9s meg\u0151rzi a b\u00e9lny\u00e1lkah\u00e1rtya szerkezet\u00e9t \u00e9s a gyomor mikrofl\u00f3r\u00e1j\u00e1t. Hogyan harcol a Vetom a v\u00edrusos \u00e9s bakteri\u00e1lis fert\u0151z\u00e9sekkel? A Vetom k\u00e9sz\u00edtm\u00e9ny hat\u00f3anyaga a Bacillus subtilis VKPM B 10641 t\u00f6rzs. Az ezen fajokhoz tartoz\u00f3 bakt\u00e9riumok kifejezetten elnyomj\u00e1k a gyomor-b\u00e9l traktuson k\u00edv\u00fcli mikrofl\u00f3ra n\u00f6veked\u00e9s\u00e9t \u00e9s fejl\u0151d\u00e9s\u00e9t [...]","protected":false},"author":1,"featured_media":0,"parent":0,"menu_order":0,"comment_status":"closed","ping_status":"closed","template":"","meta":{"footnotes":""},"class_list":["post-1020","page","type-page","status-publish","hentry"],"_links":{"self":[{"href":"https:\/\/vetomshop.hu\/lb\/wp-json\/wp\/v2\/pages\/1020","targetHints":{"allow":["GET"]}}],"collection":[{"href":"https:\/\/vetomshop.hu\/lb\/wp-json\/wp\/v2\/pages"}],"about":[{"href":"https:\/\/vetomshop.hu\/lb\/wp-json\/wp\/v2\/types\/page"}],"author":[{"embeddable":true,"href":"https:\/\/vetomshop.hu\/lb\/wp-json\/wp\/v2\/users\/1"}],"replies":[{"embeddable":true,"href":"https:\/\/vetomshop.hu\/lb\/wp-json\/wp\/v2\/comments?post=1020"}],"version-history":[{"count":0,"href":"https:\/\/vetomshop.hu\/lb\/wp-json\/wp\/v2\/pages\/1020\/revisions"}],"wp:attachment":[{"href":"https:\/\/vetomshop.hu\/lb\/wp-json\/wp\/v2\/media?parent=1020"}],"curies":[{"name":"wp","href":"https:\/\/api.w.org\/{rel}","templated":true}]}}