{"id":315,"date":"2018-03-26T06:53:43","date_gmt":"2018-03-26T06:53:43","guid":{"rendered":"https:\/\/demos.artbees.net\/jupiter\/herse\/cart\/"},"modified":"2024-03-06T15:56:20","modified_gmt":"2024-03-06T14:56:20","slug":"kosar","status":"publish","type":"page","link":"https:\/\/vetomshop.hu\/lb\/kosar\/","title":{"rendered":"Kuerf"},"content":{"rendered":"<div class=\"su-spoiler su-spoiler-style-fancy su-spoiler-icon-chevron su-spoiler-closed\" data-scroll-offset=\"0\" data-anchor-in-url=\"no\"><div class=\"su-spoiler-title\" tabindex=\"0\" role=\"button\"><span class=\"su-spoiler-icon\"><\/span> Versand a Bezuelung<\/div><div class=\"su-spoiler-content su-u-clearfix su-u-trim\">\n<h2>Pers\u00e9inlech Kollektioun<\/h2>\n<p style=\"padding-left: 40px;\">8112, Zichy\u00fajfalu, Kast\u00e9lykert 1<\/p>\n<p style=\"padding-left: 40px;\">Z\u00e4it fir pers\u00e9inlech Ofhuelung: n\u00ebmmen no Viraussetzung \u00ebnnert de folgende Kontaktdetailer<\/p>\n<ul>\n<li style=\"list-style-type: none;\">\n<ul>\n<li><strong>Telefon<\/strong>:\u00a0<a href=\"http:\/\/Tel:+36305573846\" target=\"_blank\" rel=\"noopener noreferrer nofollow\">+36305573846<\/a> Paschtouer Thomas<\/li>\n<li><strong>E-Mail-1<\/strong>:ech<a href=\"mailto:infoshop.vetom.magyarorszag@gmail.com\" target=\"_blank\" rel=\"noopener\">nfoshop.vetom.ungarn@<wbr \/>gmail.com<\/a><\/li>\n<li><strong>E-Mail-2<\/strong>:\u00a0 <a href=\"mailto:vetomshop.hu@gmail.com\" target=\"_blank\" rel=\"noopener\">vetomshop.hu@gmail.com<\/a><\/li>\n<li>oder vun eise Partner am ganze Land, deenen hir Kontaktdetailer op eiser Webs\u00e4it ze fanne sinn.<\/li>\n<\/ul>\n<\/li>\n<\/ul>\n<h2><span style=\"color: #ff0000;\">Liwwerung:<\/span><\/h2>\n<p>An eisem Buttek k\u00ebnnt Dir t\u00ebscht de folgende Liwwer- a Bezuelm\u00e9iglechkeeten wielen:<\/p>\n<p style=\"padding-left: 40px;\"><span style=\"color: #339966;\"><strong>GLS Kurierservice<\/strong><\/span> an <span style=\"color: #339966;\"><strong>Foxpost Paketterminal<\/strong><\/span><\/p>\n<p style=\"padding-left: 40px;\"><em><strong>30.000<\/strong> D&#039;Liwwerung ass gratis fir Bestellunge vun iwwer 1000 HUF!<\/em><\/p>\n<h2><span style=\"color: #008000;\">GLS Kurierservice:<\/span><\/h2>\n<p>Fir Bestellunge beim GLS Parcel Point kann d&#039;Bezuelung a verschiddene Plazen a Cash oder mat Bankkaart gemaach ginn (et ass derw\u00e4ert, sech am Viraus beim jeweilege Parcel Point z&#039;inform\u00e9ieren). <b>Wann Dir eng Liwwerung un e GLS-P\u00e4ckautomat oder e GLS-P\u00e4ckelpunkt ufrot, musst Dir d&#039;Adress vum P\u00e4ckautomat am Liwweradressfeld aginn.<\/b><\/p>\n<ul>\n<li>Wann de Pak versch\u00e9ckt g\u00ebtt, inform\u00e9iert de GLS Courier Service System den Empf\u00e4nger per E-Mail, datt s\u00e4i Pak den n\u00e4chsten Aarbechtsdag geliwwert g\u00ebtt. D&#039;E-Mail enth\u00e4lt d&#039;Paknummer an de Betrag vun der eventueller Nahbezuelung. De Moie vum Liwwerdag kritt den Empf\u00e4nger eng Notifikatioun, d\u00e9i d&#039;Telefonsnummer vum Courrier, d&#039;Telefonsnummer vum GLS Clientsservice an eng 3-Stonne-Z\u00e4itfenster fir d\u00e9i erwaart Liwwerung enth\u00e4lt. Am Fall vun engem gescheiterte Liwwerversuch g\u00ebtt eng E-Mail-Notifikatioun un den Empf\u00e4nger gesch\u00e9ckt.<\/li>\n<li><b>GLS Paketpunktfinder:<\/b> <a href=\"https:\/\/gls-group.com\/HU\/hu\/depo-csomagpont-kereses\" target=\"_blank\" rel=\"noopener noreferrer nofollow\">https:\/\/gls-group.com\/HU\/hu\/depo-csomagpont-kereses<\/a><br \/>\n<b>Liwwerz\u00e4it:<\/b> 1\u20133 Aarbechtsdeeg<br \/>\n<b>Versandk\u00e4schten:<\/b> 1590, \u2013 HUF,<br \/>\n<strong>Bezuelung:<\/strong> Per Virausbezuelung (0,- HUF) oder per Bezuelung bei Liwwerung, deem s\u00e4i Pr\u00e4is + 400,- HUF ass<\/li>\n<\/ul>\n<p>D\u00ebs Pr\u00e4isser g\u00ebllen n\u00ebmme fir Liwwerungen bannent Ungarn. Wann Dir \u00c4re Pak an d&#039;Ausland liwwere w\u00ebllt loossen, frot w.e.g. direkt per E-Mail no de Versandk\u00e4schten, ier Dir \u00c4r Bestellung ofgitt oder nodeems Dir se ofgitt.<\/p>\n<h2><span style=\"color: #008000;\">FOXPOST Kurierservice:<\/span><\/h2>\n<p>An eisem Buttek k\u00ebnnt Dir och ufroen, datt \u00c4r Bestellung un e Foxpost P\u00e4ckelautomat geliwwert g\u00ebtt.<\/p>\n<p style=\"padding-left: 40px;\"><a href=\"https:\/\/foxpost.hu\/csomagautomatak\" target=\"_blank\" rel=\"noopener noreferrer nofollow\" data-saferedirecturl=\"https:\/\/www.google.com\/url?q=https:\/\/foxpost.hu\/csomagautomatak&amp;source=gmail&amp;ust=1709714712502000&amp;usg=AOvVaw1Y_RPFbUPlHU38HiM-T9Re\">https:\/\/foxpost.hu\/<wbr \/>Paketmaschinnen<\/a><\/p>\n<p><strong>Wann Dir eng Liwwerung un e Foxpost-P\u00e4ckelautomat ufrot, musst Dir d&#039;Adress vum P\u00e4ckelautomat am Feld fir d&#039;Liwweradress aginn.<\/strong><\/p>\n<h3>Bezuelmethoden:<\/h3>\n<p><strong>Liwwerz\u00e4it:<\/strong> 1\u20133 Aarbechtsdeeg<br \/>\n<strong>Versandk\u00e4schten:<\/strong> 1390, \u2013 HUF,<br \/>\n<strong>Bezuelung:<\/strong> Per Virausbezuelung (0, \u2013 HUF) oder per Bezuelung bei Liwwerung, wat +350, \u2013 HUF kascht<\/p>\n<h3>Bezuelmethoden:<\/h3>\n<h4 style=\"padding-left: 40px;\">Bargeld bei Liwwerung<\/h4>\n<p>Wann Dir d&#039;Bezuelmethod a Cash bei Liwwerung wielt, g\u00ebtt d&#039;Bezuelung fir d&#039;Wuer beim Ofholpunkt (beim Courrier oder op enger Post\/P\u00e4ckelpunkt) nom Empfang vun der Wuer gemaach. D\u00ebs Bezuelmethod huet eng Behandlungsgeb\u00fchr, dofir berechnen mir zous\u00e4tzlech 350 oder 400 HUF pro Pak zous\u00e4tzlech zu der Basisversandgeb\u00fchr. Am Fall vu Bezuelung a Cash, gitt w.e.g. de genaue Betrag virbereet, well de Courrier net \u00ebmmer de passenden Reschtgeld huet.<\/p>\n<h4 style=\"padding-left: 40px;\">Bankiwwerweisung am Viraus<\/h4>\n<p>Wann Dir Iech entscheet, per Bankiwwerweisung am Viraus ze bezuelen, sch\u00e9cken mir Iech, nodeems mir de Lagerbestand iwwerpr\u00e9ift hunn, eng Rechnungsnotifikatioun (Rechnung) per E-Mail, d\u00e9i d&#039;Donn\u00e9e\u00ebn, d\u00e9i fir d&#039;Iwwerweisung gebraucht ginn, an de genaue Schlussbetrag enth\u00e4lt. Iwwerweist w.e.g. de Kafpr\u00e4is bannent 72 Stonnen nom Versand vun der Rechnung op eise Bankkonto, soss g\u00ebtt \u00c4r Bestellung als ong\u00eblteg ugesinn. Mir w\u00eblle Iech drop opmierksam maachen, datt Dir d&#039;Bankiwwerweisung er\u00e9ischt initi\u00e9iere sollt, wann d&#039;Rechnung an \u00c4rer Br\u00e9ifk\u00ebscht ukomm ass! D&#039;Donn\u00e9e\u00ebn, d\u00e9i fir d&#039;Iwwerweisung gebraucht ginn, sinn an der ausgestallter Rechnung abegraff.<\/p>\n<h4 style=\"padding-left: 40px;\">Bedenkt och folgendes:<\/h4>\n<p>Dir kritt eng E-Mail-Notifikatioun iwwer d&#039;Liwwerung an d&#039;erwaart Arriv\u00e9e vun \u00c4rem Pak. Fir M\u00ebssverst\u00e4ndnesser an Onbequemlechkeeten ze vermeiden, kontroll\u00e9iert w.e.g. reegelm\u00e9isseg \u00c4r Mailbox nodeems Dir \u00c4r Bestellung gemaach hutt. Wann Dir Onregelm\u00e9issegkeeten mat \u00c4rer Bestellung feststellt, kontakt\u00e9iert eis w.e.g. op <a href=\"mailto:vetomshop.hu@gmail.com\" target=\"_blank\" rel=\"noopener\">vetomshop.hu@gmail.com<\/a> bei. Kontroll\u00e9iert w.e.g., ob Dir \u00c4ren exakten Numm, \u00c4r Adress, \u00c4r E-Mail-Adress an \u00c4r Telefonsnummer uginn hutt. De Liwwerant vum Pak kennt net onbed\u00e9ngt d\u00e9i lokal Konditiounen, dofir sollt Dir, wann n\u00e9ideg, zous\u00e4tzlech Informatiounen uginn, fir d&#039;Liwwerung ze erliichteren. Wann d&#039;Liwwerung duerch \u00c4re Feeler feelschl\u00e9it, k\u00ebnne mir de Pak er\u00e9ischt un de Liwwerant iwwerginn, nodeems Dir d&#039;Versandk\u00e4schten nach eng K\u00e9ier bezuelt hutt. Et ass wichteg, datt Dir de Pak net akzept\u00e9iert, wann en siichtbar beschiedegt oder opgemaach ass, an eis sou s\u00e9ier w\u00e9i m\u00e9iglech inform\u00e9iert.<\/p>\n<\/div><\/div>","protected":false},"excerpt":{"rendered":"Sz\u00e1ll\u00edt\u00e1s \u00e9s fizet\u00e9s Szem\u00e9lyes \u00e1tv\u00e9tel 8112, Zichy\u00fajfalu, Kast\u00e9lykert 1 A szem\u00e9lyes \u00e1tv\u00e9tel ideje: kiz\u00e1r\u00f3lag el\u0151zetes egyeztet\u00e9ssel a k\u00f6vetkez\u0151 el\u00e9rhet\u0151s\u00e9geken Telefon:\u00a0+36305573846 Pap Tam\u00e1s Email-1: infoshop.vetom.magyarorszag@gmail.com Email-2:\u00a0 vetomshop.hu@gmail.com vagy orsz\u00e1gszerte a partnereinkt\u0151l, melyeknek el\u00e9rhet\u0151s\u00e9g\u00fck a weboldalunkon is megtal\u00e1lhat\u00f3 Kisz\u00e1ll\u00edt\u00e1s: \u00c1ruh\u00e1zunkban az al\u00e1bbi kisz\u00e1ll\u00edt\u00e1si \u00e9s fizet\u00e9si lehet\u0151s\u00e9gek k\u00f6z\u00fcl v\u00e1laszthat: GLS fut\u00e1rszolg\u00e1lat \u00e9s Foxpost csomagautomata 30.000 Forint rendel\u00e9si \u00e9rt\u00e9k [...]","protected":false},"author":3,"featured_media":0,"parent":0,"menu_order":0,"comment_status":"closed","ping_status":"closed","template":"","meta":{"footnotes":""},"class_list":["post-315","page","type-page","status-publish","hentry"],"_links":{"self":[{"href":"https:\/\/vetomshop.hu\/lb\/wp-json\/wp\/v2\/pages\/315","targetHints":{"allow":["GET"]}}],"collection":[{"href":"https:\/\/vetomshop.hu\/lb\/wp-json\/wp\/v2\/pages"}],"about":[{"href":"https:\/\/vetomshop.hu\/lb\/wp-json\/wp\/v2\/types\/page"}],"author":[{"embeddable":true,"href":"https:\/\/vetomshop.hu\/lb\/wp-json\/wp\/v2\/users\/3"}],"replies":[{"embeddable":true,"href":"https:\/\/vetomshop.hu\/lb\/wp-json\/wp\/v2\/comments?post=315"}],"version-history":[{"count":0,"href":"https:\/\/vetomshop.hu\/lb\/wp-json\/wp\/v2\/pages\/315\/revisions"}],"wp:attachment":[{"href":"https:\/\/vetomshop.hu\/lb\/wp-json\/wp\/v2\/media?parent=315"}],"curies":[{"name":"wp","href":"https:\/\/api.w.org\/{rel}","templated":true}]}}