{"id":6007,"date":"2024-09-08T14:07:02","date_gmt":"2024-09-08T12:07:02","guid":{"rendered":"https:\/\/vetomshop.hu\/?page_id=6007"},"modified":"2024-09-16T19:32:12","modified_gmt":"2024-09-16T17:32:12","slug":"akcios-ajanlat","status":"publish","type":"page","link":"https:\/\/vetomshop.hu\/lb\/akcios-ajanlat\/","title":{"rendered":"Spezialoffer"},"content":{"rendered":"<div class=\"wpb-content-wrapper\">\n<div  data-mk-stretch-content=\"true\" class=\"wpb_row vc_row vc_row-fluid jupiter-donut- mk-fullwidth-false  attched-false     js-master-row  mk-grid\">\n\t\t\t\t\n<div class=\"vc_col-sm-12 wpb_column column_container  jupiter-donut- _ jupiter-donut-height-full\">\n\t\t<div class=\"vc_custom_1726507905827\">\n\n<div id=\"text-block-2\" class=\"mk-text-block  jupiter-donut-\">\n\n\t\n\t<h2 style=\"text-align: center; font-size: 1.2em;\"><strong>Gudden Dag, l\u00e9if Clienten!<\/strong><\/h2>\n<p><img loading=\"lazy\" decoding=\"async\" class=\"alignright wp-image-6014\" src=\"https:\/\/vetomshop.hu\/wp-content\/uploads\/2024\/09\/vetom_hands-op.png\" alt=\"\" width=\"447\" height=\"238\" srcset=\"https:\/\/vetomshop.hu\/wp-content\/uploads\/2024\/09\/vetom_hands-op.png 425w, https:\/\/vetomshop.hu\/wp-content\/uploads\/2024\/09\/vetom_hands-op-300x160.png 300w\" sizes=\"auto, (max-width: 447px) 100vw, 447px\" \/><\/p>\n<p style=\"font-size: 0.9em;\">Benotzererfarunge vu Produkter, d\u00e9i op eiser Webs\u00e4it verkaaft ginn, spillen eng wichteg Roll bei der Entscheedung iwwer Online-Kaaf.<\/p>\n<p style=\"font-size: 0.9em;\">Produktbew\u00e4ertungen an Erfarungen h\u00ebllefen potenziellen Keefer, d\u00e9i Zweifel un der Qualit\u00e9it vu Vetom Probiotika an eisen anere Produkter hunn, inform\u00e9iert Entscheedungen iwwer Produkter ze treffen.<\/p>\n<p style=\"font-size: 0.9em;\">Sou k\u00ebnne mir zesumme mat Iech aneren h\u00ebllefen.<\/p>\n<p style=\"font-size: 0.9em; color: green;\">Dofir, fir all Bestellung, Produkt, Versandk\u00e4schten <strong>-10%-Typ<\/strong> Mir ginn ab haut e Rabatt, deen 10 Deeg g\u00eblteg ass, fir jiddereen, deen seng Meenung op eiser Webs\u00e4it deelt. <strong>2024.09.16<\/strong>.<\/p>\n<p style=\"font-size: 0.9em; color: green;\">D&#039;Verkeefer vu Viesn <strong>Eis Partner<\/strong> si k\u00ebnnen net ausgeschloss ginn, dofir si se <strong>-5%-Typ<\/strong> Mir bidden Rabatter op Grousshandelspr\u00e4isser.<\/p>\n<p style=\"font-size: 1em;\"><strong>Fir vum Rabatt ze profit\u00e9ieren, befollegt w.e.g. d\u00e9i folgend Schr\u00ebtt:<\/strong><\/p>\n<ol>\n<li>Um Enn vun der S\u00e4it klickt Dir op de Vetom Produkt, deen Dir scho kaaft hutt (bei eis oder engem anere Buttek) a sot eppes doriwwer: \u00c4r Meenung, Erfahrung;<\/li>\n<li>Gitt op d&#039;Produkts\u00e4it a gitt Feedback zu de Funktiounen, der Effizienz, den Empfehlungen, etc. vum Produkt;<\/li>\n<li>Bestellt e Produkt aus der Vetom Produktlinn a schreift &quot;Bew\u00e4ertung -10%&quot; an den Bestellungsnotizen.<br \/>\n<img loading=\"lazy\" decoding=\"async\" class=\"alignnone wp-image-6066\" src=\"https:\/\/vetomshop.hu\/wp-content\/uploads\/2024\/09\/00.png\" alt=\"\" width=\"894\" height=\"749\" srcset=\"https:\/\/vetomshop.hu\/wp-content\/uploads\/2024\/09\/00.png 1055w, https:\/\/vetomshop.hu\/wp-content\/uploads\/2024\/09\/00-300x251.png 300w, https:\/\/vetomshop.hu\/wp-content\/uploads\/2024\/09\/00-1024x858.png 1024w, https:\/\/vetomshop.hu\/wp-content\/uploads\/2024\/09\/00-768x644.png 768w, https:\/\/vetomshop.hu\/wp-content\/uploads\/2024\/09\/00-600x503.png 600w\" sizes=\"auto, (max-width: 894px) 100vw, 894px\" \/><\/li>\n<li>Bei der Veraarbechtung vun \u00c4rer Bestellung ber\u00e9cksiichtege mir den 10% Rabatt op Produkter, d\u00e9i bei eis kaaft goufen: souwuel um kaafte Produkt w\u00e9i och um Versand.<\/li>\n<\/ol>\n<p style=\"font-size: 0.9em;\">D&#039;Promotioun endet den 26.09.2024 um 23:59 Auer (mir froen net no Adress, Telefonsnummer oder aner pers\u00e9inlech Donn\u00e9e\u00ebn).<\/p>\n\n\t<div class=\"clearboth\"><\/div>\n<\/div>\n\n\t<\/div>\n<\/div>\n\t<\/div>\n\n<div  data-mk-stretch-content=\"true\" class=\"wpb_row vc_row vc_row-fluid jupiter-donut- mk-fullwidth-false  attched-false    vc_custom_1725805942210  js-master-row  mk-grid\">\n\t\t\t\t\n<div class=\"vc_col-sm-3 wpb_column column_container  jupiter-donut- _ jupiter-donut-height-full\">\n\t<div  class=\"mk-image mk-image-4 jupiter-donut-  mk-image-lazyload align-left rounded-frame inside-image\" style=\"margin-bottom:0px\"><div class=\"mk-image-container\" style=\"max-width: 300px;\"><div  class=\"mk-image-holder\" style=\"max-width: 300px;\"><div class=\"mk-image-inner\"><a href=\"https:\/\/vetomshop.hu\/lb\/product\/vetom1-1-etrend-kiegeszito\/\" target=\"_self\" class=\"mk-image-link\"><img loading=\"lazy\" decoding=\"async\" class=\"lightbox-false\" alt=\"vetom-1-1-kapsuly-50\" title=\"vetom-1-1-Kapsel-50\" width=\"300\" height=\"298\" src=\"https:\/\/vetomshop.hu\/wp-content\/uploads\/2016\/09\/vetom-1-1-kapsuly-50-300x298.jpg\" \/><\/a><\/div><\/div><div class=\"clearboth\"><\/div><\/div><\/div><\/div>\n\n<div class=\"vc_col-sm-3 wpb_column column_container  jupiter-donut- _ jupiter-donut-height-full\">\n\t<div  class=\"mk-image mk-image-6 jupiter-donut-  mk-image-lazyload align-left rounded-frame inside-image\" style=\"margin-bottom:0px\"><div class=\"mk-image-container\" style=\"max-width: 300px;\"><div  class=\"mk-image-holder\" style=\"max-width: 300px;\"><div class=\"mk-image-inner\"><a href=\"https:\/\/vetomshop.hu\/lb\/product\/vetom-2-etrend-kiegeszito\/\" target=\"_self\" class=\"mk-image-link\"><img loading=\"lazy\" decoding=\"async\" class=\"lightbox-false\" alt=\"vetom_caps_2\" title=\"vetom_caps_2\" width=\"300\" height=\"300\" src=\"https:\/\/vetomshop.hu\/wp-content\/uploads\/2019\/11\/vetom_caps_2-300x300.jpg\" \/><\/a><\/div><\/div><div class=\"clearboth\"><\/div><\/div><\/div><\/div>\n\n<div class=\"vc_col-sm-3 wpb_column column_container  jupiter-donut- _ jupiter-donut-height-full\">\n\t<div  class=\"mk-image mk-image-8 jupiter-donut-  mk-image-lazyload align-left rounded-frame inside-image\" style=\"margin-bottom:0px\"><div class=\"mk-image-container\" style=\"max-width: 300px;\"><div  class=\"mk-image-holder\" style=\"max-width: 300px;\"><div class=\"mk-image-inner\"><a href=\"https:\/\/vetomshop.hu\/lb\/product\/vetom-3-etrend-kiegeszito\/\" target=\"_self\" class=\"mk-image-link\"><img loading=\"lazy\" decoding=\"async\" class=\"lightbox-false\" alt=\"vetom_caps_3\" title=\"vetom_caps_3\" width=\"300\" height=\"300\" src=\"https:\/\/vetomshop.hu\/wp-content\/uploads\/2019\/11\/vetom_caps_3-300x300.jpg\" \/><\/a><\/div><\/div><div class=\"clearboth\"><\/div><\/div><\/div><\/div>\n\n<div class=\"vc_col-sm-3 wpb_column column_container  jupiter-donut- _ jupiter-donut-height-full\">\n\t<div  class=\"mk-image mk-image-10 jupiter-donut-  mk-image-lazyload align-left rounded-frame inside-image\" style=\"margin-bottom:0px\"><div class=\"mk-image-container\" style=\"max-width: 300px;\"><div  class=\"mk-image-holder\" style=\"max-width: 300px;\"><div class=\"mk-image-inner\"><a href=\"https:\/\/vetomshop.hu\/lb\/product\/vetom-4-etrend-kiegeszito\/\" target=\"_self\" class=\"mk-image-link\"><img loading=\"lazy\" decoding=\"async\" class=\"lightbox-false\" alt=\"Vetom 4 probiotikum kapszula 50 szem\" title=\"Ech kafen mir Kappen 4\" width=\"300\" height=\"300\" src=\"https:\/\/vetomshop.hu\/wp-content\/uploads\/2019\/11\/vetom_caps_4-300x300.jpg\" \/><\/a><\/div><\/div><div class=\"clearboth\"><\/div><\/div><\/div><\/div>\n\t<\/div>\n\n<div  data-mk-stretch-content=\"true\" class=\"wpb_row vc_row vc_row-fluid jupiter-donut- mk-fullwidth-false  attched-false    vc_custom_1725805947363  js-master-row  mk-grid\">\n\t\t\t\t\n<div class=\"vc_col-sm-3 wpb_column column_container  jupiter-donut- _ jupiter-donut-height-full\">\n\t<div  class=\"mk-image mk-image-12 jupiter-donut-  mk-image-lazyload align-left rounded-frame inside-image\" style=\"margin-bottom:0px\"><div class=\"mk-image-container\" style=\"max-width: 300px;\"><div  class=\"mk-image-holder\" style=\"max-width: 300px;\"><div class=\"mk-image-inner\"><a href=\"https:\/\/vetomshop.hu\/lb\/product\/vetom-1-23-probiotikum-csepp\/\" target=\"_self\" class=\"mk-image-link\"><img loading=\"lazy\" decoding=\"async\" class=\"lightbox-false\" alt=\"1-2\" title=\"1-2\" width=\"300\" height=\"297\" src=\"https:\/\/vetomshop.hu\/wp-content\/uploads\/2019\/11\/1-2-300x297.jpg\" \/><\/a><\/div><\/div><div class=\"clearboth\"><\/div><\/div><\/div><\/div>\n\n<div class=\"vc_col-sm-3 wpb_column column_container  jupiter-donut- _ jupiter-donut-height-full\">\n\t<div  class=\"mk-image mk-image-14 jupiter-donut-  mk-image-lazyload align-left rounded-frame inside-image\" style=\"margin-bottom:0px\"><div class=\"mk-image-container\" style=\"max-width: 300px;\"><div  class=\"mk-image-holder\" style=\"max-width: 300px;\"><div class=\"mk-image-inner\"><a href=\"https:\/\/vetomshop.hu\/lb\/product\/vetom-2-25-probiotikum-10-ml-csepp\/\" target=\"_self\" class=\"mk-image-link\"><img loading=\"lazy\" decoding=\"async\" class=\"lightbox-false\" alt=\"2_25_drop\" title=\"2_25_Drop\" width=\"300\" height=\"297\" src=\"https:\/\/vetomshop.hu\/wp-content\/uploads\/2020\/10\/2_25_drop-300x297.jpg\" \/><\/a><\/div><\/div><div class=\"clearboth\"><\/div><\/div><\/div><\/div>\n\n<div class=\"vc_col-sm-3 wpb_column column_container  jupiter-donut- _ jupiter-donut-height-full\">\n\t<div  class=\"mk-image mk-image-16 jupiter-donut-  mk-image-lazyload align-left rounded-frame inside-image\" style=\"margin-bottom:0px\"><div class=\"mk-image-container\" style=\"max-width: 300px;\"><div  class=\"mk-image-holder\" style=\"max-width: 300px;\"><div class=\"mk-image-inner\"><a href=\"https:\/\/vetomshop.hu\/lb\/product\/vetom-2-26-probiotikum-10-ml-csepp\/\" target=\"_self\" class=\"mk-image-link\"><img loading=\"lazy\" decoding=\"async\" class=\"lightbox-false\" alt=\"22-6\" title=\"22-6\" width=\"300\" height=\"297\" src=\"https:\/\/vetomshop.hu\/wp-content\/uploads\/2019\/11\/22-6-300x297.jpg\" \/><\/a><\/div><\/div><div class=\"clearboth\"><\/div><\/div><\/div><\/div>\n\n<div class=\"vc_col-sm-3 wpb_column column_container  jupiter-donut- _ jupiter-donut-height-full\">\n\t<div  class=\"mk-image mk-image-18 jupiter-donut-  mk-image-lazyload align-left rounded-frame inside-image\" style=\"margin-bottom:0px\"><div class=\"mk-image-container\" style=\"max-width: 300px;\"><div  class=\"mk-image-holder\" style=\"max-width: 300px;\"><div class=\"mk-image-inner\"><a href=\"https:\/\/vetomshop.hu\/lb\/product\/vetom-3-22-probiotikum-csepp\/\" target=\"_self\" class=\"mk-image-link\"><img loading=\"lazy\" decoding=\"async\" class=\"lightbox-false\" alt=\"3-2-2\" title=\"3-2-2\" width=\"300\" height=\"297\" src=\"https:\/\/vetomshop.hu\/wp-content\/uploads\/2019\/11\/3-2-2-300x297.jpg\" \/><\/a><\/div><\/div><div class=\"clearboth\"><\/div><\/div><\/div><\/div>\n\t<\/div>\n\n<div  data-mk-stretch-content=\"true\" class=\"wpb_row vc_row vc_row-fluid jupiter-donut- mk-fullwidth-false  attched-false    vc_custom_1725805954200  js-master-row  mk-grid\">\n\t\t\t\t\n<div class=\"vc_col-sm-3 wpb_column column_container  jupiter-donut- _ jupiter-donut-height-full\">\n\t<div  class=\"mk-image mk-image-20 jupiter-donut-  mk-image-lazyload align-left rounded-frame inside-image\" style=\"margin-bottom:0px\"><div class=\"mk-image-container\" style=\"max-width: 300px;\"><div  class=\"mk-image-holder\" style=\"max-width: 300px;\"><div class=\"mk-image-inner\"><a href=\"https:\/\/vetomshop.hu\/lb\/product\/vetom-4-24-probiotikum-csepp\/\" target=\"_self\" class=\"mk-image-link\"><img loading=\"lazy\" decoding=\"async\" class=\"lightbox-false\" alt=\"4.2\" title=\"4.2\" width=\"300\" height=\"297\" src=\"https:\/\/vetomshop.hu\/wp-content\/uploads\/2019\/11\/4.2-300x297.jpg\" \/><\/a><\/div><\/div><div class=\"clearboth\"><\/div><\/div><\/div><\/div>\n\n<div class=\"vc_col-sm-3 wpb_column column_container  jupiter-donut- _ jupiter-donut-height-full\">\n\t<div  class=\"mk-image mk-image-22 jupiter-donut-  mk-image-lazyload align-left rounded-frame inside-image\" style=\"margin-bottom:0px\"><div class=\"mk-image-container\" style=\"max-width: 300px;\"><div  class=\"mk-image-holder\" style=\"max-width: 300px;\"><div class=\"mk-image-inner\"><a href=\"https:\/\/vetomshop.hu\/lb\/product\/vetom-1-1-probiotikum-por-500-g-etrend-kiegeszito\/\" target=\"_self\" class=\"mk-image-link\"><img loading=\"lazy\" decoding=\"async\" class=\"lightbox-false\" alt=\"vetom_1_por\" title=\"Som_1_Pulver\" width=\"300\" height=\"300\" src=\"https:\/\/vetomshop.hu\/wp-content\/uploads\/2024\/06\/vetom_1_por-300x300.jpg\" \/><\/a><\/div><\/div><div class=\"clearboth\"><\/div><\/div><\/div><\/div>\n\n<div class=\"vc_col-sm-3 wpb_column column_container  jupiter-donut- _ jupiter-donut-height-full\">\n\t<div  class=\"mk-image mk-image-24 jupiter-donut-  mk-image-lazyload align-left rounded-frame inside-image\" style=\"margin-bottom:0px\"><div class=\"mk-image-container\" style=\"max-width: 300px;\"><div  class=\"mk-image-holder\" style=\"max-width: 300px;\"><div class=\"mk-image-inner\"><a href=\"https:\/\/vetomshop.hu\/lb\/product\/komarov-por-etrend-kiegeszito-40-tasak\/\" target=\"_self\" class=\"mk-image-link\"><img loading=\"lazy\" decoding=\"async\" class=\"lightbox-false\" alt=\"komarov-por\" title=\"Moustiquepulver\" width=\"300\" height=\"300\" src=\"https:\/\/vetomshop.hu\/wp-content\/uploads\/2023\/08\/komarov-por-300x300.jpg\" \/><\/a><\/div><\/div><div class=\"clearboth\"><\/div><\/div><\/div><\/div>\n\n<div class=\"vc_col-sm-3 wpb_column column_container  jupiter-donut- _ jupiter-donut-height-full\">\n\t<div  class=\"mk-image mk-image-26 jupiter-donut-  mk-image-lazyload align-left rounded-frame inside-image\" style=\"margin-bottom:0px\"><div class=\"mk-image-container\" style=\"max-width: 300px;\"><div  class=\"mk-image-holder\" style=\"max-width: 300px;\"><div class=\"mk-image-inner\"><a href=\"https:\/\/vetomshop.hu\/lb\/product\/vetomgin-8-21\/\" target=\"_self\" class=\"mk-image-link\"><img loading=\"lazy\" decoding=\"async\" class=\"lightbox-false\" alt=\"vetomgin\" title=\"Vetomgin\" width=\"300\" height=\"300\" src=\"https:\/\/vetomshop.hu\/wp-content\/uploads\/2020\/10\/vetomgin-300x300.jpg\" \/><\/a><\/div><\/div><div class=\"clearboth\"><\/div><\/div><\/div><\/div>\n\t<\/div>\n\n<div  data-mk-stretch-content=\"true\" class=\"wpb_row vc_row vc_row-fluid jupiter-donut- mk-fullwidth-false  attched-false    vc_custom_1725805341644  js-master-row  mk-grid\">\n\t\t\t\t\n<div class=\"vc_col-sm-12 wpb_column column_container  jupiter-donut- _ jupiter-donut-height-full\">\n\t\t<div class=\"vc_custom_1725805308003\">\n\n<div id=\"text-block-28\" class=\"mk-text-block  jupiter-donut-\">\n\n\t\n\t<p style=\"font-size: 1em;\"><strong>Mat Dank a Respekt, Tam\u00e1s Pap, CEO<\/strong><\/p>\n<p style=\"font-size: 1.1em;\"><a href=\"https:\/\/probiotikum-magyarorszag.hu\" target=\"_blank\" rel=\"noopener noreferrer nofollow\">Probiotesch Ungarn<\/a> \u00a0\u00a0 \u00a0\u00a0<a href=\"https:\/\/vetom-magyarorszag.hu\" target=\"_blank\" rel=\"noopener noreferrer nofollow\">Ech sinn e Vetom-Ungarer<\/a> \u00a0 \u00a0\u00a0 \u00a0<a href=\"https:\/\/vetomshop.hu\/lb\/\">Vetomshop<\/a>\u00a0 \u00a0 \u00a0 \u00a0<a href=\"https:\/\/www.facebook.com\/Vetomshop.hu\" target=\"_blank\" rel=\"noopener noreferrer nofollow\">Ech ginn op Facebook.<\/a><\/p>\n\n\t<div class=\"clearboth\"><\/div>\n<\/div>\n\n\t<\/div>\n<\/div>\n\t<\/div>\n\n<\/div>","protected":false},"excerpt":{"rendered":"Sz\u00e9p napot kedves v\u00e1s\u00e1rl\u00f3ink! A weboldalunkon \u00e9rt\u00e9kes\u00edtett term\u00e9kek felhaszn\u00e1l\u00f3i tapasztalatok fontos szerepet j\u00e1tszanak az online v\u00e1s\u00e1rl\u00e1si d\u00f6nt\u00e9sek meghozatal\u00e1ban. A term\u00e9kekkel kapcsolatos v\u00e9lem\u00e9nyek \u00e9s tapasztalatok seg\u00edtenek a potenci\u00e1lis v\u00e1s\u00e1rl\u00f3knak abban, hogy d\u00f6nt\u00e9st hozzanak a term\u00e9kekkel kapcsolatban, akik k\u00e9telkednek a Vetom probiotikum \u00e9s egy\u00e9b term\u00e9keink min\u0151s\u00e9g\u00e9ben. \u00cdgy, \u2013 \u00d6n\u00f6kkel egy\u00fctt seg\u00edthet\u00fcnk m\u00e1soknak. Ez\u00e9rt minden leadott rendel\u00e9sre, term\u00e9kre, [...]","protected":false},"author":104,"featured_media":0,"parent":0,"menu_order":0,"comment_status":"closed","ping_status":"closed","template":"","meta":{"footnotes":""},"class_list":["post-6007","page","type-page","status-publish","hentry"],"_links":{"self":[{"href":"https:\/\/vetomshop.hu\/lb\/wp-json\/wp\/v2\/pages\/6007","targetHints":{"allow":["GET"]}}],"collection":[{"href":"https:\/\/vetomshop.hu\/lb\/wp-json\/wp\/v2\/pages"}],"about":[{"href":"https:\/\/vetomshop.hu\/lb\/wp-json\/wp\/v2\/types\/page"}],"author":[{"embeddable":true,"href":"https:\/\/vetomshop.hu\/lb\/wp-json\/wp\/v2\/users\/104"}],"replies":[{"embeddable":true,"href":"https:\/\/vetomshop.hu\/lb\/wp-json\/wp\/v2\/comments?post=6007"}],"version-history":[{"count":0,"href":"https:\/\/vetomshop.hu\/lb\/wp-json\/wp\/v2\/pages\/6007\/revisions"}],"wp:attachment":[{"href":"https:\/\/vetomshop.hu\/lb\/wp-json\/wp\/v2\/media?parent=6007"}],"curies":[{"name":"wp","href":"https:\/\/api.w.org\/{rel}","templated":true}]}}