{"id":225,"date":"2016-09-02T11:41:41","date_gmt":"2016-09-02T09:41:41","guid":{"rendered":"https:\/\/demos.artbees.net\/jupiter\/herse\/?post_type=product&#038;p=225"},"modified":"2026-04-12T08:29:44","modified_gmt":"2026-04-12T06:29:44","slug":"vetom1-1-etrend-kiegeszito","status":"publish","type":"product","link":"https:\/\/vetomshop.hu\/lb\/product\/vetom1-1-etrend-kiegeszito\/","title":{"rendered":"Probiotesch Vetom <span style=\"color:red\">1.1<\/span><br> Kapsel <span style=\"color:red\">50 K\u00e4ren<\/span> (Nahrungserg\u00e4nzungsmittel)"},"content":{"rendered":"<h2>Vetom 1.1 probiotesch Kapselen, 50 Kapselen (Liewensm\u00ebttelzousaz)<\/h2>\n<p>Prinzipiell k\u00ebnnen VETOM-Probiotika fir all Krankheet agesat ginn, well si g\u00ebeegent sinn, eescht Problemer ze l\u00e9isen \u2013 d'Mikroflora er\u00ebm opzebauen an d'Aktivit\u00e9it vum Immunsystem ze optim\u00e9ieren.<\/p>\n<p>Vetom 1.1 verdankt seng virdeelhaft Effekter de *Bacillus subtilis*-Bakterien, d\u00e9i et enth\u00e4lt. D\u00ebs virdeelhaft Bakterien vermehren sech am Duerndarm a produz\u00e9ieren verschidde Enzymen an biologesch aktiv Substanzen, d\u00e9i:<\/p>\n<p>hemmen d'Wuesstem vu schiedleche Bakterien a Pilzen,<br \/>\nh\u00eblleft Proteinen, St\u00e4erz an Planzefaseren opzebr\u00e9ngen,<br \/>\n* \u00ebnnerst\u00ebtzt d'Immunsystem,<br \/>\nh\u00eblleft dem Kierper sech ze entg\u00ebften,<br \/>\n* d'Opnam vun N\u00e4hrstoffer verbesseren.<\/p>\n<h2>Regelm\u00e9isseg Benotzung vum Produkt:<\/h2>\n<p>* stellt d'gesond Gl\u00e4ichgewiicht vun der Darmflora er\u00ebm,<br \/>\nverbessert d'Verdauung,<br \/>\nliichtert allergesch Symptomer,<br \/>\n* \u00ebnnerst\u00ebtzt d'Regeneratioun vum Gewebe an d'Entfernung vu kranken Zellen,<br \/>\n* verst\u00e4erkt d'Wierkungen vun anere Medikamenter, w\u00e4hrend et hir Niewewierkungen reduz\u00e9iert.<br \/>\n* Sch\u00fctzt de Kierper op zellularem Niveau a h\u00eblleft, d'Entw\u00e9cklung vu Tumoren ze verh\u00ebnneren<\/p>\n<h2>Funktiounen:<\/h2>\n<p>* antibakteriellen an antimykoteschen Effekt<br \/>\n* antiviral, immunst\u00e4erkend, antitumoral<br \/>\nVerursaacht keng Niewewierkungen<br \/>\n* Et entw\u00e9ckelt sech keng Ofh\u00e4ngegkeet.<br \/>\n* Kann net iwwerdos\u00e9iert ginn<\/p>\n<h2>Uwendung:<\/h2>\n<p>Vetom 1.1 g\u00ebtt recommand\u00e9iert fir de Zoustand vum Magen an den Duermen ze verbesseren an d'Balance vun der Darmflora er\u00ebmzestellen.<\/p>\n<h2>Dos\u00e9ierung:<\/h2>\n<p>Huelt 1 Kapsel 2\u20133 Mol den Dag fir 10 Deeg, virum, w\u00e4rend oder nom Iessen, mat enger klenger Quantit\u00e9it Fl\u00ebssegkeet (Waasser, T\u00e9i oder Uebstjus). Observ\u00e9iert d'Reaktiounen vun \u00e4rem Kierper w\u00e4rend der Eeinnahm vum Nahrungserg\u00e4nzungsm\u00ebttel a erh\u00e9icht bei Bedarf lues a lues d'Dosis op 5\u201310 Kapselen pro Dag.<\/p>\n<p>D'Behandlung kann no enger Paus vun 1\u20132 Wochen zu all Moment widderholl ginn. Et g\u00ebtt recommand\u00e9iert, vun Z\u00e4it zu Z\u00e4it mat anere Zorten vu Vetom-Produkter ofzewiesselen, fir de ganzen Kierper z'\u00ebnnerst\u00ebtzen.<\/p>\n<h2>Kontraindikatiounen:<\/h2>\n<p>* Iwwersensibilit\u00e9it g\u00e9int e Bestanddeel vun der Zubereedung<br \/>\nBenotzt net a Kombinatioun mat Antibiotika oder anere Probiotika.<br \/>\nW\u00e4rend der Schwangerschaft a beim Stillen n\u00ebmmen mat medezinescher Erlaabnis.<\/p>\n<h2>Aner Informatiounen:<\/h2>\n<p>Beaflosst net d'Fuere oder d'Bedreiwung vu gef\u00e9ierleche Maschinnen.<br \/>\nLagerung: an engem dr\u00e9che, kille Plaz (max. 30 \u00b0C), ausser Reechw\u00e4it vu Kanner<br \/>\nGarantie: 2 Joer vum Fabrikatiounsdatum un<br \/>\nVerpackung: 10 Kapselen an Blisterverpackungen, 5 Packungen an enger K\u00ebscht (insgesamt 50 Kapselen)<\/p>\n<h2>Zesummesetzung pro Kapsel:<\/h2>\n<p>Mais-Extrakt: 133 mg<br \/>\n* Kartoffelst\u00e4rz: 100 mg<br \/>\nPuderzocker: 67 mg<br \/>\n* Bakterieller Stamm Bacillus subtilis: 0,03 mg<\/p>\n<p>Alternativ \u00c4quivalent a Fallform: Vetom 1.23 (10 ml)<\/p>\n<p>Ursprongsort: <strong>Russland<\/strong><\/p>","protected":false},"excerpt":{"rendered":"<h5>Ech w\u00e4ert s\u00e4en. <span style=\"color: red;\">1.1<\/span> Probiotesch Kapselen, 50 Kapselen (Liewensm\u00ebttelzousaz)<\/h5>\n<p>Seng virdeelhaft Effekter sinn w\u00e9inst der Wierkung vun de Bacillus subtilis-Virdeelbakterien, d\u00e9i haapts\u00e4chlech am D\u00e9ckdarm sech vermehren a produz\u00e9ieren:<\/p>\n<ul class=\"vetom-list\">\n<li>proteolytesch, amylytesch, cellulolytesch Enzymen;<\/li>\n<li>a-2 Interferon m\u00ebnschlech Leukozyten;<\/li>\n<li>Bacitracin mg, d\u00e9i d'Wuesstem an d'Entw\u00e9cklung vu pathogene an konditionell pathogene Mikroflora hemmen;<\/li>\n<li>an aner biologesch aktiv Substanzen.<\/li>\n<\/ul>\n<div class=\"plashka\">Als Konsequenz kehrt d'bakteriell Zesummesetzung vum Darminhalt op e normale Niveau zr\u00e9ck, d'Darmw\u00e4nn ginn vun onverdauten Reschter gereinegt, wat zur aktiver Entgiftung vum Kierper an zum onbeh\u00ebnnerten Transport vu biologesch aktive N\u00e4hrstoffer b\u00e4idr\u00e9it.<\/div>\n<p>A <strong>Ech w\u00e4ert s\u00e4en. <span style=\"color: red;\">1.1<\/span><\/strong> \u00cbnner sengem Afloss normalis\u00e9ieren de Metabolismus, d'Verdauung an d'Absorptioun vun biologesch aktive Liewensm\u00ebttelbestanddeeler am Verdauungstrakt.<\/p>\n<p>A <strong>Ech w\u00e4ert s\u00e4en. <span style=\"color: red;\">1.1<\/span><\/strong> Erh\u00e9icht d'Effektivit\u00e9it vun de Medikamenter a reduz\u00e9iert hir negativ Niewewierkungen um m\u00ebnschleche Kierper.<\/p>\n<div class=\"plashka\"><strong>Pharmakologesch Wierkung:<\/strong> immunmodul\u00e9ierend, antitumoral, antiviral, antiproliferativ, bakterizid, fungizid, anti-chlamydial.<\/div>\n<h5>Eegeschaften:<\/h5>\n<ul class=\"vetom-list\">\n<li>Et huet eng h\u00e9ich antagonistesch Aktivit\u00e9it g\u00e9int pathogenesch a bed\u00e9ngt pathogenesch Pilzen a Bakterien a weist antiviral, proteolytesch, amylolytesch a cellulolytesch Eegeschaften.<\/li>\n<li>Stimul\u00e9iert zellul\u00e4r a humoral Faktoren vun der Immunit\u00e9it.<\/li>\n<li>Erh\u00e9icht d'kierperlech onspezifesch Resistenz<\/li>\n<li>stabilis\u00e9iert allergesch Resistenz<\/li>\n<li>normalis\u00e9iert de Stoffwiessel<\/li>\n<li>Stimul\u00e9iert d'Regeneratiounsprozesser, attack\u00e9iert a zerst\u00e9iert kanzer\u00f6s a kranke Zellen.<\/li>\n<\/ul>","protected":false},"featured_media":6597,"comment_status":"open","ping_status":"closed","template":"","meta":[],"product_brand":[],"product_cat":[22],"product_tag":[],"class_list":{"0":"post-225","1":"product","2":"type-product","3":"status-publish","4":"has-post-thumbnail","6":"product_cat-vetom-probiotikumok","8":"first","9":"instock","10":"featured","11":"taxable","12":"shipping-taxable","13":"purchasable","14":"product-type-simple"},"_links":{"self":[{"href":"https:\/\/vetomshop.hu\/lb\/wp-json\/wp\/v2\/product\/225","targetHints":{"allow":["GET"]}}],"collection":[{"href":"https:\/\/vetomshop.hu\/lb\/wp-json\/wp\/v2\/product"}],"about":[{"href":"https:\/\/vetomshop.hu\/lb\/wp-json\/wp\/v2\/types\/product"}],"replies":[{"embeddable":true,"href":"https:\/\/vetomshop.hu\/lb\/wp-json\/wp\/v2\/comments?post=225"}],"wp:featuredmedia":[{"embeddable":true,"href":"https:\/\/vetomshop.hu\/lb\/wp-json\/wp\/v2\/media\/6597"}],"wp:attachment":[{"href":"https:\/\/vetomshop.hu\/lb\/wp-json\/wp\/v2\/media?parent=225"}],"wp:term":[{"taxonomy":"product_brand","embeddable":true,"href":"https:\/\/vetomshop.hu\/lb\/wp-json\/wp\/v2\/product_brand?post=225"},{"taxonomy":"product_cat","embeddable":true,"href":"https:\/\/vetomshop.hu\/lb\/wp-json\/wp\/v2\/product_cat?post=225"},{"taxonomy":"product_tag","embeddable":true,"href":"https:\/\/vetomshop.hu\/lb\/wp-json\/wp\/v2\/product_tag?post=225"}],"curies":[{"name":"wp","href":"https:\/\/api.w.org\/{rel}","templated":true}]}}