{"id":2478,"date":"2020-10-20T18:54:23","date_gmt":"2020-10-20T16:54:23","guid":{"rendered":"https:\/\/vetomshop.hu\/?post_type=product&#038;p=2478"},"modified":"2026-04-12T08:28:28","modified_gmt":"2026-04-12T06:28:28","slug":"vetom-2-25-probiotikum-10-ml-csepp","status":"publish","type":"product","link":"https:\/\/vetomshop.hu\/lb\/product\/vetom-2-25-probiotikum-10-ml-csepp\/","title":{"rendered":"Probiotesch Vetom <span style=\"color: red\">2.25<\/span><br>falen <span style=\"color: red\">10 ml<\/span> (Nahrungserg\u00e4nzungsmittel)"},"content":{"rendered":"<h3>Vetom 2.25 probiotesch Dr\u00ebpsen 10 ml (Liewensm\u00ebttelzousaz)<\/h3>\n<p>Zwee St\u00e4mm vun de Bakterien Bacillus amyloliquefaciens (VKPM B-10642 an B-10643)<\/p>\n<p>Vetom 2.25 ass e natierlecht fl\u00ebssegt Probiotikum, entw\u00e9ckelt fir d'Duerndarmflora er\u00ebm opzebauen, d'Verdauungsgesondheet z'\u00ebnnerst\u00ebtzen an d'allgemeng Verdeedegung vum Kierper ze st\u00e4erken. Seng aussergew\u00e9inlech Effektivit\u00e9it bas\u00e9iert op deenen zwee St\u00e4mm vun *Bacillus amyloliquefaciens* Bakterien, d\u00e9i et enth\u00e4lt.<\/p>\n<h2>Haaptwirkungen a Virdeeler:<\/h2>\n<p>*antibakteriell, antiviral, antifungal a anti-Chlamydia-Effekter<br \/>\n\u00cbnnerst\u00ebtzt d'Funktioun vum Duerch- an D\u00ebnndarm a stellt d'normal Darmflora er\u00ebm.<br \/>\n\u00cbnnerst\u00ebtzt d'Immunsystem, souwuel op zellul\u00e4rem Niveau w\u00e9i och wat d'allgemeng Verteidegung ugeet<br \/>\nNormaliseiert de Metabolismus, besonnesch d'Waasser-Salz-Balance<br \/>\n*Huet eng entgiftungend Wierkung, h\u00eblleft, Zersetzungs-prozesser am darm ze elimin\u00e9ieren<br \/>\nReduz\u00e9iert onangeneem Mondgeroch an d'Symptomer, d\u00e9i mam Schw\u00ebtzen verbonnen sinn<br \/>\nKann als Nahrungserg\u00e4nzungsm\u00ebttel fir verschidde Zoust\u00e4nn benotzt ginn, z. B. Liewerkrankheet, Darmentz\u00fcndung, Magengeschw\u00e9ier, chronesch Hepatitis.<br \/>\nM\u00ebnschlecht Leukozyten-Interferon sch\u00fctzt de Kierper virun virale Infektiounen.<br \/>\nVerursaacht keng Ofh\u00e4ngegkeet, Iwwerdosis oder Niewewierkungen<br \/>\nG\u00ebeegent fir b\u00e9id Kanner a Grouss<\/p>\n<h2>W\u00e9ini g\u00ebtt s\u00e4i Gebrauch recommand\u00e9iert?<\/h2>\n<p>*No enger Antibiotikabehandlung, fir d'Duermflora ze regener\u00e9ieren<br \/>\nAls Zousaz zur Therapie bei Kriibs<br \/>\n*Fir Verdauungsst\u00e9ierungen, Duerchfall, Verstopfung, Magenbeschwerden<br \/>\nBei Immunschw\u00e4chtzoust\u00e4nn<br \/>\nAm Fall vun engem onangenehmen Kierpergeroch oder Otemgeroch<br \/>\nFir d'Zousatzbehandlung vun Nierensteiner, Liewerkrankheeten an Magen-Darm-Problemer<\/p>\n<h2>\nEmpfohlene Dosis:<\/h2>\n<p>Fir gesond Erwuessener a Kanner: Et g\u00ebtt recommand\u00e9iert, an deenen \u00e9ischten e puer Deeg 2 Dr\u00ebpsen ze benotzen, duerno d'Dos\u00e9ierung lues a lues op 4\u20136 Dr\u00ebpsen ze erh\u00e9ijen. Observ\u00e9iert d'Reaktiounen vun \u00e4rem Kierper w\u00e4rend der Uwendung.<br \/>\n*Fir best\u00ebmmte Krankheeten: 10 Dr\u00ebpsen deeglech fir 10 Deeg<br \/>\nD'Behandlung kann no enger Paus vun 1\u20132 Wochen widderholl ginn.<br \/>\n* Et g\u00ebtt recommand\u00e9iert, et ofwiesselnd mat anere Vetom-Produkter ze benotzen (z. B. Vetom 1, 3, 4, etc.).<\/p>\n<p>Wichteg:<br \/>\nEt g\u00ebtt net recommand\u00e9iert, et zesumme mat anere oralen Probiotika oder Antibiotika ze huelen, besonnesch Sulfonamide an antineoplastesch Agenzen.<\/p>\n<h2>Zutaten:<\/h2>\n<p>* Ferment\u00e9ierten Mais-Extrakt mat de folgenden Bakterienst\u00e4mm:<br \/>\n*Bacillus amyloliquefaciens* VKPM B-10642 (DSM 24614)<br \/>\n*Bacillus amyloliquefaciens* VKPM B-10643 (DSM 24615)<br \/>\nTr\u00e4germaterial<\/p>\n<h2>Verpackung an Ausgesinn:<\/h2>\n<p>10 ml Fl\u00ebssegkeet an enger Glas- oder Plastikfl\u00e4sch, an enger Kartongk\u00ebscht verpackt<br \/>\nFaarf: hellgiel bis d\u00e4ischterbrong<br \/>\n* Charakteristesch Geroch, liicht Sediment kann an e puer F\u00e4ll optrieden (keen Qualit\u00e9itsdefekt)<\/p>\n<p>Gewiicht: 0,02 kg<br \/>\n*Mooss: 3 \u00d7 3 \u00d7 7 cm<br \/>\n*Ursprongsplaz: <strong>Russland<\/strong><\/p>\n<h2>Lager- a Transportbed\u00e9ngungen:<\/h2>\n<p>Lagerung: 0\u201310 \u00b0C, max. 75 % relativ Fiichtegkeet<br \/>\nKann bei 10\u201330 \u00b0C bis zu 18 Deeg transport\u00e9iert ginn.<br \/>\nNom Opmaachen: am Frigo opbewehren (0\u201310 \u00b0C)<\/p>","protected":false},"excerpt":{"rendered":"<h5>Zesummesetzung:<\/h5>\n<p>Bacillus amyloliquefaciens, VKPM B-10642 <strong>(DSM 24614)<\/strong> an VKPM B- 10643 <strong>(DSM 24615)<\/strong> Bazillenst\u00e4mmen, Mais-Extrakt, mat Bakterien ferment\u00e9iert, Tr\u00e4gerstoffer.<br \/>\n<strong>Ausgesinn vun der Zubereedung: <\/strong>A <strong>Ech w\u00e4ert s\u00e4en.<\/strong> <span style=\"color: red; font-weight: 800;\">2.25<\/span> <strong>Probiotesch Dr\u00ebpsen<\/strong> Eng Fl\u00ebssegkeet mat engem spezifesche Geroch, hir Faarf geet vu hellgiel bis donkelbrong.<\/p>\n<p><strong>Verpackung:<\/strong>\u00a0 Glas- oder Plastikkaartl am Kartongk\u00ebscht.<\/p>\n<div class=\"plashka\">A <strong>Ech w\u00e4ert s\u00e4en.<\/strong> <span style=\"color: red; font-weight: 800;\">2.25<\/span> Erh\u00e9icht d'Effektivit\u00e9it vun de Medikamenter a reduz\u00e9iert hir negativ Niewewierkungen um m\u00ebnschleche Kierper.<\/div>\n<h6>Eegeschaften:<\/h6>\n<ul class=\"vetom-list\">\n<li>Stimul\u00e9iert zellul\u00e4r a humoral Faktoren vun der Immunit\u00e9it.<\/li>\n<li>Erh\u00e9icht d'kierperlech onspezifesch Resistenz<\/li>\n<li>stabilis\u00e9iert allergesch Resistenz<\/li>\n<li>normalis\u00e9iert de Stoffwiessel<\/li>\n<li>Stimul\u00e9iert d'Regeneratiounsprozesser, attack\u00e9iert a zerst\u00e9iert kanzer\u00f6s a kranke Zellen.<\/li>\n<\/ul>\n<div class=\"plashka\">Et \u00e4nnert d'Zellmembran an de Metabolismus, an verh\u00ebnnert domat d'Entw\u00e9cklung vu Kriibszellen.<\/div>","protected":false},"featured_media":6611,"comment_status":"open","ping_status":"closed","template":"","meta":[],"product_brand":[],"product_cat":[22],"product_tag":[],"class_list":{"0":"post-2478","1":"product","2":"type-product","3":"status-publish","4":"has-post-thumbnail","6":"product_cat-vetom-probiotikumok","8":"first","9":"instock","10":"featured","11":"taxable","12":"shipping-taxable","13":"purchasable","14":"product-type-simple"},"_links":{"self":[{"href":"https:\/\/vetomshop.hu\/lb\/wp-json\/wp\/v2\/product\/2478","targetHints":{"allow":["GET"]}}],"collection":[{"href":"https:\/\/vetomshop.hu\/lb\/wp-json\/wp\/v2\/product"}],"about":[{"href":"https:\/\/vetomshop.hu\/lb\/wp-json\/wp\/v2\/types\/product"}],"replies":[{"embeddable":true,"href":"https:\/\/vetomshop.hu\/lb\/wp-json\/wp\/v2\/comments?post=2478"}],"wp:featuredmedia":[{"embeddable":true,"href":"https:\/\/vetomshop.hu\/lb\/wp-json\/wp\/v2\/media\/6611"}],"wp:attachment":[{"href":"https:\/\/vetomshop.hu\/lb\/wp-json\/wp\/v2\/media?parent=2478"}],"wp:term":[{"taxonomy":"product_brand","embeddable":true,"href":"https:\/\/vetomshop.hu\/lb\/wp-json\/wp\/v2\/product_brand?post=2478"},{"taxonomy":"product_cat","embeddable":true,"href":"https:\/\/vetomshop.hu\/lb\/wp-json\/wp\/v2\/product_cat?post=2478"},{"taxonomy":"product_tag","embeddable":true,"href":"https:\/\/vetomshop.hu\/lb\/wp-json\/wp\/v2\/product_tag?post=2478"}],"curies":[{"name":"wp","href":"https:\/\/api.w.org\/{rel}","templated":true}]}}