{"id":2483,"date":"2020-10-20T19:35:14","date_gmt":"2020-10-20T17:35:14","guid":{"rendered":"https:\/\/vetomshop.hu\/?post_type=product&#038;p=2483"},"modified":"2026-04-12T08:28:16","modified_gmt":"2026-04-12T06:28:16","slug":"vetomgin-8-21","status":"publish","type":"product","link":"https:\/\/vetomshop.hu\/lb\/product\/vetomgin-8-21\/","title":{"rendered":"Probiotesch Vetomgin <span style=\"color:red\">8.21<\/span> Brausetablett <span style=\"color:red\">15 St\u00e9ck<\/span> (Nahrungserg\u00e4nzungsmittel)"},"content":{"rendered":"<h2><strong>Vetomgin 8.21 probiotesch efferveszent Tabletten, 15 Tabletten (Liewensm\u00ebttelzousaz)<\/strong><\/h2>\n<p><span style=\"color: #ff0000;\">Zesummesetzung<\/span><\/p>\n<p>1 Portioun (1 efferveszent Tablett) enth\u00e4lt: Zousatzstoffer: E500 (Natriumkarbonat) \u2013 1200 mg E330(Zitrounesaier) \u2013 750 mg; getrockent Probiotikakulturen Bacillus subtilis, VKPM B \u2013 10641(DSM 24613),Bacillus amyloliquefaciens, VKPM B \u2013 10643 (DSM 24615) 1\u00d710^6 CFU\/g \u2013 50 mg.<\/p>\n<p>De virdeeler\u00e4iche Effekt g\u00ebtt duerch d'Eegeschafte vun de Bestanddeeler vum Vetomgin 8.21 geliwwert. \u00cbnner hirem Afloss entst\u00e9cht eng spezifesch mikrobiell Zesummesetzung am Darm an de Krebs-Zyklus g\u00ebtt aktiv\u00e9iert. Als Resultat vun d\u00ebsem Prozess g\u00ebtt d'Aarbecht vun de Systemer, d\u00e9i de Kierper virun ausl\u00e4nnesche Substanzen aus der externer \u00cbmwelt, dor\u00ebnner infekti\u00f6ser Mikroorganismen, sch\u00fctzen, optim\u00e9iert, an och d'regulatorescht System vum Kierper g\u00ebtt optim\u00e9iert, wat d'aktiv Liwwerung vu Sauerstoff un d'Zellen garant\u00e9iert; Energie-Reserven ginn gebilt; d'Synthese vun Molek\u00fclen, d\u00e9i fir de Kierper wichteg sinn, g\u00ebtt aktiv\u00e9iert: Aminosaieren, Kuelenhydrater, Fetts\u00e4uren, asw.<\/p>\n<p>Vetomgin 8.21 erh\u00e9icht d'Effektivit\u00e9it vun de Medikamenter a reduz\u00e9iert hir negativ Niewewierkungen um m\u00ebnschleche Kierper.<\/p>\n<h5>Eegeschaften:<\/h5>\n<ul>\n<li>\u00a0KENG NEBEWIERKUNGEN<\/li>\n<li>\u00a0KENG ALTERSBESCHR\u00c4NKTUNGEN<\/li>\n<li>KENG Iwwerdosis<\/li>\n<li>KENG OFH\u00c4NGEGKEET<\/li>\n<\/ul>\n<ul class=\"vetom-list\">\n<li>Et huet eng h\u00e9ich antagonistesch Aktivit\u00e9it g\u00e9int pathogenesch a bed\u00e9ngt pathogenesch Pilzen a Bakterien a weist antiviral, proteolytesch, amylolytesch a cellulolytesch Eegeschaften.<\/li>\n<li>Stimul\u00e9iert zellul\u00e4r a humoral Faktoren vun der Immunit\u00e9it.<\/li>\n<li>Erh\u00e9icht d'kierperlech onspezifesch Resistenz<\/li>\n<li>stabilis\u00e9iert allergesch Resistenz<\/li>\n<li>normalis\u00e9iert de Stoffwiessel<\/li>\n<li>Stimul\u00e9iert d'Regeneratiounsprozesser, attack\u00e9iert a zerst\u00e9iert kanzer\u00f6s a kranke Zellen.<\/li>\n<\/ul>\n<p><span style=\"color: #ff0000;\">Uwendungsber\u00e4ich<\/span><br \/>\nProbiotesch Mikroorganismen als zous\u00e4tzlech Quell fir d'Liewensqualit\u00e9it ze verbesseren.<br \/>\n<span style=\"color: #ff0000;\">Uwendung<\/span><br \/>\nD'empfohlent Dosis ass 3 efferveszent Tabletten pro Dag zu regelm\u00e9issege Intervallen fir 10 Deeg.<br \/>\nL\u00e9isst eng Tablett an engem Glas Waasser opl\u00e9isen. .<br \/>\nD'Tablett d\u00e4erf net verschl\u00ebngt, gekaut oder gesaugt ginn.<br \/>\n<span style=\"color: #ff0000;\">Kontraindikatiounen<\/span><br \/>\nHypersensibilit\u00e9it g\u00e9int ee vun de Bestanddeeler vum Medikament.<br \/>\nSpeziell Instruktiounen<br \/>\nW\u00e4rend der Schwangerschaft an dem Stillen d\u00e4erf et n\u00ebmmen no enger Konsultatioun mam Dokter benotzt ginn. D'Produkt beaflosst net d'F\u00e4egkeet ze fueren oder potenziell gef\u00e9ierlech Maschinnen ze bedreiwen.<br \/>\n<span style=\"color: #ff0000;\">Verpackung<\/span><br \/>\n15 x 2 g efferveszent Tabletten, an Pergamentpabeier verpackt an Kartongb\u00ebx\u00eb vu 3. Benotzungsinstruktiounen abegraff.<br \/>\n<span style=\"color: #ff0000;\">Lagerungsbed\u00e9ngungen<\/span><br \/>\nKann bei enger relativer Fiichtegkeet vun 75 % an enger Temperatur \u00ebnner 30 \u00b0C gelagert ginn. Halt et ausser Reechw\u00e4it vu Kanner.<br \/>\n<span style=\"color: #ff0000;\">Garantieperiod<\/span><br \/>\n4 Joer vum Fabrikatiounsdatum un. Net no dem Verfallsdatum konsum\u00e9ieren.<br \/>\nVetomgin 8.21 g\u00ebtt net als Medikament klass\u00e9iert.<\/p>\n<p><span style=\"color: #0000ff;\">Direkt aus der Fabr\u00e9ck, de beschte Pr\u00e4is fir Vetom Probiotic, Premiumqualit\u00e9it.<\/span><\/p>\n<h3><strong><span style=\"color: #ff0000;\">Cemmedic Europe Ltd. ass de offiziellen Distributeur fir Ungarn!<\/span><\/strong><\/h3>","protected":false},"excerpt":{"rendered":"<h5>Zesummesetzung<\/h5>\n<p>1 Portioun (<strong>1 efferveszent Tablett<\/strong>) enth\u00e4lt Zous\u00e4tzstoffer:<\/p>\n<ul>\n<li><strong>E500<\/strong> (Natriumkarbonat) \u2013 1200 mg<\/li>\n<li><strong>E330<\/strong> (Zitrouneband) \u2013 750 mg;<\/li>\n<li>getrocknete probiotesch Kultur <strong>Bacillus subtilis<\/strong>, VKPM B \u2013 10641(DSM 24613),<\/li>\n<li><strong>Bazillus amylo-liquefaciens<\/strong>, VKPM B \u2013 10642 (DSM 24614),<\/li>\n<li><strong>Bazillus amylo-liquefaciens<\/strong>, VKPM B \u2013 10643 (DSM 24615) 1\u00d710^6 KTJ\/g \u2013 50 mg.<\/li>\n<\/ul>\n<p>Seng virdeeler\u00e4ich Auswierkung op <strong>Wetomgin <span style=\"color:red\">8.21<\/span><\/strong> D'Eegeschaften vun hiren Bestanddeeler garant\u00e9ieren dat. \u00cbnner hirem Afloss entst\u00e9cht am Darm eng spezifesch mikrobiell Zesummesetzung an de Krebs-Zyklus g\u00ebtt aktiv\u00e9iert. Als Resultat vun d\u00ebsem Prozess g\u00ebtt d'Aarbecht vun de Systemer, d\u00e9i de Kierper virun ausl\u00e4nnesche Substanzen aus der externer \u00cbmwelt, dor\u00ebnner infektiiv Mikroorganismen, sch\u00fctzen, optim\u00e9iert, an och d'regulatorescht System vum Kierper g\u00ebtt optim\u00e9iert, wat d'aktiv Liwwerung vu Sauerstoff un d'Zellen s\u00e9cherstellt; Energiereserven ginn gebilt; d'Synthese vun de fir de Kierper wesentlechen Molek\u00fclen g\u00ebtt aktiv\u00e9iert: Aminosaieren, Kuelenhydrater, Fetts\u00e4uren, asw.<\/p>\n<div class=\"plashka\">A <strong>Wetomgin <span style=\"color:red\">8.21<\/span><\/strong> Erh\u00e9icht d'Effektivit\u00e9it vun de Medikamenter a reduz\u00e9iert hir negativ Niewewierkungen um m\u00ebnschleche Kierper.<\/div>\n<h6>Eegeschaften:<\/h6>\n<ul class=\"vetom-list\">\n<li>Et huet eng h\u00e9ich antagonistesch Aktivit\u00e9it g\u00e9int pathogenesch a bed\u00e9ngt pathogenesch Pilzen a Bakterien a weist antiviral, proteolytesch, amylolytesch a cellulolytesch Eegeschaften.<\/li>\n<li>Stimul\u00e9iert zellul\u00e4r a humoral Faktoren vun der Immunit\u00e9it.<\/li>\n<li>Erh\u00e9icht d'kierperlech onspezifesch Resistenz<\/li>\n<li>stabilis\u00e9iert allergesch Resistenz<\/li>\n<li>normalis\u00e9iert de Stoffwiessel<\/li>\n<li>Stimul\u00e9iert d'Regeneratiounsprozesser, attack\u00e9iert a zerst\u00e9iert kanzer\u00f6s a kranke Zellen.<\/li>\n<\/ul>\n<div class=\"plashka\"><strong>Uwendungsber\u00e4ich<\/strong><br \/>\nProbiotesch Mikroorganismen als zous\u00e4tzlech Quell fir d'Liewensqualit\u00e9it ze verbesseren.<\/div>","protected":false},"featured_media":5558,"comment_status":"open","ping_status":"closed","template":"","meta":[],"product_brand":[],"product_cat":[22],"product_tag":[],"class_list":{"0":"post-2483","1":"product","2":"type-product","3":"status-publish","4":"has-post-thumbnail","6":"product_cat-vetom-probiotikumok","8":"first","9":"instock","10":"featured","11":"taxable","12":"shipping-taxable","13":"purchasable","14":"product-type-simple"},"_links":{"self":[{"href":"https:\/\/vetomshop.hu\/lb\/wp-json\/wp\/v2\/product\/2483","targetHints":{"allow":["GET"]}}],"collection":[{"href":"https:\/\/vetomshop.hu\/lb\/wp-json\/wp\/v2\/product"}],"about":[{"href":"https:\/\/vetomshop.hu\/lb\/wp-json\/wp\/v2\/types\/product"}],"replies":[{"embeddable":true,"href":"https:\/\/vetomshop.hu\/lb\/wp-json\/wp\/v2\/comments?post=2483"}],"wp:featuredmedia":[{"embeddable":true,"href":"https:\/\/vetomshop.hu\/lb\/wp-json\/wp\/v2\/media\/5558"}],"wp:attachment":[{"href":"https:\/\/vetomshop.hu\/lb\/wp-json\/wp\/v2\/media?parent=2483"}],"wp:term":[{"taxonomy":"product_brand","embeddable":true,"href":"https:\/\/vetomshop.hu\/lb\/wp-json\/wp\/v2\/product_brand?post=2483"},{"taxonomy":"product_cat","embeddable":true,"href":"https:\/\/vetomshop.hu\/lb\/wp-json\/wp\/v2\/product_cat?post=2483"},{"taxonomy":"product_tag","embeddable":true,"href":"https:\/\/vetomshop.hu\/lb\/wp-json\/wp\/v2\/product_tag?post=2483"}],"curies":[{"name":"wp","href":"https:\/\/api.w.org\/{rel}","templated":true}]}}