{"id":2687,"date":"2021-05-05T20:33:49","date_gmt":"2021-05-05T18:33:49","guid":{"rendered":"https:\/\/vetomshop.hu\/?post_type=product&#038;p=2687"},"modified":"2023-02-13T18:43:24","modified_gmt":"2023-02-13T17:43:24","slug":"enterosgel-1-db","status":"publish","type":"product","link":"https:\/\/vetomshop.hu\/lb\/product\/enterosgel-1-db\/","title":{"rendered":"Enterosgel (1 St\u00e9ck)"},"content":{"rendered":"<p>D\u00e9i <strong>enterosgel<\/strong> (1 St\u00e9ck) ewechh\u00eblt schiedlech Substanzen aus dem Kierper, absorb\u00e9iert awer keng n\u00ebtzlech Bestanddeeler. Desinfiz\u00e9ierend, sch\u00fctzend, entg\u00ebftend Produkt. Organescht Material, seng physesch a chemesch Eegeschaften si \u00e4hnlech w\u00e9i d\u00e9i vum Kuel, dofir ass et kierperfr\u00ebndlech.<\/p>\n<p>Et h\u00eblleft bei der Entgiftung a elimin\u00e9iert souguer Viren, Bakterien, Pilzen a Parasiten, vun deenen d'Reschter Symptomer verursaachen, d\u00e9i ganz schw\u00e9ier z'entdecken sinn.<\/p>\n<p>Eifach ze benotzen, kann mat Waasser oder anere Fl\u00ebssegkeeten gem\u00ebscht ginn \/ 1-2 dl\/<br \/>\nFir Erwuessener: dr\u00e4imol den Dag ee Essl\u00e4ffel (15 g), eng hallwer bis zwou Stonnen virun oder no de Moolzechten.<br \/>\nFir Kanner, ee geh\u00e4ifte Teel\u00e4ffel (5\u201310 g) 1\u20133 Mol den Dag.<br \/>\nEmpfohlene Uwendung: 7-14 Deeg.<\/p>","protected":false},"excerpt":{"rendered":"<p>Enterosgel (1 Tablett) ewechh\u00eblt schiedlech Substanzen aus dem Kierper, absorb\u00e9iert awer keng Substanzen, d\u00e9i dem Kierper gutt sinn. Et ass e Desinfektions-, Schutz- a Entgiftungprodukt. Et ass eng organesch Substanz mat physikaleschen a chemeschen Eegeschaften, d\u00e9i deenen vum Holzkohle \u00e4hnlech sinn, wat et kierperfr\u00ebndlech m\u00e9cht.<\/p>\n<p>Et h\u00eblleft bei der Entgiftung a elimin\u00e9iert souguer Viren, Bakterien, Pilzen a Parasiten, vun deenen d'Reschter Symptomer verursaachen, d\u00e9i ganz schw\u00e9ier z'entdecken sinn.<\/p>","protected":false},"featured_media":2688,"comment_status":"open","ping_status":"closed","template":"","meta":[],"product_brand":[],"product_cat":[28],"product_tag":[],"class_list":{"0":"post-2687","1":"product","2":"type-product","3":"status-publish","4":"has-post-thumbnail","6":"product_cat-enterosgel","8":"first","9":"instock","10":"sale","11":"taxable","12":"shipping-taxable","13":"purchasable","14":"product-type-simple"},"_links":{"self":[{"href":"https:\/\/vetomshop.hu\/lb\/wp-json\/wp\/v2\/product\/2687","targetHints":{"allow":["GET"]}}],"collection":[{"href":"https:\/\/vetomshop.hu\/lb\/wp-json\/wp\/v2\/product"}],"about":[{"href":"https:\/\/vetomshop.hu\/lb\/wp-json\/wp\/v2\/types\/product"}],"replies":[{"embeddable":true,"href":"https:\/\/vetomshop.hu\/lb\/wp-json\/wp\/v2\/comments?post=2687"}],"wp:featuredmedia":[{"embeddable":true,"href":"https:\/\/vetomshop.hu\/lb\/wp-json\/wp\/v2\/media\/2688"}],"wp:attachment":[{"href":"https:\/\/vetomshop.hu\/lb\/wp-json\/wp\/v2\/media?parent=2687"}],"wp:term":[{"taxonomy":"product_brand","embeddable":true,"href":"https:\/\/vetomshop.hu\/lb\/wp-json\/wp\/v2\/product_brand?post=2687"},{"taxonomy":"product_cat","embeddable":true,"href":"https:\/\/vetomshop.hu\/lb\/wp-json\/wp\/v2\/product_cat?post=2687"},{"taxonomy":"product_tag","embeddable":true,"href":"https:\/\/vetomshop.hu\/lb\/wp-json\/wp\/v2\/product_tag?post=2687"}],"curies":[{"name":"wp","href":"https:\/\/api.w.org\/{rel}","templated":true}]}}