{"id":2689,"date":"2021-05-05T20:51:33","date_gmt":"2021-05-05T18:51:33","guid":{"rendered":"https:\/\/vetomshop.hu\/?post_type=product&#038;p=2689"},"modified":"2023-11-14T15:25:34","modified_gmt":"2023-11-14T14:25:34","slug":"enterosgel-akcios-csomag-2db","status":"publish","type":"product","link":"https:\/\/vetomshop.hu\/lb\/product\/enterosgel-akcios-csomag-2db\/","title":{"rendered":"Enterosgel Spezialoffert-Pack (2 St\u00e9cker)"},"content":{"rendered":"<p><strong>Enterosgel<\/strong> Et ewechh\u00eblt Substanzen, d\u00e9i dem Kierper schiedlech sinn, awer absorb\u00e9iert net d\u00e9i Bestanddeeler, d\u00e9i dem Kierper gutt sinn. Et ass e Desinfektiouns-, Schutz- a Entgiftungprodukt. Et ass eng organesch Substanz mat physikaleschen a chemeschen Eegeschaften, d\u00e9i deenen vum Kuelestoff \u00e4hnlech sinn, wat et kierperfr\u00ebndlech m\u00e9cht.<\/p>\n<p>Et h\u00eblleft bei der Entgiftung a elimin\u00e9iert souguer Viren, Bakterien, Pilzen a Parasiten, vun deenen d'Reschter Symptomer verursaachen, d\u00e9i ganz schw\u00e9ier z'entdecken sinn.<\/p>\n<p>Eifach ze benotzen, kann mat Waasser oder anere Fl\u00ebssegkeeten gem\u00ebscht ginn \/ 1-2 dl\/<br \/>\nFir Erwuessener: dr\u00e4imol den Dag ee Essl\u00e4ffel (15 g), eng hallwer bis zwou Stonnen virun oder no de Moolzechten.<br \/>\nFir Kanner, ee geh\u00e4ifte Teel\u00e4ffel (5\u201310 g) 1\u20133 Mol den Dag.<br \/>\nEmpfohlene Uwendung: 7-14 Deeg.<\/p>","protected":false},"excerpt":{"rendered":"<p><strong>Enterosgel<\/strong> Et ewechh\u00eblt Substanzen, d\u00e9i dem Kierper schiedlech sinn, awer absorb\u00e9iert net d\u00e9i Bestanddeeler, d\u00e9i dem Kierper gutt sinn. Et ass e Desinfektiouns-, Schutz- a Entgiftungprodukt. Et ass eng organesch Substanz mat physikaleschen a chemeschen Eegeschaften, d\u00e9i deenen vum Kuelestoff \u00e4hnlech sinn, wat et kierperfr\u00ebndlech m\u00e9cht.<\/p>\n<p>Et h\u00eblleft bei der Entgiftung a elimin\u00e9iert souguer Viren, Bakterien, Pilzen a Parasiten, vun deenen d'Reschter Symptomer verursaachen, d\u00e9i ganz schw\u00e9ier z'entdecken sinn.<\/p>","protected":false},"featured_media":2690,"comment_status":"open","ping_status":"closed","template":"","meta":[],"product_brand":[],"product_cat":[28],"product_tag":[36],"class_list":{"0":"post-2689","1":"product","2":"type-product","3":"status-publish","4":"has-post-thumbnail","6":"product_cat-enterosgel","7":"product_tag-black-friday","9":"first","10":"instock","11":"sale","12":"taxable","13":"shipping-taxable","14":"purchasable","15":"product-type-simple"},"_links":{"self":[{"href":"https:\/\/vetomshop.hu\/lb\/wp-json\/wp\/v2\/product\/2689","targetHints":{"allow":["GET"]}}],"collection":[{"href":"https:\/\/vetomshop.hu\/lb\/wp-json\/wp\/v2\/product"}],"about":[{"href":"https:\/\/vetomshop.hu\/lb\/wp-json\/wp\/v2\/types\/product"}],"replies":[{"embeddable":true,"href":"https:\/\/vetomshop.hu\/lb\/wp-json\/wp\/v2\/comments?post=2689"}],"wp:featuredmedia":[{"embeddable":true,"href":"https:\/\/vetomshop.hu\/lb\/wp-json\/wp\/v2\/media\/2690"}],"wp:attachment":[{"href":"https:\/\/vetomshop.hu\/lb\/wp-json\/wp\/v2\/media?parent=2689"}],"wp:term":[{"taxonomy":"product_brand","embeddable":true,"href":"https:\/\/vetomshop.hu\/lb\/wp-json\/wp\/v2\/product_brand?post=2689"},{"taxonomy":"product_cat","embeddable":true,"href":"https:\/\/vetomshop.hu\/lb\/wp-json\/wp\/v2\/product_cat?post=2689"},{"taxonomy":"product_tag","embeddable":true,"href":"https:\/\/vetomshop.hu\/lb\/wp-json\/wp\/v2\/product_tag?post=2689"}],"curies":[{"name":"wp","href":"https:\/\/api.w.org\/{rel}","templated":true}]}}