{"id":2695,"date":"2021-05-05T21:07:43","date_gmt":"2021-05-05T19:07:43","guid":{"rendered":"https:\/\/vetomshop.hu\/?post_type=product&#038;p=2695"},"modified":"2023-02-13T18:43:23","modified_gmt":"2023-02-13T17:43:23","slug":"enterosgel-akcios-csomag-3db","status":"publish","type":"product","link":"https:\/\/vetomshop.hu\/lb\/product\/enterosgel-akcios-csomag-3db\/","title":{"rendered":"Enterosgel Spezialoffert-Pack (3 Artikelen)"},"content":{"rendered":"<p>D\u00e9i\u00a0<strong>enterosgel\u00a0<\/strong>Et ewechh\u00eblt Substanzen, d\u00e9i dem Kierper schiedlech sinn, awer absorb\u00e9iert net d\u00e9i Bestanddeeler, d\u00e9i dem Kierper gutt sinn. Et ass e Desinfektiouns-, Schutz- a Entgiftungprodukt. Et ass eng organesch Substanz mat physikaleschen a chemeschen Eegeschaften, d\u00e9i deenen vum Kuelestoff \u00e4hnlech sinn, wat et kierperfr\u00ebndlech m\u00e9cht.<\/p>\n<p>Et h\u00eblleft bei der Entgiftung a elimin\u00e9iert souguer Viren, Bakterien, Pilzen a Parasiten, vun deenen d'Reschter Symptomer verursaachen, d\u00e9i ganz schw\u00e9ier z'entdecken sinn.<\/p>\n<p>Eifach ze benotzen, kann mat Waasser oder anere Fl\u00ebssegkeeten gem\u00ebscht ginn \/ 1-2 dl\/<br \/>\nFir Erwuessener: dr\u00e4imol den Dag ee Essl\u00e4ffel (15 g), eng hallwer bis zwou Stonnen virun oder no de Moolzechten.<br \/>\nFir Kanner, ee geh\u00e4ifte Teel\u00e4ffel (5\u201310 g) 1\u20133 Mol den Dag.<br \/>\nEmpfohlene Uwendung: 7-14 Deeg.<\/p>","protected":false},"excerpt":{"rendered":"<p>D\u00e9i\u00a0<strong>enterosgel\u00a0<\/strong>Et ewechh\u00eblt Substanzen, d\u00e9i dem Kierper schiedlech sinn, awer absorb\u00e9iert net d\u00e9i Bestanddeeler, d\u00e9i dem Kierper gutt sinn. Et ass e Desinfektiouns-, Schutz- a Entgiftungprodukt. Et ass eng organesch Substanz mat physikaleschen a chemeschen Eegeschaften, d\u00e9i deenen vum Kuelestoff \u00e4hnlech sinn, wat et kierperfr\u00ebndlech m\u00e9cht.<\/p>\n<p>Et h\u00eblleft bei der Entgiftung a elimin\u00e9iert souguer Viren, Bakterien, Pilzen a Parasiten, vun deenen d'Reschter Symptomer verursaachen, d\u00e9i ganz schw\u00e9ier z'entdecken sinn.<\/p>","protected":false},"featured_media":2691,"comment_status":"open","ping_status":"closed","template":"","meta":[],"product_brand":[],"product_cat":[28],"product_tag":[],"class_list":{"0":"post-2695","1":"product","2":"type-product","3":"status-publish","4":"has-post-thumbnail","6":"product_cat-enterosgel","8":"first","9":"instock","10":"sale","11":"taxable","12":"shipping-taxable","13":"purchasable","14":"product-type-simple"},"_links":{"self":[{"href":"https:\/\/vetomshop.hu\/lb\/wp-json\/wp\/v2\/product\/2695","targetHints":{"allow":["GET"]}}],"collection":[{"href":"https:\/\/vetomshop.hu\/lb\/wp-json\/wp\/v2\/product"}],"about":[{"href":"https:\/\/vetomshop.hu\/lb\/wp-json\/wp\/v2\/types\/product"}],"replies":[{"embeddable":true,"href":"https:\/\/vetomshop.hu\/lb\/wp-json\/wp\/v2\/comments?post=2695"}],"wp:featuredmedia":[{"embeddable":true,"href":"https:\/\/vetomshop.hu\/lb\/wp-json\/wp\/v2\/media\/2691"}],"wp:attachment":[{"href":"https:\/\/vetomshop.hu\/lb\/wp-json\/wp\/v2\/media?parent=2695"}],"wp:term":[{"taxonomy":"product_brand","embeddable":true,"href":"https:\/\/vetomshop.hu\/lb\/wp-json\/wp\/v2\/product_brand?post=2695"},{"taxonomy":"product_cat","embeddable":true,"href":"https:\/\/vetomshop.hu\/lb\/wp-json\/wp\/v2\/product_cat?post=2695"},{"taxonomy":"product_tag","embeddable":true,"href":"https:\/\/vetomshop.hu\/lb\/wp-json\/wp\/v2\/product_tag?post=2695"}],"curies":[{"name":"wp","href":"https:\/\/api.w.org\/{rel}","templated":true}]}}