{"id":4392,"date":"2023-08-06T13:27:56","date_gmt":"2023-08-06T11:27:56","guid":{"rendered":"https:\/\/vetomshop.hu\/?post_type=product&#038;p=4392"},"modified":"2026-04-12T08:28:06","modified_gmt":"2026-04-12T06:28:06","slug":"komarov-por-etrend-kiegeszito-40-tasak","status":"publish","type":"product","link":"https:\/\/vetomshop.hu\/lb\/product\/komarov-por-etrend-kiegeszito-40-tasak\/","title":{"rendered":"Probiotescht Komarov-Pulver <span style=\"color: red\">40 Sacheten<\/span> (Nahrungserg\u00e4nzungsmittel)"},"content":{"rendered":"<h2><strong>Komarov Pudder \u2013 40 Beutelchen (Liewensm\u00ebttelzousaz)<\/strong><\/h2>\n<p>Natierlecht Probiotikum mat Vitaminnen a Spirulina \u2013 fir d'Verdauungs- a Immunsystemer z'\u00ebnnerst\u00ebtzen<\/p>\n<p>Komarov-Pulver ass e komplexe Liewensm\u00ebttelzousaz, deen Probiotika, Ballaststoffer, Vitaminnen, Mineralstoffer an Spirulina enth\u00e4lt. Seng aktiv Bestanddeeler \u00ebnnerst\u00ebtzen d'Balance vun der Darmflora, d'Entgiftung an de Metabolismus a st\u00e4erken d'Verteidegungssystem vum Kierper.<\/p>\n<p>&nbsp;<\/p>\n<h2><strong>Haaptzutaten:<\/strong><\/h2>\n<p>*Bacillus subtilis VKPM V-10641 (DSM 24613) \u2013 n\u00ebtzlech Darmbakterien<\/p>\n<p>Spirulina (blo-gr\u00e9ng Algen) \u2013 eng natierlech Quell vu Vitaminnen a Protein<\/p>\n<p>Weesskleie \u2013 eng Quell vu Ballaststoffer<\/p>\n<p>Zitrounesaier, Natriumchlorid \u2013 natierlech Tr\u00e4ger<\/p>\n<p>&nbsp;<\/p>\n<h2><strong>Zous\u00e4tzlech enth\u00e4lt d'Produkt:<\/strong><\/h2>\n<p>*Vitaminen: A, B1, B2, B6, B12, B5, B9, Biotin<\/p>\n<p>Mineraler: Kalzium, Kalium, Magnesium, Phosphor, Eisen, Z\u00e9nk, Kupfer, Mangan, Selen, Molybd\u00e4n<\/p>\n<p>*Onverz\u00e4ttelte Fetts\u00e4uren: Linols\u00e4ure, Linolens\u00e4ure, Arachidons\u00e4ure<\/p>\n<p>&nbsp;<\/p>\n<h2><strong>Virdeeler:<\/strong><\/h2>\n<p>\u2705 H\u00eblleft der Verdauung an der besserer Opnam vu N\u00e4hrstoffer<\/p>\n<p>\u00cbnnerst\u00ebtzt d'Balance vun der Darmflora, huet en entgiftungseffekt<\/p>\n<p>\u2705 St\u00e4erkt d'Immunsystem a verbessert d'Widerstandsf\u00e4egkeet vum Kierper<\/p>\n<p>\u2705 Normalis\u00e9iert de Metabolismus<\/p>\n<p>\u00cbnnerst\u00ebtzt d'Regeneratiounsprozesser a kann dozou b\u00e4idroen, schiedlech Zellen ze bek\u00e4mpfen.<\/p>\n<p>\u2705 Aktiv\u00e9iert de Krebs-Zyklus (zellul\u00e4r Energieproduktioun)<\/p>\n<p>\u2705 Huet antibakteriell, antiviral a pilzgegend Eegeschaften<\/p>\n<p>&nbsp;<\/p>\n<h2><strong>Empfohlene Dosis:<\/strong><\/h2>\n<p>Fir e gesonde Kierper: mind. 2\u20133 Beutel pro Dag fir 10\u201314 Deeg. Observ\u00e9iert d'Reaktiounen vun \u00c4rem Kierper w\u00e4hrend der Behandlungsdauer a erh\u00e9icht d'Dosis lues a lues wann n\u00e9ideg.<\/p>\n<p>* Fir best\u00ebmmte Krankheeten: 7\u201310 Beutelchen pro Dag fir 10 Deeg<\/p>\n<p>* 1 Portioun = 1 T\u00fctchen<\/p>\n<p>* D'Pulver soll oral geholl ginn, am l\u00e9ifsten w\u00e4rend oder no de Moolz\u00e4iten. Et ass m\u00e9i praktesch, et mat Joghurt, Sauerrahm oder Kefir verm\u00ebscht mat engem L\u00e4ffel ze iessen.<\/p>\n<p>&nbsp;<\/p>\n<h2><strong>Wichteg Informatiounen:<\/strong><\/h2>\n<p>Keng Niewewierkungen, keng Iwwerdosis, keng Ofh\u00e4ngegkeet<\/p>\n<p>Keng Altersbeschr\u00e4nkungen<\/p>\n<p>*Net gl\u00e4ichz\u00e4iteg mat Antibiotika oder anere probiotesche Zubereedungen huelen.<\/p>\n<p>*Net recommand\u00e9iert wann Dir iwwersensibel op ee vun de Bestanddeeler sidd.<\/p>\n<p>&nbsp;<\/p>\n<h2><strong>Verpackung:<\/strong><\/h2>\n<p>40 Beutel mat 2,5 g Pudder an lamin\u00e9ierter Verpakung<\/p>\n<p>Gewiicht: 0,17 kg<\/p>\n<p>Dimensiounen: 18 \u00d7 7 \u00d7 7 cm<\/p>\n<p>Ursprongsland: Russland<\/p>\n<p>&nbsp;<\/p>\n<h2><strong>Lagerung:<\/strong><\/h2>\n<p>Sp\u00e4ichert an engem dr\u00e9che, kille Raum bei 0\u201330 \u00b0C, mat enger maximaler Fiichtegkeet vun 75%.<\/p>\n<p>Garantie: 4<strong> Joer vum Fabrikatiounsdatum<\/strong>.<\/p>\n<p>Ursprongsort: <strong>Russland<\/strong><\/p>","protected":false},"excerpt":{"rendered":"<h5>Stam VKPM V 10 641 (DSM 24613) Bacillus subtilis<\/h5>\n<div class=\"plashka\"><strong>Tr\u00e4germaterial:<\/strong> Weesskleie, Natriumchlorid, blo-gr\u00e9ng Alge Spirulina, Zitrounes\u00e4ure.<br \/>\nPulver a 2,5 g lamin\u00e9ierte Papierssachets verpackt.<\/div>\n<h5>Uwendung:<\/h5>\n<p>Komarov-Pulver enth\u00e4lt biologesch aktiv Substanzen w\u00e9i probiotesch Mikroorganismen, Ballaststoffer, Vitaminnen (<strong>A, B1, B2, B6, B12, B5, B9, Biotin<\/strong>), Makroelementer (Kalzium, Magnesium, Phosphor, Kalium) an Mikroelementer (Eisen, Mangan, Kupfer, Z\u00e9nk, Molybd\u00e4n, Selen), onges\u00e4tte Fetts\u00e4uren (Linols\u00e4ure, Linol\u00e9ns\u00e4ure, Arachids\u00e4ure) als Zousazquell.<\/p>\n<h6>Eegeschaften:<\/h6>\n<ul class=\"vetom-list\">\n<li>Et huet eng h\u00e9ich antagonistesch Aktivit\u00e9it g\u00e9int pathogenesch a bed\u00e9ngt pathogenesch Pilzen a Bakterien a weist antiviral, proteolytesch, amylolytesch a cellulolytesch Eegeschaften.<\/li>\n<li>Stimul\u00e9iert zellul\u00e4r a humoral Faktoren vun der Immunit\u00e9it.<\/li>\n<li>Erh\u00e9icht d'kierperlech onspezifesch Resistenz<\/li>\n<li>stabilis\u00e9iert allergesch Resistenz<\/li>\n<li>normalis\u00e9iert de Stoffwiessel<\/li>\n<li>Stimul\u00e9iert d'Regeneratiounsprozesser, attack\u00e9iert a zerst\u00e9iert kanzer\u00f6s a kranke Zellen.<\/li>\n<\/ul>","protected":false},"featured_media":5557,"comment_status":"open","ping_status":"closed","template":"","meta":[],"product_brand":[],"product_cat":[22],"product_tag":[],"class_list":{"0":"post-4392","1":"product","2":"type-product","3":"status-publish","4":"has-post-thumbnail","6":"product_cat-vetom-probiotikumok","8":"first","9":"instock","10":"featured","11":"taxable","12":"shipping-taxable","13":"purchasable","14":"product-type-simple"},"_links":{"self":[{"href":"https:\/\/vetomshop.hu\/lb\/wp-json\/wp\/v2\/product\/4392","targetHints":{"allow":["GET"]}}],"collection":[{"href":"https:\/\/vetomshop.hu\/lb\/wp-json\/wp\/v2\/product"}],"about":[{"href":"https:\/\/vetomshop.hu\/lb\/wp-json\/wp\/v2\/types\/product"}],"replies":[{"embeddable":true,"href":"https:\/\/vetomshop.hu\/lb\/wp-json\/wp\/v2\/comments?post=4392"}],"wp:featuredmedia":[{"embeddable":true,"href":"https:\/\/vetomshop.hu\/lb\/wp-json\/wp\/v2\/media\/5557"}],"wp:attachment":[{"href":"https:\/\/vetomshop.hu\/lb\/wp-json\/wp\/v2\/media?parent=4392"}],"wp:term":[{"taxonomy":"product_brand","embeddable":true,"href":"https:\/\/vetomshop.hu\/lb\/wp-json\/wp\/v2\/product_brand?post=4392"},{"taxonomy":"product_cat","embeddable":true,"href":"https:\/\/vetomshop.hu\/lb\/wp-json\/wp\/v2\/product_cat?post=4392"},{"taxonomy":"product_tag","embeddable":true,"href":"https:\/\/vetomshop.hu\/lb\/wp-json\/wp\/v2\/product_tag?post=4392"}],"curies":[{"name":"wp","href":"https:\/\/api.w.org\/{rel}","templated":true}]}}