{"id":443,"date":"2019-11-12T14:57:08","date_gmt":"2019-11-12T13:57:08","guid":{"rendered":"https:\/\/vetomshop.hu\/?post_type=product&#038;p=443"},"modified":"2026-04-12T08:29:34","modified_gmt":"2026-04-12T06:29:34","slug":"vetom-2-etrend-kiegeszito","status":"publish","type":"product","link":"https:\/\/vetomshop.hu\/lb\/product\/vetom-2-etrend-kiegeszito\/","title":{"rendered":"Probiotesch Vetom <span style=\"color:red\">2<\/span><br> Kapsel <span style=\"color:red\">50 K\u00e4ren<\/span> (Nahrungserg\u00e4nzungsmittel)"},"content":{"rendered":"<h2>Vetom 2 Probiotikkapselen, 50 Kapselen (Liewensm\u00ebttelzousaz)<\/h2>\n<p>D\u00e9i zwou Haapt-aktiv Bestanddeeler am Vetom sinn n\u00ebtzlech St\u00e4mm vun *Bacillus amyloliquefaciens*-Bakterien, d\u00e9i hir positiv Effekter haapts\u00e4chlech am grousse Darm entfalten. Do vermehren se sech a produz\u00e9ieren verschidde Enzymen (Protein-, St\u00e4arch- a Faserverdaueungsenzymen) an aktiv Verbindungen, d\u00e9i:<\/p>\n<p>* schiedlech Bakterien a Pilzen \u00ebnnerdr\u00e9cken,<br \/>\n* d'Darmwand vun onverdaute Reschter botzen,<br \/>\n* \u00ebnnerst\u00ebtzt eng besser Opnam vun N\u00e4hrstoffer,<br \/>\n* d'Detoxikatioun vum Kierper f\u00ebrderen.<\/p>\n<p>Regelm\u00e9isseg Opnam vu Vetom 2 h\u00eblleft, d'gesond Balance vun der Darmflora er\u00ebmzestellen, stimul\u00e9iert d'Verdauung a verbessert d'Funktioun vum Immunsystem. D\u00ebse Probiotikum \u00ebnnerst\u00ebtzt d'Regeneratiounsprozesser, h\u00eblleft bei der Zellerneierung a kann souguer d'Entw\u00e9cklung vu Kriibszellen verh\u00ebnneren.<\/p>\n<p>Et verst\u00e4erkt och d'Wierkungen vun de Medikamenter, w\u00e4hrend et hir Niewewierkungen reduz\u00e9iert.<\/p>\n<h2>Virdeeler:<\/h2>\n<p>Staarken antibakteriellen an antimykoteschen Effekt<br \/>\n* antiviral, Verdauungsh\u00ebllef, Immunsystemst\u00e4rkung<br \/>\nZellschutz a Tumorpr\u00e4ventioun<br \/>\nNormalis\u00e9iert de Stoffwiessel<br \/>\nSt\u00e4erkt d'Resistenz g\u00e9int Allergien<br \/>\nRegener\u00e9iert de Kierper op zellul\u00e4rem Niveau<br \/>\nVerursaacht keng Niewewierkungen, Iwwerdosis oder Ofh\u00e4ngegkeet<br \/>\n* Sch\u00fctzt de Kierper op zellularem Niveau a h\u00eblleft, d'Entw\u00e9cklung vu Tumoren ze verh\u00ebnneren<\/p>\n<h2>Virgeschloe Benotzung:<\/h2>\n<p>Vetom 2 g\u00ebtt recommand\u00e9iert fir d'Balance vun der Darmflora er\u00ebmzestellen, d'Darmgesondheet z'\u00ebnnerst\u00ebtzen an d'Immunit\u00e9it ze st\u00e4erken.<\/p>\n<h2>Dos\u00e9ierung:<\/h2>\n<p>Huelt 1 Kapsel 2\u20133 Mol den Dag fir 10 Deeg, virum, w\u00e4rend oder nom Iessen, mat enger klenger Quantit\u00e9it Fl\u00ebssegkeet (Waasser, T\u00e9i oder Uebstjus). Observ\u00e9iert d'Reaktiounen vun \u00e4rem Kierper w\u00e4rend der Eeinnahm vum Nahrungserg\u00e4nzungsm\u00ebttel a erh\u00e9icht bei Bedarf lues a lues d'Dosis op 5\u201310 Kapselen pro Dag.<\/p>\n<p>* D'Behandlung kann no enger Paus vun 1\u20132 Wochen widderholl ginn. Et g\u00ebtt recommand\u00e9iert, vun Z\u00e4it zu Z\u00e4it op e Vetom-Produkt mat enger anerer Zuel \u00ebmzewiesselen, fir dem Kierper eng \u00ebmfaassend \u00cbnnerst\u00ebtzung ze bidden.<\/p>\n<h2>Kontraindikatiounen:<\/h2>\n<p>* Net recommand\u00e9iert wann Dir empfindlech op ee vun de Bestanddeeler sidd.<br \/>\nW\u00e4rend der Schwangerschaft a beim Stillen n\u00ebmmen no Absprache mat engem Dokter benotzen.<br \/>\nBeaflosst net d'Fuere oder d'Bedreiwung vu gef\u00e9ierleche Maschinnen.<\/p>\n<h2>Verpackung an Zutaten:<\/h2>\n<p>10 Kapselen an Blisterverpackungen, 5 Packungen an enger Kartongk\u00ebscht (50 Kapselen am Ganzen)<br \/>\n* Inhalt vun 1 Kapsel:<\/p>\n<p>Mais-Extrakt \u2013 133 mg<br \/>\n* Kartoffelst\u00e4rk \u2013 100 mg<br \/>\n* Saccharose (Pudderzocker) \u2013 67 mg<br \/>\n* Bakteriekultur Bacillus amyloliquefaciens (DSM 24614) an DSM 24615 St\u00e4mm \u2013 30 mg (1\u00d710\u2079 KBE\/g)<\/p>\n<h2>Weider Informatiounen:<\/h2>\n<p>Netto-Gewiicht: 0,1 kg<br \/>\n* Dimensiounen: 4,5 \u00d7 6,5 \u00d7 8 cm<br \/>\n* Ursprongsland: Russland<br \/>\nLagerung: An engem kille, dr\u00e9che Plaz sp\u00e4icheren (h\u00e9chstens 30 \u00b0C), ausserhalb vun der Reechw\u00e4it vu Kanner.<br \/>\nGarantieperiod: 2 Joer vum Fabrikatiounsdatum un<\/p>\n<p>Alternativ \u00c4quivalent a Fallform: Vetom 2.25 (10 ml)<\/p>\n<p>Ursprongsort: <strong>Russland<\/strong><\/p>","protected":false},"excerpt":{"rendered":"<h5><strong>Ech w\u00e4ert s\u00e4en. <span style=\"color: red;\">2<\/span><\/strong> Probiotesch Kapselen, 50 Kapselen (Liewensm\u00ebttelzousaz)<\/h5>\n<div class=\"plashka\">\n<p>A <strong>Ech w\u00e4ert s\u00e4en. <span style=\"color: red;\">2<\/span><\/strong> \u00cbnner sengem Afloss normalis\u00e9ieren de Metabolismus, d'Verdauung an d'Absorptioun vun biologesch aktive Liewensm\u00ebttelbestanddeeler am Verdauungstrakt.<\/p>\n<p>A <strong>Ech w\u00e4ert s\u00e4en. <span style=\"color: red;\">2<\/span><\/strong> Probiotika erh\u00e9ijen d'Effektivit\u00e9it vun de Medikamenter a reduz\u00e9ieren hir negativ Niewewierkungen um m\u00ebnschleche Kierper.<\/p>\n<\/div>\n<p>Seng virdeeler\u00e4ich Auswierkung op <strong>Bazillus amylo-liquefaciens<\/strong> w\u00e9inst hirem Effekt, deen si haapts\u00e4chlech duerch d'Vermehrung am D\u00e9ckdarm produz\u00e9ieren:<\/p>\n<ul class=\"vetom-list\">\n<li>proteolytesch, amylytesch, cellulolytesch Enzymen,<\/li>\n<li>biologesch aktiv Substanzen, d\u00e9i d'Wuesstem an d'Entw\u00e9cklung vu pathogener a bed\u00e9ngt pathogener Mikroflora hemmen.<\/li>\n<\/ul>\n<p>Als Konsequenz kehrt d'bakteriell Zesummesetzung vum Darminhalt op e normale Niveau zr\u00e9ck, d'Darmw\u00e4nn ginn vun onverdauten Reschter gereinegt, wat zur aktiver Entgiftung vum Kierper an zum onbeh\u00ebnnerten Transport vu biologesch aktive N\u00e4hrstoffer b\u00e4idr\u00e9it.<\/p>","protected":false},"featured_media":6598,"comment_status":"open","ping_status":"closed","template":"","meta":[],"product_brand":[],"product_cat":[22],"product_tag":[],"class_list":{"0":"post-443","1":"product","2":"type-product","3":"status-publish","4":"has-post-thumbnail","6":"product_cat-vetom-probiotikumok","8":"first","9":"instock","10":"featured","11":"taxable","12":"shipping-taxable","13":"purchasable","14":"product-type-simple"},"_links":{"self":[{"href":"https:\/\/vetomshop.hu\/lb\/wp-json\/wp\/v2\/product\/443","targetHints":{"allow":["GET"]}}],"collection":[{"href":"https:\/\/vetomshop.hu\/lb\/wp-json\/wp\/v2\/product"}],"about":[{"href":"https:\/\/vetomshop.hu\/lb\/wp-json\/wp\/v2\/types\/product"}],"replies":[{"embeddable":true,"href":"https:\/\/vetomshop.hu\/lb\/wp-json\/wp\/v2\/comments?post=443"}],"wp:featuredmedia":[{"embeddable":true,"href":"https:\/\/vetomshop.hu\/lb\/wp-json\/wp\/v2\/media\/6598"}],"wp:attachment":[{"href":"https:\/\/vetomshop.hu\/lb\/wp-json\/wp\/v2\/media?parent=443"}],"wp:term":[{"taxonomy":"product_brand","embeddable":true,"href":"https:\/\/vetomshop.hu\/lb\/wp-json\/wp\/v2\/product_brand?post=443"},{"taxonomy":"product_cat","embeddable":true,"href":"https:\/\/vetomshop.hu\/lb\/wp-json\/wp\/v2\/product_cat?post=443"},{"taxonomy":"product_tag","embeddable":true,"href":"https:\/\/vetomshop.hu\/lb\/wp-json\/wp\/v2\/product_tag?post=443"}],"curies":[{"name":"wp","href":"https:\/\/api.w.org\/{rel}","templated":true}]}}