{"id":445,"date":"2019-11-12T15:06:44","date_gmt":"2019-11-12T14:06:44","guid":{"rendered":"https:\/\/vetomshop.hu\/?post_type=product&#038;p=445"},"modified":"2026-04-12T08:29:25","modified_gmt":"2026-04-12T06:29:25","slug":"vetom-3-etrend-kiegeszito","status":"publish","type":"product","link":"https:\/\/vetomshop.hu\/lb\/product\/vetom-3-etrend-kiegeszito\/","title":{"rendered":"Probiotesch Vetom <span style=\"color:red\">3<\/span><br> Kapsel <span style=\"color:red\">50 K\u00e4ren<\/span> (Nahrungserg\u00e4nzungsmittel)"},"content":{"rendered":"<p>Vetom 3 probiotesch Kapselen, 50 Kapselen (Liewensm\u00ebttelzousaz)<\/p>\n<p>Seng virdeeleresch Wierkung bas\u00e9iert op der Aktioun vum Bacillus amyloliquefaciens, deen haapts\u00e4chlech am Duerchdarm sech vermehren an proteolytesch, amylolytesch an cellulolytesch Enzymen produz\u00e9ieren, biologesch aktiv Substanzen, d\u00e9i d'Wuesstem an d'Entw\u00e9cklung vu pathogenen an bedingt pathogenen Mikroflora hemmen. Als Konsequenz kehrt d'bakteriell Zesummesetzung vum Darminhalt op de Normalzoustand zr\u00e9ck, d'Darmw\u00e4nn ginn vun onverdauten Reschter gereinegt, wat zur aktiver Entgiftung vum Kierper an zum onbeh\u00ebnnerten Transport vu biologesch aktive N\u00e4hrstoffer b\u00e4idr\u00e9it.<br \/>\n\u00cbnner dem Afloss vu Vetom 3 normalis\u00e9iert sech de Metabolismus, d'Verdauung an d'Absorptioun vun biologesch aktiv Liewensm\u00ebttelbestanddeeler am Verdauungstrakt.<br \/>\nVetom 3 erh\u00e9icht d'Effektivit\u00e9it vun de Medikamenter a reduz\u00e9iert hir negativ Niewewierkungen um m\u00ebnschleche Kierper.<br \/>\nDos\u00e9ierung: fir 10 Deeg recommand\u00e9iert, 1 Kapsel (2\u00d73) pro Dag w\u00e4rend oder no de Moolz\u00e4iten, mat enger klenger Quantit\u00e9it Waasser, Friichtenjus oder T\u00e9i huelen.<br \/>\nVetom 3 ass net ofh\u00e4ngegkeetsverursaachend.<br \/>\nEt g\u00ebtt recommand\u00e9iert, d'Behandlung no enger Paus vun 1\u20132 Wochen ze widderhuelen, an et ass ubruecht, vun Z\u00e4it zu Z\u00e4it op e Vetom-Produkt mat enger anerer Zuel \u00ebmzewiesselen. .<br \/>\nOp d\u00ebs Man\u00e9ier k\u00ebnne mir eise ganzen Kierper an eise Verdauungssystem \u00ebnnerst\u00ebtzen. .<br \/>\nEegeschaften:<br \/>\n\u2022 Et huet eng h\u00e9ich antagonistesch Aktivit\u00e9it g\u00e9int pathogen a bedingt pathogen Pilzen a Bakterien, an huet antiviral, proteolytesch, amylolytesch a cellulolytesch Eegeschaften.<br \/>\n\u2022 stimul\u00e9iert zellul\u00e4r a humorall Immunit\u00e9itsfaktoren<br \/>\n\u2022 erh\u00e9icht d'kierperlech onspezifesch Resistenz<br \/>\n\u2022 stabilis\u00e9iert d'allergesch Resistenz<br \/>\n\u2022 normalis\u00e9iert de Stoffwiessel<br \/>\n\u2022 stimul\u00e9iert d'Regeneratiounsprozesser, attack\u00e9iert a zerst\u00e9iert kriibs- a krankheetserregend Zellen<br \/>\nEt \u00e4nnert d'Zellmembran an de Metabolismus, an verh\u00ebnnert domat d'Entw\u00e9cklung vu Kriibszellen.<\/p>\n<ul>\n<li>KENG NEBEWIERKUNGEN<\/li>\n<li>KENG ALTERSBESCHR\u00c4NKTUNGEN<\/li>\n<li>KENG Iwwerdosis<\/li>\n<li>KENG OFH\u00c4NGEGKEET<\/li>\n<\/ul>\n<p>Uwendungsber\u00e4ich<br \/>\nProbiotesch Mikroorganismen ginn recommand\u00e9iert als biologesch aktiv Liewensm\u00ebttelzous\u00e4tz fir de Verdauungstrakt ze verbesseren an d'Duerndarmflora er\u00ebm opzebauen.<br \/>\nKontraindikatiounen<br \/>\nIwwersensibilit\u00e9it g\u00e9int ee vun de Bestanddeeler vum Produkt.<br \/>\nSpeziell Instruktiounen<br \/>\nW\u00e4rend der Schwangerschaft an dem Stillen d\u00e4erf et n\u00ebmmen no enger Konsultatioun mam Dokter benotzt ginn. D'Produkt beaflosst net d'F\u00e4egkeet ze fueren oder potenziell gef\u00e9ierlech Maschinnen ze bedreiwen.<br \/>\nVerpackung<br \/>\n10 Kapselen zu je 0,33 g an getrennte Blisterverpackungen, 5 Blisterverpackungen an enger Kartongk\u00ebscht. Verpaakt an Wuelpappkartong, Nettogewiicht: 5 g, 50 St\u00e9cker an enger Kartongk\u00ebscht.<br \/>\nZesummesetzung<br \/>\n1 Kapsel enth\u00e4lt: Mais-Extrakt \u2013 133 mg; Kartoffelst\u00e4rz \u2013 100 mg; Sucrose (Pudderzocker) \u2013 67 mg, getrocknete probiotesch Kultur vum Bakterienstamm Bacillus amyloliquefaciens VKPM B \u2013 10641 (DSM 24613), 1\u00d710^9 KBE\/g \u2013 30 mg koloniebildend Eenheeten.<\/p>\n<p>Gewiicht: 0,1 kg<br \/>\nDimensiounen: 4,5 x 6,5 x 8 cm<br \/>\nUrsprongsland: Russland<\/p>\n<p>Direkt aus der Fabr\u00e9ck, de beschte Pr\u00e4is fir Vetom Probiotic, Premiumqualit\u00e9it.<br \/>\n\u201eCemmedic Europe Kft ass de offiziellen Verdeeler vu Vetom Probiotika a Ungarn!<\/p>","protected":false},"excerpt":{"rendered":"<h5><strong>Ech w\u00e4ert s\u00e4en. <span style=\"color: red;\">3<\/span><\/strong> Probiotesch Kapselen, 50 Kapselen (Liewensm\u00ebttelzousaz)<\/h5>\n<div class=\"plashka\">\n<p>A <strong>Ech w\u00e4ert s\u00e4en. <span style=\"color: red;\">3<\/span><\/strong> \u00cbnner sengem Afloss normalis\u00e9ieren de Metabolismus, d'Verdauung an d'Absorptioun vun biologesch aktive Liewensm\u00ebttelbestanddeeler am Verdauungstrakt.<\/p>\n<p>A <strong>Ech w\u00e4ert s\u00e4en. <span style=\"color: red;\">3<\/span><\/strong> Erh\u00e9icht d'Effektivit\u00e9it vun de Medikamenter a reduz\u00e9iert hir negativ Niewewierkungen um m\u00ebnschleche Kierper.<\/p>\n<\/div>\n<p>Seng virdeeler\u00e4ich Auswierkung op <strong>Bazillus amylo-liquefaciens<\/strong> w\u00e9inst hirem Effekt, deen si haapts\u00e4chlech duerch d'Vermehrung am D\u00e9ckdarm produz\u00e9ieren:<\/p>\n<ul class=\"vetom-list\">\n<li>proteolytesch, amylytesch, cellulolytesch Enzymen,<\/li>\n<li>biologesch aktiv Substanzen, d\u00e9i d'Wuesstem an d'Entw\u00e9cklung vu pathogener a bedingt pathogener Mikroflora hemmen.<\/li>\n<\/ul>\n<p>Als Konsequenz kehrt d'bakteriell Zesummesetzung vum Darminhalt op e normale Niveau zr\u00e9ck, d'Darmw\u00e4nn ginn vun onverdauten Reschter gereinegt, wat zur aktiver Entgiftung vum Kierper an zum onbeh\u00ebnnerten Transport vu biologesch aktive N\u00e4hrstoffer b\u00e4idr\u00e9it.<\/p>\n<p><strong>Dos\u00e9ierung<\/strong>: D'empfohlent Dosis ass 1 Kapsel (2*3) pro Dag fir 10 Deeg, ze huelen w\u00e4rend oder no de Moolzechten mat enger klenger Quantit\u00e9it Waasser, Friichtenjus oder T\u00e9i.<\/p>\n<p>Et g\u00ebtt recommand\u00e9iert, d'Behandlungen no enger Paus vun 1\u20132 Wochen ze widderhuelen an hin an er\u00ebm op e Vetom-Produkt mat enger anerer Zuel \u00ebmzeschalten.<br \/>\nOp d\u00ebs Man\u00e9ier k\u00ebnne mir eise ganzen Kierper an eise Verdauungssystem \u00ebnnerst\u00ebtzen.<\/p>\n<p>A <strong>Ech w\u00e4ert s\u00e4en. <span style=\"color: red;\">3<\/span><\/strong> ass net s\u00fcchteg.<\/p>\n<h5>Eegeschaften:<\/h5>\n<ul class=\"vetom-list\">\n<li>Et huet eng h\u00e9ich antagonistesch Aktivit\u00e9it g\u00e9int pathogenesch a bed\u00e9ngt pathogenesch Pilzen a Bakterien a weist antiviral, proteolytesch, amylolytesch a cellulolytesch Eegeschaften.<\/li>\n<li>Stimul\u00e9iert zellul\u00e4r a humoral Faktoren vun der Immunit\u00e9it.<\/li>\n<li>Erh\u00e9icht d'kierperlech onspezifesch Resistenz<\/li>\n<li>stabilis\u00e9iert allergesch Resistenz<\/li>\n<li>normalis\u00e9iert de Stoffwiessel<\/li>\n<li>Stimul\u00e9iert d'Regeneratiounsprozesser, attack\u00e9iert a zerst\u00e9iert kanzer\u00f6s a kranke Zellen.<\/li>\n<\/ul>\n<div class=\"plashka\">Et \u00e4nnert d'Zellmembran an de Metabolismus, an verh\u00ebnnert domat d'Entw\u00e9cklung vu Kriibszellen.<\/div>","protected":false},"featured_media":6599,"comment_status":"open","ping_status":"closed","template":"","meta":[],"product_brand":[],"product_cat":[22],"product_tag":[],"class_list":{"0":"post-445","1":"product","2":"type-product","3":"status-publish","4":"has-post-thumbnail","6":"product_cat-vetom-probiotikumok","8":"first","9":"instock","10":"featured","11":"taxable","12":"shipping-taxable","13":"purchasable","14":"product-type-simple"},"_links":{"self":[{"href":"https:\/\/vetomshop.hu\/lb\/wp-json\/wp\/v2\/product\/445","targetHints":{"allow":["GET"]}}],"collection":[{"href":"https:\/\/vetomshop.hu\/lb\/wp-json\/wp\/v2\/product"}],"about":[{"href":"https:\/\/vetomshop.hu\/lb\/wp-json\/wp\/v2\/types\/product"}],"replies":[{"embeddable":true,"href":"https:\/\/vetomshop.hu\/lb\/wp-json\/wp\/v2\/comments?post=445"}],"wp:featuredmedia":[{"embeddable":true,"href":"https:\/\/vetomshop.hu\/lb\/wp-json\/wp\/v2\/media\/6599"}],"wp:attachment":[{"href":"https:\/\/vetomshop.hu\/lb\/wp-json\/wp\/v2\/media?parent=445"}],"wp:term":[{"taxonomy":"product_brand","embeddable":true,"href":"https:\/\/vetomshop.hu\/lb\/wp-json\/wp\/v2\/product_brand?post=445"},{"taxonomy":"product_cat","embeddable":true,"href":"https:\/\/vetomshop.hu\/lb\/wp-json\/wp\/v2\/product_cat?post=445"},{"taxonomy":"product_tag","embeddable":true,"href":"https:\/\/vetomshop.hu\/lb\/wp-json\/wp\/v2\/product_tag?post=445"}],"curies":[{"name":"wp","href":"https:\/\/api.w.org\/{rel}","templated":true}]}}