{"id":449,"date":"2019-11-12T15:17:02","date_gmt":"2019-11-12T14:17:02","guid":{"rendered":"https:\/\/vetomshop.hu\/?post_type=product&#038;p=449"},"modified":"2026-04-12T08:29:02","modified_gmt":"2026-04-12T06:29:02","slug":"vetom-1-23-probiotikum-csepp","status":"publish","type":"product","link":"https:\/\/vetomshop.hu\/lb\/product\/vetom-1-23-probiotikum-csepp\/","title":{"rendered":"Probiotesch Vetom <span style=\"color: red\">1.23<\/span><br>falen <span style=\"color: red\">10 ml<\/span> (Nahrungserg\u00e4nzungsmittel)"},"content":{"rendered":"<h3>Vetom Probiotikum 1.23 Dr\u00ebpsen 10 ml (Liewensm\u00ebttelzousaz)<\/h3>\n<p><strong>Bacillus subtilis, e n\u00ebtzleche Bakterienstamm<\/strong><\/p>\n<p>Vetom 1.23 ass e fl\u00ebssegt Probiotikum, dat op de virdeelhafte Wierkungen vum Bakterienstamm Bacillus subtilis VKPM V 10641 bas\u00e9iert. D\u00ebst Bakterium ass am grousse Darm am effektivsten, wou et aktiv sech vermehren an vill Enzymen an biologesch aktiv Substanzen produz\u00e9ieren, d\u00e9i d'Verdauung \u00ebnnerst\u00ebtzen.<\/p>\n<p>&nbsp;<\/p>\n<h2><strong>D\u00ebs Materialien sinn:<\/strong><\/h2>\n<p>* d'Wuesstem vu schiedleche Bakterien a Pilzen \u00ebnnerdr\u00e9cken,<\/p>\n<p>H\u00ebllefen d'Duermaueren vun onverdauten Reschter ze botzen,<\/p>\n<p>* \u00ebnnerst\u00ebtzt d'Entfernung vu Toxine,<\/p>\n<p>* d'effektiv Opnam vu N\u00e4hrstoffer, Vitaminnen a Mineralstoffer f\u00ebrderen.<\/p>\n<p>&nbsp;<\/p>\n<p>Vetom 1.23 verbessert d'S\u00e4ure-Basen-Balance am Verdauungssystem a optim\u00e9iert de Metabolismus vun Eisen, Kalzium, Proteinen, Fetter, Kuelenhydrater an anere N\u00e4hrstoffer. D\u00ebst st\u00e4erkt a regener\u00e9iert de Kierper op eng natierlech Man\u00e9ier.<\/p>\n<p>&nbsp;<\/p>\n<h2><strong>Haaptvirdeeler:<\/strong><\/h2>\n<p>* antibakteriellen an antimykoteschen Effekt<\/p>\n<p>* antiviral Eegeschaften<\/p>\n<p>Immunsystemst\u00e4rkung, Zellschutz<\/p>\n<p>F\u00ebrdert d'Zellregeneratioun<\/p>\n<p>Hemmt d'Entw\u00e9cklung vun onnormalen Zellen, dor\u00ebnner Kriibszellen.<\/p>\n<p>Verursaacht keng Niewewierkungen, Ofh\u00e4ngegkeet oder Iwwerdosis<\/p>\n<p>* S\u00e9cher ze benotzen an all Alter<\/p>\n<p>&nbsp;<\/p>\n<p>&nbsp;<\/p>\n<h2><strong>Dos\u00e9ierung an Uwendung:<\/strong><\/h2>\n<p>*Fir den orale Gebrauch<\/p>\n<p>Fir gesond Erwuessener a Kanner: Et g\u00ebtt recommand\u00e9iert, an deenen \u00e9ischten e puer Deeg 2 Dr\u00ebpsen ze benotzen, duerno d'Dos\u00e9ierung lues a lues op 4\u20136 Dr\u00ebpsen ze erh\u00e9ijen. Observ\u00e9iert d'Reaktiounen vun \u00e4rem Kierper w\u00e4rend der Uwendung.<\/p>\n<p>*Fir best\u00ebmmte Krankheeten: 10 Dr\u00ebpsen deeglech fir 10 Deeg<\/p>\n<p>Wiederhuelung vun der Behandlung: g\u00ebtt no enger Paus vun 1\u20132 Wochen recommand\u00e9iert<\/p>\n<p>Et g\u00ebtt recommand\u00e9iert, vun Z\u00e4it zu Z\u00e4it t\u00ebscht Vetom-Produkter mat verschiddene Nummeren ofzewiesselen, fir eng m\u00e9i breet \u00cbnnerst\u00ebtzung fir d'Organisatioun ze kr\u00e9ien.<\/p>\n<p>&nbsp;<\/p>\n<h2><strong>W\u00e9ini g\u00ebtt s\u00e4i Gebrauch recommand\u00e9iert?<\/strong><\/h2>\n<p>*No enger Antibiotikabehandlung, fir d'Duermflora ze regener\u00e9ieren<\/p>\n<p>Als Zousaz zur Therapie bei Kriibs<\/p>\n<p>*Fir Verdauungsst\u00e9ierungen, Duerchfall, Verstopfung, Magenbeschwerden<\/p>\n<p>Bei Immunschw\u00e4chtzoust\u00e4nn<\/p>\n<p>Am Fall vun engem onangenehmen Kierpergeroch oder Otemgeroch<\/p>\n<p>Fir d'Zousatzbehandlung vun Nierensteiner, Liewerkrankheeten an Magen-Darm-Problemer<\/p>\n<p>Opmierksamkeet:<\/p>\n<p>Benotzt d\u00ebst Produkt net a Kombinatioun mat orale Antibiotika oder anere Probiotika. Eng Kombinatioun mat topesch appliz\u00e9ierten Antibiotika ass erlaabt.<\/p>\n<p>&nbsp;<\/p>\n<h2><strong>Wichteg:<\/strong><\/h2>\n<p>Et g\u00ebtt net recommand\u00e9iert, et zesumme mat anere oralen Probiotika oder Antibiotika ze huelen, besonnesch Sulfonamide an antineoplastesch Agenzen.<\/p>\n<p>&nbsp;<\/p>\n<h2><strong>Zutaten:<\/strong><\/h2>\n<p>Mais-Extrakt, ferment\u00e9iert mat der *Bacillus subtilis*-Stam (VKPM V 10641 \/ DSM 24613)<\/p>\n<p>Natriumchlorid<\/p>\n<p>Tr\u00e4germaterial<\/p>\n<p><strong>\u00a0<\/strong><\/p>\n<h2><strong>Verpackung:<\/strong><\/h2>\n<p>10 ml Pipettenfl\u00e4sch aus Glas oder Plastik<\/p>\n<p>Kann natierlecht Sediment enthalen, wat kee Qualit\u00e9itsdefekt ass.<\/p>\n<p>&nbsp;<\/p>\n<h2><strong>Ausgesinn:<\/strong><\/h2>\n<p>Liicht gielbrong Fl\u00ebssegkeet mat engem charakteristeschen Geroch<\/p>\n<p>Gewiicht: 0,02 kg<\/p>\n<p>*Mooss: 3 \u00d7 3 \u00d7 7 cm<\/p>\n<p>*Ursprong: Russland<\/p>\n<p>&nbsp;<\/p>\n<h2>Lagerinformatioun:<\/h2>\n<p>Lagerung: T\u00ebscht 0\u201310 \u00b0C, mat enger maximaler relativer Fiichtegkeet vun 75%<\/p>\n<p>Transport an tempor\u00e4r Lagerung: 10\u201330 \u00b0C fir bis zu 18 Deeg<\/p>\n<p>*Nom Opmaachen: am Frigo (0\u201310 \u00b0C) opbehalen.<\/p>","protected":false},"excerpt":{"rendered":"<h5>Uwendung<\/h5>\n<p>A <strong>Ech vetoe\u00e9ieren 1.23<\/strong> Et g\u00ebtt als Nahrungserg\u00e4nzungsquell vu probiotesche Mikroorganismen benotzt, fir d'Gesondheet vum M\u00ebnsch ze verbesseren. S\u00e4in styrkende Effekt ass w\u00e9inst <strong>Bacillus subtilis<\/strong> Wierkung, d\u00e9i haapts\u00e4chlech duerch d'Vermehrung am D\u00e9ckdarm entsteet:<\/p>\n<ul class=\"vetom-list\">\n<li>proteolytesch, amylytesch, cellulolytesch Enzymer;<\/li>\n<li>a-2 Interferon vun m\u00ebnschleche w\u00e4isse Bluttzellen;<\/li>\n<li>Bacitracin an aner biologesch aktiv Substanzen, d\u00e9i e wesentlechen Wuesstem vu pathogenen oder relativ pathogenen Mikroflora verh\u00ebnneren.<\/li>\n<\/ul>\n<p>Als Resultat vun d\u00ebsem Prozess g\u00ebtt d'bakteriell Flora vum Darmtrakt transform\u00e9iert, bis si identesch ass mat der Norm, d\u00e9i sech w\u00e4rend der Evolutioun entw\u00e9ckelt huet. D'Darmw\u00e4nn ginn vun onverd\u00e4iwleche Iessreschter gereinegt, wat d'aktiv Entfernung vu toxesche Substanzen aus dem Kierper an den onbeh\u00ebnnerten Transport vu biologesch aktive Substanzen a N\u00e4hrstoffer f\u00ebrdert.<\/p>\n<div class=\"plashka\">A <strong>Ech vetoe\u00e9ieren 1.23<\/strong> Et normalis\u00e9iert d'Verdauung, d'Absorptioun an de Metabolismus vum Eisen, Kalzium, Fetter, Proteinen, Kuelenhydrater, Triglyceriden, Aminosaieren, Dipeptiden an Gallesalzer, an normalis\u00e9iert d'sauer \u00cbmwelt vum Verdauungssystem. D'Benotzung vu Vetom 1.23 h\u00eblleft dem Kierper, eng gutt Gesondheet z'erhalen.<\/div>\n<p>A <strong>Ech vetoe\u00e9ieren 1.23<\/strong> Erh\u00e9icht d'Effektivit\u00e9it vun de Medikamenter a reduz\u00e9iert hir negativ Niewewierkungen um m\u00ebnschleche Kierper.<\/p>\n<h6>Eegeschaften:<\/h6>\n<ul class=\"vetom-list\">\n<li>Et huet eng h\u00e9ich antagonistesch Aktivit\u00e9it g\u00e9int pathogenesch a bed\u00e9ngt pathogenesch Pilzen a Bakterien a weist antiviral, proteolytesch, amylolytesch a cellulolytesch Eegeschaften.<\/li>\n<li>Stimul\u00e9iert zellul\u00e4r a humoral Faktoren vun der Immunit\u00e9it.<\/li>\n<li>Erh\u00e9icht d'kierperlech onspezifesch Resistenz<\/li>\n<li>stabilis\u00e9iert allergesch Resistenz<\/li>\n<li>normalis\u00e9iert de Stoffwiessel<\/li>\n<li>Stimul\u00e9iert d'Regeneratiounsprozesser, attack\u00e9iert a zerst\u00e9iert kanzer\u00f6s a kranke Zellen.<\/li>\n<\/ul>\n<div class=\"plashka\">Et \u00e4nnert d'Zellmembran an de Metabolismus, an verh\u00ebnnert domat d'Entw\u00e9cklung vu Kriibszellen.<\/div>","protected":false},"featured_media":6615,"comment_status":"open","ping_status":"closed","template":"","meta":[],"product_brand":[],"product_cat":[22],"product_tag":[],"class_list":{"0":"post-449","1":"product","2":"type-product","3":"status-publish","4":"has-post-thumbnail","6":"product_cat-vetom-probiotikumok","8":"first","9":"instock","10":"featured","11":"taxable","12":"shipping-taxable","13":"purchasable","14":"product-type-simple"},"_links":{"self":[{"href":"https:\/\/vetomshop.hu\/lb\/wp-json\/wp\/v2\/product\/449","targetHints":{"allow":["GET"]}}],"collection":[{"href":"https:\/\/vetomshop.hu\/lb\/wp-json\/wp\/v2\/product"}],"about":[{"href":"https:\/\/vetomshop.hu\/lb\/wp-json\/wp\/v2\/types\/product"}],"replies":[{"embeddable":true,"href":"https:\/\/vetomshop.hu\/lb\/wp-json\/wp\/v2\/comments?post=449"}],"wp:featuredmedia":[{"embeddable":true,"href":"https:\/\/vetomshop.hu\/lb\/wp-json\/wp\/v2\/media\/6615"}],"wp:attachment":[{"href":"https:\/\/vetomshop.hu\/lb\/wp-json\/wp\/v2\/media?parent=449"}],"wp:term":[{"taxonomy":"product_brand","embeddable":true,"href":"https:\/\/vetomshop.hu\/lb\/wp-json\/wp\/v2\/product_brand?post=449"},{"taxonomy":"product_cat","embeddable":true,"href":"https:\/\/vetomshop.hu\/lb\/wp-json\/wp\/v2\/product_cat?post=449"},{"taxonomy":"product_tag","embeddable":true,"href":"https:\/\/vetomshop.hu\/lb\/wp-json\/wp\/v2\/product_tag?post=449"}],"curies":[{"name":"wp","href":"https:\/\/api.w.org\/{rel}","templated":true}]}}