{"id":453,"date":"2019-11-12T15:33:21","date_gmt":"2019-11-12T14:33:21","guid":{"rendered":"https:\/\/vetomshop.hu\/?post_type=product&#038;p=453"},"modified":"2026-04-12T08:28:47","modified_gmt":"2026-04-12T06:28:47","slug":"vetom-3-22-probiotikum-csepp","status":"publish","type":"product","link":"https:\/\/vetomshop.hu\/lb\/product\/vetom-3-22-probiotikum-csepp\/","title":{"rendered":"Probiotesch Vetom <span style=\"color: red\">3.22<\/span><br>falen <span style=\"color: red\">10 ml<\/span> (Nahrungserg\u00e4nzungsmittel)"},"content":{"rendered":"<h3>Vetom 3.22 Probiotik-Dr\u00ebpsen (Liewensm\u00ebttelzousaz)<\/h3>\n<p>Vetom 4 ass e natierlecht Probiotikum, dat op de virdeelhaften Effekter vum *Bacillus amyloliquefaciens* bas\u00e9iert. D\u00ebst Bakterium vermehren sech haapts\u00e4chlech am *Duerch an am D\u00ebnndarm*, wou et verschidde Enzymen (Protein-, St\u00e4arch- a Faserverdaueungsenzymen) an biologesch aktiv Substanzen produz\u00e9iert.<\/p>\n<h2>D\u00ebs sinn:<\/h2>\n<p>hemmen d'Wuesstem vu schiedleche Bakterien a Pilzen,<br \/>\nh\u00eblleft d'Dueremauer vum Duerchgang vun onverdauter Substanz ze botzen,<br \/>\n* \u00cbnnerst\u00ebtzung vun der N\u00e4hrstoffopnahm,<br \/>\n* d'Detoxikatioun vum Kierper f\u00ebrderen.<\/p>\n<p>Regelm\u00e9isseg Opnam vu Vetom 4 dr\u00e9it zur Entw\u00e9cklung vun enger gesonder Darmflora b\u00e4i, verbessert d'Verdauung a \u00ebnnerst\u00ebtzt de Kierper bei der Utilisatioun vu N\u00e4hrstoffer an Energie.<\/p>\n<h2>Vetom v\u00e9ier<\/h2>\n<p>\u00cbnnerst\u00ebtzt d'natierlecht Gl\u00e4ichgewiicht vum Darmsystem<br \/>\nNormaliseiert d'Verdauung an de Metabolismus<br \/>\nVerbessert d'Funktioun vum Immunsystem<br \/>\nReduz\u00e9iert d'Nebenwirkungen vun de Medikamenter<br \/>\n* Sch\u00fctzt de Kierper op zellularem Niveau a h\u00eblleft, d'Entw\u00e9cklung vu Tumoren ze verh\u00ebnneren<\/p>\n<h2>Virdeeler:<\/h2>\n<p>* antibakteriellen an antimykoteschen Effekt<br \/>\n* Virust\u00ebmmeg an Immunsystem-st\u00e4rkend<br \/>\n\u00cbnnerst\u00ebtzt d'Verdauung duerch seng enzymproduz\u00e9ierend Eegeschaften<br \/>\nH\u00eblleft bei der Zellregeneratioun<br \/>\nHemmt d'Bildung an d'Vermehrung vu kranken a kriibser Zellen<br \/>\nVerursaacht keng Ofh\u00e4ngegkeet, Iwwerdosis oder Niewewierkungen<br \/>\nG\u00ebeegent fir Erwuessener vun all Alter (iwwer 14 Joer)<\/p>\n<h2>Uwendungsber\u00e4ich:<\/h2>\n<p>Empfohloen als biologesch aktiv Liewensm\u00ebttelzousaz fir d'Funktioun vum Magen an den Duermen z'\u00ebnnerst\u00ebtzen an d'Duermenflora er\u00ebm opzebauen.<\/p>\n<h2>Dos\u00e9ierung:<\/h2>\n<p>Huelt 1 Kapsel 2\u20133 Mol den Dag fir 10 Deeg, virum, w\u00e4rend oder nom Iessen, mat enger klenger Quantit\u00e9it Fl\u00ebssegkeet (Waasser, T\u00e9i oder Uebstjus). Observ\u00e9iert d'Reaktiounen vun \u00e4rem Kierper w\u00e4rend der Eeinnahm vum Nahrungserg\u00e4nzungsm\u00ebttel a erh\u00e9icht bei Bedarf lues a lues d'Dosis op 5\u201310 Kapselen pro Dag.<\/p>\n<p>D'Behandlung kann no enger Paus vun 1\u20132 Wochen zu all Moment widderholl ginn. Et g\u00ebtt recommand\u00e9iert, vun Z\u00e4it zu Z\u00e4it mat anere Zorten vu Vetom-Produkter ofzewiesselen, fir de ganzen Kierper z'\u00ebnnerst\u00ebtzen.<\/p>\n<h2>Virschlag:<\/h2>\n<p>Et ass ratsam, d'Behandlung no enger Paus vun 1\u20132 Wochen ze widderhuelen. Vun Z\u00e4it zu Z\u00e4it ass et ratsam, op eng aner Zort Vetom-Zubereedung \u00ebmzewiesselen, fir dem Kierper eng \u00ebmfaassend \u00cbnnerst\u00ebtzung ze bidden.<\/p>\n<h2>Wichteg Informatiounen:<\/h2>\n<p>Kontraindikatiounen: Iwwersensibilit\u00e9it g\u00e9int best\u00ebmmte Zutaten<br \/>\nSchwangerschaft\/St\u00ebllung: n\u00ebmmen no Absprache mam Dokter<br \/>\nBeaflosst net d'Fuere oder d'Bedreiwung vu gef\u00e9ierleche Maschinnen.<\/p>\n<h2>Aner Informatiounen:<\/h2>\n<p>Beaflosst net d'Fuere oder d'Bedreiwung vu gef\u00e9ierleche Maschinnen.<br \/>\nLagerung: an engem dr\u00e9che, kille Plaz (max. 30 \u00b0C), ausser Reechw\u00e4it vu Kanner<br \/>\nGarantie: 2 Joer vum Fabrikatiounsdatum un<br \/>\nVerpackung: 10 Kapselen an Blisterverpackungen, 5 Packungen an enger K\u00ebscht (insgesamt 50 Kapselen)<\/p>\n<h2>Lagerungsbed\u00e9ngungen:<\/h2>\n<p>Sp\u00e4ichert op enger k\u00fchler, dr\u00e9cher Plaz (max. 30 \u00b0C, max. 75 % relativ Fiichtegkeet)<br \/>\nHalt ausser Reechw\u00e4it vu Kanner.<br \/>\nGarantieperiod: 2 Joer vum Fabrikatiounsdatum un<br \/>\nUrsprongsland: Russland<\/p>\n<h2>Inhalt vun enger Kapsel:<\/h2>\n<p>Mais-Extrakt \u2013 133 mg<br \/>\n* Kartoffelst\u00e4rk \u2013 100 mg<br \/>\n* Saccharose (Pudderzocker) \u2013 67 mg<br \/>\n* **Bacillus amyloliquefaciens VKPM B-10643** probiotescht Bakterienstamm (DSM 24615) \u2013 30 mg (1\u00d710\u2079 KBE\/g)<\/p>\n<p>Alternativ \u00c4quivalent a Fallform: Vetom 4.24 (10 ml)<\/p>\n<p>Ursprongsort: <strong>Russland<\/strong><\/p>","protected":false},"excerpt":{"rendered":"<h5>Uwendung<\/h5>\n<p>D\u00e9i <strong>Ech w\u00e4ert s\u00e4en.<\/strong> <span style=\"color: red; font-weight: 800;\">3.22<\/span> Et g\u00ebtt als Nahrungserg\u00e4nzungsquell vu probiotesche Mikroorganismen benotzt, fir d'Gesondheet vum M\u00ebnsch ze verbesseren. S\u00e4in styrkende Effekt ass w\u00e9inst <strong>Bazillus myloliquefaciens<\/strong>, dat haapts\u00e4chlech am Duerchdarm vermehren an proteolytesch, amylolytesch, cellulolytesch Enzymen an aner biologesch aktiv Substanzen produz\u00e9iert.<\/p>\n<div class=\"plashka\">Als Resultat vun d\u00ebsem Prozess g\u00ebtt d'bakteriell Flora vum Darmtrakt transform\u00e9iert, bis si identesch ass mat der Norm, d\u00e9i sech w\u00e4rend der Evolutioun entw\u00e9ckelt huet. D'Darmw\u00e4nn ginn vun onverd\u00e4iwleche Iessreschter gereinegt, wat d'aktiv Entfernung vu toxesche Substanzen aus dem Kierper an den onbeh\u00ebnnerten Transport vu biologesch aktive Substanzen a N\u00e4hrstoffer f\u00ebrdert.<\/div>\n<p>A <strong>Ech w\u00e4ert s\u00e4en.<\/strong> <span style=\"color: red; font-weight: 800;\">3.22<\/span> Erh\u00e9icht d'Effektivit\u00e9it vun de Medikamenter a reduz\u00e9iert hir negativ Niewewierkungen um m\u00ebnschleche Kierper.<\/p>\n<h6>Eegeschaften:<\/h6>\n<ul class=\"vetom-list\">\n<li>Et huet eng h\u00e9ich antagonistesch Aktivit\u00e9it g\u00e9int pathogenesch a bed\u00e9ngt pathogenesch Pilzen a Bakterien a weist antiviral, proteolytesch, amylolytesch a cellulolytesch Eegeschaften.<\/li>\n<li>Stimul\u00e9iert zellul\u00e4r a humoral Faktoren vun der Immunit\u00e9it.<\/li>\n<li>Erh\u00e9icht d'kierperlech onspezifesch Resistenz<\/li>\n<li>stabilis\u00e9iert allergesch Resistenz<\/li>\n<li>normalis\u00e9iert de Stoffwiessel<\/li>\n<li>Stimul\u00e9iert d'Regeneratiounsprozesser, attack\u00e9iert a zerst\u00e9iert kanzer\u00f6s a kranke Zellen.<\/li>\n<\/ul>\n<div class=\"plashka\">A <strong>Ech w\u00e4ert s\u00e4en.<\/strong> <span style=\"color: red; font-weight: 800;\">3.22<\/span> Et normalis\u00e9iert d'Verdauung, d'Absorptioun an de Metabolismus vum Eisen, Kalzium, Fetter, Proteinen, Kuelenhydrater, Triglyceriden, Aminosaieren, Dipeptiden an Gallensalzer, an normalis\u00e9iert d'sauer \u00cbmwelt vum Verdauungssystem.<\/div>","protected":false},"featured_media":6613,"comment_status":"open","ping_status":"closed","template":"","meta":[],"product_brand":[],"product_cat":[22],"product_tag":[],"class_list":{"0":"post-453","1":"product","2":"type-product","3":"status-publish","4":"has-post-thumbnail","6":"product_cat-vetom-probiotikumok","8":"first","9":"instock","10":"featured","11":"taxable","12":"shipping-taxable","13":"purchasable","14":"product-type-simple"},"_links":{"self":[{"href":"https:\/\/vetomshop.hu\/lb\/wp-json\/wp\/v2\/product\/453","targetHints":{"allow":["GET"]}}],"collection":[{"href":"https:\/\/vetomshop.hu\/lb\/wp-json\/wp\/v2\/product"}],"about":[{"href":"https:\/\/vetomshop.hu\/lb\/wp-json\/wp\/v2\/types\/product"}],"replies":[{"embeddable":true,"href":"https:\/\/vetomshop.hu\/lb\/wp-json\/wp\/v2\/comments?post=453"}],"wp:featuredmedia":[{"embeddable":true,"href":"https:\/\/vetomshop.hu\/lb\/wp-json\/wp\/v2\/media\/6613"}],"wp:attachment":[{"href":"https:\/\/vetomshop.hu\/lb\/wp-json\/wp\/v2\/media?parent=453"}],"wp:term":[{"taxonomy":"product_brand","embeddable":true,"href":"https:\/\/vetomshop.hu\/lb\/wp-json\/wp\/v2\/product_brand?post=453"},{"taxonomy":"product_cat","embeddable":true,"href":"https:\/\/vetomshop.hu\/lb\/wp-json\/wp\/v2\/product_cat?post=453"},{"taxonomy":"product_tag","embeddable":true,"href":"https:\/\/vetomshop.hu\/lb\/wp-json\/wp\/v2\/product_tag?post=453"}],"curies":[{"name":"wp","href":"https:\/\/api.w.org\/{rel}","templated":true}]}}