{"id":455,"date":"2019-11-12T15:37:52","date_gmt":"2019-11-12T14:37:52","guid":{"rendered":"https:\/\/vetomshop.hu\/?post_type=product&#038;p=455"},"modified":"2026-04-12T08:28:38","modified_gmt":"2026-04-12T06:28:38","slug":"vetom-4-24-probiotikum-csepp","status":"publish","type":"product","link":"https:\/\/vetomshop.hu\/lb\/product\/vetom-4-24-probiotikum-csepp\/","title":{"rendered":"Probiotesch Vetom <span style=\"color: red\">4.24<\/span><br>falen <span style=\"color: red\">10 ml<\/span> (Nahrungserg\u00e4nzungsmittel)"},"content":{"rendered":"<h3>Vetom 4.24 Probiotikadr\u00ebpsen 10 ml (Liewensm\u00ebttelzousaz)<\/h3>\n<p>Stam Bacillus amyloliquefaciens VKPM B-10643 (DSM 24615)<\/p>\n<p>Vetom 4.24 ass e modernen, natierlechen Probiotikum, dat d'Balance vun der Darmflora \u00ebnnerst\u00ebtzt, d'Verdauung verbessert an d'Immunsystem st\u00e4erkt. Den Haaptw\u00e4erksstoff vun der Zubereedung ass d'Bakterium *Bacillus amyloliquefaciens*, dat s\u00e4i virdeeler\u00e4iche Effekt haapts\u00e4chlech am D\u00ebnndarm aus\u00fcbt.<\/p>\n<h2>W\u00e9i h\u00eblleft et?<\/h2>\n<p>\u00cbnnerst\u00ebtzt d'Entw\u00e9cklung vun enger gesonder Darmflora<br \/>\nF\u00ebrdert d'Opnam vun N\u00e4hrstoffer (z. B. Eisen, Kalzium, Proteinen, Fetter, Kuelenhydrater)<br \/>\nH\u00eblleft Toxine aus dem Kierper ze ewechhuelen<br \/>\nSt\u00e4erkt d'Immunsystem, huet antiviral, antibakteriell an antimykotesch Eegeschaften<br \/>\nF\u00ebrdert d'Zellregeneratioun a kann d'Vermehrung vu schiedleche Zellen reduz\u00e9ieren.<br \/>\nStabilis\u00e9iert de Metabolismus an d'S\u00e4urebalance am Verdauungssystem<br \/>\n* Verst\u00e4erkt d'Wierkungen vun anere Medikamenter a reduz\u00e9iert hir Niewewierkungen<\/p>\n<h2>Virdeeler:<\/h2>\n<p>\u2705 Keng Niewewierkungen<br \/>\n\u2705 G\u00ebeegent fir all Altersgruppen<br \/>\n\u2705 Verursaacht keng Ofh\u00e4ngegkeet<br \/>\n\u2705 Eng Iwwerdosis ass net m\u00e9iglech<\/p>\n<h2>Empfohlene Dosis:<\/h2>\n<p>Fir gesond Erwuessener a Kanner: Et g\u00ebtt recommand\u00e9iert, an deenen \u00e9ischten e puer Deeg 2 Dr\u00ebpsen ze benotzen, duerno d'Dos\u00e9ierung lues a lues op 4\u20136 Dr\u00ebpsen ze erh\u00e9ijen. Observ\u00e9iert d'Reaktiounen vun \u00e4rem Kierper w\u00e4rend der Uwendung.<br \/>\n*Fir best\u00ebmmte Krankheeten: 10 Dr\u00ebpsen pro Dag fir 10 Deeg<br \/>\nD'Behandlung kann no enger Paus vun 1\u20132 Wochen widderholl ginn.<br \/>\nEt g\u00ebtt recommand\u00e9iert, vu Z\u00e4it zu Z\u00e4it mat anere Zorten vu Vetom-Produkter ofzewiesselen (z. B. Vetom 1.23, 2.25, 3.22), fir eng \u00ebmfaassend \u00cbnnerst\u00ebtzung vum Darm ze garant\u00e9ieren.<\/p>\n<h2>\nWichteg:<\/h2>\n<p>Et g\u00ebtt net recommand\u00e9iert, et zesumme mat anere oralen Probiotika oder Antibiotika ze huelen, besonnesch Sulfonamide an antineoplastesch Agenzen.<\/p>\n<h2>Zutaten:<\/h2>\n<p>* Bacillus amyloliquefaciens (VKPM B-10643 \/ DSM 24615) ferment\u00e9ierten Mais-Extrakt<br \/>\nNatriumchlorid<br \/>\nTr\u00e4germaterial<\/p>\n<h2>Verpackung:<\/h2>\n<p>10 ml Pipettenfl\u00e4sch aus Glas oder Plastik<br \/>\nKann natierlecht Sediment enthalen, wat kee Qualit\u00e9itsdefekt ass.<\/p>\n<h2>Ausgesinn:<\/h2>\n<p>Liicht gielbrong Fl\u00ebssegkeet mat engem charakteristeschen Geroch<\/p>\n<p>Gewiicht: 0,02 kg<br \/>\n*Mooss: 3 \u00d7 3 \u00d7 7 cm<br \/>\n*Ursprong: Russland<\/p>\n<h2>Lagerinformatioun:<\/h2>\n<p>Lagerung: T\u00ebscht 0\u201310 \u00b0C, mat enger maximaler relativer Fiichtegkeet vun 75%<br \/>\nTransport an tempor\u00e4r Lagerung: 10\u201330 \u00b0C<br \/>\n*Nom Opmaachen: am Frigo (0\u201310 \u00b0C) opbehalen<\/p>","protected":false},"excerpt":{"rendered":"<h5>Uwendung<\/h5>\n<p>A <strong>Ech w\u00e4ert s\u00e4en.<\/strong> <span style=\"color: red; font-weight: 800;\">4.24<\/span> Et g\u00ebtt als Nahrungserg\u00e4nzungsquell vu probiotesche Mikroorganismen benotzt, fir d'Gesondheet vum M\u00ebnsch ze verbesseren. S\u00e4in styrkende Effekt ass w\u00e9inst <strong>Bazillus myloliquefaciens<\/strong>, dat haapts\u00e4chlech am D\u00ebnndarm vermehren an proteolytesch, amylolytesch, cellulolytesch Enzymen an aner biologesch aktiv Substanzen produz\u00e9iert.<\/p>\n<div class=\"plashka\">Als Resultat vun d\u00ebsem Prozess g\u00ebtt d'bakteriell Flora vum Darmtrakt transform\u00e9iert, bis si identesch ass mat der Norm, d\u00e9i sech w\u00e4rend der Evolutioun entw\u00e9ckelt huet. D'Darmw\u00e4nn ginn vun onverd\u00e4iwleche Iessreschter gereinegt, wat d'aktiv Entfernung vu toxesche Substanzen aus dem Kierper an den onbeh\u00ebnnerten Transport vu biologesch aktive Substanzen a N\u00e4hrstoffer f\u00ebrdert.<\/div>\n<p>A <strong>Ech w\u00e4ert s\u00e4en.<\/strong> <span style=\"color: red; font-weight: 800;\">4.24<\/span> Et normalis\u00e9iert d'Verdauung, d'Absorptioun an de Metabolismus vum Eisen, Kalzium, Fetter, Proteinen, Kuelenhydrater, Triglyceriden, Aminosaieren, Dipeptiden an Gallensalzer, an normalis\u00e9iert d'sauer \u00cbmwelt vum Verdauungssystem.<\/p>\n<div class=\"plashka\">A <strong>Ech w\u00e4ert s\u00e4en.<\/strong> <span style=\"color: red; font-weight: 800;\">4.24<\/span> D'Benotzung h\u00eblleft dem Kierper, eng gutt Gesondheet ze erhalen.<\/div>\n<p>A <strong>Ech w\u00e4ert s\u00e4en.<\/strong> <span style=\"color: red; font-weight: 800;\">4.24<\/span> Erh\u00e9icht d'Effektivit\u00e9it vun de Medikamenter a reduz\u00e9iert hir negativ Niewewierkungen um m\u00ebnschleche Kierper.<\/p>\n<h6>Eegeschaften:<\/h6>\n<ul class=\"vetom-list\">\n<li>Et huet eng h\u00e9ich antagonistesch Aktivit\u00e9it g\u00e9int pathogenesch a bed\u00e9ngt pathogenesch Pilzen a Bakterien a weist antiviral, proteolytesch, amylolytesch a cellulolytesch Eegeschaften.<\/li>\n<li>Stimul\u00e9iert zellul\u00e4r a humoral Faktoren vun der Immunit\u00e9it.<\/li>\n<li>Erh\u00e9icht d'kierperlech onspezifesch Resistenz<\/li>\n<li>stabilis\u00e9iert allergesch Resistenz<\/li>\n<li>normalis\u00e9iert de Stoffwiessel<\/li>\n<li>Stimul\u00e9iert d'Regeneratiounsprozesser, attack\u00e9iert a zerst\u00e9iert kanzer\u00f6s a kranke Zellen.<\/li>\n<\/ul>","protected":false},"featured_media":6614,"comment_status":"open","ping_status":"closed","template":"","meta":[],"product_brand":[],"product_cat":[22],"product_tag":[],"class_list":{"0":"post-455","1":"product","2":"type-product","3":"status-publish","4":"has-post-thumbnail","6":"product_cat-vetom-probiotikumok","8":"first","9":"instock","10":"featured","11":"taxable","12":"shipping-taxable","13":"purchasable","14":"product-type-simple"},"_links":{"self":[{"href":"https:\/\/vetomshop.hu\/lb\/wp-json\/wp\/v2\/product\/455","targetHints":{"allow":["GET"]}}],"collection":[{"href":"https:\/\/vetomshop.hu\/lb\/wp-json\/wp\/v2\/product"}],"about":[{"href":"https:\/\/vetomshop.hu\/lb\/wp-json\/wp\/v2\/types\/product"}],"replies":[{"embeddable":true,"href":"https:\/\/vetomshop.hu\/lb\/wp-json\/wp\/v2\/comments?post=455"}],"wp:featuredmedia":[{"embeddable":true,"href":"https:\/\/vetomshop.hu\/lb\/wp-json\/wp\/v2\/media\/6614"}],"wp:attachment":[{"href":"https:\/\/vetomshop.hu\/lb\/wp-json\/wp\/v2\/media?parent=455"}],"wp:term":[{"taxonomy":"product_brand","embeddable":true,"href":"https:\/\/vetomshop.hu\/lb\/wp-json\/wp\/v2\/product_brand?post=455"},{"taxonomy":"product_cat","embeddable":true,"href":"https:\/\/vetomshop.hu\/lb\/wp-json\/wp\/v2\/product_cat?post=455"},{"taxonomy":"product_tag","embeddable":true,"href":"https:\/\/vetomshop.hu\/lb\/wp-json\/wp\/v2\/product_tag?post=455"}],"curies":[{"name":"wp","href":"https:\/\/api.w.org\/{rel}","templated":true}]}}