{"id":4664,"date":"2023-11-11T14:33:45","date_gmt":"2023-11-11T13:33:45","guid":{"rendered":"https:\/\/vetomshop.hu\/termek\/aphrodita-medal\/"},"modified":"2023-11-11T14:33:45","modified_gmt":"2023-11-11T13:33:45","slug":"aphrodita-medal","status":"publish","type":"product","link":"https:\/\/vetomshop.hu\/lb\/product\/aphrodita-medal\/","title":{"rendered":"Aphrodite-Medail"},"content":{"rendered":"<p><strong>Aphrodite-Anh\u00e4nger<\/strong><\/p>\n<p>Dank der BioTrEM-Technologie ass et m\u00e9iglech ginn, e spezifescht spektralt Muster op engem speziellen Kristall ze kre\u00e9ieren. Wann arbitr\u00e4r Energiequanten \u2013 souguer H\u00ebtzt \u2013 mat der Kristalluewerfl\u00e4ch a Kontakt kommen, sendt de Generator extrem schwaach Signaler vum op him opgehollene spektralen Muster aus.<br \/>\nM\u00ebttlerweil interag\u00e9iert d'elektromagnetesch Stralung vum Medailjon mam liewegen Organismus.<\/p>\n<div class=\"su-spoiler su-spoiler-style-defoult su-spoiler-icon-caret su-spoiler-closed\" data-scroll-offset=\"0\" data-anchor-in-url=\"no\"><div class=\"su-spoiler-title\" tabindex=\"0\" role=\"button\"><span class=\"su-spoiler-icon\"><\/span>Alles<\/div><div class=\"su-spoiler-content su-u-clearfix su-u-trim\">\n<p>Den APHRODITE-Anh\u00e4nger stimul\u00e9iert d'Synthese vun de weiblechen Pheromonen, wat dozou f\u00e9iert, datt speziell Dr\u00fcsen am weiblechen Kierper Pheromonen, Androstenol an Copulin m\u00e9i intensiv produz\u00e9ieren. Je m\u00e9i Pheromonen eng Fra produz\u00e9iert, desto m\u00e9i sexuell attraktiv ass si fir M\u00e4nner. Androstenol ermuntert anerer dozou, ze kommuniz\u00e9ieren, an l\u00e9isst si m\u00e9i jonk ersch\u00e9ngen.<\/p>\n<p>Copulin ass e weiblecht Hormon, dat fir sexuell Attraktioun zoust\u00e4nneg ass.<\/p>\n<p>Wann een de APHRODITE-Anh\u00e4nger benotzt, erh\u00e9icht sech d'Produktioun vun de weiblechen Pheromonen (Androstenon an Kopulin), dank d\u00e4r d'Tr\u00e4ger:<\/p>\n<ul>\n<li>d'Opmierksamkeet vun de M\u00e4nner unz\u00e9ien,<\/li>\n<li>Matgefill erwecken,<\/li>\n<li>sich m\u00e9i einfach kennen ze l\u00e9ieren,<\/li>\n<li>erreechen m\u00e9i groussen Gesch\u00e4ftsuerfolg, gew\u00ebnnen m\u00e9i Selbstvertrauen,<\/li>\n<li>Si kre\u00e9ieren \u201ed\u00e9i eenzeg onwiderstoenbar Persoun\u201d fir hiren Partner.<\/li>\n<\/ul>\n<p>Androstenol beschleunegt d'Entw\u00e9cklung vu Sympathie, erw\u00e4cht Gefiller vu Fr\u00ebndschaft beim Gespr\u00e9ichspartner, evok\u00e9iert romantesch Gefiller a schaaft eng Aura vu Jugend a Fr\u00ebschheet, onofh\u00e4ngeg dovun, w\u00e9i al mir sinn!<\/p>\n<\/div><\/div>","protected":false},"excerpt":{"rendered":"<p>Aphrodita med\u00e1l A BioTrEM-technol\u00f3gi\u00e1nak k\u00f6sz\u00f6nhet\u0151en lehets\u00e9gess\u00e9 v\u00e1lt l\u00e9trehozni a speci\u00e1lis krist\u00e1lyon egy adott term\u00e9szet\u0171 spektr\u00e1lis mint\u00e1t. Amikor tetsz\u0151leges energiakvantumok \u2013 ak\u00e1r h\u0151 &#8211; \u00e9rintkezik a krist\u00e1ly fel\u00fclet\u00e9vel, a gener\u00e1tor a rajta r\u00f6gz\u00edtett spektr\u00e1lis minta extr\u00e9m gyenge jeleit bocs\u00e1jtja ki. Ek\u00f6zben a med\u00e1l elektrom\u00e1gneses sug\u00e1rz\u00e1sa k\u00f6lcs\u00f6nhat\u00e1sba ker\u00fcl az \u00e9l\u0151 szervezettel.<\/p>","protected":false},"featured_media":4663,"comment_status":"open","ping_status":"closed","template":"","meta":[],"product_brand":[],"product_cat":[33,32],"product_tag":[],"class_list":{"0":"post-4664","1":"product","2":"type-product","3":"status-publish","4":"has-post-thumbnail","6":"product_cat-egeszseg-medalok","7":"product_cat-triomed","9":"first","10":"instock","11":"taxable","12":"shipping-taxable","13":"purchasable","14":"product-type-simple"},"_links":{"self":[{"href":"https:\/\/vetomshop.hu\/lb\/wp-json\/wp\/v2\/product\/4664","targetHints":{"allow":["GET"]}}],"collection":[{"href":"https:\/\/vetomshop.hu\/lb\/wp-json\/wp\/v2\/product"}],"about":[{"href":"https:\/\/vetomshop.hu\/lb\/wp-json\/wp\/v2\/types\/product"}],"replies":[{"embeddable":true,"href":"https:\/\/vetomshop.hu\/lb\/wp-json\/wp\/v2\/comments?post=4664"}],"wp:featuredmedia":[{"embeddable":true,"href":"https:\/\/vetomshop.hu\/lb\/wp-json\/wp\/v2\/media\/4663"}],"wp:attachment":[{"href":"https:\/\/vetomshop.hu\/lb\/wp-json\/wp\/v2\/media?parent=4664"}],"wp:term":[{"taxonomy":"product_brand","embeddable":true,"href":"https:\/\/vetomshop.hu\/lb\/wp-json\/wp\/v2\/product_brand?post=4664"},{"taxonomy":"product_cat","embeddable":true,"href":"https:\/\/vetomshop.hu\/lb\/wp-json\/wp\/v2\/product_cat?post=4664"},{"taxonomy":"product_tag","embeddable":true,"href":"https:\/\/vetomshop.hu\/lb\/wp-json\/wp\/v2\/product_tag?post=4664"}],"curies":[{"name":"wp","href":"https:\/\/api.w.org\/{rel}","templated":true}]}}