{"id":4666,"date":"2023-11-11T14:33:45","date_gmt":"2023-11-11T13:33:45","guid":{"rendered":"https:\/\/vetomshop.hu\/termek\/alfa-medal\/"},"modified":"2023-11-11T14:33:45","modified_gmt":"2023-11-11T13:33:45","slug":"alfa-medal","status":"publish","type":"product","link":"https:\/\/vetomshop.hu\/lb\/product\/alfa-medal\/","title":{"rendered":"Alpha-Medail"},"content":{"rendered":"<h4>ALFA Gesondheetsmedailion<\/h4>\n<p><strong>Haaptfunktiounen:<\/strong><\/p>\n<p>E weidere M\u00ebttel fir d'psychologesch an emotional Funktiounen ze normalis\u00e9ieren, d'St\u00ebmmung ze verbesseren, d'Motivatioun an d'Aktiounsf\u00e4egkeet ze erh\u00e9ijen an d'schiedlech Auswierkungen vum psychologeschen an emotionalen Stress ze reduz\u00e9ieren.<\/p>\n<p><strong>Kuerz Beschreiwung:<\/strong><\/p>\n<p>D'Informatiounssignal, dat op der ALFA Health Medailjong opgeholl gouf, entspr\u00e9cht der elektromagnetescher Schwingung vum Zentrum, dat d'psychologesch an emotional Sph\u00e4ren regelt.<br \/>\nEt ass gutt bekannt, datt de emotionalen Zoustand vun enger Persoun, deen vun e puer externen an internen Faktoren ofh\u00e4nkt, vum zentrale Nervesystem gereegelt g\u00ebtt.<\/p>\n<div class=\"su-spoiler su-spoiler-style-defoult su-spoiler-icon-caret su-spoiler-closed\" data-scroll-offset=\"0\" data-anchor-in-url=\"no\"><div class=\"su-spoiler-title\" tabindex=\"0\" role=\"button\"><span class=\"su-spoiler-icon\"><\/span>Alles<\/div><div class=\"su-spoiler-content su-u-clearfix su-u-trim\">\nD\u00e9i \u00e9ischt Stresszeechen enthalen emotional Spannung, Angscht, Onrou an erh\u00e9icht Reizbarkeet. D\u00ebst kann zu Schlofst\u00e9ierungen f\u00e9ieren, wat zu Middegkeet, allgemenger Malaise an gest\u00e9ierte kognitiven Funktiounen (Ged\u00e4chtnis, Opmierksamkeet, Denken) f\u00e9iert.<\/p>\n<p>Laangfristeg psychologesch a emotional St\u00e9ierungen hunn en negativen Afloss op d'allgemeng Gesondheet an d'Reaktivit\u00e9it vum Kierper. Leit, d\u00e9i chroneschen psycheschen an emotionalen Stress erliewen, si m\u00e9i uf\u00e4lleg fir Erk\u00e4ltungen an d'Wiederoptrieden vun bestehenden chronesche Krankheeten (isch\u00e4mesch H\u00e4erzkrankheet, Pankreasst\u00e9ierungen, Zystitis, Pyelonephritis, Adnexitis, Prostatitis, etc.).<\/p>\n<p>Stressfaktoren sinn d'Ursaach vu klassesche psychosomatesche Krankheeten w\u00e9i h\u00e9ijen Bluttdrock, bronchiales Asthma, Magengeschw\u00ebster, Duodenalgeschw\u00ebster, allergesch Hautkrankheeten (Ekzem, Neurodermitis) an hir G\u00e9igest\u00e9cker, bis hin zu Siicht- a H\u00e9ierbeh\u00ebnnerungen.<\/p>\n<p><strong>W\u00e9ini solle mir d'ALFA Gesondheetsmedail benotzen?<\/strong><\/p>\n<p>D\u00ebst Apparat huet en positiven Afloss op d'funktional Operatioun vum Kierper. Et kann als optim\u00e9ierend a korrig\u00e9ierend Instrument an der Kombinatioun mat anere Methoden fir d'Pr\u00e4ventioun an d'Behandlung vu Krankheeten benotzt ginn:<\/p>\n<ul>\n<li>Erregungszoust\u00e4nn, Neurasthenie, Adaptatiounsproblemer begleet vun emotionaler Dissonanz,<\/li>\n<li>Funktiounsst\u00e9ierung vum Nervesystem, begleet vun mentaler Middegkeet, Reizbarkeet, Verlangsamung vun de Gedankeprozesser an Qualit\u00e9itsverloscht,<\/li>\n<li>am Fall vun Insomnie, d\u00e9i duerch Panikattacken verursaacht g\u00ebtt,<\/li>\n<li>an den initialen an widderhuelenden Phasen vu psychosomat\u00ebschen Krankheeten (Bronchialasthma, Reizdarmsyndrom \u2013 IBS, isch\u00e4mesch H\u00e4erzkrankheet, h\u00e9ijen Bluttdrock, Haut- an aner Krankheeten),<\/li>\n<li>Symptomer vu chroneschem psychologeschen an emotionalen Stress.<\/li>\n<\/ul>\n<p>Opmierksamkeet, wichteg!<\/p>\n<p>Rufft \u00c4ren Dokter un, wann Dir e markanten R\u00e9ckgang vun der St\u00ebmmung, emotional Onbest\u00e4nnegkeet a Reizbarkeet oder persist\u00e9ierend, laanganhaltend Schloflosegkeet erlieft. Zous\u00e4tzlech zur verschriwwener Behandlung benotzt de ALFA Health Medallion parallel, fir d'Effizienz vun der Behandlung ze verbesseren an d'Rehabilitatiounsf\u00e4egkeeten vum Kierper ze st\u00e4erken.<br \/>\n<\/div><\/div>","protected":false},"excerpt":{"rendered":"<p>ALFA Eg\u00e9szs\u00e9g Med\u00e1l F\u0151 funkci\u00f3i: Kieg\u00e9sz\u00edt\u0151 eszk\u00f6z a pszich\u00e9s \u00e9s \u00e9rzelmi szf\u00e9ra m\u0171k\u00f6d\u00e9s\u00e9nek normaliz\u00e1l\u00e1s\u00e1ra, hangulatjav\u00edt\u00f3, motiv\u00e1ci\u00f3 \u00e9s cselekv\u0151k\u00e9pess\u00e9g n\u00f6vel\u0151, cs\u00f6kkenti a pszich\u00e9s \u00e9s \u00e9rzelmi stressz \u00e1ldatlan hat\u00e1sait. R\u00f6vid ismertet\u0151: Az inform\u00e1ci\u00f3s jel, mely az ALFA Eg\u00e9szs\u00e9g Med\u00e1lra r\u00f6gz\u00edt\u00e9sre ker\u00fclt, megfelel a pszich\u00e9s \u00e9s \u00e9rzelmi szf\u00e9r\u00e1kat szab\u00e1lyoz\u00f3 k\u00f6zpont elektrom\u00e1gneses rezg\u00e9s\u00e9nek. K\u00f6ztudott, hogy az ember \u00e9rzelmi \u00e1llapota, [&hellip;]<\/p>\n","protected":false},"featured_media":4665,"comment_status":"open","ping_status":"closed","template":"","meta":[],"product_brand":[],"product_cat":[33,32],"product_tag":[],"class_list":{"0":"post-4666","1":"product","2":"type-product","3":"status-publish","4":"has-post-thumbnail","6":"product_cat-egeszseg-medalok","7":"product_cat-triomed","9":"first","10":"instock","11":"taxable","12":"shipping-taxable","13":"purchasable","14":"product-type-simple"},"_links":{"self":[{"href":"https:\/\/vetomshop.hu\/lb\/wp-json\/wp\/v2\/product\/4666","targetHints":{"allow":["GET"]}}],"collection":[{"href":"https:\/\/vetomshop.hu\/lb\/wp-json\/wp\/v2\/product"}],"about":[{"href":"https:\/\/vetomshop.hu\/lb\/wp-json\/wp\/v2\/types\/product"}],"replies":[{"embeddable":true,"href":"https:\/\/vetomshop.hu\/lb\/wp-json\/wp\/v2\/comments?post=4666"}],"wp:featuredmedia":[{"embeddable":true,"href":"https:\/\/vetomshop.hu\/lb\/wp-json\/wp\/v2\/media\/4665"}],"wp:attachment":[{"href":"https:\/\/vetomshop.hu\/lb\/wp-json\/wp\/v2\/media?parent=4666"}],"wp:term":[{"taxonomy":"product_brand","embeddable":true,"href":"https:\/\/vetomshop.hu\/lb\/wp-json\/wp\/v2\/product_brand?post=4666"},{"taxonomy":"product_cat","embeddable":true,"href":"https:\/\/vetomshop.hu\/lb\/wp-json\/wp\/v2\/product_cat?post=4666"},{"taxonomy":"product_tag","embeddable":true,"href":"https:\/\/vetomshop.hu\/lb\/wp-json\/wp\/v2\/product_tag?post=4666"}],"curies":[{"name":"wp","href":"https:\/\/api.w.org\/{rel}","templated":true}]}}