{"id":4668,"date":"2023-11-11T14:33:46","date_gmt":"2023-11-11T13:33:46","guid":{"rendered":"https:\/\/vetomshop.hu\/termek\/ambrozia-medal\/"},"modified":"2023-11-11T14:33:46","modified_gmt":"2023-11-11T13:33:46","slug":"ambrozia-medal","status":"publish","type":"product","link":"https:\/\/vetomshop.hu\/lb\/product\/ambrozia-medal\/","title":{"rendered":"Ambrosia-Medail"},"content":{"rendered":"<h4>Ambrosia-Medail<\/h4>\n<p>Ragweed, oder einfach Ambrosie (Ambrosia artemisiifolia), ass eng Unkrautart, d\u00e9i zur Famill vun de Asteraceae geh\u00e9iert, m\u00e9i genee zum Stamm Helianthinae. Beifouss ersch\u00e9ngt all Joer a grousser Zuel an de Ackerfl\u00e4chen vun Ungarn an anere gest\u00e9ierte Gebidder.<\/p>\n<p>Eent vun eise bekanntste a meescht \u00ebmstriddene Unkraut: e puer Leit erkennen n\u00ebmmen seng schiedlech, allergesch Eegeschaften, w\u00e4hrend anerer et als Heilkraut vereeren a reegelm\u00e9isseg konsum\u00e9ieren.<\/p>\n<div class=\"su-spoiler su-spoiler-style-defoult su-spoiler-icon-caret su-spoiler-closed\" data-scroll-offset=\"0\" data-anchor-in-url=\"no\"><div class=\"su-spoiler-title\" tabindex=\"0\" role=\"button\"><span class=\"su-spoiler-icon\"><\/span>Alles<\/div><div class=\"su-spoiler-content su-u-clearfix su-u-trim\">\nFirwat verursaacht d\u00ebs Planz bei e puer Leit allergesch Symptomer? Eppes ass s\u00e9cher: Baueren haten nach ni Pollenallergien oder Ambrosiaallergien. Mir mussen vl\u00e4icht Joerz\u00e9ngte waarden op kloer \u00c4ntwerten, mee onangeneem allergesch Symptomer k\u00ebnnen Joer fir Joer zr\u00e9ckkommen, also wier et gutt eng L\u00e9isung ze fannen. W\u00e4rend mir op d'\u00c4ntwerten op d\u00ebs Froen waarden, loosst eis de Postulat vun der Naturopathie net vergiessen: Behandelt e Hondeb\u00ebss mat sengem eegene Hoer, dat heescht, behandelt Iech mat deem, wat Iech krank gemaach huet. Den Ambrosia-Medail benotzt eng speziell BioTrEm-Technologie, fir d'elektromagnetescht Spektrum vum liewegen Beifouss opzehuelen.<br \/>\n<\/div><\/div>","protected":false},"excerpt":{"rendered":"<p>Ambr\u00f3zia Med\u00e1l Az \u00fcr\u00f6mlevel\u0171 parlagf\u0171, vagy egyszer\u0171en parlagf\u0171 (Ambrosia artemisiifolia), t\u00e9vesen vadkender a f\u00e9szkesek (Asteraceae) csal\u00e1dj\u00e1ba tartozik, annak Helianthinae tribusz\u00e1ba tartoz\u00f3 gyomn\u00f6v\u00e9nyfaj. A parlagf\u0171 Magyarorsz\u00e1g sz\u00e1nt\u00f3f\u00f6ldjein \u00e9s egy\u00e9b bolygatott ter\u00fcletein \u00e9vr\u0151l \u00e9vre \u00f3ri\u00e1si sz\u00e1mban jelenik meg. Egyik legismertebb \u00e9s legellentmond\u00e1sosabb meg\u00edt\u00e9l\u00e9s\u0171 gyomn\u00f6v\u00e9ny\u00fcnk: vannak, akik kiz\u00e1r\u00f3lag rossz, allergiz\u00e1l\u00f3 tulajdons\u00e1gait ismerik el, \u00e9s vannak, akik gy\u00f3gyn\u00f6v\u00e9nyk\u00e9nt tisztelik, [&hellip;]<\/p>\n","protected":false},"featured_media":4667,"comment_status":"open","ping_status":"closed","template":"","meta":[],"product_brand":[],"product_cat":[33,32],"product_tag":[],"class_list":{"0":"post-4668","1":"product","2":"type-product","3":"status-publish","4":"has-post-thumbnail","6":"product_cat-egeszseg-medalok","7":"product_cat-triomed","9":"first","10":"instock","11":"taxable","12":"shipping-taxable","13":"purchasable","14":"product-type-simple"},"_links":{"self":[{"href":"https:\/\/vetomshop.hu\/lb\/wp-json\/wp\/v2\/product\/4668","targetHints":{"allow":["GET"]}}],"collection":[{"href":"https:\/\/vetomshop.hu\/lb\/wp-json\/wp\/v2\/product"}],"about":[{"href":"https:\/\/vetomshop.hu\/lb\/wp-json\/wp\/v2\/types\/product"}],"replies":[{"embeddable":true,"href":"https:\/\/vetomshop.hu\/lb\/wp-json\/wp\/v2\/comments?post=4668"}],"wp:featuredmedia":[{"embeddable":true,"href":"https:\/\/vetomshop.hu\/lb\/wp-json\/wp\/v2\/media\/4667"}],"wp:attachment":[{"href":"https:\/\/vetomshop.hu\/lb\/wp-json\/wp\/v2\/media?parent=4668"}],"wp:term":[{"taxonomy":"product_brand","embeddable":true,"href":"https:\/\/vetomshop.hu\/lb\/wp-json\/wp\/v2\/product_brand?post=4668"},{"taxonomy":"product_cat","embeddable":true,"href":"https:\/\/vetomshop.hu\/lb\/wp-json\/wp\/v2\/product_cat?post=4668"},{"taxonomy":"product_tag","embeddable":true,"href":"https:\/\/vetomshop.hu\/lb\/wp-json\/wp\/v2\/product_tag?post=4668"}],"curies":[{"name":"wp","href":"https:\/\/api.w.org\/{rel}","templated":true}]}}