{"id":4670,"date":"2023-11-11T14:33:46","date_gmt":"2023-11-11T13:33:46","guid":{"rendered":"https:\/\/vetomshop.hu\/termek\/antivir-medal\/"},"modified":"2023-11-11T14:33:46","modified_gmt":"2023-11-11T13:33:46","slug":"antivir-medal","status":"publish","type":"product","link":"https:\/\/vetomshop.hu\/lb\/product\/antivir-medal\/","title":{"rendered":"Antivir Medaille"},"content":{"rendered":"<h4>Antivir Medaille<\/h4>\n<p>Influenza ass eng Krankheet, d\u00e9i vum Influenza-Virus verursaacht g\u00ebtt, an de Pathogen \u00ebmmer ee vun de St\u00e4mm vum Influenza-Virus ass. Influenza A an B sinn d\u00e9i zwou Aarte vu Influenza-Viren, d\u00e9i eng grouss Zuel vu Leit infiz\u00e9iere k\u00ebnnen. A-Viren k\u00ebnnen op Basis vun de Proteinen (H\u00e4magglutinin \u2013 H a Neuraminidase \u2013 N), d\u00e9i op hirer Uewerfl\u00e4ch lokalis\u00e9iert sinn, an \u00cbnnertypen agedeelt ginn. Z\u00ebnter 1977 sinn d'H1N1- a H3N2-Viren d\u00e9i Haaptursaachen vun Epidemien. B-Viren verursaache m\u00e9i schw\u00e9ier Krankheeten manner dacks. Grippviren \u00e4nneren a mut\u00e9ieren s\u00e9ier, wat dozou f\u00e9iert, datt nei Subtypen entstoen. De Schutz, deen g\u00e9int ee Subtyp entw\u00e9ckelt gouf, bitt w\u00e9ineg bis keng Ofwier g\u00e9int en aneren Subtyp, wat d'saisonale Epidemien erkl\u00e4ert, d\u00e9i all Joer, normalerweis am Wanter, optrieden.<\/p>\n<div class=\"su-spoiler su-spoiler-style-defoult su-spoiler-icon-caret su-spoiler-closed\" data-scroll-offset=\"0\" data-anchor-in-url=\"no\"><div class=\"su-spoiler-title\" tabindex=\"0\" role=\"button\"><span class=\"su-spoiler-icon\"><\/span>Alles<\/div><div class=\"su-spoiler-content su-u-clearfix su-u-trim\">\n<p>D'Symptomer vun der Gripp si ganz \u00e4hnlech w\u00e9i d\u00e9i vun enger Erk\u00e4ltung, m\u00e4 d'Krankheet ass m\u00e9i schw\u00e9ier. Si geet normalerweis mat h\u00e9ijer F\u00e9iwer, Kappw\u00e9i, Muskelschmerzen, dr\u00e9che Huste, Lethargie an Schw\u00e4cht begleet. Halsentz\u00fcndung ass rar, an n\u00ebmmen 30\u201350 % vun de F\u00e4ll weisen eng verstopfte oder fl\u00e9issend Nues op. Komplikatiounen si besonnesch gef\u00e9ierlech bei jonke Kanner, eelere Leit an Leit mat chronesche Krankheeten.<\/p>\n<p>Dat ass firwat et wichteg ass, d'Kierperresistenz ze erh\u00e9ijen.<\/p>\n<p><strong>Fir wien empfielen mir et?<\/strong><\/p>\n<ul>\n<li>Fir all d\u00e9i, d\u00e9i hir Resilienz verbesseren w\u00ebllen,<\/li>\n<li>d\u00e9i zur Risikogruppe vum Grippvirus geh\u00e9ieren,<\/li>\n<li>d\u00e9i vill ronder\u00ebm d'Welt reesen oder de \u00ebffentlechen Transport benotzen,<\/li>\n<li>Si sinn st\u00e4nneg an der Gemeinschaft aktiv a schaffen mat de Leit.<\/li>\n<\/ul>\n<p><strong>Opmierksamkeet, wichteg!<\/strong><\/p>\n<p>Rufft \u00c4ren Dokter un, wann Dir eng Influenza-Virusinfektioun, eng Krankheet oder F\u00e9iwer hutt oder Iech net wuel fillt! Benotzt Triomed Antivir Med\u00e1l gl\u00e4ichz\u00e4iteg mat de verschriwwene Behandlungen.<br \/>\nKanner \u00ebnner 6 Joer d\u00e4erfen d\u00ebst Produkt n\u00ebmmen \u00ebnner elterlecher Opsiicht benotzen!<\/p>\n<\/div><\/div>","protected":false},"excerpt":{"rendered":"<p>Antivir Med\u00e1l Az influenza v\u00edrus okozta betegs\u00e9g, k\u00f3rokoz\u00f3ja mindig az influenza v\u00edrus valamelyik fajt\u00e1ja. Az influenza A \u00e9s B az a k\u00e9t t\u00edpusa az influenza v\u00edrusoknak, amely nagysz\u00e1mbanbeteg\u00edthet meg embereket. Az A v\u00edrusokat a fel\u00fclet\u00fck\u00f6n elhelyezked\u0151 feh\u00e9rj\u00e9k (a haemaglutinin -H \u00e9s a neuraminidase \u2013 N) alapj\u00e1n alt\u00edpusokra lehet bontani, ezek k\u00f6z\u00fcl 1977 \u00f3ta t\u00f6bbnyire a [&hellip;]<\/p>\n","protected":false},"featured_media":4669,"comment_status":"open","ping_status":"closed","template":"","meta":[],"product_brand":[],"product_cat":[33,32],"product_tag":[],"class_list":{"0":"post-4670","1":"product","2":"type-product","3":"status-publish","4":"has-post-thumbnail","6":"product_cat-egeszseg-medalok","7":"product_cat-triomed","9":"first","10":"instock","11":"taxable","12":"shipping-taxable","13":"purchasable","14":"product-type-simple"},"_links":{"self":[{"href":"https:\/\/vetomshop.hu\/lb\/wp-json\/wp\/v2\/product\/4670","targetHints":{"allow":["GET"]}}],"collection":[{"href":"https:\/\/vetomshop.hu\/lb\/wp-json\/wp\/v2\/product"}],"about":[{"href":"https:\/\/vetomshop.hu\/lb\/wp-json\/wp\/v2\/types\/product"}],"replies":[{"embeddable":true,"href":"https:\/\/vetomshop.hu\/lb\/wp-json\/wp\/v2\/comments?post=4670"}],"wp:featuredmedia":[{"embeddable":true,"href":"https:\/\/vetomshop.hu\/lb\/wp-json\/wp\/v2\/media\/4669"}],"wp:attachment":[{"href":"https:\/\/vetomshop.hu\/lb\/wp-json\/wp\/v2\/media?parent=4670"}],"wp:term":[{"taxonomy":"product_brand","embeddable":true,"href":"https:\/\/vetomshop.hu\/lb\/wp-json\/wp\/v2\/product_brand?post=4670"},{"taxonomy":"product_cat","embeddable":true,"href":"https:\/\/vetomshop.hu\/lb\/wp-json\/wp\/v2\/product_cat?post=4670"},{"taxonomy":"product_tag","embeddable":true,"href":"https:\/\/vetomshop.hu\/lb\/wp-json\/wp\/v2\/product_tag?post=4670"}],"curies":[{"name":"wp","href":"https:\/\/api.w.org\/{rel}","templated":true}]}}