{"id":4672,"date":"2023-11-11T14:33:46","date_gmt":"2023-11-11T13:33:46","guid":{"rendered":"https:\/\/vetomshop.hu\/termek\/aqua-medal\/"},"modified":"2023-11-11T14:33:46","modified_gmt":"2023-11-11T13:33:46","slug":"aqua-medal","status":"publish","type":"product","link":"https:\/\/vetomshop.hu\/lb\/product\/aqua-medal\/","title":{"rendered":"Aqua Anh\u00e4nger"},"content":{"rendered":"<p><strong>Aqua Anh\u00e4nger<\/strong> \u2013 Liewensspendendt Waasser g\u00ebtt Liewen, erfr\u00ebscht, erhaalt d'Liewen, a huet en aktiv\u00e9ierende Effekt, deen d'Vitalenergie er\u00ebmherstellt.<\/p>\n<p>Dat ass genee de Zweck vum AQUA \u2013BioTrEM standalone Informatiounstr\u00e4ger. Dank der exklusiver BioTrEM-Technologie enth\u00e4lt de Halbleiter vum Apparat kod\u00e9iert Informatiounen, d\u00e9i dynamescher Natur sinn an h\u00ebllefen, d\u00e9i opgel\u00ebscht Effekter z'erreechen. Quellen, d\u00e9i op der \u00c4erd leider \u00ebmmer m\u00e9i rar ginn a hir Reinheet op wonnerbar Man\u00e9ier erhalen, hu \u00e4hnlech Eegeschaften.<\/p>\n<div class=\"su-spoiler su-spoiler-style-defoult su-spoiler-icon-caret su-spoiler-closed\" data-scroll-offset=\"0\" data-anchor-in-url=\"no\"><div class=\"su-spoiler-title\" tabindex=\"0\" role=\"button\"><span class=\"su-spoiler-icon\"><\/span>Alles<\/div><div class=\"su-spoiler-content su-u-clearfix su-u-trim\">\n<p>D'Entw\u00e9cklung vun d\u00ebsem Apparat gouf duerch d'\u00e4nnerend Bed\u00e9ngungen vun eiser Z\u00e4it n\u00e9ideg gemaach. An de leschte Joren huet de Gesondheetssecteur mat Suergen eng Zunahm vun der Zuel vu Krankheeten an Doudesf\u00e4ll observ\u00e9iert, net n\u00ebmmen bei Kanner an eelere Leit, m\u00e4 och bei der Aarbechtsbev\u00eblkerung. Leider gouf eng bemierkensw\u00e4ert Schw\u00e4chung vum Immunsystem an e R\u00e9ckgang vun der vitaler Energie observ\u00e9iert, d\u00e9i essentiell ass fir Krankheeten ze iwwerwannen an d'Rehabilitatioun. An anere Wierder, d'Programmer, d\u00e9i n\u00e9ideg sinn fir d'Adaptatioun un d'ge\u00e4nnert \u00cbmwelt an d'Selbstregeneratioun, goufen beschiedegt oder nei organis\u00e9iert. D\u00e9i \u00ebmmer m\u00e9i staark kosmo-physesch Ver\u00e4nnerungen erfuerderen eng s\u00e9ier Regeneratioun an Restauratioun vun de beschiedegten adaptiven an selwerheeler Geneprogrammer. Soss k\u00e9int d'Iwwerliewen vun deenen eenzelen an och vun der M\u00ebnschheet als Ganzt a Gefor sinn.<\/p>\n<p>Waasser \u2013 d'W\u00e4sch vum Liewen, d\u00e9i z\u00ebnter laangem d'prim\u00e4r Matrix vum Liewen an d'Richtung vu senge Variatiounen als \u00c4ntwert op \u00cbmweltbeaflosungen erhalen huet. Waasser passt sech m\u00e9i s\u00e9ier un a transform\u00e9iert sech als \u00c4ntwert op \u00cbmweltbeaflosungen a Ufuerderungen w\u00e9i biologesch Organismen an d'biologesch \u00cbmwelt. D'Waasserh\u00fclle vun der \u00c4erd huet \u00ebmmer d\u00e9i urspr\u00e9nglech selwerregener\u00e9ierend Programmer an d'M\u00e9iglechkeet vun hirer \u00cbmsetzung erhalen, d\u00e9i, an Interaktioun mam aquateschen \u00cbmfeld vun Organismen, a Betrib komm sinn. Zur selwechter Z\u00e4it hunn \u00c9kologen observ\u00e9iert, datt d'strukturell-informativ Eegeschaften vun natierlechen Waasser, d\u00e9i d'Waasserh\u00fclle vun der \u00c4erd gen\u00e4hrt hunn, beschiedegt goufen. D\u00ebse Schued gouf net n\u00ebmmen duerch kosmo-physikalesch \u00c4nnerungen, mee och duerch d'zerst\u00e9ierend Aktiounen vun der M\u00ebnschheet verursaacht. Dat h\u00ebnnert d'Realisatioun vun wesentlechen evolutiven \u00c4nnerungen an d'Weiderf\u00e9ierung vum Liewen op der \u00c4erd.<\/p>\n<p>Dat m\u00e9ischichtegt komplext Feld vum AQUA-Informatiounstr\u00e4ger gouf als Standard erstallt, deen sech un nei, h\u00e9ichfrequent \u00c4nnerungen an der \u00cbmwelt upasst a d\u00e9i n\u00e9ideg Programmer fir de Iwwergang duerch Waasser initi\u00e9iert. D'Apparat struktur\u00e9iert d'Waasserfeld a reson\u00e9iert mat der waasserr\u00e4icher \u00cbmwelt vum Kierper (Blutt, Lymphe, Gehirn-Rohraffluid, interzellul\u00e4r Fl\u00ebssegkeet, intrazellul\u00e4r Fl\u00ebssegkeet) a struktur\u00e9iert et \u201eno sengem eegene Bild\u201d. Soubal d'intern Waasseruerdnung iwwer 60% eropgeet, g\u00ebtt d'selwer regener\u00e9ierend genetescht Programm vum Kierper aktiv\u00e9iert.<br \/>\n<\/div><\/div>","protected":false},"excerpt":{"rendered":"<p>Aqua Med\u00e1l \u2013 az \u00e9letalkot\u00f3 v\u00edz \u00e9letet ad, \u00e9l\u00e9nk\u00edt, \u00e9letmeg\u00f3v\u00f3, valamint aktiv\u00e1l\u00f3, \u00e9letenergi\u00e1t vissza\u00e1ll\u00edt\u00f3 hat\u00e1ssal b\u00edr. \u00c9ppen ezt a c\u00e9lt szolg\u00e1lja az AQUA \u2013BioTrEM \u00f6n\u00e1ll\u00f3 inform\u00e1ci\u00f3hordoz\u00f3 alkalmaz\u00e1sa. Az exkluz\u00edv BioTrEM-technol\u00f3gi\u00e1nak k\u00f6sz\u00f6nhet\u0151en a k\u00e9sz\u00fcl\u00e9k f\u00e9lvezet\u0151je olyan k\u00f3dolt inform\u00e1ci\u00f3t tartalmaz, mely dinamikus term\u00e9szettel b\u00edr \u00e9s seg\u00edts\u00e9g\u00e9vel a felsorolt hat\u00e1s el\u00e9rhet\u0151v\u00e9 v\u00e1lik. Hasonl\u00f3 tulajdons\u00e1ggal rendelkeznek a F\u00f6ld\u00f6n sajnos [&hellip;]<\/p>\n","protected":false},"featured_media":4671,"comment_status":"open","ping_status":"closed","template":"","meta":[],"product_brand":[],"product_cat":[33,32],"product_tag":[],"class_list":{"0":"post-4672","1":"product","2":"type-product","3":"status-publish","4":"has-post-thumbnail","6":"product_cat-egeszseg-medalok","7":"product_cat-triomed","9":"first","10":"instock","11":"taxable","12":"shipping-taxable","13":"purchasable","14":"product-type-simple"},"_links":{"self":[{"href":"https:\/\/vetomshop.hu\/lb\/wp-json\/wp\/v2\/product\/4672","targetHints":{"allow":["GET"]}}],"collection":[{"href":"https:\/\/vetomshop.hu\/lb\/wp-json\/wp\/v2\/product"}],"about":[{"href":"https:\/\/vetomshop.hu\/lb\/wp-json\/wp\/v2\/types\/product"}],"replies":[{"embeddable":true,"href":"https:\/\/vetomshop.hu\/lb\/wp-json\/wp\/v2\/comments?post=4672"}],"wp:featuredmedia":[{"embeddable":true,"href":"https:\/\/vetomshop.hu\/lb\/wp-json\/wp\/v2\/media\/4671"}],"wp:attachment":[{"href":"https:\/\/vetomshop.hu\/lb\/wp-json\/wp\/v2\/media?parent=4672"}],"wp:term":[{"taxonomy":"product_brand","embeddable":true,"href":"https:\/\/vetomshop.hu\/lb\/wp-json\/wp\/v2\/product_brand?post=4672"},{"taxonomy":"product_cat","embeddable":true,"href":"https:\/\/vetomshop.hu\/lb\/wp-json\/wp\/v2\/product_cat?post=4672"},{"taxonomy":"product_tag","embeddable":true,"href":"https:\/\/vetomshop.hu\/lb\/wp-json\/wp\/v2\/product_tag?post=4672"}],"curies":[{"name":"wp","href":"https:\/\/api.w.org\/{rel}","templated":true}]}}