{"id":4676,"date":"2023-11-11T14:33:47","date_gmt":"2023-11-11T13:33:47","guid":{"rendered":"https:\/\/vetomshop.hu\/termek\/beauty-medal\/"},"modified":"2023-11-11T14:33:47","modified_gmt":"2023-11-11T13:33:47","slug":"beauty-medal","status":"publish","type":"product","link":"https:\/\/vetomshop.hu\/lb\/product\/beauty-medal\/","title":{"rendered":"Sch\u00e9inheetsanh\u00e4nger"},"content":{"rendered":"<h4>Sch\u00e9inheetsanh\u00e4nger<\/h4>\n<p>Dank der BioTrEM-Technologie ass et m\u00e9iglech ginn, e spezifescht spektralt Muster op engem speziellen Kristall ze kre\u00e9ieren. Wann willk\u00fcrlech Energiequanta \u2013 och H\u00ebtzt \u2013 mat der Uewerfl\u00e4ch vum Kristall a Kontakt kommen, g\u00ebtt de Generator extrem schwaach Signaler vum op him opgehollene spektrale Muster ausgestralen. Zur selwechter Z\u00e4it interag\u00e9iert d'elektromagnetesch Stralung vum Anh\u00e4nger mam liewegen Organismus.<\/p>\n<p>Den Haaptzweck vum \u201eBEAUTY\u201d-Anh\u00e4nger ass et, de normale Verlaf vun de physiologesche Prozesser an de Hautzellen an de Geweider er\u00ebmzestellen an domat d'Resistenz g\u00e9int schiedlech \u00cbmweltfaktoren ze erh\u00e9ijen.<\/p>\n<p>D\u00ebst Apparat huet en positiven Effekt op d'Haut vum Gesiicht an vum Kierper, op d'Hoer an d'N\u00e4gel.<\/p>\n<div class=\"su-spoiler su-spoiler-style-defoult su-spoiler-icon-caret su-spoiler-closed\" data-scroll-offset=\"0\" data-anchor-in-url=\"no\"><div class=\"su-spoiler-title\" tabindex=\"0\" role=\"button\"><span class=\"su-spoiler-icon\"><\/span>Alles<\/div><div class=\"su-spoiler-content su-u-clearfix su-u-trim\">\nEffekter:<\/p>\n<ul>\n<li>H\u00eblleft, beschiedegt intrazellul\u00e4r metabolesch Prozesser an der Haut er\u00ebmzestellen.<\/li>\n<li>Stimul\u00e9iert d'natierlech Produktioun vu Kollagen a Elastin.<\/li>\n<li>Verh\u00ebnnert d'Schw\u00e4chung vum Hautgewebe.<\/li>\n<li>Verbessert d'Mikrozirkulatioun a verbessert d'Hautelastizit\u00e9it.<\/li>\n<li>Verfeinert a st\u00e4erkt d'Hautgewebe.<\/li>\n<li>Verlangsamt d'Alterung a verj\u00e9ngert d'Haut.<\/li>\n<li>Verbessert d'Hauttextur an de Hautton.<\/li>\n<li>H\u00eblleft Hoer a Neel ze st\u00e4erken.<\/li>\n<\/ul>\n<\/div><\/div>","protected":false},"excerpt":{"rendered":"<p>Beauty Med\u00e1l A BioTrEM-technol\u00f3gi\u00e1nak k\u00f6sz\u00f6nhet\u0151en lehets\u00e9gess\u00e9 v\u00e1lt l\u00e9trehozni a speci\u00e1lis krist\u00e1lyon egy adott term\u00e9szet\u0171 spektr\u00e1lis mint\u00e1t. Amikor tetsz\u0151leges energiakvantumok \u2013 ak\u00e1r h\u0151 &#8211; \u00e9rintkezik a krist\u00e1ly fel\u00fclet\u00e9vel, a gener\u00e1tor a rajta r\u00f6gz\u00edtett spektr\u00e1lis minta extr\u00e9m gyenge jeleit bocs\u00e1jtja ki. Ek\u00f6zben a med\u00e1l elektrom\u00e1gneses sug\u00e1rz\u00e1sa k\u00f6lcs\u00f6nhat\u00e1sba ker\u00fcl az \u00e9l\u0151 szervezettel. A &#8222;BEAUTY&#8221; Med\u00e1l f\u0151 c\u00e9lja a [&hellip;]<\/p>\n","protected":false},"featured_media":4675,"comment_status":"open","ping_status":"closed","template":"","meta":[],"product_brand":[],"product_cat":[33,32],"product_tag":[],"class_list":{"0":"post-4676","1":"product","2":"type-product","3":"status-publish","4":"has-post-thumbnail","6":"product_cat-egeszseg-medalok","7":"product_cat-triomed","9":"first","10":"instock","11":"taxable","12":"shipping-taxable","13":"purchasable","14":"product-type-simple"},"_links":{"self":[{"href":"https:\/\/vetomshop.hu\/lb\/wp-json\/wp\/v2\/product\/4676","targetHints":{"allow":["GET"]}}],"collection":[{"href":"https:\/\/vetomshop.hu\/lb\/wp-json\/wp\/v2\/product"}],"about":[{"href":"https:\/\/vetomshop.hu\/lb\/wp-json\/wp\/v2\/types\/product"}],"replies":[{"embeddable":true,"href":"https:\/\/vetomshop.hu\/lb\/wp-json\/wp\/v2\/comments?post=4676"}],"wp:featuredmedia":[{"embeddable":true,"href":"https:\/\/vetomshop.hu\/lb\/wp-json\/wp\/v2\/media\/4675"}],"wp:attachment":[{"href":"https:\/\/vetomshop.hu\/lb\/wp-json\/wp\/v2\/media?parent=4676"}],"wp:term":[{"taxonomy":"product_brand","embeddable":true,"href":"https:\/\/vetomshop.hu\/lb\/wp-json\/wp\/v2\/product_brand?post=4676"},{"taxonomy":"product_cat","embeddable":true,"href":"https:\/\/vetomshop.hu\/lb\/wp-json\/wp\/v2\/product_cat?post=4676"},{"taxonomy":"product_tag","embeddable":true,"href":"https:\/\/vetomshop.hu\/lb\/wp-json\/wp\/v2\/product_tag?post=4676"}],"curies":[{"name":"wp","href":"https:\/\/api.w.org\/{rel}","templated":true}]}}