{"id":4682,"date":"2023-11-11T14:33:48","date_gmt":"2023-11-11T13:33:48","guid":{"rendered":"https:\/\/vetomshop.hu\/termek\/delfin-medal\/"},"modified":"2023-11-11T14:33:48","modified_gmt":"2023-11-11T13:33:48","slug":"delfin-medal","status":"publish","type":"product","link":"https:\/\/vetomshop.hu\/lb\/product\/delfin-medal\/","title":{"rendered":"Delfin-Unh\u00e4nger"},"content":{"rendered":"<h4>Delfin-Gesondheetsmedailjon<\/h4>\n<p><strong>Haaptfunktioun:<\/strong><\/p>\n<p>E weidere M\u00ebttel fir de Regulatiounssystem vum Kierper ze harmonis\u00e9ieren an d'Funktioun vum zentrale Nervesystem z'\u00ebnnerst\u00ebtzen.<\/p>\n<p><strong>\u00cbnnerst\u00ebtzt vun:<\/strong><\/p>\n<ul>\n<li>d'Wierkung vun Schmerzstillende,<\/li>\n<li>Normalis\u00e9iert d'emotional Sph\u00e4r, h\u00eblleft Ongerouegkeet ze reduz\u00e9ieren,<\/li>\n<li>Gedankensprozesser,<\/li>\n<li>L\u00e9ier- a kognitiv F\u00e4egkeeten, Ged\u00e4chtnisentw\u00e9cklung,<\/li>\n<li>Erh\u00e9icht Resistenz g\u00e9int Stress.<\/li>\n<\/ul>\n<div class=\"su-spoiler su-spoiler-style-defoult su-spoiler-icon-caret su-spoiler-closed\" data-scroll-offset=\"0\" data-anchor-in-url=\"no\"><div class=\"su-spoiler-title\" tabindex=\"0\" role=\"button\"><span class=\"su-spoiler-icon\"><\/span>Alles<\/div><div class=\"su-spoiler-content su-u-clearfix su-u-trim\">\n<p><strong>W\u00e9ini g\u00ebtt et recommand\u00e9iert, de Dolphin Health Medailion ze benotzen?<\/strong><\/p>\n<p>Delfin huet en positiven Afloss op de funktionellen Zoustand vum Kierper a kann als erg\u00e4nzendes Korrekturinstrument zu pr\u00e4ventiven an anere Methoden d\u00e9ngen, fir dem Kierper an de folgende F\u00e4ll ze h\u00ebllefen, optimal ze funktion\u00e9ieren:<\/p>\n<ul>\n<li>bei organesche L\u00e4sionen vum zentrale Nervesystem, mat reduz\u00e9ierten kognitiven Funktiounen an\/oder enger gest\u00e9ierter emotionaler Sph\u00e4r,<\/li>\n<li>bei funktionellen St\u00e9ierungen vum Nervesystem, begleet vun geeschteger Iwwerlaaschtung, Schloflosegkeet, Nervosit\u00e9it an reduz\u00e9ierten kognitiven Funktiounen,<\/li>\n<li>an F\u00e4ll vum chronesche Stress-Syndrom (Stud\u00e9ieren, extrem a gef\u00e9ierlech Aarbecht, Leedungspositiounen, asw.).<\/li>\n<\/ul>\n<\/div><\/div>","protected":false},"excerpt":{"rendered":"<p>Delfin Eg\u00e9szs\u00e9g Med\u00e1l F\u0151 funkci\u00f3ja: Kieg\u00e9sz\u00edt\u0151 eszk\u00f6z a szervezet szab\u00e1lyz\u00f3 rendszer\u00e9nek harmoniz\u00e1l\u00e1s\u00e1nak \u00e9s a k\u00f6zponti idegrendszer m\u0171k\u00f6d\u00e9s\u00e9nek t\u00e1mogat\u00e1s\u00e1ra. T\u00e1mogatja: a f\u00e1jdalomcsillap\u00edt\u00f3k hat\u00e1s\u00e1t, az \u00e9rzelmi szf\u00e9ra normaliz\u00e1l\u00e1s\u00e1t, seg\u00edt cs\u00f6kkenteni az izgatotts\u00e1got, a gondolkod\u00e1si folyamatokat, a tanul\u00e1si \u00e9s kognit\u00edv k\u00e9pess\u00e9geket, a mem\u00f3ria fejleszt\u00e9s\u00e9t, a stressz ellen\u00e1ll\u00f3 k\u00e9pess\u00e9g n\u00f6veked\u00e9s\u00e9t.<\/p>","protected":false},"featured_media":4681,"comment_status":"open","ping_status":"closed","template":"","meta":[],"product_brand":[],"product_cat":[33,32],"product_tag":[],"class_list":{"0":"post-4682","1":"product","2":"type-product","3":"status-publish","4":"has-post-thumbnail","6":"product_cat-egeszseg-medalok","7":"product_cat-triomed","9":"first","10":"instock","11":"taxable","12":"shipping-taxable","13":"purchasable","14":"product-type-simple"},"_links":{"self":[{"href":"https:\/\/vetomshop.hu\/lb\/wp-json\/wp\/v2\/product\/4682","targetHints":{"allow":["GET"]}}],"collection":[{"href":"https:\/\/vetomshop.hu\/lb\/wp-json\/wp\/v2\/product"}],"about":[{"href":"https:\/\/vetomshop.hu\/lb\/wp-json\/wp\/v2\/types\/product"}],"replies":[{"embeddable":true,"href":"https:\/\/vetomshop.hu\/lb\/wp-json\/wp\/v2\/comments?post=4682"}],"wp:featuredmedia":[{"embeddable":true,"href":"https:\/\/vetomshop.hu\/lb\/wp-json\/wp\/v2\/media\/4681"}],"wp:attachment":[{"href":"https:\/\/vetomshop.hu\/lb\/wp-json\/wp\/v2\/media?parent=4682"}],"wp:term":[{"taxonomy":"product_brand","embeddable":true,"href":"https:\/\/vetomshop.hu\/lb\/wp-json\/wp\/v2\/product_brand?post=4682"},{"taxonomy":"product_cat","embeddable":true,"href":"https:\/\/vetomshop.hu\/lb\/wp-json\/wp\/v2\/product_cat?post=4682"},{"taxonomy":"product_tag","embeddable":true,"href":"https:\/\/vetomshop.hu\/lb\/wp-json\/wp\/v2\/product_tag?post=4682"}],"curies":[{"name":"wp","href":"https:\/\/api.w.org\/{rel}","templated":true}]}}