{"id":4684,"date":"2023-11-11T14:33:48","date_gmt":"2023-11-11T13:33:48","guid":{"rendered":"https:\/\/vetomshop.hu\/termek\/detox-medal\/"},"modified":"2023-11-11T14:33:48","modified_gmt":"2023-11-11T13:33:48","slug":"detox-medal","status":"publish","type":"product","link":"https:\/\/vetomshop.hu\/lb\/product\/detox-medal\/","title":{"rendered":"Detox-Unh\u00e4nger"},"content":{"rendered":"<h4>Detox-Pendant ass entworf fir d\u00e9i, d\u00e9i hiren Kierper sanft harmonis\u00e9ieren w\u00ebllen.<\/p>\n<p>Dat spektralt Signal, dat um Detox-Pendant opgeholl g\u00ebtt, \u00ebnnerst\u00ebtzt d'bioenergetesch Funktioun vun Organer a Organsystemer.<\/h4>\n<p>Den gr\u00e9isste Feind vun der Jugend a Gesondheet ass e Kierper, deen mat Ofallprodukter ges\u00e4ttegt ass. Eise Kierper ass e selwer regul\u00e9ierende biologesche System, vun deem eng vun de wichtegsten Funktiounen d'Entgiftung ass \u2013 d'Eliminatioun vu Substanzen, d\u00e9i de Kierper net brauch. Allerd\u00e9ngs war d'Natur net op esou eng s\u00e9ier zivilisatoresch Entw\u00e9cklung virbereet, mat esou grousse Quantit\u00e9iten u k\u00ebnschtleche Chemikalien an eisem Iessen, eisem Waasser an eiser Loft. D\u00e9ieren kr\u00e9ien Wuesstumshormoner an Antibiotika gefiddert, d\u00e9i och an eise Kierper erakommen. Schw\u00e9ier Metaller, Nitriten, Nitrater, radioaktiv Substanzen, Dioxiner an Medikamenterreschter sammelen sech an eise Geweben a Zellen un.<\/p>\n<div class=\"su-spoiler su-spoiler-style-defoult su-spoiler-icon-caret su-spoiler-closed\" data-scroll-offset=\"0\" data-anchor-in-url=\"no\"><div class=\"su-spoiler-title\" tabindex=\"0\" role=\"button\"><span class=\"su-spoiler-icon\"><\/span>Alles<\/div><div class=\"su-spoiler-content su-u-clearfix su-u-trim\">\n<p>G\u00ebfteg Substanzen k\u00ebnnen aus externen Quellen stamen, mee si k\u00ebnnen och Toxine sinn, d\u00e9i duerch intern Zersetzungs-prozesser als Resultat vu metabolesche Problemer produz\u00e9iert ginn. Wann d\u00ebst mat engem sessenden Liewensstil verbonnen ass, da verlangsamen d'Prozesser am Kierper nach weider.<\/p>\n<p>D'Organer, d\u00e9i un der Entgiftung bedeelegt sinn, k\u00ebnnen och duerch h\u00e9ich Nofro ersch\u00f6pft ginn. Am Ufank weist n\u00ebmmen e Malaise op d'Problematik hin, mee sp\u00e9ider kann d'Situatioun sech verschlechteren. Chronesch Krankheeten k\u00ebnnen entstoen, d\u00e9i eis Liewensqualit\u00e9it staark beaflossen.<br \/>\n<\/div><\/div>","protected":false},"excerpt":{"rendered":"<p>Detox Med\u00e1l azok sz\u00e1m\u00e1ra k\u00e9sz\u00fclt, akik l\u00e1gyan szeretn\u00e9k a szervezet\u00fcket harmoniz\u00e1lni. A spektr\u00e1lis jel, mely a Detox Med\u00e1lon r\u00f6gz\u00edt\u00e9sre ker\u00fclt, t\u00e1mogatja a szervek \u00e9s szervrendszerek bioenergetikai m\u0171k\u00f6d\u00e9s\u00e9t. A fiatals\u00e1g \u00e9s az eg\u00e9szs\u00e9g legnagyobb ellens\u00e9ge a salakanyagokkal tel\u00edtett szervezet. Szervezet\u00fcnk egy \u00f6nszab\u00e1lyoz\u00f3 biol\u00f3giai rendszer, melynek egyik legfontosabb funkci\u00f3ja a m\u00e9regtelen\u00edt\u00e9s \u2013 kivezet\u00e9se azoknak az anyagoknak, melyekre [&hellip;]<\/p>\n","protected":false},"featured_media":4683,"comment_status":"open","ping_status":"closed","template":"","meta":[],"product_brand":[],"product_cat":[33,32],"product_tag":[],"class_list":{"0":"post-4684","1":"product","2":"type-product","3":"status-publish","4":"has-post-thumbnail","6":"product_cat-egeszseg-medalok","7":"product_cat-triomed","9":"first","10":"instock","11":"taxable","12":"shipping-taxable","13":"purchasable","14":"product-type-simple"},"_links":{"self":[{"href":"https:\/\/vetomshop.hu\/lb\/wp-json\/wp\/v2\/product\/4684","targetHints":{"allow":["GET"]}}],"collection":[{"href":"https:\/\/vetomshop.hu\/lb\/wp-json\/wp\/v2\/product"}],"about":[{"href":"https:\/\/vetomshop.hu\/lb\/wp-json\/wp\/v2\/types\/product"}],"replies":[{"embeddable":true,"href":"https:\/\/vetomshop.hu\/lb\/wp-json\/wp\/v2\/comments?post=4684"}],"wp:featuredmedia":[{"embeddable":true,"href":"https:\/\/vetomshop.hu\/lb\/wp-json\/wp\/v2\/media\/4683"}],"wp:attachment":[{"href":"https:\/\/vetomshop.hu\/lb\/wp-json\/wp\/v2\/media?parent=4684"}],"wp:term":[{"taxonomy":"product_brand","embeddable":true,"href":"https:\/\/vetomshop.hu\/lb\/wp-json\/wp\/v2\/product_brand?post=4684"},{"taxonomy":"product_cat","embeddable":true,"href":"https:\/\/vetomshop.hu\/lb\/wp-json\/wp\/v2\/product_cat?post=4684"},{"taxonomy":"product_tag","embeddable":true,"href":"https:\/\/vetomshop.hu\/lb\/wp-json\/wp\/v2\/product_tag?post=4684"}],"curies":[{"name":"wp","href":"https:\/\/api.w.org\/{rel}","templated":true}]}}