{"id":4686,"date":"2023-11-11T14:33:48","date_gmt":"2023-11-11T13:33:48","guid":{"rendered":"https:\/\/vetomshop.hu\/termek\/ekuples-medal\/"},"modified":"2023-11-11T14:33:48","modified_gmt":"2023-11-11T13:33:48","slug":"ekuples-medal","status":"publish","type":"product","link":"https:\/\/vetomshop.hu\/lb\/product\/ekuples-medal\/","title":{"rendered":"Ekuples Medaille"},"content":{"rendered":"<p><strong>Haaptfunktioun:<\/strong><\/p>\n<p>Bei Zoust\u00e4nn, d\u00e9i duerch Pilzkrankheeten verursaacht ginn, d'Optimis\u00e9ierung vum Immunsystem an d'harmonesch Funktioun vum Kierper<br \/>\nen Instrument fir Iech bei \u00c4rer Aarbecht ze h\u00ebllefen.<\/p>\n<p><strong>\u00cbnnerst\u00ebtzt vun:<\/strong><\/p>\n<ul>\n<li>Normalis\u00e9ierung vum Immunsystem,<\/li>\n<li>Regeneratioun no Verletzungen (besonnesch Verletzungen vun der Schleimhaut),<\/li>\n<li>de Kampf g\u00e9int Hoer- a Nagelpilz,<\/li>\n<li>de Prozess vum Neutralis\u00e9ieren an Ewechhuele vu g\u00ebftege Substanzen aus dem Kierper.<\/li>\n<\/ul>\n<div class=\"su-spoiler su-spoiler-style-defoult su-spoiler-icon-caret su-spoiler-closed\" data-scroll-offset=\"0\" data-anchor-in-url=\"no\"><div class=\"su-spoiler-title\" tabindex=\"0\" role=\"button\"><span class=\"su-spoiler-icon\"><\/span>Alles<\/div><div class=\"su-spoiler-content su-u-clearfix su-u-trim\">\n<p><strong>W\u00e9ini kann d'Ekuples-Gesondheetsmedail benotzt ginn?<\/strong><\/p>\n<p>De Gesondheetsmedaillon huet en positiven Afloss op d'funktional Operatioun vum Kierper a kann als erg\u00e4nzend Behandlung benotzt ginn \u2013 als allgemengt optim\u00e9ierend a korrig\u00e9ierend Instrument fir b\u00e9id d'Pr\u00e4ventioun an d'Wiederherstellung vun der Gesondheet:<\/p>\n<ul>\n<li>Hautkrankheeten, verursaacht duerch Pilzinfektiounen, Entz\u00fcndungen, Mondinfektiounen \u2013 Stomatitis,<\/li>\n<li>Kandidiose,<\/li>\n<li>allergesch Bronchitis,<\/li>\n<li>anere Krankheeten, d\u00e9i duerch Pilzinfektiounen verursaacht ginn.<\/li>\n<\/ul>\n<p><strong>Wichteg Warnung!<\/strong><\/p>\n<p>Wann Dir eng Pilzinfektioun verd\u00e4chtegt, konsult\u00e9iert \u00c4ren Dokter! Zous\u00e4tzlech zur vun \u00c4rem Dokter recommand\u00e9ierter Behandlung benotzt d'Ekuples Health Medal fir seng Effektivit\u00e9it ze erh\u00e9ijen.<\/p>\n<\/div><\/div>","protected":false},"excerpt":{"rendered":"<p>F\u0151 funkci\u00f3ja: A gomb\u00e1s megbeteged\u00e9sek k\u00f6vetkezt\u00e9ben kialakult \u00e1llapotok eset\u00e9n az immunrendszer munk\u00e1j\u00e1nak optimaliz\u00e1ci\u00f3j\u00e1t \u00e9s a szervezet harmonikus munk\u00e1j\u00e1t seg\u00edt\u0151 eszk\u00f6z. T\u00e1mogatja: az immunrendszer m\u0171k\u00f6d\u00e9s\u00e9nek normaliz\u00e1l\u00e1s\u00e1t, a s\u00e9r\u00fcl\u00e9sek ut\u00e1ni regener\u00e1ci\u00f3t (k\u00fcl\u00f6n\u00f6s tekintettel a ny\u00e1lkah\u00e1rtya s\u00e9r\u00fcl\u00e9seire), a haj- \u00e9s k\u00f6r\u00f6mgomba elleni harcot, a toxikus anyagok semleges\u00edt\u00e9s\u00e9nek \u00e9s kivezet\u00e9s\u00e9nek folyamat\u00e1t a szervezetb\u0151l.<\/p>","protected":false},"featured_media":4685,"comment_status":"open","ping_status":"closed","template":"","meta":[],"product_brand":[],"product_cat":[33,32],"product_tag":[],"class_list":{"0":"post-4686","1":"product","2":"type-product","3":"status-publish","4":"has-post-thumbnail","6":"product_cat-egeszseg-medalok","7":"product_cat-triomed","9":"first","10":"instock","11":"taxable","12":"shipping-taxable","13":"purchasable","14":"product-type-simple"},"_links":{"self":[{"href":"https:\/\/vetomshop.hu\/lb\/wp-json\/wp\/v2\/product\/4686","targetHints":{"allow":["GET"]}}],"collection":[{"href":"https:\/\/vetomshop.hu\/lb\/wp-json\/wp\/v2\/product"}],"about":[{"href":"https:\/\/vetomshop.hu\/lb\/wp-json\/wp\/v2\/types\/product"}],"replies":[{"embeddable":true,"href":"https:\/\/vetomshop.hu\/lb\/wp-json\/wp\/v2\/comments?post=4686"}],"wp:featuredmedia":[{"embeddable":true,"href":"https:\/\/vetomshop.hu\/lb\/wp-json\/wp\/v2\/media\/4685"}],"wp:attachment":[{"href":"https:\/\/vetomshop.hu\/lb\/wp-json\/wp\/v2\/media?parent=4686"}],"wp:term":[{"taxonomy":"product_brand","embeddable":true,"href":"https:\/\/vetomshop.hu\/lb\/wp-json\/wp\/v2\/product_brand?post=4686"},{"taxonomy":"product_cat","embeddable":true,"href":"https:\/\/vetomshop.hu\/lb\/wp-json\/wp\/v2\/product_cat?post=4686"},{"taxonomy":"product_tag","embeddable":true,"href":"https:\/\/vetomshop.hu\/lb\/wp-json\/wp\/v2\/product_tag?post=4686"}],"curies":[{"name":"wp","href":"https:\/\/api.w.org\/{rel}","templated":true}]}}