{"id":4690,"date":"2023-11-11T14:33:49","date_gmt":"2023-11-11T13:33:49","guid":{"rendered":"https:\/\/vetomshop.hu\/termek\/elast-medal\/"},"modified":"2023-11-11T14:33:49","modified_gmt":"2023-11-11T13:33:49","slug":"elast-medal","status":"publish","type":"product","link":"https:\/\/vetomshop.hu\/lb\/product\/elast-medal\/","title":{"rendered":"Elasteschen Anh\u00e4nger"},"content":{"rendered":"<p>E weidere Apparat fir d'Pr\u00e4ventioun an d'Behandlung vu Bandverletzungen, d'Aktiv\u00e9ierung vu regenerativen Prozesser an d'Behandlung vu chronesche Bandverletzungen.<\/p>\n<p>D'Wierkung vum \u201eELAST\u201d-Medailion zielt dorop of, d'normal metabolesch Prozesser an de Zellen an de Geweider vun de B\u00e4nner er\u00ebmzestellen an domat de Alterungsprozess ze verlangsamen.<\/p>\n<p>D\u00ebst Apparat huet en positiven Afloss op de Zoustand vun de Kierperfunktiounen a kann a Kombinatioun mat anere Methoden als M\u00ebttel fir Optimis\u00e9ierung a Korrektur benotzt ginn:<\/p>\n<ul>\n<li>Erh\u00e9icht d'Elastizit\u00e9it vun de B\u00e4nner a vergr\u00e9issert d'Beweegungs\u00ebmfang vun de Gelenker als \u00c4ntwert op altersbed\u00e9ngt Ver\u00e4nnerungen.<\/li>\n<li>verr\u00e9ngert d'Wahrscheinlechkeet vu Sehnen- a Bandverletzungen<\/li>\n<li>d'Erhuelungsz\u00e4it no B\u00e4nnerverletzungen (Zerrungen, R\u00ebssegkeeten) verkierzen<\/li>\n<li>Verlangsamung vun altersbedingten Ver\u00e4nnerungen an de Gelenker<\/li>\n<li>Verst\u00e4erkung vun de B\u00e4nner vun de bannenzegen Organer, fir hire Prolaps ze verh\u00ebnneren (Geb\u00e4rmutter, D\u00e4r, Nieren, Magen)<\/li>\n<\/ul>\n<div class=\"su-spoiler su-spoiler-style-defoult su-spoiler-icon-caret su-spoiler-closed\" data-scroll-offset=\"0\" data-anchor-in-url=\"no\"><div class=\"su-spoiler-title\" tabindex=\"0\" role=\"button\"><span class=\"su-spoiler-icon\"><\/span>Alles<\/div><div class=\"su-spoiler-content su-u-clearfix su-u-trim\">\n<strong>Effekter:<\/strong><\/p>\n<ul>\n<li>Verbesserung vun de metabolesche Prozesser am Bindegewebe vun de Gelenker an den internen Organer, inklusiv Dupuytren-Kontraktur. (Kontraktur: Verkierzung an\/oder Schrumpfung vun Sehnen an\/oder Muskelen, d\u00e9i zu Deformit\u00e9it an\/oder enger erzwongener Haltung f\u00e9iert)<\/li>\n<li>Verlangsamung vun den \u201ealterungsbedingten\u201d Ver\u00e4nnerungen am muskuloskeletten System<\/li>\n<li>Verbessert d'Elastizit\u00e9it vun de Muskelen a B\u00e4nner<\/li>\n<li>acceler\u00e9iert d'Regeneratioun no Verletzungen a chirurgesche Prozeduren a verh\u00ebnnert d'Bildung vu rauen Narben.<\/li>\n<\/ul>\n<\/div><\/div>","protected":false},"excerpt":{"rendered":"<p>Kieg\u00e9sz\u00edt\u0151 eszk\u00f6z a ligamentum betegs\u00e9geinek megel\u0151z\u00e9s\u00e9re \u00e9s kezel\u00e9s\u00e9re, regener\u00e1ci\u00f3s folyamatok aktiv\u00e1l\u00e1s\u00e1ra \u00e9s a ligamentum kr\u00f3nikus betegs\u00e9geinek kieg\u00e9sz\u00edt\u0151 kezel\u00e9s\u00e9re. A &#8222;ELAST&#8221; Med\u00e1l hat\u00e1sa a norm\u00e1lis anyagcsere-folyamatok helyre\u00e1ll\u00edt\u00e1s\u00e1ra ir\u00e1nyul a ligamentumok sejtjeiben \u00e9s sz\u00f6veteiben, lass\u00edtva az \u00f6reged\u00e9si folyamatokat is. Ez az eszk\u00f6z pozit\u00edv hat\u00e1ssal van a testfunkci\u00f3k \u00e1llapot\u00e1ra, az optimaliz\u00e1l\u00e1s \u00e9s korrekci\u00f3 eszk\u00f6zek\u00e9nt haszn\u00e1lhat\u00f3 egy\u00e9b m\u00f3dszerekkel is [&hellip;]<\/p>\n","protected":false},"featured_media":4689,"comment_status":"open","ping_status":"closed","template":"","meta":[],"product_brand":[],"product_cat":[33,32],"product_tag":[],"class_list":{"0":"post-4690","1":"product","2":"type-product","3":"status-publish","4":"has-post-thumbnail","6":"product_cat-egeszseg-medalok","7":"product_cat-triomed","9":"first","10":"instock","11":"taxable","12":"shipping-taxable","13":"purchasable","14":"product-type-simple"},"_links":{"self":[{"href":"https:\/\/vetomshop.hu\/lb\/wp-json\/wp\/v2\/product\/4690","targetHints":{"allow":["GET"]}}],"collection":[{"href":"https:\/\/vetomshop.hu\/lb\/wp-json\/wp\/v2\/product"}],"about":[{"href":"https:\/\/vetomshop.hu\/lb\/wp-json\/wp\/v2\/types\/product"}],"replies":[{"embeddable":true,"href":"https:\/\/vetomshop.hu\/lb\/wp-json\/wp\/v2\/comments?post=4690"}],"wp:featuredmedia":[{"embeddable":true,"href":"https:\/\/vetomshop.hu\/lb\/wp-json\/wp\/v2\/media\/4689"}],"wp:attachment":[{"href":"https:\/\/vetomshop.hu\/lb\/wp-json\/wp\/v2\/media?parent=4690"}],"wp:term":[{"taxonomy":"product_brand","embeddable":true,"href":"https:\/\/vetomshop.hu\/lb\/wp-json\/wp\/v2\/product_brand?post=4690"},{"taxonomy":"product_cat","embeddable":true,"href":"https:\/\/vetomshop.hu\/lb\/wp-json\/wp\/v2\/product_cat?post=4690"},{"taxonomy":"product_tag","embeddable":true,"href":"https:\/\/vetomshop.hu\/lb\/wp-json\/wp\/v2\/product_tag?post=4690"}],"curies":[{"name":"wp","href":"https:\/\/api.w.org\/{rel}","templated":true}]}}