{"id":4694,"date":"2023-11-11T14:33:50","date_gmt":"2023-11-11T13:33:50","guid":{"rendered":"https:\/\/vetomshop.hu\/termek\/eros-plus\/"},"modified":"2023-11-11T14:33:50","modified_gmt":"2023-11-11T13:33:50","slug":"eros-plus","status":"publish","type":"product","link":"https:\/\/vetomshop.hu\/lb\/product\/eros-plus\/","title":{"rendered":"Eros plus"},"content":{"rendered":"<h4>\u201eEROS plus\u201d-Medailion<\/h4>\n<p>\u201eEROS plus\u201d Anh\u00e4nger \u2013 e Ger\u00e4t fir eng fein biofisikesch Upassung vun de Dr\u00fcsen, d\u00e9i fir d'Produktioun vu m\u00e4nnleche Sexpheromonen \u2013 Androstenol an Androsteron \u2013 zoust\u00e4nneg sinn.<br \/>\nM\u00ebnschlech Pheromonen sinn speziell biocheemesch Verbindungen, d\u00e9i vun speziellen Dr\u00fcsen am \u00e4usseren Epithel produz\u00e9iert ginn. Pheromonen, d\u00e9i an d'\u00cbmwelt fr\u00e4igesat ginn, k\u00ebnnen vun de Riechrezeptoren erkannt ginn, d\u00e9i Signaler un d'Hemisph\u00e4ren vum m\u00ebnschleche Gehir iwwerdroen. D\u00e9i wichtegst Pheromonen, d\u00e9i vum M\u00ebnsch produz\u00e9iert ginn, sinn Androstenol an Androstenon.<\/p>\n<div class=\"su-spoiler su-spoiler-style-defoult su-spoiler-icon-caret su-spoiler-closed\" data-scroll-offset=\"0\" data-anchor-in-url=\"no\"><div class=\"su-spoiler-title\" tabindex=\"0\" role=\"button\"><span class=\"su-spoiler-icon\"><\/span>Alles<\/div><div class=\"su-spoiler-content su-u-clearfix su-u-trim\">\n<p>Androstenol ass e universellt Pheromon, dat vun b\u00e9ide Geschlechter synthetis\u00e9iert g\u00ebtt. Et h\u00eblleft, s\u00e9ier Sympathie beim Gespr\u00e9ichspartner ze erwecken, an stimul\u00e9iert de Wonsch no Kommunikatioun. De Bes\u00ebtzer vun engem Duft, deen Androstenol enth\u00e4lt, strahlt eng Aura vu Jugend a Fr\u00ebschheet aus, onofh\u00e4ngeg vum Alter.<\/p>\n<p>Androsteron \u2013 en Analog vun enger Substanz, d\u00e9i n\u00ebmmen vun deenen vum m\u00e9i staarke Geschlecht synthetis\u00e9iert g\u00ebtt. Et g\u00ebtt och d'Pheromon vum Courage genannt, well s\u00e4i Tr\u00e4ger eng zouversiichtlech, staark Aura huet, d\u00e9i fir Fraen attraktiv ass.<\/p>\n<p>D'Tragen vum \u201eEROS plus\u201d-Anh\u00e4nger stimul\u00e9iert d'Produktioun vun \u00e4re eegenen Pheromonen.<\/p>\n<p>Den \u201eEROS plus\u201d-Anh\u00e4nger h\u00eblleft Iech, Selbstvertrauen ze gewannen an d'Sympathie vum g\u00e9igesatege Geschlecht unzez\u00e9ien.<\/p>\n<\/div><\/div>","protected":false},"excerpt":{"rendered":"<p>&#8222;EROS plus&#8221; med\u00e1l &#8222;EROS plus&#8221; med\u00e1l \u2013 a f\u00e9rfi nemi feromonok \u2013 androstenol \u00e9s androsteron \u2013 el\u0151\u00e1ll\u00edt\u00e1s\u00e1\u00e9rt felel\u0151s mirigyek finom biofizikai be\u00e1ll\u00edt\u00e1s\u00e1ra szolg\u00e1l\u00f3 eszk\u00f6z. Az emberi feromonok k\u00fcl\u00f6nleges biok\u00e9miai vegy\u00fcletek, amelyeket a k\u00fcls\u0151 epitheliumban tal\u00e1lhat\u00f3 speci\u00e1lis mirigyek termelnek. A k\u00f6rnyezetbe behatol\u00f3 feromonok a szagl\u00f3receptorok seg\u00edts\u00e9g\u00e9vel \u00e9rz\u00e9kelhet\u0151k, amik \u201e jelet k\u00f6zvet\u00edtenek\u201d az emberi agy f\u00e9ltek\u00e9ire. Az [&hellip;]<\/p>\n","protected":false},"featured_media":4693,"comment_status":"open","ping_status":"closed","template":"","meta":[],"product_brand":[],"product_cat":[33,32],"product_tag":[],"class_list":{"0":"post-4694","1":"product","2":"type-product","3":"status-publish","4":"has-post-thumbnail","6":"product_cat-egeszseg-medalok","7":"product_cat-triomed","9":"first","10":"instock","11":"taxable","12":"shipping-taxable","13":"purchasable","14":"product-type-simple"},"_links":{"self":[{"href":"https:\/\/vetomshop.hu\/lb\/wp-json\/wp\/v2\/product\/4694","targetHints":{"allow":["GET"]}}],"collection":[{"href":"https:\/\/vetomshop.hu\/lb\/wp-json\/wp\/v2\/product"}],"about":[{"href":"https:\/\/vetomshop.hu\/lb\/wp-json\/wp\/v2\/types\/product"}],"replies":[{"embeddable":true,"href":"https:\/\/vetomshop.hu\/lb\/wp-json\/wp\/v2\/comments?post=4694"}],"wp:featuredmedia":[{"embeddable":true,"href":"https:\/\/vetomshop.hu\/lb\/wp-json\/wp\/v2\/media\/4693"}],"wp:attachment":[{"href":"https:\/\/vetomshop.hu\/lb\/wp-json\/wp\/v2\/media?parent=4694"}],"wp:term":[{"taxonomy":"product_brand","embeddable":true,"href":"https:\/\/vetomshop.hu\/lb\/wp-json\/wp\/v2\/product_brand?post=4694"},{"taxonomy":"product_cat","embeddable":true,"href":"https:\/\/vetomshop.hu\/lb\/wp-json\/wp\/v2\/product_cat?post=4694"},{"taxonomy":"product_tag","embeddable":true,"href":"https:\/\/vetomshop.hu\/lb\/wp-json\/wp\/v2\/product_tag?post=4694"}],"curies":[{"name":"wp","href":"https:\/\/api.w.org\/{rel}","templated":true}]}}