{"id":4698,"date":"2023-11-11T14:33:51","date_gmt":"2023-11-11T13:33:51","guid":{"rendered":"https:\/\/vetomshop.hu\/termek\/gamma-medal\/"},"modified":"2023-11-11T14:33:51","modified_gmt":"2023-11-11T13:33:51","slug":"gamma-medal","status":"publish","type":"product","link":"https:\/\/vetomshop.hu\/lb\/product\/gamma-medal\/","title":{"rendered":"Gamma-Medailion"},"content":{"rendered":"<h4>Gamma Gesondheetsmedailjon<\/h4>\n<p>Gamma Med\u00e1l ass dat neiste Miniatur-Transmitter-Ger\u00e4t, eng innovativ Entw\u00e9cklung vu russesche W\u00ebssenschaftler bei Triomed, enger Firma, d\u00e9i medizinesch Apparater fabriz\u00e9iert a entw\u00e9ckelt. Et h\u00eblleft, Schilddr\u00fcsenst\u00e9ierungen ze verh\u00ebnneren, an stellt d'Balance vum Kierper an seng Selbstheilungsf\u00e4egkeeten bei Schilddr\u00fcsenproblemer er\u00ebm.<\/p>\n<p>Als erg\u00e4nzend korrig\u00e9ierend Moossnam zur medizinescher Behandlung g\u00ebtt et fir jiddereen recommand\u00e9iert, deen un de folgende Zoust\u00e4nn leet: \u00ebnneraktiver oder iwweraktiver Schilddr\u00fcs, Entz\u00fcndung, Hashimoto-Krankheet, Jodmangel oder Verdacht op eng Schilddr\u00fcsenkrankheet.<\/p>","protected":false},"excerpt":{"rendered":"<p>Gamma Eg\u00e9szs\u00e9g Med\u00e1l A Gamma Med\u00e1l a leg\u00fajabb miniat\u0171r jelad\u00f3 k\u00e9sz\u00fcl\u00e9k, innovat\u00edv fejleszt\u00e9s a Triomed orvostechnikai eszk\u00f6z\u00f6ket gy\u00e1rt\u00f3 \u00e9s fejleszt\u0151 c\u00e9g orosz tud\u00f3sait\u00f3l. Seg\u00edt a pajzsmirigy betegs\u00e9gek megel\u0151z\u00e9s\u00e9ben, seg\u00edt vissza\u00e1ll\u00edtani a szervezet egyens\u00faly\u00e1t, \u00f6ngy\u00f3gy\u00edt\u00f3 k\u00e9pess\u00e9geit pajzsmirigy probl\u00e9m\u00e1k eset\u00e9n. Mint gy\u00f3gykezel\u00e9st kieg\u00e9sz\u00edt\u0151 korrekci\u00f3s eszk\u00f6z javasolt mindazoknak, akik az al\u00e1bbi betegs\u00e9gekben szenvednek: pajzsmirigy alul \u2013 \u00e9s t\u00falm\u0171k\u00f6d\u00e9s, [&hellip;]<\/p>\n","protected":false},"featured_media":4697,"comment_status":"open","ping_status":"closed","template":"","meta":[],"product_brand":[],"product_cat":[33,32],"product_tag":[],"class_list":{"0":"post-4698","1":"product","2":"type-product","3":"status-publish","4":"has-post-thumbnail","6":"product_cat-egeszseg-medalok","7":"product_cat-triomed","9":"first","10":"instock","11":"taxable","12":"shipping-taxable","13":"purchasable","14":"product-type-simple"},"_links":{"self":[{"href":"https:\/\/vetomshop.hu\/lb\/wp-json\/wp\/v2\/product\/4698","targetHints":{"allow":["GET"]}}],"collection":[{"href":"https:\/\/vetomshop.hu\/lb\/wp-json\/wp\/v2\/product"}],"about":[{"href":"https:\/\/vetomshop.hu\/lb\/wp-json\/wp\/v2\/types\/product"}],"replies":[{"embeddable":true,"href":"https:\/\/vetomshop.hu\/lb\/wp-json\/wp\/v2\/comments?post=4698"}],"wp:featuredmedia":[{"embeddable":true,"href":"https:\/\/vetomshop.hu\/lb\/wp-json\/wp\/v2\/media\/4697"}],"wp:attachment":[{"href":"https:\/\/vetomshop.hu\/lb\/wp-json\/wp\/v2\/media?parent=4698"}],"wp:term":[{"taxonomy":"product_brand","embeddable":true,"href":"https:\/\/vetomshop.hu\/lb\/wp-json\/wp\/v2\/product_brand?post=4698"},{"taxonomy":"product_cat","embeddable":true,"href":"https:\/\/vetomshop.hu\/lb\/wp-json\/wp\/v2\/product_cat?post=4698"},{"taxonomy":"product_tag","embeddable":true,"href":"https:\/\/vetomshop.hu\/lb\/wp-json\/wp\/v2\/product_tag?post=4698"}],"curies":[{"name":"wp","href":"https:\/\/api.w.org\/{rel}","templated":true}]}}