{"id":4708,"date":"2023-11-11T14:33:53","date_gmt":"2023-11-11T13:33:53","guid":{"rendered":"https:\/\/vetomshop.hu\/termek\/omega-medal\/"},"modified":"2023-11-11T14:33:53","modified_gmt":"2023-11-11T13:33:53","slug":"omega-medal","status":"publish","type":"product","link":"https:\/\/vetomshop.hu\/lb\/product\/omega-medal\/","title":{"rendered":"Omega-Pendent"},"content":{"rendered":"<h4>Omega-Pendent<\/h4>\n<p>All Dag k\u00ebnnen Triomed-Medailen e laang, gl\u00e9cklecht a gesond Liewen \u00ebnnerst\u00ebtzen. Si harmonis\u00e9ieren de Kierper sanft a k\u00ebnnen dozou b\u00e4idroen, d'Energie-Informatioun ze korrig\u00e9ieren.<\/p>\n<p>Fir wien empfielen mir et?<\/p>\n<p>Fir all d\u00e9i, d\u00e9i un h\u00e9ijem Blutdrock a Zirkulatiounsproblemer leiden.<\/p>\n<p><strong>Wichteg Warnung:<\/strong><\/p>\n<p>Rufft \u00ebmmer \u00c4ren Dokter un, wann Dir eng kardiovaskul\u00e4r Krankheet hutt. Zous\u00e4tzlech zur vun \u00c4rem Dokter verschriwwener Behandlung k\u00ebnnt Dir d'Triomed Omega Medal benotzen, fir d'Heelen ze f\u00ebrderen an d'Regeneratioun ze beschleunegen.<\/p>\n<p>Kanner \u00ebnner 6 Joer d\u00e4erfen d\u00ebst Produkt n\u00ebmmen \u00ebnner elterlecher Opsiicht benotzen!<\/p>\n<p>Triomed-Medailen k\u00ebnnen am Waasser geluecht ginn a si waasserdicht.<\/p>\n<p>All Triomed-Medailjong \u00ebnnerleet virun der Ver\u00ebffentlechung fir de Verkaf enger spezieller Spektrum- a Photometrie-Pr\u00fcfung, d\u00e9i d'Qualit\u00e9it an d'Konsistenz vun de Signaler garant\u00e9iert.<\/p>","protected":false},"excerpt":{"rendered":"<p>Omega Med\u00e1l A Triomed Med\u00e1lok napi szinten t\u00f6rt\u00e9n\u0151 alkalmaz\u00e1sa t\u00e1mogathatja a hossz\u00fa, boldog, eg\u00e9szs\u00e9ges \u00e9let el\u00e9r\u00e9s\u00e9t. L\u00e1gyan harmoniz\u00e1lj\u00e1k a szervezetet, hozz\u00e1j\u00e1rulhatnak az energia-inform\u00e1ci\u00f3s korrekci\u00f3hoz. Kiknek aj\u00e1nljuk? Mindazoknak, akik magas v\u00e9rnyom\u00e1st\u00f3l, kering\u00e9si probl\u00e9m\u00e1kt\u00f3l szenvednek. Fontos figyelmeztet\u00e9s: A sz\u00edv-\u00e9s \u00e9rrendszer megbeteged\u00e9sein\u00e9l mindig forduljon orvoshoz. Az orvos \u00e1ltal el\u0151\u00edrt kezel\u00e9s mellett p\u00e1rhuzamosan alkalmazhatja a Triomed Omega Med\u00e1lt a [&hellip;]<\/p>\n","protected":false},"featured_media":4707,"comment_status":"open","ping_status":"closed","template":"","meta":[],"product_brand":[],"product_cat":[33,32],"product_tag":[],"class_list":{"0":"post-4708","1":"product","2":"type-product","3":"status-publish","4":"has-post-thumbnail","6":"product_cat-egeszseg-medalok","7":"product_cat-triomed","9":"first","10":"instock","11":"taxable","12":"shipping-taxable","13":"purchasable","14":"product-type-simple"},"_links":{"self":[{"href":"https:\/\/vetomshop.hu\/lb\/wp-json\/wp\/v2\/product\/4708","targetHints":{"allow":["GET"]}}],"collection":[{"href":"https:\/\/vetomshop.hu\/lb\/wp-json\/wp\/v2\/product"}],"about":[{"href":"https:\/\/vetomshop.hu\/lb\/wp-json\/wp\/v2\/types\/product"}],"replies":[{"embeddable":true,"href":"https:\/\/vetomshop.hu\/lb\/wp-json\/wp\/v2\/comments?post=4708"}],"wp:featuredmedia":[{"embeddable":true,"href":"https:\/\/vetomshop.hu\/lb\/wp-json\/wp\/v2\/media\/4707"}],"wp:attachment":[{"href":"https:\/\/vetomshop.hu\/lb\/wp-json\/wp\/v2\/media?parent=4708"}],"wp:term":[{"taxonomy":"product_brand","embeddable":true,"href":"https:\/\/vetomshop.hu\/lb\/wp-json\/wp\/v2\/product_brand?post=4708"},{"taxonomy":"product_cat","embeddable":true,"href":"https:\/\/vetomshop.hu\/lb\/wp-json\/wp\/v2\/product_cat?post=4708"},{"taxonomy":"product_tag","embeddable":true,"href":"https:\/\/vetomshop.hu\/lb\/wp-json\/wp\/v2\/product_tag?post=4708"}],"curies":[{"name":"wp","href":"https:\/\/api.w.org\/{rel}","templated":true}]}}