{"id":4714,"date":"2023-11-11T14:33:54","date_gmt":"2023-11-11T13:33:54","guid":{"rendered":"https:\/\/vetomshop.hu\/termek\/triomed-compact\/"},"modified":"2023-11-11T14:33:54","modified_gmt":"2023-11-11T13:33:54","slug":"triomed-compact","status":"publish","type":"product","link":"https:\/\/vetomshop.hu\/lb\/product\/triomed-compact\/","title":{"rendered":"Triomed kompakt"},"content":{"rendered":"<h4>Schm\u00e4erzentherapie, Entz\u00fcndungsreduktioun, Entgiftung, Rehabilitatioun, urs\u00e4chlech Behandlung, \u00c9ischt H\u00ebllef, chronesch Krankheeten, Elektrosmog, Stress, Liichttherapie<\/h4>\n<p>Innovatiounssystem fir d'Gesondheet ze sch\u00fctzen an ze restaur\u00e9ieren \u2013 <strong>Triomed kompakt.<\/strong><\/p>\n<p>Mir h\u00e9ieren bal all Dag, datt eis \u00cbmwelt \u00ebmmer m\u00e9i aggressiv ginn ass.<\/p>\n<p>Chemikalien am Iessen a Waasser, Loftverschmotzung an e \u00ebmmer m\u00e9i h\u00e9ijen Liewensrhythmus stellen eescht Erausfuerderungen fir eise Kierper duer. Zivilisatiounskrankheeten, d\u00e9i w\u00e9inst ge\u00e4nnerten \u00cbmweltfaktoren, Ern\u00e4rungsgewohnheeten, Aarbechtsbed\u00e9ngungen an STRESS entstinn, si och e Grond fir grouss Suergen. D'Behandlung vun d\u00ebse Krankheeten ass eng grouss Erausfuerderung fir d'Dokteren, well si dacks keng M\u00ebttel hunn, fir eppes dorunner ze maachen. No laangen \u00cbnnersichunge kritt een dacks e lat\u00e4nesche Numm als Diagnos, deen gutt (oder \u00e9ischter schlecht) kl\u00e9ngt, an de Rot, domat ze liewen.<\/p>\n<p>Awer ass et agreabel, s\u00e4i Liewen an esou engem hoffnungslosen Zoustand ze verbr\u00e9ngen, Joerz\u00e9ngten t\u00ebscht Krankheet a Doud? W\u00e9i vill P\u00e9ng, Opopferung, Energie, Suen, Z\u00e4it a Entt\u00e4uschung begleeden de Patient op sengem Wee? W\u00e9i vill onerf\u00ebllte Pl\u00e4ng, Ziler, Karri\u00e4ren a W\u00ebnsch ginn fortgeworf, well vun deem Moment un alles \u00ebm d'Krankheet dr\u00e9it?<\/p>\n<div class=\"su-spoiler su-spoiler-style-defoult su-spoiler-icon-caret su-spoiler-closed\" data-scroll-offset=\"0\" data-anchor-in-url=\"no\"><div class=\"su-spoiler-title\" tabindex=\"0\" role=\"button\"><span class=\"su-spoiler-icon\"><\/span>Alles<\/div><div class=\"su-spoiler-content su-u-clearfix su-u-trim\">\n<p>D'Fro ass: k\u00ebnne mir gesond sinn, wann mir eis net \u00e4nneren?<\/p>\n<p>Behandelen mir n\u00ebmmen d'Ursaachen vun de Krankheeten a setzen deelweis L\u00e9isungen \u00ebm?<\/p>\n<p>D'\u00c4ntwert ass kloer NEE! Entdeckt e komplexe System, deen an senger Aart eenzegaarteg ass!<\/p>\n<p>Eis Apparater behandelen \u00c4r Krankheeten, verbesseren \u00c4r Liewensqualit\u00e9it, h\u00ebllefen Iech, Iech un eng ge\u00e4nnert an st\u00e4nneg wiesselnd \u00cbmwelt unzepassen, an se souguer ze ver\u00e4nneren.<\/p>\n<p>Net n\u00ebmmen k\u00ebnne mir aussergew\u00e9inlech Resultater erreechen bei der Behandlung vu verschiddene Krankheeten, P\u00e9ng, Entz\u00fcndungen, autoimmunen Prozesser an schlechter St\u00ebmmung, m\u00e4 mir k\u00ebnnen och d'Ursaachen elimin\u00e9ieren! All dat g\u00ebtt erreecht duerch d'kontinu\u00e9ierlech Kommunikatioun vum Apparat mat \u00c4rem Kierper, wou all Impuls op \u00c4ren aktuellen Zoustand reag\u00e9iert.<\/p>\n<p>Biofeedback \u2013 am Radiowellenber\u00e4ich.<\/p>\n<p>Gesondheetsschutz als Selbstverst\u00e4ndlechkeet! Eng eenzegaarteg Approche!<\/p>\n<p>Op Kn\u00e4ppdrock:<\/p>\n<ul>\n<li>Verbessert \u00c4ert \u00f6kologescht \u00cbmfeld \u2013 Millimetertherapie iwwert d'Feld,<\/li>\n<li>Verbessert d'Qualit\u00e9it vum Waasser an Iessen \u2013 stellt d'Ordnung vum Waasser an Iessen er\u00ebm a reduz\u00e9iert schiedlech Auswierkungen.<\/li>\n<li>Et lindert Stress op der Aarbecht an aneren Plazen a erh\u00e9icht eis Resilienz.<\/li>\n<\/ul>\n<p>Den n\u00e4chsten Schr\u00ebtt: benotzt et reegelm\u00e9isseg fir \u00c4r Problemer ze l\u00e9isen!<\/p>\n<p>Triomed Compact \u2013 de Profi!<\/p>\n<p><strong>Erfarung:<\/strong> Ech hu ganz gutt Erfarungen mat Triomed- a Compact-Apparater. W\u00e9i mir krank waren, goufen och d\u00e9i hartn\u00e4ckegst Keimen an zwee bis dr\u00e4i Deeg ouni Medikamenter komplett geheelt. Ech sinn schwanger, an bei engem vun de Ultraschaller huet de Dokter eng Zyst am Sch\u00e4del vun eisem Puppelchen fonnt. Hien huet mech berouegt, datt alles gutt g\u00e9if goen, an ech war komplett roueg, well ech gewosst hunn, datt d'Zyst no e puer Behandlungen komplett verschwannen g\u00e9if. An genau dat ass geschitt!!! Ech wier als erwaart Mamm s\u00e9cher net esou roueg gewiescht, wann ech net vun d\u00ebse Ger\u00e4ter gewosst h\u00e4tt. Ech sinn ganz frou, datt ech se entdeckt hunn, ier ech schwanger ginn sinn.<\/p>\n<p>W.e.g. bemierkt: D\u00ebst Ger\u00e4t ass kee Ersatz fir medizinesch Behandlung.<\/p>\n<p>All Betribsmodi setzen e best\u00ebmmte Programm \u00ebm.<\/p>\n<p>TRIOMED COMPACT schafft aacht Betribsmodi.<\/p>\n<p>All Betribsmodi setzen e spezifescht, eenzegaartegt Programm \u00ebm.<\/p>\n<\/div><\/div>","protected":false},"excerpt":{"rendered":"<p>F\u00e1jdalomcsillap\u00edt\u00e1s, gyullad\u00e1s cs\u00f6kkent\u00e9s, lugos\u00edt\u00e1s, rehabilit\u00e1ci\u00f3, oki kezel\u00e9s, els\u0151seg\u00e9ly, kr\u00f3nikus betegs\u00e9gek, elektroszmog, stressz, f\u00e9nyter\u00e1pia Az eg\u00e9szs\u00e9g v\u00e9delm\u00e9nek \u00e9s vissza\u00e1ll\u00edt\u00e1s\u00e1nak innov\u00e1ci\u00f3s rendszere \u2013 Triomed compact. Szinte naponta hallunk arr\u00f3l, hogy k\u00f6rnyezet\u00fcnk egyre agressz\u00edvebb\u00e9 v\u00e1lt. Az \u00e9lelmiszerekben \u00e9s a v\u00edzben tal\u00e1lhat\u00f3 vegyszerek, a leveg\u0151 szennyezetts\u00e9ge, az egyre gyorsabb \u00e9lettemp\u00f3 komoly kih\u00edv\u00e1sok el\u00e9 \u00e1ll\u00edtja szervezet\u00fcnket. Komoly aggodalomra adhatnak okot [&hellip;]<\/p>\n","protected":false},"featured_media":4713,"comment_status":"open","ping_status":"closed","template":"","meta":[],"product_brand":[],"product_cat":[34,32],"product_tag":[],"class_list":{"0":"post-4714","1":"product","2":"type-product","3":"status-publish","4":"has-post-thumbnail","6":"product_cat-keszulekek","7":"product_cat-triomed","9":"first","10":"instock","11":"taxable","12":"shipping-taxable","13":"purchasable","14":"product-type-simple"},"_links":{"self":[{"href":"https:\/\/vetomshop.hu\/lb\/wp-json\/wp\/v2\/product\/4714","targetHints":{"allow":["GET"]}}],"collection":[{"href":"https:\/\/vetomshop.hu\/lb\/wp-json\/wp\/v2\/product"}],"about":[{"href":"https:\/\/vetomshop.hu\/lb\/wp-json\/wp\/v2\/types\/product"}],"replies":[{"embeddable":true,"href":"https:\/\/vetomshop.hu\/lb\/wp-json\/wp\/v2\/comments?post=4714"}],"wp:featuredmedia":[{"embeddable":true,"href":"https:\/\/vetomshop.hu\/lb\/wp-json\/wp\/v2\/media\/4713"}],"wp:attachment":[{"href":"https:\/\/vetomshop.hu\/lb\/wp-json\/wp\/v2\/media?parent=4714"}],"wp:term":[{"taxonomy":"product_brand","embeddable":true,"href":"https:\/\/vetomshop.hu\/lb\/wp-json\/wp\/v2\/product_brand?post=4714"},{"taxonomy":"product_cat","embeddable":true,"href":"https:\/\/vetomshop.hu\/lb\/wp-json\/wp\/v2\/product_cat?post=4714"},{"taxonomy":"product_tag","embeddable":true,"href":"https:\/\/vetomshop.hu\/lb\/wp-json\/wp\/v2\/product_tag?post=4714"}],"curies":[{"name":"wp","href":"https:\/\/api.w.org\/{rel}","templated":true}]}}