{"id":4716,"date":"2023-11-11T14:33:55","date_gmt":"2023-11-11T13:33:55","guid":{"rendered":"https:\/\/vetomshop.hu\/termek\/triomed-mmw\/"},"modified":"2023-11-11T14:33:55","modified_gmt":"2023-11-11T13:33:55","slug":"triomed-mmw","status":"publish","type":"product","link":"https:\/\/vetomshop.hu\/lb\/product\/triomed-mmw\/","title":{"rendered":"Triomed MMW"},"content":{"rendered":"<h4>TRIOMED UNIVERSAL \u2013 DE SPEZIALIST FIR KRANKHEETEN<\/h4>\n<p>Wat ass de Schl\u00ebssel zur Heelen? Wat wier d'L\u00e9isung fir zahllos Gesondheetsproblemer?<\/p>\n<p>D'\u00c4ntwert ass einfach, mee d'L\u00e9isung konnt n\u00ebmmen an der haiteger moderner Welt, r\u00e4ich un IT-Erfindungen, realis\u00e9iert ginn, w\u00e9i et m\u00e9iglech gouf, e superschnelle SiGe-bas\u00e9ierten Halbleiter-Generator ze entw\u00e9ckelen, deen Signaler gener\u00e9iert, d\u00e9i identesch mat deenen vun Zellen a Organismen sinn. Dank d\u00ebser Innovatioun ass biologesch Kommunikatioun t\u00ebscht engem Apparat an engem M\u00ebnsch Realit\u00e9it ginn. D\u00ebs medizinesch Innovatioun gouf als BioTrEM-Technologie patent\u00e9iert.<br \/>\nLoosst eis e Beispill aus dem Alldag kucken. All Gesondheetsfachleit w\u00ebsse, datt obwuel Onkel Jancsi an Tatta Juliska b\u00e9id h\u00e9ije Bluttdrock hunn, d'eenzeg Gemeinsamkeet t\u00ebscht hiren Zoust\u00e4nn hir Symptomer sinn. Si hunn am Zesummenhang mat der Entw\u00e9cklung oder anere Parameteren, w\u00e9i Alter, Geschlecht, medizinesch Virgeschicht, Krankheetsursaach oder Krankheetsprogressioun, n\u00e4ischt gemeinsam. Allerd\u00e9ngs huelen b\u00e9id d\u00e9iselwecht Medikamenter, well d\u00e9i, d\u00e9i L\u00e9isungen ubidden, bis elo net d'M\u00e9iglechkeet haten, d\u00ebs zwou Persounen \u00ebnnerschiddlech ze behandelen.<\/p>\n<p>D\u00e9i speziell Eegeschaft vum Triomed Universal-Apparat ass, datt en dank senge krankheetspezifesche, ueschlossbare Emitter \u2013 zum Beispill dem speziellen Kardiologie-Emittor \u2013 all Persoun individuell behandelt an sech bei all Moment vun der Behandlung mam Patient ofst\u00ebmmt. D'Frequenz vum Kardiologie-Emisser, deen un de Triomed Universal ugeschloss ka ginn, entspr\u00e9cht der gesonder Frequenz vum kardiovaskul\u00e4re System, an d\u00ebs subtil Signaler st\u00ebmmen de Kierper er\u00ebm op eng gesond Fonction\u00e9ierung of. D\u00ebst m\u00e9cht d'Behandlung eenzegaarteg, well si sech un d'Ver\u00e4nnerungen am Kierper vum Individuum upasst an zu all Moment domat synchronis\u00e9iert.<\/p>\n<div class=\"su-spoiler su-spoiler-style-defoult su-spoiler-icon-caret su-spoiler-closed\" data-scroll-offset=\"0\" data-anchor-in-url=\"no\"><div class=\"su-spoiler-title\" tabindex=\"0\" role=\"button\"><span class=\"su-spoiler-icon\"><\/span>Alles<\/div><div class=\"su-spoiler-content su-u-clearfix su-u-trim\">\n<p><strong>Biofeedback am Radiofrequenzber\u00e4ich!<\/strong><\/p>\n<p>D\u00ebs innovativ Erfindung m\u00e9cht d\u00ebs Palette vu Ger\u00e4ter esou eenzegaarteg an esou effizient!<\/p>\n<p>Denk just drun: kennen mir eppes, wat eis all eis Beweegungen iwwerwaacht, dat mir automatesch, onofh\u00e4ngeg vun eisem Bewosstsinn, kontroll\u00e9ieren, an dat \u2013 loosst eis \u00e9ierlech sinn \u2013 eis t\u00e4uschen kann?<\/p>\n<p>D'TRIOMED UNIVERSAL-Apparat k\u00ebnnt am Basis-Set mat zwee modernste Emitter, d\u00e9i souwuel fir d'Behandlung w\u00e9i och fir d'Pr\u00e4ventioun vu Krankheeten benotzt k\u00ebnne ginn. D'Apparat kann eng grouss Zuel u Programmer a \u00cbnnerprogrammer aktiv\u00e9ieren \u2013 bal dausend. Zu d\u00ebsem Zweck kann de Apparat bei Bedarf mat 11 ueschlossbare Kappelen erweidert ginn, wat dem Basisapparat nei Funktiounen a M\u00e9iglechkeeten b\u00e4idr\u00e9it. Et ass e exzellentt Instrument fir Dokteren, Gesondheetsinstitutiounen a Heeler, souw\u00e9i eng perfekt Erg\u00e4nzung fir \u00c4re Heem-Medikamenteschaf!<\/p>\n<p><strong>Et ass einfach ze benotzen, k\u00e9int een soen: Kanderspill!<\/strong><\/p>\n<p>Wat d'Klassifikatioun ugeet, ass d'Apparat e medizinescht aktive elektromagnetescht Stimulatiounsapparat, dat dozou geduecht ass, pathologesch Zoust\u00e4nn duerch d'Applikatioun vun elektromagnetescher Stralung niddereger Intensit\u00e9it, extrem h\u00e9ijer Frequenz an Infrarout (IR) iwwer d'Hautfl\u00e4ch ze verh\u00ebnneren an ze behandelen. Et h\u00eblleft de Heelungsprozess ze beschleunegen, d'Medikamentendosis an hir Niewewierkungen ze reduz\u00e9ieren an positiv klinesch Resultater bei Patienten z'erreechen, d\u00e9i Medikamenter net gutt toler\u00e9ieren. D'Apparat kann an Gesondheetsinstitutiounen an och doheem benotzt ginn.<br \/>\nD'Apparat huet entz\u00fcndungshemmend, schmerzlindernd an \u00f6demverr\u00e9ngernd Effekter. Zous\u00e4tzlech klin\u00ebsch a physiologesch Effekter manifest\u00e9ieren sech an de Zellregeneratiounsprozesser, an der verbesserter Resistenz vum Kierper, an der verbesserter H\u00e4modynamik, an der Stresslinderung an an der Normalis\u00e9ierung vum autonomen Nervesystem.<\/p>\n<\/div><\/div>","protected":false},"excerpt":{"rendered":"<p>TRIOMED UNIVERSAL \u2013 A BETEGS\u00c9GEK SPECIALIST\u00c1JA Mi a gy\u00f3gyul\u00e1s kulcsa? Mi lenne a megold\u00e1s a sz\u00e1mtalan eg\u00e9szs\u00e9g\u00fcgyi probl\u00e9m\u00e1ra? A v\u00e1lasz egyszer\u0171, de a megold\u00e1s csak a mai modern, informatikai tal\u00e1lm\u00e1nyokkal b\u0151velked\u0151 vil\u00e1gunkban tudott megval\u00f3sulni, mikor is siker\u00fclt l\u00e9trehozni egy olyan szupergyors f\u00e9lvezet\u0151 SiGe alap\u00fa gener\u00e1tort, mely a sejtekkel, szervezettel azonos jeleket gener\u00e1l. Ennek az innov\u00e1ci\u00f3nak [&hellip;]<\/p>\n","protected":false},"featured_media":4715,"comment_status":"open","ping_status":"closed","template":"","meta":[],"product_brand":[],"product_cat":[34,32],"product_tag":[],"class_list":{"0":"post-4716","1":"product","2":"type-product","3":"status-publish","4":"has-post-thumbnail","6":"product_cat-keszulekek","7":"product_cat-triomed","9":"first","10":"instock","11":"taxable","12":"shipping-taxable","13":"purchasable","14":"product-type-simple"},"_links":{"self":[{"href":"https:\/\/vetomshop.hu\/lb\/wp-json\/wp\/v2\/product\/4716","targetHints":{"allow":["GET"]}}],"collection":[{"href":"https:\/\/vetomshop.hu\/lb\/wp-json\/wp\/v2\/product"}],"about":[{"href":"https:\/\/vetomshop.hu\/lb\/wp-json\/wp\/v2\/types\/product"}],"replies":[{"embeddable":true,"href":"https:\/\/vetomshop.hu\/lb\/wp-json\/wp\/v2\/comments?post=4716"}],"wp:featuredmedia":[{"embeddable":true,"href":"https:\/\/vetomshop.hu\/lb\/wp-json\/wp\/v2\/media\/4715"}],"wp:attachment":[{"href":"https:\/\/vetomshop.hu\/lb\/wp-json\/wp\/v2\/media?parent=4716"}],"wp:term":[{"taxonomy":"product_brand","embeddable":true,"href":"https:\/\/vetomshop.hu\/lb\/wp-json\/wp\/v2\/product_brand?post=4716"},{"taxonomy":"product_cat","embeddable":true,"href":"https:\/\/vetomshop.hu\/lb\/wp-json\/wp\/v2\/product_cat?post=4716"},{"taxonomy":"product_tag","embeddable":true,"href":"https:\/\/vetomshop.hu\/lb\/wp-json\/wp\/v2\/product_tag?post=4716"}],"curies":[{"name":"wp","href":"https:\/\/api.w.org\/{rel}","templated":true}]}}