{"id":4718,"date":"2023-11-11T14:33:56","date_gmt":"2023-11-11T13:33:56","guid":{"rendered":"https:\/\/vetomshop.hu\/termek\/antidiabetikus-jelado\/"},"modified":"2023-11-11T14:33:56","modified_gmt":"2023-11-11T13:33:56","slug":"antidiabetikus-jelado","status":"publish","type":"product","link":"https:\/\/vetomshop.hu\/lb\/product\/antidiabetikus-jelado\/","title":{"rendered":"Antidiabetes-Transmitter"},"content":{"rendered":"<h4>Antidiabetescher Heizkierper Nr. 7.<\/h4>\n<p>Operatiounsz\u00e4it: 13 Minutten.<\/p>\n<p>Seng Frequenz entspr\u00e9cht der Frequenz vun de Pankreaszellen an den Insulin-ofh\u00e4ngege Gewebsrezeptorfelder.<\/p>\n<p>Et kann an komplexe Programmer fir d'Pr\u00e4ventioun vum Diabetis an d'Behandlung vum Typ-I- a Typ-II-Diabetis agesat ginn, mat dem Zil, d'Entw\u00e9cklung vu Komplikatiounen ze verh\u00ebnneren.<\/p>\n<ul>\n<li>Et f\u00ebrdert d'Optimis\u00e9ierung vun de metabolesche Prozesser (Kuelenhydrater, Lipiden, Proteinen, Mineralstoffer).<\/li>\n<li>Verbessert d'metabolesch Prozesser an de Pankreaszellen.<\/li>\n<li>Optim\u00e9iert d'Insulinproduktioun duerch d'Zellen vum Pankreas.<\/li>\n<li>Erh\u00e9icht d'Gewebesensibilit\u00e9it op Insulin.<\/li>\n<li>Verbessert de Zoustand vum Rezeptorfeld vun insulin-ofh\u00e4ngege Gewebszellen<\/li>\n<li>Verh\u00ebnnert \u00d6dem<\/li>\n<li>Et beschleunegt d'Regeneratioun an d'Reparatur vun de Pankreaszellen.<\/li>\n<li>Et huet eng entz\u00fcndungshemmend Wierkung.<\/li>\n<li>Verbessert d'Blutzirkulatioun.<\/li>\n<li>Verh\u00ebnnert d'Entw\u00e9cklung vu Diabetis.<\/li>\n<li>Verh\u00ebnnert d'Entw\u00e9cklung vu Diabeteskomplikatiounen.<\/li>\n<\/ul>\n<div class=\"su-spoiler su-spoiler-style-defoult su-spoiler-icon-caret su-spoiler-closed\" data-scroll-offset=\"0\" data-anchor-in-url=\"no\"><div class=\"su-spoiler-title\" tabindex=\"0\" role=\"button\"><span class=\"su-spoiler-icon\"><\/span>Alles<\/div><div class=\"su-spoiler-content su-u-clearfix su-u-trim\">\nEmpfohlene Behandlungsber\u00e4icher: biologesch aktiv Punkten a Zonen. D'empfohlene Behandlungen k\u00ebnnen 2\u20133 Mol am Joer widderholl ginn \u2013 fir eng Mindestdauer vun 3 M\u00e9int \u2013 bis de Zoustand sech verbessert, a k\u00ebnnen duerch aner bioinformatoresch Behandlungen erg\u00e4nzt ginn.<\/p>\n<\/div><\/div>","protected":false},"excerpt":{"rendered":"<p>Antidiabetikus sug\u00e1rz\u00f3 \u21167. M\u0171k\u00f6d\u00e9si ideje: 13 perc. Frekvenci\u00e1ja a hasny\u00e1lmirigy sejtjei \u00e9s az inzulinf\u00fcgg\u0151 sz\u00f6vetek receptormez\u0151i frekvenci\u00e1j\u00e1nak felel meg. A cukorbetegs\u00e9g megel\u0151z\u00e9s\u00e9nek, valamint az I. \u00e9s II. tipus\u00fa cukorbetegs\u00e9g kezel\u00e9s\u00e9nek komplex programjaiban, a sz\u00f6v\u0151dm\u00e9nyek kialakul\u00e1sa megel\u0151z\u00e9s\u00e9nek c\u00e9lj\u00e1b\u00f3l alkalmazhat\u00f3. Az anyagcsere folyamatok (sz\u00e9nhidr\u00e1t, lipid, feh\u00e9rje, \u00e1sv\u00e1nyi anyagok) optimaliz\u00e1ci\u00f3j\u00e1t seg\u00edti el\u0151. Jav\u00edtja a metabolizmus (anyagcsere) folyamatait a [&hellip;]<\/p>\n","protected":false},"featured_media":4717,"comment_status":"open","ping_status":"closed","template":"","meta":[],"product_brand":[],"product_cat":[35,32],"product_tag":[],"class_list":{"0":"post-4718","1":"product","2":"type-product","3":"status-publish","4":"has-post-thumbnail","6":"product_cat-csatlakoztathato-jeladok","7":"product_cat-triomed","9":"first","10":"instock","11":"taxable","12":"shipping-taxable","13":"purchasable","14":"product-type-simple"},"_links":{"self":[{"href":"https:\/\/vetomshop.hu\/lb\/wp-json\/wp\/v2\/product\/4718","targetHints":{"allow":["GET"]}}],"collection":[{"href":"https:\/\/vetomshop.hu\/lb\/wp-json\/wp\/v2\/product"}],"about":[{"href":"https:\/\/vetomshop.hu\/lb\/wp-json\/wp\/v2\/types\/product"}],"replies":[{"embeddable":true,"href":"https:\/\/vetomshop.hu\/lb\/wp-json\/wp\/v2\/comments?post=4718"}],"wp:featuredmedia":[{"embeddable":true,"href":"https:\/\/vetomshop.hu\/lb\/wp-json\/wp\/v2\/media\/4717"}],"wp:attachment":[{"href":"https:\/\/vetomshop.hu\/lb\/wp-json\/wp\/v2\/media?parent=4718"}],"wp:term":[{"taxonomy":"product_brand","embeddable":true,"href":"https:\/\/vetomshop.hu\/lb\/wp-json\/wp\/v2\/product_brand?post=4718"},{"taxonomy":"product_cat","embeddable":true,"href":"https:\/\/vetomshop.hu\/lb\/wp-json\/wp\/v2\/product_cat?post=4718"},{"taxonomy":"product_tag","embeddable":true,"href":"https:\/\/vetomshop.hu\/lb\/wp-json\/wp\/v2\/product_tag?post=4718"}],"curies":[{"name":"wp","href":"https:\/\/api.w.org\/{rel}","templated":true}]}}