{"id":4722,"date":"2023-11-11T14:33:56","date_gmt":"2023-11-11T13:33:56","guid":{"rendered":"https:\/\/vetomshop.hu\/termek\/egeszseges-vese-jelado\/"},"modified":"2023-11-11T14:33:56","modified_gmt":"2023-11-11T13:33:56","slug":"egeszseges-vese-jelado","status":"publish","type":"product","link":"https:\/\/vetomshop.hu\/lb\/product\/egeszseges-vese-jelado\/","title":{"rendered":"Signal fir gesond Nieren"},"content":{"rendered":"<h4>Gesonde Nieren-Radiator 15 St\u00e9cker.<\/h4>\n<p>D'Betribsz\u00e4it vum Heizkierper ass 11 Minutten.<br \/>\nEntspr\u00e9cht der Frequenz vum Nierengewebe an dem Harnwee\u00ebr.<\/p>\n<p>Empfohloen fir d'Pr\u00e4ventioun an d'komplement\u00e4r Behandlung vun Nieren- a Harnwee\u00ebr-St\u00e9ierungen.<br \/>\nVerbessert d'Blutzirkulatioun an d'metabolesch Prozesser an de Nephronen (funktional Eenheeten vun de Nieren) an am Harnwee\u00ebr.<\/p>\n<ul>\n<li>Verbessert d'Nieren-R\u00e9absorption, d'Filtratioun, d'Synthese, d'Ionregulatioun, d'Entgiftung an d'metabolesch Prozesser.<\/li>\n<li>Et stimul\u00e9iert d'Regeneratiouns- a Reparaturprozesser vum Nierengewebe an dem Harnwee\u00ebr.<\/li>\n<li>Antispasmodesch Wierkung.<\/li>\n<li>Wierkung g\u00e9int P\u00e9ng.<\/li>\n<li>entz\u00fcndungshemmende Wierkung.<\/li>\n<li>Verh\u00ebnnert sklerotesch Ver\u00e4nnerungen.<\/li>\n<\/ul>\n<p>Seng Uwendung g\u00ebtt op biologesch aktiv Punkten a Zonen recommand\u00e9iert.<\/p>\n<div class=\"su-spoiler su-spoiler-style-defoult su-spoiler-icon-caret su-spoiler-closed\" data-scroll-offset=\"0\" data-anchor-in-url=\"no\"><div class=\"su-spoiler-title\" tabindex=\"0\" role=\"button\"><span class=\"su-spoiler-icon\"><\/span>Alles<\/div><div class=\"su-spoiler-content su-u-clearfix su-u-trim\">\n<p>De Radiator g\u00ebtt fir d'Pr\u00e4ventioun an d'komplement\u00e4r Behandlung vun de folgende Krankheeten recommand\u00e9iert:<\/p>\n<ul>\n<li>akut an chronesch Nierenentz\u00fcndung, Blasenentz\u00fcndung, entz\u00fcndlech Krankheeten vum Urinwee,<\/li>\n<li>metabolesch St\u00e9ierungen (inklusiv d'Bildung vu Nierensteiner),<\/li>\n<li>bei Autoimmunerkrankungen \u2013 wann och d'Nieren beschiedegt sinn, souw\u00e9i bei Autoimmunerkrankungen vun de Nieren,<\/li>\n<li>am Fall vun enger Nierenerkrankung, d\u00e9i duerch toxesch Substanzen verursaacht g\u00ebtt<\/li>\n<\/ul>\n<\/div><\/div>","protected":false},"excerpt":{"rendered":"<p>Eg\u00e9szs\u00e9ges vese sug\u00e1rz\u00f3 15 sz. A sug\u00e1rz\u00f3 m\u0171k\u00f6d\u00e9si ideje 11 perc Megfelel a vesesz\u00f6vet \u00e9s a h\u00fagyutak frekvenci\u00e1j\u00e1nak. Alkalmaz\u00e1sa javasolt a vesebetegs\u00e9gek \u00e9s a h\u00fagyutak megbeteged\u00e9seinek megel\u0151z\u00e9s\u00e9ben \u00e9s kieg\u00e9sz\u00edt\u0151 kezel\u00e9s\u00e9ben Jav\u00edtja a nefronok (a vese funkcion\u00e1lis egys\u00e9geinek) \u00e9s a h\u00fagyutak v\u00e9rkering\u00e9s\u00e9t \u00e9s anyagcsere folyamatait. Jav\u00edtja a vese reabszorbci\u00f3s, filtr\u00e1ci\u00f3s, szintetikus, ionszab\u00e1lyz\u00f3, m\u00e9regtelen\u00edt\u0151 \u00e9s metabolikus folyamatait. [&hellip;]<\/p>\n","protected":false},"featured_media":4721,"comment_status":"open","ping_status":"closed","template":"","meta":[],"product_brand":[],"product_cat":[35,32],"product_tag":[],"class_list":{"0":"post-4722","1":"product","2":"type-product","3":"status-publish","4":"has-post-thumbnail","6":"product_cat-csatlakoztathato-jeladok","7":"product_cat-triomed","9":"first","10":"instock","11":"taxable","12":"shipping-taxable","13":"purchasable","14":"product-type-simple"},"_links":{"self":[{"href":"https:\/\/vetomshop.hu\/lb\/wp-json\/wp\/v2\/product\/4722","targetHints":{"allow":["GET"]}}],"collection":[{"href":"https:\/\/vetomshop.hu\/lb\/wp-json\/wp\/v2\/product"}],"about":[{"href":"https:\/\/vetomshop.hu\/lb\/wp-json\/wp\/v2\/types\/product"}],"replies":[{"embeddable":true,"href":"https:\/\/vetomshop.hu\/lb\/wp-json\/wp\/v2\/comments?post=4722"}],"wp:featuredmedia":[{"embeddable":true,"href":"https:\/\/vetomshop.hu\/lb\/wp-json\/wp\/v2\/media\/4721"}],"wp:attachment":[{"href":"https:\/\/vetomshop.hu\/lb\/wp-json\/wp\/v2\/media?parent=4722"}],"wp:term":[{"taxonomy":"product_brand","embeddable":true,"href":"https:\/\/vetomshop.hu\/lb\/wp-json\/wp\/v2\/product_brand?post=4722"},{"taxonomy":"product_cat","embeddable":true,"href":"https:\/\/vetomshop.hu\/lb\/wp-json\/wp\/v2\/product_cat?post=4722"},{"taxonomy":"product_tag","embeddable":true,"href":"https:\/\/vetomshop.hu\/lb\/wp-json\/wp\/v2\/product_tag?post=4722"}],"curies":[{"name":"wp","href":"https:\/\/api.w.org\/{rel}","templated":true}]}}