{"id":4724,"date":"2023-11-11T14:33:57","date_gmt":"2023-11-11T13:33:57","guid":{"rendered":"https:\/\/vetomshop.hu\/termek\/gyulladascsokkento-jelado\/"},"modified":"2023-11-11T14:33:57","modified_gmt":"2023-11-11T13:33:57","slug":"gyulladascsokkento-jelado","status":"publish","type":"product","link":"https:\/\/vetomshop.hu\/lb\/product\/gyulladascsokkento-jelado\/","title":{"rendered":"Entz\u00fcndungshemmend Signal"},"content":{"rendered":"<h4>Anti-entz\u00fcndlechen Strahler, Nr. 26.<\/h4>\n<p>Operatiounsz\u00e4it: 13 Minutten<\/p>\n<p><strong>Effekt:<\/strong><\/p>\n<p>Et beaflosst d'Immunsystem, seng Vibratioun entspr\u00e9cht der Frequenz vum Lymphsystem, souw\u00e9i e puer Strukturen vum autonomen Nervesystem (peripher, segmental, suprasegmental Ketten).<\/p>\n<ul>\n<li>Verbessert d'Lymphzirkulatioun,<\/li>\n<li>d'Qualit\u00e9it vun de Lymphozyten,<\/li>\n<li>beschleunegt d'Entfernung vu g\u00ebftege Substanzen aus der interzellul\u00e4rer Fl\u00ebssegkeet,<\/li>\n<li>beschleunegt d'Wonnheilung an d'Regeneratioun vun Zellen a Geweben,<\/li>\n<li>f\u00ebrdert d'Entgiftung vum Kierper,<\/li>\n<li>huet en oedem-verh\u00ebnnerende Effekt,<\/li>\n<li>Wierkung g\u00e9int P\u00e9ng,<\/li>\n<li>Immunsystem-st\u00e4rkende Wierkung,<\/li>\n<li>entz\u00fcndungshemmende Wierkung,<\/li>\n<li>elimin\u00e9iert Narben,<\/li>\n<li>aktiv\u00e9iert d'Funktioun vum B\u00e9inmark,<\/li>\n<li>Erh\u00e9icht d'Resistenz vum Kierper,<\/li>\n<li>Struktur\u00e9iert Waasser.<\/li>\n<\/ul>\n<div class=\"su-spoiler su-spoiler-style-defoult su-spoiler-icon-caret su-spoiler-closed\" data-scroll-offset=\"0\" data-anchor-in-url=\"no\"><div class=\"su-spoiler-title\" tabindex=\"0\" role=\"button\"><span class=\"su-spoiler-icon\"><\/span>Alles<\/div><div class=\"su-spoiler-content su-u-clearfix su-u-trim\">\n<p>Empfohlene Uwendungsber\u00e4icher: lymphatesch Zonen op der Hautuewerfl\u00e4ch, Lymphknotenprojektiounen, Wonnuewerfl\u00e4chen, biologesch aktiv Punkten (BAPen).<\/p>\n<p>G\u00ebllt fir:<\/p>\n<ul>\n<li>am Kierper entg\u00ebften<\/li>\n<li>Beschleunegung vun de Regeneratiounsprozesser no enger Operatioun oder engem Br\u00e9ch<\/li>\n<li>Normalis\u00e9ierung vum Bluttbild no Chemotherapie a Radiotherapie<\/li>\n<li>W\u00e4rend der Rehabilitatioun no enger schw\u00e9ierer Krankheet oder kierperlecher Ustrengung<\/li>\n<li>Regulatioun vum Immunsystem bei akute a chronesche Krankheeten<\/li>\n<li>bei F\u00e4ll vu verschiddene Ursaachen fir eng verlangsamt lymphatesch Zirkulatioun (inklusiv \u00d6dem) an entz\u00fcndlech Prozesser<\/li>\n<li>an der Kosmetik: d'lymphatesch Zirkulatioun an der Haut verbesseren<\/li>\n<li>Eliminatioun vun der Verg\u00ebftung, d\u00e9i duerch verschidde Gr\u00ebnn verursaacht g\u00ebtt (Alkohol, Narkotika, Iessen, Chemikalien, schw\u00e9ier Krankheet)<\/li>\n<li>allergesch Reaktiounen.<\/li>\n<\/ul>\n<\/div><\/div>","protected":false},"excerpt":{"rendered":"<p>Gyullad\u00e1scs\u00f6kkent\u0151 sug\u00e1rz\u00f3, 26. sz. M\u0171k\u00f6d\u00e9s\u00e9nek ideje: 13 perc Hat\u00e1sa: Hat az immunrendszerre, rezg\u00e9se megegyezik a nyirokrendszer frekvenci\u00e1j\u00e1val, valamint a vegetat\u00edv idegrendszer n\u00e9h\u00e1ny strukt\u00far\u00e1j\u00e1val (perif\u00e9ri\u00e1s, szegment\u00e1lis, szegmens feletti l\u00e1ncok). Jav\u00edtja a nyirokkering\u00e9st, a limfocit\u00e1k min\u0151s\u00e9g\u00e9t, gyors\u00edtja a toxikus anyagok ki\u00fcr\u00edt\u00e9s\u00e9t a sejtk\u00f6zti folyad\u00e9kb\u00f3l, gyors\u00edtja a sebek begy\u00f3gyul\u00e1s\u00e1t, a sejtek \u00e9s sz\u00f6vetek regener\u00e1l\u00f3d\u00e1s\u00e1t, el\u0151seg\u00edti a szervezet m\u00e9regtelen\u00edt\u00e9s\u00e9t, [&hellip;]<\/p>\n","protected":false},"featured_media":4723,"comment_status":"open","ping_status":"closed","template":"","meta":[],"product_brand":[],"product_cat":[35,32],"product_tag":[],"class_list":{"0":"post-4724","1":"product","2":"type-product","3":"status-publish","4":"has-post-thumbnail","6":"product_cat-csatlakoztathato-jeladok","7":"product_cat-triomed","9":"first","10":"instock","11":"taxable","12":"shipping-taxable","13":"purchasable","14":"product-type-simple"},"_links":{"self":[{"href":"https:\/\/vetomshop.hu\/lb\/wp-json\/wp\/v2\/product\/4724","targetHints":{"allow":["GET"]}}],"collection":[{"href":"https:\/\/vetomshop.hu\/lb\/wp-json\/wp\/v2\/product"}],"about":[{"href":"https:\/\/vetomshop.hu\/lb\/wp-json\/wp\/v2\/types\/product"}],"replies":[{"embeddable":true,"href":"https:\/\/vetomshop.hu\/lb\/wp-json\/wp\/v2\/comments?post=4724"}],"wp:featuredmedia":[{"embeddable":true,"href":"https:\/\/vetomshop.hu\/lb\/wp-json\/wp\/v2\/media\/4723"}],"wp:attachment":[{"href":"https:\/\/vetomshop.hu\/lb\/wp-json\/wp\/v2\/media?parent=4724"}],"wp:term":[{"taxonomy":"product_brand","embeddable":true,"href":"https:\/\/vetomshop.hu\/lb\/wp-json\/wp\/v2\/product_brand?post=4724"},{"taxonomy":"product_cat","embeddable":true,"href":"https:\/\/vetomshop.hu\/lb\/wp-json\/wp\/v2\/product_cat?post=4724"},{"taxonomy":"product_tag","embeddable":true,"href":"https:\/\/vetomshop.hu\/lb\/wp-json\/wp\/v2\/product_tag?post=4724"}],"curies":[{"name":"wp","href":"https:\/\/api.w.org\/{rel}","templated":true}]}}