{"id":4726,"date":"2023-11-11T14:33:58","date_gmt":"2023-11-11T13:33:58","guid":{"rendered":"https:\/\/vetomshop.hu\/termek\/infravoros-jelado\/"},"modified":"2023-11-11T14:33:58","modified_gmt":"2023-11-11T13:33:58","slug":"infravoros-jelado","status":"publish","type":"product","link":"https:\/\/vetomshop.hu\/lb\/product\/infravoros-jelado\/","title":{"rendered":"Infrarout-Sender"},"content":{"rendered":"<h4>Infrarout-Radiator IV<\/h4>\n<p>Infrarout Stralung (IR-Stralung) ass eng elektromagnetesch Stralung, e Bestanddeel vun de Sonnestrahlen. IR-Strahlen hunn entz\u00fcndungshemmend, antispasmodesch, disperg\u00e9ierend (d'Absorptioun f\u00ebrderend) an schmerzlinderend Effekter.<\/p>\n<p><strong>Virdeeler vum Triomed Universal-Apparat IV-Radiator:<\/strong><\/p>\n<p>Dank neie Materialien a Technologien hu mir et f\u00e4erdeg bruecht, en niddereg-intensit\u00e9iten, puls\u00e9ierende, modul\u00e9ierten IV-Emisser ze kre\u00e9ieren, deen an engem speziellen Programm oper\u00e9iert, wat eis erlaabt, haapts\u00e4chlech op Zelle- a Bestanddeelsniveau en Energie-Informatiounseffekt ausze\u00fcben.<\/p>\n<p>Et suergt fir d'Energieabsorptioun duerch Zellresonanz, d\u00e9i metabolesch Prozesser aktiv\u00e9iert an d'Energieniveauen bei Sauerstoffmangel erh\u00e9icht.<br \/>\nZous\u00e4tzlech zu hirer positiver Bedeitung fir sech selwer, erliichteren d\u00ebs Prozesser d'Millimetertherapie a erh\u00e9ijen an ville F\u00e4ll hir Effektivit\u00e9it.<\/p>\n<p>D'Benotzung vun der intravenoser Stralung ass an de folgende F\u00e4ll gerechtf\u00e4erdegt: chronesch an akut net-eitr\u00ebg entz\u00fcndlech Krankheeten vun de bannenzegen Organer, schlecht heilend Wonnen an Wonnen, d\u00e9i duerch Thrombose verursaacht goufen, schmerzhafte Krankheeten vum peripheren Nervesystem, weiderf\u00e9ierend Behandlung vun Verbrennungs- a Erfr\u00e9ierungsverletzungen, vegetativ Dysfunktioun, Sympathalgie.<\/p>\n<p>Kontraindikatiounen fir d'Benotzung vun der intravenoser Stralung: gut- oder b\u00f6sw\u00eblleg Tumoren, aktiv Tuberkulose, Blutdrockstadium III, Bluttungen an Zirkulatiounsst\u00e9ierungen vum Grad II\u2013III.<\/p>\n<div class=\"su-spoiler su-spoiler-style-defoult su-spoiler-icon-caret su-spoiler-closed\" data-scroll-offset=\"0\" data-anchor-in-url=\"no\"><div class=\"su-spoiler-title\" tabindex=\"0\" role=\"button\"><span class=\"su-spoiler-icon\"><\/span>Alles<\/div><div class=\"su-spoiler-content su-u-clearfix su-u-trim\"><strong>D\u00e9i Haaptklinesch Effekter vun der intravenoser Stralung vum Triomed Universal-Apparat sinn:<\/strong><\/p>\n<ul>\n<li>verbessert d'Blutzirkulatioun,<\/li>\n<li>normalis\u00e9iert d'Mikrozirkulatioun,<\/li>\n<li>optimis\u00e9iert d'Aktivit\u00e9it vum nerv\u00e9ise, hormonellen an Immunsystem,<\/li>\n<li>F\u00ebrdert d'Zellregeneratioun.<\/li>\n<\/ul>\n<p><strong>Uwendung:<\/strong><\/p>\n<ul>\n<li>Mat der Infrarout-Liichtdiode behandelen mir d'Punkten an d'Gebidder, d\u00e9i virbereet oder \u201eopgewiermt\u201d musse ginn, ier d'spezial Millimeterbehandlung stattf\u00ebnnt. D'Behandlung dauert 5 Minutten pro Gebitt.<\/li>\n<li>Et kann benotzt ginn, fir Narbenabsorptioun fir 10 Minutten den Dag fir 2 Wochen ze f\u00ebrderen.<\/li>\n<li>Fir d'Behandlung vun chronesche, lues fortschr\u00ebttleche entz\u00fcndleche Krankheeten (um Ort vun der Krankheet). D'Behandlung dauert 10 Minutten a g\u00ebtt fir 2 Wochen op d'Projektioun vum betraffene Organ ugewandt.<\/li>\n<li>Bei Typ-II-Diabetes, fir d'Insulinsensibilit\u00e9it an d'Insulinproduktioun ze f\u00ebrderen. Behandelt all Dag fir zwou Wochen d\u00e9i Projektioun vum Pankreas f\u00ebnnef Minutten.<\/li>\n<li>Fir d'Heelen vun verschiddene Wonnen a trophesche Ulkeren ze f\u00ebrderen, appliz\u00e9iert d'Millimetertherapie fir 5 Minutten den Dag iwwer 2 Wochen iwwer dem Krankheetsfokus. Et g\u00ebtt net recommand\u00e9iert, d'Augeg\u00e9igend an de Tumorfokus ze behandelen!<\/li>\n<\/ul>\n<\/div><\/div>","protected":false},"excerpt":{"rendered":"<p>Infrav\u00f6r\u00f6s sug\u00e1rz\u00f3 IV Az infrav\u00f6r\u00f6s sug\u00e1rz\u00e1s (IV-sug\u00e1rz\u00e1s) \u2013 elektrom\u00e1gneses sug\u00e1rz\u00e1s, a Nap sugarainak r\u00e9sze. Az IV-sugarak gyullad\u00e1scs\u00f6kkent\u0151, g\u00f6rcsold\u00f3, sz\u00e9toszlat\u00f3 (felsz\u00edv\u00f3d\u00e1st el\u0151seg\u00edt\u0151), f\u00e1jdalomcsillap\u00edt\u00f3 hat\u00e1ssal rendelkeznek. A Triomed Universal k\u00e9sz\u00fcl\u00e9k IV-sug\u00e1rz\u00f3j\u00e1nak el\u0151nyei: Az \u00faj anyagoknak \u00e9s technol\u00f3gi\u00e1knak k\u00f6sz\u00f6nhet\u0151en siker\u00fclt l\u00e9trehozni olyan speci\u00e1lis programban m\u0171k\u00f6d\u0151 alacsony intenzit\u00e1s\u00fa pulz\u00e1l\u00f3, modul\u00e1lt hat\u00e1s\u00fa IV-sug\u00e1rz\u00f3t, mely seg\u00edts\u00e9g\u00e9vel els\u0151sorban energoinform\u00e1ci\u00f3s hat\u00e1st tudunk gyakorolni [&hellip;]<\/p>\n","protected":false},"featured_media":4725,"comment_status":"open","ping_status":"closed","template":"","meta":[],"product_brand":[],"product_cat":[35,32],"product_tag":[],"class_list":{"0":"post-4726","1":"product","2":"type-product","3":"status-publish","4":"has-post-thumbnail","6":"product_cat-csatlakoztathato-jeladok","7":"product_cat-triomed","9":"first","10":"instock","11":"taxable","12":"shipping-taxable","13":"purchasable","14":"product-type-simple"},"_links":{"self":[{"href":"https:\/\/vetomshop.hu\/lb\/wp-json\/wp\/v2\/product\/4726","targetHints":{"allow":["GET"]}}],"collection":[{"href":"https:\/\/vetomshop.hu\/lb\/wp-json\/wp\/v2\/product"}],"about":[{"href":"https:\/\/vetomshop.hu\/lb\/wp-json\/wp\/v2\/types\/product"}],"replies":[{"embeddable":true,"href":"https:\/\/vetomshop.hu\/lb\/wp-json\/wp\/v2\/comments?post=4726"}],"wp:featuredmedia":[{"embeddable":true,"href":"https:\/\/vetomshop.hu\/lb\/wp-json\/wp\/v2\/media\/4725"}],"wp:attachment":[{"href":"https:\/\/vetomshop.hu\/lb\/wp-json\/wp\/v2\/media?parent=4726"}],"wp:term":[{"taxonomy":"product_brand","embeddable":true,"href":"https:\/\/vetomshop.hu\/lb\/wp-json\/wp\/v2\/product_brand?post=4726"},{"taxonomy":"product_cat","embeddable":true,"href":"https:\/\/vetomshop.hu\/lb\/wp-json\/wp\/v2\/product_cat?post=4726"},{"taxonomy":"product_tag","embeddable":true,"href":"https:\/\/vetomshop.hu\/lb\/wp-json\/wp\/v2\/product_tag?post=4726"}],"curies":[{"name":"wp","href":"https:\/\/api.w.org\/{rel}","templated":true}]}}