{"id":4730,"date":"2023-11-11T14:33:58","date_gmt":"2023-11-11T13:33:58","guid":{"rendered":"https:\/\/vetomshop.hu\/termek\/oxigenizalo-jelado\/"},"modified":"2023-11-11T14:33:58","modified_gmt":"2023-11-11T13:33:58","slug":"oxigenizalo-jelado","status":"publish","type":"product","link":"https:\/\/vetomshop.hu\/lb\/product\/oxigenizalo-jelado\/","title":{"rendered":"Sauerstoffsensor"},"content":{"rendered":"<h4>Sauerstoff-Emisser, Nr. 11.<\/h4>\n<p><strong>Offen:<\/strong> Z\u00e9ng Minutten.<\/p>\n<p>D'Wellenl\u00e4ngt entspr\u00e9cht de Frequenzen vun der Atmungskette (H\u00e4moglobin am Blutt, Mitochondrien, Enzymen), verbessert de Sauerstofftransport an d'Utilisatioun, erh\u00e9icht d'ATP-Synthese a f\u00ebrdert d'zellul\u00e4r Atmung am Gewebe. D\u00e9i niddreg Frequenz entspr\u00e9cht der Frequenz vum Immunsystem.<\/p>\n<ul>\n<li>Verbessert d'Mikrozirkulatioun,<\/li>\n<li>Et huet eng immunmodulativ Wierkung.,<\/li>\n<li>Reduz\u00e9iert de Sauerstoffmangel an de Geweider, r\u00e4ichert d'Geweider mat Sauerstoff, huet en disaggreg\u00e9ierende Effekt (verh\u00ebnnert d'Zesummeklumpen vun Erythrozyten an anere Bluttzellen), reduz\u00e9iert d'Bluttgerinnselbildung,<\/li>\n<li>F\u00ebrdert d'Wonnheilung,<\/li>\n<li>H\u00eblleft Narben ze elimin\u00e9ieren,<\/li>\n<li>Wierkung g\u00e9int P\u00e9ng,<\/li>\n<li>Et f\u00ebrdert d'Entgiftung vum Kierper,<\/li>\n<li>Antispastesch Wierkung,<\/li>\n<li>F\u00ebrdert d'Bluttbildung, normalis\u00e9iert d'Bluttzuel,<\/li>\n<li>verbessert d'Mikrozirkulatioun,<\/li>\n<li>Et huet eng immunmodulativ Wierkung.,<\/li>\n<li>Reduz\u00e9iert de Sauerstoffmangel an de Geweider, bereichert d'Geweider mat Sauerstoff,<\/li>\n<li>Huet en enthaufende Effekt (verh\u00ebnnert datt Erythrozyten an aner Bluttzellen sech verhaufen), reduz\u00e9iert d'Bluttgerinnselbildung,<\/li>\n<li>F\u00ebrdert d'Wonnheilung,<\/li>\n<li>H\u00eblleft Narben ze elimin\u00e9ieren,<\/li>\n<li>Wierkung g\u00e9int P\u00e9ng,<\/li>\n<li>Et f\u00ebrdert d'Entgiftung vum Kierper,<\/li>\n<li>Antispastesch Wierkung,<\/li>\n<li>F\u00ebrdert d'Bluttbildung, normalis\u00e9iert d'Bluttzuel,<\/li>\n<li>verj\u00e9ngernde Wierkung,<\/li>\n<li>Struktur\u00e9iert d'Waasser.<\/li>\n<\/ul>\n<div class=\"su-spoiler su-spoiler-style-defoult su-spoiler-icon-caret su-spoiler-closed\" data-scroll-offset=\"0\" data-anchor-in-url=\"no\"><div class=\"su-spoiler-title\" tabindex=\"0\" role=\"button\"><span class=\"su-spoiler-icon\"><\/span>Alles<\/div><div class=\"su-spoiler-content su-u-clearfix su-u-trim\">\n<p>Empfohlene Uwendungsber\u00e4ich: grouss Bluttgef\u00e4sser \u2013 Venen, Arterien, biologesch aktiv Punkten.<\/p>\n<p><strong>G\u00ebllt fir:<\/strong><\/p>\n<ul>\n<li>fir d'Immunsystem bei akute a chronesche Krankheeten ze normalis\u00e9ieren,<\/li>\n<li>Verbesserung vum allgemenge Wuelbefannen, Ausdauer an Konzentratioun bei kierperlecher a geeschteger Ustrengung,<\/li>\n<li>Virbeugung vu H\u00e4erzattacken a Schlaach,<\/li>\n<li>nofolgend Behandlung vun H\u00e4erzattacken a Schlaachanf\u00e4ll,<\/li>\n<li>Beschleunegung vun de Regeneratiounsprozesser,<\/li>\n<li>Behandlung vun Wonnen a postoperativen Narben,<\/li>\n<li>Behandlung vu Br\u00e9chen,<\/li>\n<li>Normalis\u00e9ierung vum Bluttbild,<\/li>\n<li>no der Stralungstherapie,<\/li>\n<li>Rehabilitatioun no enger schw\u00e9ierer Krankheet an haarder kierperlecher Aarbecht,<\/li>\n<li>stimul\u00e9iert d'Gehirnduerchblutung,2<\/li>\n<li>an der Kosmetik: h\u00eblleft der N\u00e4hrstoffopnam duerch d'Haut,<\/li>\n<li>fir Sportler: erh\u00e9icht d'Ausdauer,<\/li>\n<li>biet H\u00ebllef beim L\u00e9ieren fir Schoulkanner a Sch\u00fcler,<\/li>\n<li>fir g\u00e9int d\u00e9i schiedlech Auswierkungen vun Computeren ze sch\u00fctzen,<\/li>\n<li>bei der Behandlung vun Stress an dem chronesche Ersch\u00f6pfungssyndrom,<\/li>\n<li>am Ber\u00e4ich vun der Kosmetik, fir de Zoustand vun der Haut ze verbesseren,<\/li>\n<li>Behandlung oder Virbeugung vu D\u00e9ierkrankheeten<\/li>\n<\/ul>\n<\/div><\/div>","protected":false},"excerpt":{"rendered":"<p>Oxig\u00e9n sug\u00e1rz\u00f3, 11. sz. M\u0171k\u00f6d\u00e9si ideje: 10 perc. A hull\u00e1mhossz megfelel a l\u00e9gz\u00e9si l\u00e1nc frekvenci\u00e1inak (a v\u00e9r hemoglobinja, mitokondriumok, fermentumok), javul az oxig\u00e9n sz\u00e1ll\u00edt\u00e1sa \u00e9s hasznos\u00edt\u00e1sa, n\u00f6vekszik ATP-szint\u00e9zis, el\u0151seg\u00edti a sz\u00f6vetben a sejtek l\u00e9gz\u00e9s\u00e9t. Az alacsony frekvencia megfelel az immunrendszer frekvenci\u00e1j\u00e1nak. Jav\u00edtja a mikrokering\u00e9st, Immun-modul\u00e1ci\u00f3s hat\u00e1sa van, Cs\u00f6kkenti az oxig\u00e9nhi\u00e1nyt a sz\u00f6vetekben, oxig\u00e9nnel d\u00fas\u00edtja a [&hellip;]<\/p>\n","protected":false},"featured_media":4729,"comment_status":"open","ping_status":"closed","template":"","meta":[],"product_brand":[],"product_cat":[35,32],"product_tag":[],"class_list":{"0":"post-4730","1":"product","2":"type-product","3":"status-publish","4":"has-post-thumbnail","6":"product_cat-csatlakoztathato-jeladok","7":"product_cat-triomed","9":"first","10":"instock","11":"taxable","12":"shipping-taxable","13":"purchasable","14":"product-type-simple"},"_links":{"self":[{"href":"https:\/\/vetomshop.hu\/lb\/wp-json\/wp\/v2\/product\/4730","targetHints":{"allow":["GET"]}}],"collection":[{"href":"https:\/\/vetomshop.hu\/lb\/wp-json\/wp\/v2\/product"}],"about":[{"href":"https:\/\/vetomshop.hu\/lb\/wp-json\/wp\/v2\/types\/product"}],"replies":[{"embeddable":true,"href":"https:\/\/vetomshop.hu\/lb\/wp-json\/wp\/v2\/comments?post=4730"}],"wp:featuredmedia":[{"embeddable":true,"href":"https:\/\/vetomshop.hu\/lb\/wp-json\/wp\/v2\/media\/4729"}],"wp:attachment":[{"href":"https:\/\/vetomshop.hu\/lb\/wp-json\/wp\/v2\/media?parent=4730"}],"wp:term":[{"taxonomy":"product_brand","embeddable":true,"href":"https:\/\/vetomshop.hu\/lb\/wp-json\/wp\/v2\/product_brand?post=4730"},{"taxonomy":"product_cat","embeddable":true,"href":"https:\/\/vetomshop.hu\/lb\/wp-json\/wp\/v2\/product_cat?post=4730"},{"taxonomy":"product_tag","embeddable":true,"href":"https:\/\/vetomshop.hu\/lb\/wp-json\/wp\/v2\/product_tag?post=4730"}],"curies":[{"name":"wp","href":"https:\/\/api.w.org\/{rel}","templated":true}]}}