{"id":4732,"date":"2023-11-11T14:33:59","date_gmt":"2023-11-11T13:33:59","guid":{"rendered":"https:\/\/vetomshop.hu\/termek\/specialis-111-es-jelado\/"},"modified":"2024-07-31T10:25:20","modified_gmt":"2024-07-31T08:25:20","slug":"specialis-111-es-jelado","status":"publish","type":"product","link":"https:\/\/vetomshop.hu\/lb\/product\/specialis-111-es-jelado\/","title":{"rendered":"Spezial 111 Sender"},"content":{"rendered":"<h4>Speziellen 111 Informatiounsopnam-Sender<\/h4>\n<p><strong>Betribsz\u00e4it vum Heizkierper:<\/strong> 15 Sekonnen<\/p>\n<p>Zil: Informatiounen \u201eopzehuelen\u201d (d'elektromagnetesch Welle-Spektrum vun engem best\u00ebmmten Ber\u00e4ich) an se op en ausgewielten Informatiounstr\u00e4ger (z. B. Waasser) oder eng biologesch aktiv Zon ze \u201eiwwerdroen\u201d, fir d'funktional Reserven ze optimis\u00e9ieren an d'adaptiv Kapazit\u00e9it vum Kierper ze erh\u00e9ijen, d\u00e9i duerch schiedlech \u00cbmwelt-Effekter geschw\u00e4cht gouf, Krankheet oder aner Ursaachen.<\/p>\n<p>Fir d'Informatioun opzehuelen, verb\u00ebnnt den 111 Emitter mam Triomed-Apparat, br\u00e9ngt seng glat Uewerfl\u00e4ch no un den Objet a dr\u00e9ckt dann op d\u201e\u201dStart\u201e-Kn\u00e4ppchen. De Countdown f\u00e4nkt un \u2013 15 Sekonnen. Er\u00e9ischt nodeems d'programm\u00e9iert Z\u00e4it ofgelaf ass, sollt Dir den Emitter vum Objet ewechhuelen. W\u00e4rend d\u00ebser Z\u00e4it g\u00ebtt d'Informatioun vum Objet op den Emitter \u201dgespaichert\u201e, wou se onver\u00e4nnert bleift, bis den Emitter un d'Stroumversuergung vum Apparat ugeschloss g\u00ebtt (bis de Apparat gestart g\u00ebtt).<\/p>\n<div class=\"su-spoiler su-spoiler-style-defoult su-spoiler-icon-caret su-spoiler-closed\" data-scroll-offset=\"0\" data-anchor-in-url=\"no\"><div class=\"su-spoiler-title\" tabindex=\"0\" role=\"button\"><span class=\"su-spoiler-icon\"><\/span>Alles<\/div><div class=\"su-spoiler-content su-u-clearfix su-u-trim\">\nFir d'Informatioun op d'Waasser ze \u201eiwwerdroen\u201d, setzt de Radiateur esou no w\u00e9i m\u00e9iglech un d'Waasser (d'Glas d\u00e4erf net m\u00e9i w\u00e9i 2 mm d\u00e9ck sinn), an d'Waasseruewerfl\u00e4ch soll m\u00e9i h\u00e9ich sinn w\u00e9i d'uewer Kante vum Radiateur. D'Waasser soll propper sinn an ouni Kuelendioxid an aner Zous\u00e4tz. Dr\u00e9nkt e puer Schl\u00e9i vum virbereete \u201eInformatiouns\u201d-Waasser direkt, ier Dir et an en anere Beh\u00e4lter sch\u00ebddt oder et fir eng m\u00e9i laang Z\u00e4it opbeweert.<\/p>\n<p>Wann Dir de urspr\u00e9nglech opgehollene Signal laangfristeg erhalen a versehentlech Verbindungen mam Triomed-Apparat verh\u00ebnneren w\u00ebllt, mark\u00e9iert de Sender mat engem markanten Zeechen.<br \/>\n<\/div><\/div>","protected":false},"excerpt":{"rendered":"<p>Speci\u00e1lis 111 sz. inform\u00e1ci\u00f3t r\u00f6gz\u00edt\u0151 sug\u00e1rz\u00f3 A sug\u00e1rz\u00f3 m\u0171k\u00f6d\u00e9si ideje: 15 mp Rendeltet\u00e9se: az inform\u00e1ci\u00f3 (az adott tartom\u00e1ny elektrom\u00e1gneses hull\u00e1mspektrum\u00e1nak) \u201er\u00f6gz\u00edt\u00e9se\u201d, valamint \u201e\u00e1tvitele\u201d a kiv\u00e1lasztott inform\u00e1ci\u00f3hordoz\u00f3ra (pl. v\u00edzre) vagy biol\u00f3giailag akt\u00edv z\u00f3n\u00e1ra a funkcion\u00e1lis tartal\u00e9kok optimaliz\u00e1ci\u00f3ja \u00e9s a szervezet adapt\u00e1ci\u00f3s lehet\u0151s\u00e9geinek n\u00f6vel\u00e9se c\u00e9lj\u00e1b\u00f3l, melyek a k\u00f6rnyezet k\u00e1ros hat\u00e1sai, betegs\u00e9g, vagy egy\u00e9b okok miatt s\u00e9r\u00fcltek. Az [&hellip;]<\/p>\n","protected":false},"featured_media":4731,"comment_status":"open","ping_status":"closed","template":"","meta":[],"product_brand":[],"product_cat":[35,32],"product_tag":[],"class_list":{"0":"post-4732","1":"product","2":"type-product","3":"status-publish","4":"has-post-thumbnail","6":"product_cat-csatlakoztathato-jeladok","7":"product_cat-triomed","9":"first","10":"instock","11":"taxable","12":"shipping-taxable","13":"purchasable","14":"product-type-simple"},"_links":{"self":[{"href":"https:\/\/vetomshop.hu\/lb\/wp-json\/wp\/v2\/product\/4732","targetHints":{"allow":["GET"]}}],"collection":[{"href":"https:\/\/vetomshop.hu\/lb\/wp-json\/wp\/v2\/product"}],"about":[{"href":"https:\/\/vetomshop.hu\/lb\/wp-json\/wp\/v2\/types\/product"}],"replies":[{"embeddable":true,"href":"https:\/\/vetomshop.hu\/lb\/wp-json\/wp\/v2\/comments?post=4732"}],"wp:featuredmedia":[{"embeddable":true,"href":"https:\/\/vetomshop.hu\/lb\/wp-json\/wp\/v2\/media\/4731"}],"wp:attachment":[{"href":"https:\/\/vetomshop.hu\/lb\/wp-json\/wp\/v2\/media?parent=4732"}],"wp:term":[{"taxonomy":"product_brand","embeddable":true,"href":"https:\/\/vetomshop.hu\/lb\/wp-json\/wp\/v2\/product_brand?post=4732"},{"taxonomy":"product_cat","embeddable":true,"href":"https:\/\/vetomshop.hu\/lb\/wp-json\/wp\/v2\/product_cat?post=4732"},{"taxonomy":"product_tag","embeddable":true,"href":"https:\/\/vetomshop.hu\/lb\/wp-json\/wp\/v2\/product_tag?post=4732"}],"curies":[{"name":"wp","href":"https:\/\/api.w.org\/{rel}","templated":true}]}}