{"id":4733,"date":"2023-11-11T14:33:59","date_gmt":"2023-11-11T13:33:59","guid":{"rendered":"https:\/\/vetomshop.hu\/termek\/szabad-legzes-jelado\/"},"modified":"2023-11-11T14:33:59","modified_gmt":"2023-11-11T13:33:59","slug":"szabad-legzes-jelado","status":"publish","type":"product","link":"https:\/\/vetomshop.hu\/lb\/product\/szabad-legzes-jelado\/","title":{"rendered":"Fr\u00e4ien Atmungstransmitter"},"content":{"rendered":"<h4>\u201e&quot;Fr\u00e4i Atmung&quot; Spezialtransmitter Nr. 16<\/h4>\n<p>Fir den Triomed MMW Apparat<\/p>\n<p>D&#039;Benotzung vu spezielle Straler huet en direkten Effekt op d&#039;Organer an d&#039;Gew\u00ebss, d&#039;Organsystemer an d&#039;funktionell Systemer vum m\u00ebnschleche Kierper. Et gouf op Basis vum BioTrEM \u00ae EMP EHF Generator (internationalt Patent EE 05541) entw\u00e9ckelt.<\/p>\n<p>Et g\u00ebtt a komplexe Behandlungsprogrammer fir d&#039;Pr\u00e9ventioun, d&#039;Behandlung an d&#039;Rehabilitatioun vu Krankheeten vun de Bronchien a Lungen (Longenentz\u00fcndung, Bronchitis, chronesch Krankheeten vum bronchopulmonalen System, bronchial Asthma, etc.) benotzt.<\/p>\n<p><strong>Betribsz\u00e4it<\/strong>: 12 Minutten.<\/p>\n<div class=\"su-spoiler su-spoiler-style-defoult su-spoiler-icon-caret su-spoiler-closed\" data-scroll-offset=\"0\" data-anchor-in-url=\"no\"><div class=\"su-spoiler-title\" tabindex=\"0\" role=\"button\"><span class=\"su-spoiler-icon\"><\/span>Alles<\/div><div class=\"su-spoiler-content su-u-clearfix su-u-trim\">\n<strong>D&#039;Auswierkunge vum spezielle Sender:<\/strong><\/p>\n<ul>\n<li>Verbesserung vun de metabolesche Prozesser an den Zellen a Gew\u00ebss vum bronchopulmonalen System;<\/li>\n<li>Aktiv\u00e9ierung vun de Basisfunktiounen;<\/li>\n<li>Normalis\u00e9ierung vun Immunprozesser: Linderung vun Autoimmunaggressioun an immunmodul\u00e9ierend Effekter;<\/li>\n<li>Reduktioun vu Bronchospasmus;<\/li>\n<li>Erh\u00e9ijung vun der Elastizit\u00e9it vum Bindegewebe vun de Lungen bei Emphysem a Pneumosklerose;<\/li>\n<li>Normalis\u00e9ierung vun der Sekretioun an der Sputumausscheidung.<\/li>\n<\/ul>\n<\/div><\/div>","protected":false},"excerpt":{"rendered":"<p>\u201eSzabad l\u00e9gz\u00e9s\u201d 16. sz. speci\u00e1lis jelad\u00f3 Triomed MMW k\u00e9sz\u00fcl\u00e9khez A speci\u00e1lis sug\u00e1rz\u00f3k haszn\u00e1lata ir\u00e1ny\u00edtott hat\u00e1st gyakorol az emberi test szerveire \u00e9s sz\u00f6veteire, szervrendszereire \u00e9s funkcion\u00e1lis rendszereire. A BioTrEM \u00ae EMP EHF gener\u00e1tor alapj\u00e1n fejlesztett\u00e9k ki (EE 05541 nemzetk\u00f6zi szabadalom). A komplex kezel\u00e9si programokban a h\u00f6rg\u0151k \u00e9s a t\u00fcd\u0151 betegs\u00e9geinek (t\u00fcd\u0151gyullad\u00e1s, h\u00f6rghurut, a h\u00f6rg\u0151-t\u00fcd\u0151 rendszer kr\u00f3nikus [&hellip;]<\/p>\n","protected":false},"featured_media":4729,"comment_status":"open","ping_status":"closed","template":"","meta":[],"product_brand":[],"product_cat":[35,32],"product_tag":[],"class_list":{"0":"post-4733","1":"product","2":"type-product","3":"status-publish","4":"has-post-thumbnail","6":"product_cat-csatlakoztathato-jeladok","7":"product_cat-triomed","9":"first","10":"instock","11":"taxable","12":"shipping-taxable","13":"purchasable","14":"product-type-simple"},"_links":{"self":[{"href":"https:\/\/vetomshop.hu\/lb\/wp-json\/wp\/v2\/product\/4733","targetHints":{"allow":["GET"]}}],"collection":[{"href":"https:\/\/vetomshop.hu\/lb\/wp-json\/wp\/v2\/product"}],"about":[{"href":"https:\/\/vetomshop.hu\/lb\/wp-json\/wp\/v2\/types\/product"}],"replies":[{"embeddable":true,"href":"https:\/\/vetomshop.hu\/lb\/wp-json\/wp\/v2\/comments?post=4733"}],"wp:featuredmedia":[{"embeddable":true,"href":"https:\/\/vetomshop.hu\/lb\/wp-json\/wp\/v2\/media\/4729"}],"wp:attachment":[{"href":"https:\/\/vetomshop.hu\/lb\/wp-json\/wp\/v2\/media?parent=4733"}],"wp:term":[{"taxonomy":"product_brand","embeddable":true,"href":"https:\/\/vetomshop.hu\/lb\/wp-json\/wp\/v2\/product_brand?post=4733"},{"taxonomy":"product_cat","embeddable":true,"href":"https:\/\/vetomshop.hu\/lb\/wp-json\/wp\/v2\/product_cat?post=4733"},{"taxonomy":"product_tag","embeddable":true,"href":"https:\/\/vetomshop.hu\/lb\/wp-json\/wp\/v2\/product_tag?post=4733"}],"curies":[{"name":"wp","href":"https:\/\/api.w.org\/{rel}","templated":true}]}}