{"id":4735,"date":"2023-11-11T14:33:59","date_gmt":"2023-11-11T13:33:59","guid":{"rendered":"https:\/\/vetomshop.hu\/termek\/szabalyozo-jelado\/"},"modified":"2025-04-14T17:42:09","modified_gmt":"2025-04-14T15:42:09","slug":"szabalyozo-jelado","status":"publish","type":"product","link":"https:\/\/vetomshop.hu\/lb\/product\/szabalyozo-jelado\/","title":{"rendered":"Kontrollsender"},"content":{"rendered":"<h4>Regul\u00e9ierende Heizkierper, Nr. 52.<\/h4>\n<p><strong>Betribsz\u00e4it vum Heizkierper<\/strong>: 15 Minutten<\/p>\n<p>Seng Frequenz entspr\u00e9cht der Frequenz vum endokrinen System.<\/p>\n<p><strong>Effekt:<\/strong><\/p>\n<ul>\n<li>Stellt d'Funktioun vum endokrinen System er\u00ebm.<\/li>\n<li>Stellt d'Funktioun vum zentrale, peripheren an autonomen Nervesystem er\u00ebm.<\/li>\n<li>Verbessert d'Impuls-Iwwerdroungskapazit\u00e9it vun de Nervenfiberen.<\/li>\n<li>F\u00ebrdert d'Regeneratioun vun de Nervenzellen.<\/li>\n<li>Et huet en immunsystemst\u00e4rkende Effekt.<\/li>\n<li>Allgemeng verj\u00e9ngend Wierkung.<\/li>\n<li>Struktur\u00e9iert d'Waasser.<\/li>\n<\/ul>\n<p>Empfohlene Uwendungsber\u00e4ich: Projektioun vun de endokrinen Dr\u00fcsen, Projektioun vun de grousse Bluttgef\u00e4sser, 15\u201314 Minutten pro BAP-Punkt oder -Zon.<\/p>\n<div class=\"su-spoiler su-spoiler-style-defoult su-spoiler-icon-caret su-spoiler-closed\" data-scroll-offset=\"0\" data-anchor-in-url=\"no\"><div class=\"su-spoiler-title\" tabindex=\"0\" role=\"button\"><span class=\"su-spoiler-icon\"><\/span>Alles<\/div><div class=\"su-spoiler-content su-u-clearfix su-u-trim\">\n<strong>G\u00ebllt fir:<\/strong><\/p>\n<ul>\n<li>bei vegetativen St\u00e9ierungen,<\/li>\n<li>am Fall vun enger komplexer Behandlung vum endokrinen an nerv\u00f6sen System,<\/li>\n<li>an der Neurologie,<\/li>\n<li>bei der Behandlung vun allergesche Krankheeten,<\/li>\n<li>an der komplexer Behandlung vun Krampfaderen,<\/li>\n<li>bei der Behandlung vum chronesche Ersch\u00f6pfungssyndrom,<\/li>\n<li>bei der Regul\u00e9ierung vun de Symptomer vun der Menopause bei b\u00e9ide Fraen a M\u00e4nner,<\/li>\n<li>Korrektur vum Kalziumstoffwiessel, Pr\u00e9ventioun vun der Osteoporose,<\/li>\n<li>am Fall vun der Korrektur vum Immunsystem.<\/li>\n<\/ul>\n<\/div><\/div>","protected":false},"excerpt":{"rendered":"<p>Szab\u00e1lyz\u00f3 sug\u00e1rz\u00f3, 52. sz. A sug\u00e1rz\u00f3 m\u0171k\u00f6d\u00e9si ideje: 15 perc Frekvenci\u00e1ja a hormonrendszer frekvenci\u00e1j\u00e1nak felel meg. Hat\u00e1sa: Helyre\u00e1ll\u00edtja a hormonrendszer m\u0171k\u00f6d\u00e9s\u00e9t. Helyre\u00e1ll\u00edtja a k\u00f6zponti, a perif\u00e9ri\u00e1s, valamint a vegetat\u00edv idegrendszer munk\u00e1j\u00e1t. Jav\u00edtja az idegsz\u00e1lak impulzus-tov\u00e1bb\u00edt\u00f3 k\u00e9pess\u00e9g\u00e9t. El\u0151seg\u00edti az idegsejtek regener\u00e1ci\u00f3j\u00e1t. Immunrendszer er\u0151s\u00edt\u0151 hat\u00e1ssal b\u00edr. \u00c1ltal\u00e1nos fiatal\u00edt\u00f3 hat\u00e1s\u00fa. Struktur\u00e1lja a vizet. Aj\u00e1nlott alkalmaz\u00e1si fel\u00fclet: az endokrin [&hellip;]<\/p>\n","protected":false},"featured_media":4734,"comment_status":"open","ping_status":"closed","template":"","meta":[],"product_brand":[],"product_cat":[35,32],"product_tag":[],"class_list":{"0":"post-4735","1":"product","2":"type-product","3":"status-publish","4":"has-post-thumbnail","6":"product_cat-csatlakoztathato-jeladok","7":"product_cat-triomed","9":"first","10":"instock","11":"taxable","12":"shipping-taxable","13":"purchasable","14":"product-type-simple"},"_links":{"self":[{"href":"https:\/\/vetomshop.hu\/lb\/wp-json\/wp\/v2\/product\/4735","targetHints":{"allow":["GET"]}}],"collection":[{"href":"https:\/\/vetomshop.hu\/lb\/wp-json\/wp\/v2\/product"}],"about":[{"href":"https:\/\/vetomshop.hu\/lb\/wp-json\/wp\/v2\/types\/product"}],"replies":[{"embeddable":true,"href":"https:\/\/vetomshop.hu\/lb\/wp-json\/wp\/v2\/comments?post=4735"}],"wp:featuredmedia":[{"embeddable":true,"href":"https:\/\/vetomshop.hu\/lb\/wp-json\/wp\/v2\/media\/4734"}],"wp:attachment":[{"href":"https:\/\/vetomshop.hu\/lb\/wp-json\/wp\/v2\/media?parent=4735"}],"wp:term":[{"taxonomy":"product_brand","embeddable":true,"href":"https:\/\/vetomshop.hu\/lb\/wp-json\/wp\/v2\/product_brand?post=4735"},{"taxonomy":"product_cat","embeddable":true,"href":"https:\/\/vetomshop.hu\/lb\/wp-json\/wp\/v2\/product_cat?post=4735"},{"taxonomy":"product_tag","embeddable":true,"href":"https:\/\/vetomshop.hu\/lb\/wp-json\/wp\/v2\/product_tag?post=4735"}],"curies":[{"name":"wp","href":"https:\/\/api.w.org\/{rel}","templated":true}]}}