{"id":4737,"date":"2023-11-11T14:33:59","date_gmt":"2023-11-11T13:33:59","guid":{"rendered":"https:\/\/vetomshop.hu\/termek\/trio-men-jelado\/"},"modified":"2023-11-11T14:33:59","modified_gmt":"2023-11-11T13:33:59","slug":"trio-men-jelado","status":"publish","type":"product","link":"https:\/\/vetomshop.hu\/lb\/product\/trio-men-jelado\/","title":{"rendered":"Trio-M\u00e4nner Sender"},"content":{"rendered":"<h4>Speziellen Trio-Men-K\u00fchler<\/h4>\n<p>Fir M\u00e4nner, Nr. 23.<\/p>\n<p>Empfohloen fir d'funktional Reserven an d'F\u00e4egkeet vum m\u00ebnschleche Kierper, sech un negativ \u00cbmweltbeaflosungen, Liewensstilfaktoren oder Krankheet unzepassen, ze optimis\u00e9ieren.<br \/>\nBenotzerkategorie: M\u00e4nner.<\/p>\n<p><strong>Effekt:<\/strong> allgemeng st\u00e4erkend Wierkung, d\u00e9i d'Geschlechter ber\u00fccksichtegt (psycho-emotionales Niveau, neurohumoral Regulatioun).<\/p>\n<p><strong>Mechanismus vun der Wierkung:<\/strong> D'Programm (Tr\u00e4gerfrequenz, Nidderegfrequenzmodulatioun an Amplitudeparameter) gouf speziell fir de m\u00e4nnleche Kierper entworf, fir en am System ze \u00ebnnerst\u00ebtzen.<\/p>\n<p>Mat H\u00ebllef vun der Trio-Men 23 Stralungstherapie k\u00ebnne mir trofesch a metabolesch Prozesser an de Geweben a Zellen normalis\u00e9ieren, hir Struktur regener\u00e9ieren, d'Funktioun vum Kierper souwuel systemesch w\u00e9i och als Ganzt verbesseren an d'nonspezifesch Resistenz vum Kierper erh\u00e9ijen.<\/p>\n<p>D\u00e9i positiv Resultater sinn op der enger S\u00e4it dem Bioresonanz-Feedback vun de Zellen, dem atom-physiologesche System an dem neurohumorale Regulatiounssystem geschuldet, an op der anerer S\u00e4it der Aktiv\u00e9ierung vum Adaptatiounsmechanismus (allgemengt Adaptatiounssyndrom).<\/p>\n<div class=\"su-spoiler su-spoiler-style-defoult su-spoiler-icon-caret su-spoiler-closed\" data-scroll-offset=\"0\" data-anchor-in-url=\"no\"><div class=\"su-spoiler-title\" tabindex=\"0\" role=\"button\"><span class=\"su-spoiler-icon\"><\/span>Alles<\/div><div class=\"su-spoiler-content su-u-clearfix su-u-trim\">\n<strong>Empfohlene:<\/strong><\/p>\n<ol>\n<li>Verm\u00ebnnt Aarbechtsf\u00e4egkeet a Antriebsloskeet, psycho-emotional Onbest\u00e4nnegkeet, Insomnie w\u00e9inst chronescher Ersch\u00f6pfung.<\/li>\n<li>Prostatakrankheeten, m\u00e4nnlech Menopause.<\/li>\n<li>Oft Erk\u00e4ltungen, Gripp.<\/li>\n<li>Allgemeng Ofschw\u00e4chung vum Immunsystem no enger schw\u00e9ierer Krankheet, fir Rehabilitatioun<\/li>\n<\/ol>\n<\/div><\/div>","protected":false},"excerpt":{"rendered":"<p>Speci\u00e1lis Trio-men sug\u00e1rz\u00f3 F\u00e9rfiak sz\u00e1m\u00e1ra, 23. sz. Javallott: a funkcion\u00e1lis tartal\u00e9kok \u00e9s az emberi szervezet adapt\u00e1ci\u00f3s lehet\u0151s\u00e9geinek optimiz\u00e1l\u00e1s\u00e1hoz, melyek a negat\u00edv k\u00f6rnyezeti hat\u00e1sok, \u00e9letm\u00f3d vagy betegs\u00e9g k\u00f6vetkezt\u00e9ben l\u00e9ptek fel. Az alkalmaz\u00f3k kateg\u00f3ri\u00e1ja: f\u00e9rfiak. Hat\u00e1sa: a nemi hovatartoz\u00e1st figyelembe vev\u0151 \u00e1ltal\u00e1nos er\u0151s\u00edt\u0151 hat\u00e1s (pszichoemocion\u00e1lis szint, neurohumor\u00e1lis regul\u00e1ci\u00f3). Hat\u00e1smechanizmus: A program (hordoz\u00f3 frekvencia, alacsony frekvenci\u00e1j\u00fa modul\u00e1ci\u00f3 \u00e9s [&hellip;]<\/p>\n","protected":false},"featured_media":4736,"comment_status":"open","ping_status":"closed","template":"","meta":[],"product_brand":[],"product_cat":[35,32],"product_tag":[],"class_list":{"0":"post-4737","1":"product","2":"type-product","3":"status-publish","4":"has-post-thumbnail","6":"product_cat-csatlakoztathato-jeladok","7":"product_cat-triomed","9":"first","10":"instock","11":"taxable","12":"shipping-taxable","13":"purchasable","14":"product-type-simple"},"_links":{"self":[{"href":"https:\/\/vetomshop.hu\/lb\/wp-json\/wp\/v2\/product\/4737","targetHints":{"allow":["GET"]}}],"collection":[{"href":"https:\/\/vetomshop.hu\/lb\/wp-json\/wp\/v2\/product"}],"about":[{"href":"https:\/\/vetomshop.hu\/lb\/wp-json\/wp\/v2\/types\/product"}],"replies":[{"embeddable":true,"href":"https:\/\/vetomshop.hu\/lb\/wp-json\/wp\/v2\/comments?post=4737"}],"wp:featuredmedia":[{"embeddable":true,"href":"https:\/\/vetomshop.hu\/lb\/wp-json\/wp\/v2\/media\/4736"}],"wp:attachment":[{"href":"https:\/\/vetomshop.hu\/lb\/wp-json\/wp\/v2\/media?parent=4737"}],"wp:term":[{"taxonomy":"product_brand","embeddable":true,"href":"https:\/\/vetomshop.hu\/lb\/wp-json\/wp\/v2\/product_brand?post=4737"},{"taxonomy":"product_cat","embeddable":true,"href":"https:\/\/vetomshop.hu\/lb\/wp-json\/wp\/v2\/product_cat?post=4737"},{"taxonomy":"product_tag","embeddable":true,"href":"https:\/\/vetomshop.hu\/lb\/wp-json\/wp\/v2\/product_tag?post=4737"}],"curies":[{"name":"wp","href":"https:\/\/api.w.org\/{rel}","templated":true}]}}