{"id":4739,"date":"2023-11-11T14:34:00","date_gmt":"2023-11-11T13:34:00","guid":{"rendered":"https:\/\/vetomshop.hu\/termek\/trio-women-jelado\/"},"modified":"2023-11-11T14:34:00","modified_gmt":"2023-11-11T13:34:00","slug":"trio-women-jelado","status":"publish","type":"product","link":"https:\/\/vetomshop.hu\/lb\/product\/trio-women-jelado\/","title":{"rendered":"Trio-Fraen Sender"},"content":{"rendered":"<h4>Speziellen Trio-Fraen-K\u00fchler<\/h4>\n<p>Fir Fraen, Nr. 8.<\/p>\n<p>Empfohloen: fir d'funktional Reserven an d'F\u00e4egkeet vum m\u00ebnschleche Kierper, sech un negativ \u00cbmweltbeaflosungen, Liewensstilfaktoren oder Krankheet unzepassen, ze optimis\u00e9ieren.<\/p>\n<p><strong>Empfohlene: <\/strong>Fir Meedercher a Fraen.<\/p>\n<p><strong>Effekt:<\/strong> allgemeng gesondheetsf\u00ebrdernd Effekt, mat de Charakteristiken vum weiblechen Organismus (psycho-emotionalt Ber\u00e4ich, neurohumoral Regulatioun).<\/p>\n<p><strong>Mechanismus vun der Wierkung:<\/strong> D'Programm (Tr\u00e4gerfrequenz, Nidderegfrequenzmodulatioun an Amplitudeparameter) gouf speziell fir de weibleche Kierper entw\u00e9ckelt, fir en bei systematescher Uwendung z'\u00ebnnerst\u00ebtzen.<\/p>\n<p>D'therapeutesch Uwendung vun Stralung normalis\u00e9iert d'trophesch a metabolesch Prozesser an de Zellen a Geweider, regener\u00e9iert se, huet en allgemengen harmonis\u00e9ierende Effekt op d'Organer, d'Organ-Systemer an de ganzen Kierper, an erh\u00e9icht d'nonspezifesch Resistenz vum Kierper. D\u00e9i positiv Resultater sinn zum eenen Deel w\u00e9inst dem Bioresonanz-Feedback vun de Zellen, dem atom-physiologesche System an dem neurohumoralen Regulatiounssystem, an zum aneren Deel w\u00e9inst der Aktiv\u00e9ierung vum Adaptatiounsmechanismus (allgemengt Adaptatiounssyndrom).<\/p>\n<div class=\"su-spoiler su-spoiler-style-defoult su-spoiler-icon-caret su-spoiler-closed\" data-scroll-offset=\"0\" data-anchor-in-url=\"no\"><div class=\"su-spoiler-title\" tabindex=\"0\" role=\"button\"><span class=\"su-spoiler-icon\"><\/span>Alles<\/div><div class=\"su-spoiler-content su-u-clearfix su-u-trim\">\n<p><strong>Empfohlene:<\/strong><\/p>\n<ol>\n<li>Verm\u00ebnnt Aarbechtsf\u00e4egkeet a Antriebsloskeet, psycho-emotional Onbest\u00e4nnegkeet, Insomnie w\u00e9inst chronescher Ersch\u00f6pfung.<\/li>\n<li>Fir d'Behandlung an d'Pr\u00e4ventioun vu weibleche Fortpflanzungsst\u00e9ierungen an onangeneem Symptomer, d\u00e9i mat der Menopause verbonne sinn, souw\u00e9i fir d'F\u00ebrderung vun der Fruchtbarkeet an der sexueller Gesondheet.<\/li>\n<li>Bei heefegen Erk\u00e4ltungen.<\/li>\n<li>Nonspezifesch Pr\u00e4ventioun vun der Gripp a Erk\u00e4ltungen.<\/li>\n<li>Ofschw\u00e4chung vum Immunsystem w\u00e4hrend der Rekonvaleszenz oder Rehabilitatioun no enger Krankheet.<\/li>\n<\/ol>\n<\/div><\/div>","protected":false},"excerpt":{"rendered":"<p>Speci\u00e1lis Trio-Women sug\u00e1rz\u00f3 N\u0151k sz\u00e1m\u00e1ra, 8.sz. Javasolt: a funkcion\u00e1lis tartal\u00e9kok \u00e9s az emberi szervezet adapt\u00e1ci\u00f3s lehet\u0151s\u00e9geinek optimiz\u00e1l\u00e1s\u00e1hoz, melyek a negat\u00edv k\u00f6rnyezeti hat\u00e1sok, \u00e9letm\u00f3d vagy betegs\u00e9g k\u00f6vetkezt\u00e9ben l\u00e9ptek fel. Aj\u00e1nlott: l\u00e1nyok, n\u0151k sz\u00e1m\u00e1ra. Hat\u00e1sa: a n\u0151i szervezet jellemz\u0151it figyelembe vev\u0151 (pszicho-emocion\u00e1lis szf\u00e9ra, neurohumor\u00e1lis szab\u00e1lyoz\u00e1s) \u00e1ltal\u00e1nos eg\u00e9szs\u00e9gmeger\u0151s\u00edt\u0151 hat\u00e1s. Hat\u00e1smechanizmus: A program (hordoz\u00f3 frekvencia, alacsony frekvenci\u00e1j\u00fa modul\u00e1ci\u00f3 \u00e9s [&hellip;]<\/p>\n","protected":false},"featured_media":4738,"comment_status":"open","ping_status":"closed","template":"","meta":[],"product_brand":[],"product_cat":[35,32],"product_tag":[],"class_list":{"0":"post-4739","1":"product","2":"type-product","3":"status-publish","4":"has-post-thumbnail","6":"product_cat-csatlakoztathato-jeladok","7":"product_cat-triomed","9":"first","10":"instock","11":"taxable","12":"shipping-taxable","13":"purchasable","14":"product-type-simple"},"_links":{"self":[{"href":"https:\/\/vetomshop.hu\/lb\/wp-json\/wp\/v2\/product\/4739","targetHints":{"allow":["GET"]}}],"collection":[{"href":"https:\/\/vetomshop.hu\/lb\/wp-json\/wp\/v2\/product"}],"about":[{"href":"https:\/\/vetomshop.hu\/lb\/wp-json\/wp\/v2\/types\/product"}],"replies":[{"embeddable":true,"href":"https:\/\/vetomshop.hu\/lb\/wp-json\/wp\/v2\/comments?post=4739"}],"wp:featuredmedia":[{"embeddable":true,"href":"https:\/\/vetomshop.hu\/lb\/wp-json\/wp\/v2\/media\/4738"}],"wp:attachment":[{"href":"https:\/\/vetomshop.hu\/lb\/wp-json\/wp\/v2\/media?parent=4739"}],"wp:term":[{"taxonomy":"product_brand","embeddable":true,"href":"https:\/\/vetomshop.hu\/lb\/wp-json\/wp\/v2\/product_brand?post=4739"},{"taxonomy":"product_cat","embeddable":true,"href":"https:\/\/vetomshop.hu\/lb\/wp-json\/wp\/v2\/product_cat?post=4739"},{"taxonomy":"product_tag","embeddable":true,"href":"https:\/\/vetomshop.hu\/lb\/wp-json\/wp\/v2\/product_tag?post=4739"}],"curies":[{"name":"wp","href":"https:\/\/api.w.org\/{rel}","templated":true}]}}