{"id":4741,"date":"2023-11-11T14:34:00","date_gmt":"2023-11-11T13:34:00","guid":{"rendered":"https:\/\/vetomshop.hu\/termek\/sigma-medal\/"},"modified":"2023-11-11T14:34:00","modified_gmt":"2023-11-11T13:34:00","slug":"sigma-medal","status":"publish","type":"product","link":"https:\/\/vetomshop.hu\/lb\/product\/sigma-medal\/","title":{"rendered":"Sigma-Medail"},"content":{"rendered":"<p>A <strong>SIGMA Gesondheetsmedailjon<\/strong> Seng Aufgab ass et, d'normal physiologesch Prozesser vun de Hoerfollikelen er\u00ebmzestellen, hir Resistenz g\u00e9int schiedlech \u00cbmweltfaktoren an erh\u00e9ichtem Stress ze erh\u00e9ijen, d'Wuesstumsphase vun de Hoer ze verl\u00e4ngeren an domat d'allgemeng Hoerdicht ze erh\u00e9ijen.<\/p>\n<p><strong>Effekter:<\/strong><\/p>\n<ul>\n<li>Normalis\u00e9iert d'Blutzirkulatioun, den Immunstatus an de Metabolismus an de Hoerfollikelen a verh\u00ebnnert d'Entw\u00e9cklung vun Atrophie;<\/li>\n<li>vermindert d'Ernstheet vun entz\u00fcndleche Prozesser an der Haut an an de Hoerfollikelen;<\/li>\n<li>B\u00e4idr\u00e9it zur Normalis\u00e9ierung vun de metabolesche Prozesser an der Haut an am ganzen Kierper; verh\u00ebnnert d'Entw\u00e9cklung vun Alopecia areata (fleckegen Hoerverloscht).<\/li>\n<\/ul>\n<p>De SIGMA Gesondheetsmedaillon huet en positiven Afloss op d'Kierperfunktiounen a kann als M\u00ebttel zur Optimis\u00e9ierung an Korrektur an Zesummenhang mat anere Behandlungen bei Alopecia areata (fleckleche Hoerverloscht) agesat ginn.<br \/>\nan aner Methoden zur Virbeugung.<\/p>\n<div class=\"su-spoiler su-spoiler-style-defoult su-spoiler-icon-caret su-spoiler-closed\" data-scroll-offset=\"0\" data-anchor-in-url=\"no\"><div class=\"su-spoiler-title\" tabindex=\"0\" role=\"button\"><span class=\"su-spoiler-icon\"><\/span>Alles<\/div><div class=\"su-spoiler-content su-u-clearfix su-u-trim\">\n<p><strong>Arten vu fleckeger Hoerverloscht:<\/strong><\/p>\n<p>Bas\u00e9ierend op dem Ausmooss vum Hoerverloscht g\u00ebtt fleckegen Hoerverloscht an d\u00e9i folgend Aarte klass\u00e9iert:<\/p>\n<ul>\n<li>Alopecia areata unilocularis: Hoerverloscht geschitt n\u00ebmmen op engem eenzege Fleck.<\/li>\n<li>Alopecia areata multilocularis: verschidde Flecken entw\u00e9ckelen sech<\/li>\n<li>Alopecia areata subtotalis: Hoer falen bal vum ganzen Kapph\u00e4ut eraus.<\/li>\n<li>Alopecia areata totalis: all Hoer falen um Kapph\u00e4ut eraus   Alopecia areata universalis: Hoerverloscht betr\u00ebfft d'Kapph\u00e4ut an de ganzen Kierper<\/li>\n<li>Ophiasis-Typ: eng charakteristesch Form vun Alopecia areata, charakteris\u00e9iert duerch Hoerverloscht haapts\u00e4chlech an de baussenzege Ber\u00e4icher vum Kapph\u00e4ut, normalerweis um R\u00e9ck vum Kapp, heiansdo d'<br \/>\nvun de Schl\u00e4ifen oder vun der Stir.<\/li>\n<\/ul>\n<p>Zous\u00e4tzlech zu deenen uewen opgezielt Typen kann SIGMA Med\u00e1l och bei Hoerverloscht benotzt ginn, deen duerch Chemotherapie a Radiotherapie verursaacht g\u00ebtt, oder wann de Hoerverloscht w\u00e9inst enger Dysfunktioun vum endokrinen System ass.<\/p>\n<\/div><\/div>","protected":false},"excerpt":{"rendered":"<p>A SIGMA Eg\u00e9szs\u00e9g Med\u00e1l feladata a sz\u0151rt\u00fcsz\u0151k norm\u00e1l fiziol\u00f3giai folyamatainak helyre\u00e1ll\u00edt\u00e1sa, a kedvez\u0151tlen k\u00f6rnyezeti t\u00e9nyez\u0151kkel \u00e9s a megn\u00f6vekedett stresszterhel\u00e9ssel szembeni ellen\u00e1ll\u00f3 k\u00e9pess\u00e9g\u00fck n\u00f6vel\u00e9se, a hajn\u00f6veked\u00e9s szakasz\u00e1nak meghosszabb\u00edt\u00e1sa, ez\u00e1ltal a teljes hajs\u0171r\u0171s\u00e9g n\u00f6vel\u00e9se. Hat\u00e1sok: normaliz\u00e1lja a v\u00e9rkering\u00e9st, az immun\u00e1llapotot \u00e9s az anyagcser\u00e9t a sz\u0151rt\u00fcsz\u0151kben, megel\u0151zve az atr\u00f3fia kialakul\u00e1s\u00e1t; cs\u00f6kkenti a b\u0151r \u00e9s a sz\u0151rt\u00fcsz\u0151k gyullad\u00e1sos folyamatainak [&hellip;]<\/p>\n","protected":false},"featured_media":4740,"comment_status":"open","ping_status":"closed","template":"","meta":[],"product_brand":[],"product_cat":[33,32],"product_tag":[],"class_list":{"0":"post-4741","1":"product","2":"type-product","3":"status-publish","4":"has-post-thumbnail","6":"product_cat-egeszseg-medalok","7":"product_cat-triomed","9":"first","10":"instock","11":"taxable","12":"shipping-taxable","13":"purchasable","14":"product-type-simple"},"_links":{"self":[{"href":"https:\/\/vetomshop.hu\/lb\/wp-json\/wp\/v2\/product\/4741","targetHints":{"allow":["GET"]}}],"collection":[{"href":"https:\/\/vetomshop.hu\/lb\/wp-json\/wp\/v2\/product"}],"about":[{"href":"https:\/\/vetomshop.hu\/lb\/wp-json\/wp\/v2\/types\/product"}],"replies":[{"embeddable":true,"href":"https:\/\/vetomshop.hu\/lb\/wp-json\/wp\/v2\/comments?post=4741"}],"wp:featuredmedia":[{"embeddable":true,"href":"https:\/\/vetomshop.hu\/lb\/wp-json\/wp\/v2\/media\/4740"}],"wp:attachment":[{"href":"https:\/\/vetomshop.hu\/lb\/wp-json\/wp\/v2\/media?parent=4741"}],"wp:term":[{"taxonomy":"product_brand","embeddable":true,"href":"https:\/\/vetomshop.hu\/lb\/wp-json\/wp\/v2\/product_brand?post=4741"},{"taxonomy":"product_cat","embeddable":true,"href":"https:\/\/vetomshop.hu\/lb\/wp-json\/wp\/v2\/product_cat?post=4741"},{"taxonomy":"product_tag","embeddable":true,"href":"https:\/\/vetomshop.hu\/lb\/wp-json\/wp\/v2\/product_tag?post=4741"}],"curies":[{"name":"wp","href":"https:\/\/api.w.org\/{rel}","templated":true}]}}